{"id":33749,"date":"2020-08-21T12:55:27","date_gmt":"2020-08-21T12:55:27","guid":{"rendered":"http:\/\/tugraztestweb.asol.at\/gesamtverzeichnis\/unkategorisiert\/9-grazer-baubetriebs-und-baurechtsseminar-2\/"},"modified":"2020-08-21T14:56:27","modified_gmt":"2020-08-21T12:56:27","slug":"10-grazer-baubetriebs-und-baurechtsseminar-tagungsband-2018","status":"publish","type":"product","link":"https:\/\/tugraztestweb.asol.at\/en\/gesamtverzeichnis\/bauingenieurwissenschaften\/10-grazer-baubetriebs-und-baurechtsseminar-tagungsband-2018\/","title":{"rendered":"10. Grazer Baubetriebs- und Baurechtsseminar, Tagungsband 2018"},"content":{"rendered":"<p class=\"qtranxs-available-languages-message qtranxs-available-languages-message-en\">Sorry, this entry is only available in <a href=\"https:\/\/tugraztestweb.asol.at\/de\/wp-json\/wp\/v2\/product\/33749\" class=\"qtranxs-available-language-link qtranxs-available-language-link-de\" title=\"Deutsch\">Deutsch<\/a>.<\/p><p>Mit der Frage der Nachweisf\u00fchrung von gest\u00f6rten Bauabl\u00e4ufen befindet sich die Baubranche an einem elementaren Scheideweg. Das vergange-ne Jahr 2017 hat eine Diskussion rund um das Thema Mehrkostenfor-derung und deren Nachweise (konkret oder global) entfacht, die an Sch\u00e4rfe und Spitzz\u00fcngigkeit eine Note angenommen hat, welche einen sehr tiefen Riss erkennen lie\u00df. Zwar endeten diverse Beitr\u00e4ge in ein-schl\u00e4gigen Fachzeitschriften regelm\u00e4\u00dfig mit dem Appell, gemeinsame Wege zu gehen, unterschwellig bekam man doch das Gef\u00fchl, dass es hier um dogmatische Richtungsk\u00e4mpfe zwischen den Disziplinen ging. Auch innerhalb der jeweiligen Fachrichtung waren sich die Proponenten nicht einig. Aus diesem Grund steht die heurige Jubil\u00e4umsveranstaltung des 10. Grazer Baubetriebs- und Baurechtsseminars auch unter dem Generalversuch, in der Frage der Nachweisf\u00fchrung von Mehrkosten-forderungen L\u00f6sungen anzubieten. <br \/><\/p>","protected":false},"excerpt":{"rendered":"<p class=\"qtranxs-available-languages-message qtranxs-available-languages-message-en\">Sorry, this entry is only available in <a href=\"https:\/\/tugraztestweb.asol.at\/de\/wp-json\/wp\/v2\/product\/33749\" class=\"qtranxs-available-language-link qtranxs-available-language-link-de\" title=\"Deutsch\">Deutsch<\/a>.<\/p>\n<p>Mit der Frage der Nachweisf\u00fchrung von gest\u00f6rten Bauabl\u00e4ufen befindet sich die Baubranche an einem elementaren Scheideweg. Das vergange-ne Jahr 2017 hat eine Diskussion rund um das Thema Mehrkostenfor-derung und deren Nachweise (konkret oder global) entfacht, die an Sch\u00e4rfe und Spitzz\u00fcngigkeit eine Note angenommen hat, welche einen sehr tiefen Riss erkennen lie\u00df. Zwar endeten diverse Beitr\u00e4ge in ein-schl\u00e4gigen Fachzeitschriften regelm\u00e4\u00dfig mit dem Appell, gemeinsame Wege zu gehen, unterschwellig bekam man doch das Gef\u00fchl, dass es hier um dogmatische Richtungsk\u00e4mpfe zwischen den Disziplinen ging. Auch innerhalb der jeweiligen Fachrichtung waren sich die Proponenten nicht einig. Aus diesem Grund steht die heurige Jubil\u00e4umsveranstaltung des 10. Grazer Baubetriebs- und Baurechtsseminars auch unter dem Generalversuch, in der Frage der Nachweisf\u00fchrung von Mehrkosten-forderungen L\u00f6sungen anzubieten. <\/p>\n","protected":false},"featured_media":40148,"comment_status":"closed","ping_status":"closed","template":"","meta":[],"yoast_head":"<!-- This site is optimized with the Yoast SEO plugin v16.1.1 - https:\/\/yoast.com\/wordpress\/plugins\/seo\/ -->\n<link rel=\"canonical\" href=\"https:\/\/tugraztestweb.asol.at\/gesamtverzeichnis\/bauingenieurwissenschaften\/10-grazer-baubetriebs-und-baurechtsseminar-tagungsband-2018\/\" \/>\n<meta property=\"og:locale\" content=\"en_US\" \/>\n<meta property=\"og:type\" content=\"article\" \/>\n<meta property=\"og:title\" content=\"10. Grazer Baubetriebs- und Baurechtsseminar, Tagungsband 2018 - Verlag der TU Graz\" \/>\n<meta property=\"og:description\" content=\"Mit der Frage der Nachweisf\u00fchrung von gest\u00f6rten Bauabl\u00e4ufen befindet sich die Baubranche an einem elementaren Scheideweg. Das vergange-ne Jahr 2017 hat eine Diskussion rund um das Thema Mehrkostenfor-derung und deren Nachweise (konkret oder global) entfacht, die an Sch\u00e4rfe und Spitzz\u00fcngigkeit eine Note angenommen hat, welche einen sehr tiefen Riss erkennen lie\u00df. Zwar endeten diverse Beitr\u00e4ge in ein-schl\u00e4gigen Fachzeitschriften regelm\u00e4\u00dfig mit dem Appell, gemeinsame Wege zu gehen, unterschwellig bekam man doch das Gef\u00fchl, dass es hier um dogmatische Richtungsk\u00e4mpfe zwischen den Disziplinen ging. Auch innerhalb der jeweiligen Fachrichtung waren sich die Proponenten nicht einig. Aus diesem Grund steht die heurige Jubil\u00e4umsveranstaltung des 10. Grazer Baubetriebs- und Baurechtsseminars auch unter dem Generalversuch, in der Frage der Nachweisf\u00fchrung von Mehrkosten-forderungen L\u00f6sungen anzubieten.\" \/>\n<meta property=\"og:url\" content=\"https:\/\/tugraztestweb.asol.at\/gesamtverzeichnis\/bauingenieurwissenschaften\/10-grazer-baubetriebs-und-baurechtsseminar-tagungsband-2018\/\" \/>\n<meta property=\"og:site_name\" content=\"Verlag der TU Graz\" \/>\n<meta property=\"article:modified_time\" content=\"2020-08-21T12:56:27+00:00\" \/>\n<meta property=\"og:image\" content=\"https:\/\/tugraztestweb.asol.at\/wp-content\/uploads\/2020\/08\/image-978-3-85125-577-5.png\" \/>\n\t<meta property=\"og:image:width\" content=\"453\" \/>\n\t<meta property=\"og:image:height\" content=\"642\" \/>\n<meta name=\"twitter:card\" content=\"summary_large_image\" \/>\n<meta name=\"twitter:label1\" content=\"Est. reading time\">\n\t<meta name=\"twitter:data1\" content=\"1 minute\">\n<script type=\"application\/ld+json\" class=\"yoast-schema-graph\">{\"@context\":\"https:\/\/schema.org\",\"@graph\":[{\"@type\":\"WebSite\",\"@id\":\"https:\/\/tugraztestweb.asol.at\/#website\",\"url\":\"https:\/\/tugraztestweb.asol.at\/\",\"name\":\"Verlag der TU Graz\",\"description\":\"Verlag der Technischen Universit\\u00e4t Graz\",\"potentialAction\":[{\"@type\":\"SearchAction\",\"target\":\"https:\/\/tugraztestweb.asol.at\/?s={search_term_string}\",\"query-input\":\"required name=search_term_string\"}],\"inLanguage\":\"en-US\"},{\"@type\":\"ImageObject\",\"@id\":\"https:\/\/tugraztestweb.asol.at\/gesamtverzeichnis\/bauingenieurwissenschaften\/10-grazer-baubetriebs-und-baurechtsseminar-tagungsband-2018\/#primaryimage\",\"inLanguage\":\"en-US\",\"url\":\"https:\/\/tugraztestweb.asol.at\/wp-content\/uploads\/2020\/08\/image-978-3-85125-577-5.png\",\"contentUrl\":\"https:\/\/tugraztestweb.asol.at\/wp-content\/uploads\/2020\/08\/image-978-3-85125-577-5.png\",\"width\":453,\"height\":642},{\"@type\":\"WebPage\",\"@id\":\"https:\/\/tugraztestweb.asol.at\/gesamtverzeichnis\/bauingenieurwissenschaften\/10-grazer-baubetriebs-und-baurechtsseminar-tagungsband-2018\/#webpage\",\"url\":\"https:\/\/tugraztestweb.asol.at\/gesamtverzeichnis\/bauingenieurwissenschaften\/10-grazer-baubetriebs-und-baurechtsseminar-tagungsband-2018\/\",\"name\":\"10. Grazer Baubetriebs- und Baurechtsseminar, Tagungsband 2018 - Verlag der TU Graz\",\"isPartOf\":{\"@id\":\"https:\/\/tugraztestweb.asol.at\/#website\"},\"primaryImageOfPage\":{\"@id\":\"https:\/\/tugraztestweb.asol.at\/gesamtverzeichnis\/bauingenieurwissenschaften\/10-grazer-baubetriebs-und-baurechtsseminar-tagungsband-2018\/#primaryimage\"},\"datePublished\":\"2020-08-21T12:55:27+00:00\",\"dateModified\":\"2020-08-21T12:56:27+00:00\",\"breadcrumb\":{\"@id\":\"https:\/\/tugraztestweb.asol.at\/gesamtverzeichnis\/bauingenieurwissenschaften\/10-grazer-baubetriebs-und-baurechtsseminar-tagungsband-2018\/#breadcrumb\"},\"inLanguage\":\"en-US\",\"potentialAction\":[{\"@type\":\"ReadAction\",\"target\":[\"https:\/\/tugraztestweb.asol.at\/gesamtverzeichnis\/bauingenieurwissenschaften\/10-grazer-baubetriebs-und-baurechtsseminar-tagungsband-2018\/\"]}]},{\"@type\":\"BreadcrumbList\",\"@id\":\"https:\/\/tugraztestweb.asol.at\/gesamtverzeichnis\/bauingenieurwissenschaften\/10-grazer-baubetriebs-und-baurechtsseminar-tagungsband-2018\/#breadcrumb\",\"itemListElement\":[{\"@type\":\"ListItem\",\"position\":1,\"item\":{\"@type\":\"WebPage\",\"@id\":\"https:\/\/tugraztestweb.asol.at\/\",\"url\":\"https:\/\/tugraztestweb.asol.at\/\",\"name\":\"Home\"}},{\"@type\":\"ListItem\",\"position\":2,\"item\":{\"@type\":\"WebPage\",\"@id\":\"https:\/\/tugraztestweb.asol.at\/gesamtverzeichnis\/\",\"url\":\"https:\/\/tugraztestweb.asol.at\/gesamtverzeichnis\/\",\"name\":\"Gesamtverzeichnis\"}},{\"@type\":\"ListItem\",\"position\":3,\"item\":{\"@type\":\"WebPage\",\"@id\":\"https:\/\/tugraztestweb.asol.at\/gesamtverzeichnis\/bauingenieurwissenschaften\/10-grazer-baubetriebs-und-baurechtsseminar-tagungsband-2018\/\",\"url\":\"https:\/\/tugraztestweb.asol.at\/gesamtverzeichnis\/bauingenieurwissenschaften\/10-grazer-baubetriebs-und-baurechtsseminar-tagungsband-2018\/\",\"name\":\"10. Grazer Baubetriebs- und Baurechtsseminar, Tagungsband 2018\"}}]}]}<\/script>\n<!-- \/ Yoast SEO plugin. -->","_links":{"self":[{"href":"https:\/\/tugraztestweb.asol.at\/en\/wp-json\/wp\/v2\/product\/33749"}],"collection":[{"href":"https:\/\/tugraztestweb.asol.at\/en\/wp-json\/wp\/v2\/product"}],"about":[{"href":"https:\/\/tugraztestweb.asol.at\/en\/wp-json\/wp\/v2\/types\/product"}],"replies":[{"embeddable":true,"href":"https:\/\/tugraztestweb.asol.at\/en\/wp-json\/wp\/v2\/comments?post=33749"}],"wp:featuredmedia":[{"embeddable":true,"href":"https:\/\/tugraztestweb.asol.at\/en\/wp-json\/wp\/v2\/media\/40148"}],"wp:attachment":[{"href":"https:\/\/tugraztestweb.asol.at\/en\/wp-json\/wp\/v2\/media?parent=33749"}],"curies":[{"name":"wp","href":"https:\/\/api.w.org\/{rel}","templated":true}]}}