{"id":34128,"date":"2020-08-21T12:55:27","date_gmt":"2020-08-21T12:55:27","guid":{"rendered":"http:\/\/tugraztestweb.asol.at\/gesamtverzeichnis\/unkategorisiert\/unternehmerische-kompetenzen-von-gruenderinnen-technologie-orientierter-unternehmen\/"},"modified":"2020-08-21T14:56:27","modified_gmt":"2020-08-21T12:56:27","slug":"buchhaltungspraxis-in-oesterreich-eine-empirische-untersuchung-der-verbuchung-ausgewaehlter-standardbuchungsfaelle-ebook","status":"publish","type":"product","link":"https:\/\/tugraztestweb.asol.at\/en\/gesamtverzeichnis\/maschinenbau-und-wirtschaftswissenschaften\/buchhaltungspraxis-in-oesterreich-eine-empirische-untersuchung-der-verbuchung-ausgewaehlter-standardbuchungsfaelle-ebook\/","title":{"rendered":"Buchhaltungspraxis in \u00d6sterreich \u2013 Eine empirische Untersuchung der Verbuchung ausgew\u00e4hlter Standardbuchungsf\u00e4lle"},"content":{"rendered":"<p class=\"qtranxs-available-languages-message qtranxs-available-languages-message-en\">Sorry, this entry is only available in <a href=\"https:\/\/tugraztestweb.asol.at\/de\/wp-json\/wp\/v2\/product\/34128\" class=\"qtranxs-available-language-link qtranxs-available-language-link-de\" title=\"Deutsch\">Deutsch<\/a>.<\/p><p>Diese Studie zeigt die Ergebnisse einer empirischen Untersuchung aus dem Jahr 2017 \u00fcber die Praxis der Verbuchung ausgew\u00e4hlter Standardbuchungsf\u00e4lle getrennt f\u00fcr die zwei Gruppen Unternehmen bzw. Steuerberater\/Wirtschaftspr\u00fcfer in \u00d6sterreich. Dies erm\u00f6glicht es dem Praktiker, die eigene Vorgehensweise mit jener in anderen Unternehmen bzw. bei anderen Steuerberatern\/Wirtschaftspr\u00fcfern zu vergleichen. Die untersuchten Standardbuchungsf\u00e4lle umfassen den Skonto (Lieferanten- und Kundenskonto), erhaltene und geleistete Anzahlungen, Waren-\/Materialeink\u00e4ufe, Bezugskosten, Privatanteile, Fremdw\u00e4hrungsbetr\u00e4ge, Geldbewegungen zwischen Zahlungsmittelkonten, die Anlagenabschreibung, geringwertige Wirtschaftsg\u00fcter sowie Dotationen bzw. Aufl\u00f6sungen von R\u00fcckstellungen. F\u00fcr alle diese Standardbuchungsf\u00e4lle wird die Anwendungsh\u00e4ufigkeit der verschiedenen jeweils zur Auswahl stehenden Buchungsmethoden dargestellt, gefolgt von einer differenzierteren Analyse hinsichtlich der Gr\u00fcnde f\u00fcr die Wahl der Buchungsmethoden sowie hinsichtlich unterschiedlicher Rechtsformen, Gr\u00f6\u00dfenklassen und Branchen. Dar\u00fcber hinaus werden auch die Ver\u00e4nderungen gegen\u00fcber der Vorg\u00e4ngerstudie aus dem Jahr 2010 analysiert. Schlie\u00dflich werden auch die Ergebnisse der Untersuchung 2010 repliziert.<\/p>","protected":false},"excerpt":{"rendered":"<p class=\"qtranxs-available-languages-message qtranxs-available-languages-message-en\">Sorry, this entry is only available in <a href=\"https:\/\/tugraztestweb.asol.at\/de\/wp-json\/wp\/v2\/product\/34128\" class=\"qtranxs-available-language-link qtranxs-available-language-link-de\" title=\"Deutsch\">Deutsch<\/a>.<\/p>\n<p>Diese Studie zeigt die Ergebnisse einer empirischen Untersuchung aus dem Jahr 2017 \u00fcber die Praxis der Verbuchung ausgew\u00e4hlter Standardbuchungsf\u00e4lle getrennt f\u00fcr die zwei Gruppen Unternehmen bzw. Steuerberater\/Wirtschaftspr\u00fcfer in \u00d6sterreich. Dies erm\u00f6glicht es dem Praktiker, die eigene Vorgehensweise mit jener in anderen Unternehmen bzw. bei anderen Steuerberatern\/Wirtschaftspr\u00fcfern zu vergleichen. Die untersuchten Standardbuchungsf\u00e4lle umfassen den Skonto (Lieferanten- und Kundenskonto), erhaltene und geleistete Anzahlungen, Waren-\/Materialeink\u00e4ufe, Bezugskosten, Privatanteile, Fremdw\u00e4hrungsbetr\u00e4ge, Geldbewegungen zwischen Zahlungsmittelkonten, die Anlagenabschreibung, geringwertige Wirtschaftsg\u00fcter sowie Dotationen bzw. Aufl\u00f6sungen von R\u00fcckstellungen. F\u00fcr alle diese Standardbuchungsf\u00e4lle wird die Anwendungsh\u00e4ufigkeit der verschiedenen jeweils zur Auswahl stehenden Buchungsmethoden dargestellt, gefolgt von einer differenzierteren Analyse hinsichtlich der Gr\u00fcnde f\u00fcr die Wahl der Buchungsmethoden sowie hinsichtlich unterschiedlicher Rechtsformen, Gr\u00f6\u00dfenklassen und Branchen. Dar\u00fcber hinaus werden auch die Ver\u00e4nderungen gegen\u00fcber der Vorg\u00e4ngerstudie aus dem Jahr 2010 analysiert. Schlie\u00dflich werden auch die Ergebnisse der Untersuchung 2010 repliziert.<\/p>\n","protected":false},"featured_media":40156,"comment_status":"closed","ping_status":"closed","template":"","meta":[],"yoast_head":"<!-- This site is optimized with the Yoast SEO plugin v16.1.1 - https:\/\/yoast.com\/wordpress\/plugins\/seo\/ -->\n<link rel=\"canonical\" href=\"https:\/\/tugraztestweb.asol.at\/gesamtverzeichnis\/maschinenbau-und-wirtschaftswissenschaften\/buchhaltungspraxis-in-oesterreich-eine-empirische-untersuchung-der-verbuchung-ausgewaehlter-standardbuchungsfaelle-ebook\/\" \/>\n<meta property=\"og:locale\" content=\"en_US\" \/>\n<meta property=\"og:type\" content=\"article\" \/>\n<meta property=\"og:title\" content=\"Buchhaltungspraxis in \u00d6sterreich \u2013 Eine empirische Untersuchung der Verbuchung ausgew\u00e4hlter Standardbuchungsf\u00e4lle - Verlag der TU Graz\" \/>\n<meta property=\"og:description\" content=\"Diese Studie zeigt die Ergebnisse einer empirischen Untersuchung aus dem Jahr 2017 \u00fcber die Praxis der Verbuchung ausgew\u00e4hlter Standardbuchungsf\u00e4lle getrennt f\u00fcr die zwei Gruppen Unternehmen bzw. Steuerberater\/Wirtschaftspr\u00fcfer in \u00d6sterreich. Dies erm\u00f6glicht es dem Praktiker, die eigene Vorgehensweise mit jener in anderen Unternehmen bzw. bei anderen Steuerberatern\/Wirtschaftspr\u00fcfern zu vergleichen. Die untersuchten Standardbuchungsf\u00e4lle umfassen den Skonto (Lieferanten- und Kundenskonto), erhaltene und geleistete Anzahlungen, Waren-\/Materialeink\u00e4ufe, Bezugskosten, Privatanteile, Fremdw\u00e4hrungsbetr\u00e4ge, Geldbewegungen zwischen Zahlungsmittelkonten, die Anlagenabschreibung, geringwertige Wirtschaftsg\u00fcter sowie Dotationen bzw. Aufl\u00f6sungen von R\u00fcckstellungen. F\u00fcr alle diese Standardbuchungsf\u00e4lle wird die Anwendungsh\u00e4ufigkeit der verschiedenen jeweils zur Auswahl stehenden Buchungsmethoden dargestellt, gefolgt von einer differenzierteren Analyse hinsichtlich der Gr\u00fcnde f\u00fcr die Wahl der Buchungsmethoden sowie hinsichtlich unterschiedlicher Rechtsformen, Gr\u00f6\u00dfenklassen und Branchen. Dar\u00fcber hinaus werden auch die Ver\u00e4nderungen gegen\u00fcber der Vorg\u00e4ngerstudie aus dem Jahr 2010 analysiert. Schlie\u00dflich werden auch die Ergebnisse der Untersuchung 2010 repliziert.\" \/>\n<meta property=\"og:url\" content=\"https:\/\/tugraztestweb.asol.at\/gesamtverzeichnis\/maschinenbau-und-wirtschaftswissenschaften\/buchhaltungspraxis-in-oesterreich-eine-empirische-untersuchung-der-verbuchung-ausgewaehlter-standardbuchungsfaelle-ebook\/\" \/>\n<meta property=\"og:site_name\" content=\"Verlag der TU Graz\" \/>\n<meta property=\"article:modified_time\" content=\"2020-08-21T12:56:27+00:00\" \/>\n<meta property=\"og:image\" content=\"https:\/\/tugraztestweb.asol.at\/wp-content\/uploads\/2020\/08\/image-978-3-85125-582-9.jpg\" \/>\n\t<meta property=\"og:image:width\" content=\"452\" \/>\n\t<meta property=\"og:image:height\" content=\"642\" \/>\n<meta name=\"twitter:card\" content=\"summary_large_image\" \/>\n<meta name=\"twitter:label1\" content=\"Est. reading time\">\n\t<meta name=\"twitter:data1\" content=\"1 minute\">\n<script type=\"application\/ld+json\" class=\"yoast-schema-graph\">{\"@context\":\"https:\/\/schema.org\",\"@graph\":[{\"@type\":\"WebSite\",\"@id\":\"https:\/\/tugraztestweb.asol.at\/#website\",\"url\":\"https:\/\/tugraztestweb.asol.at\/\",\"name\":\"Verlag der TU Graz\",\"description\":\"Verlag der Technischen Universit\\u00e4t Graz\",\"potentialAction\":[{\"@type\":\"SearchAction\",\"target\":\"https:\/\/tugraztestweb.asol.at\/?s={search_term_string}\",\"query-input\":\"required name=search_term_string\"}],\"inLanguage\":\"en-US\"},{\"@type\":\"ImageObject\",\"@id\":\"https:\/\/tugraztestweb.asol.at\/gesamtverzeichnis\/maschinenbau-und-wirtschaftswissenschaften\/buchhaltungspraxis-in-oesterreich-eine-empirische-untersuchung-der-verbuchung-ausgewaehlter-standardbuchungsfaelle-ebook\/#primaryimage\",\"inLanguage\":\"en-US\",\"url\":\"https:\/\/tugraztestweb.asol.at\/wp-content\/uploads\/2020\/08\/image-978-3-85125-582-9.jpg\",\"contentUrl\":\"https:\/\/tugraztestweb.asol.at\/wp-content\/uploads\/2020\/08\/image-978-3-85125-582-9.jpg\",\"width\":452,\"height\":642},{\"@type\":\"WebPage\",\"@id\":\"https:\/\/tugraztestweb.asol.at\/gesamtverzeichnis\/maschinenbau-und-wirtschaftswissenschaften\/buchhaltungspraxis-in-oesterreich-eine-empirische-untersuchung-der-verbuchung-ausgewaehlter-standardbuchungsfaelle-ebook\/#webpage\",\"url\":\"https:\/\/tugraztestweb.asol.at\/gesamtverzeichnis\/maschinenbau-und-wirtschaftswissenschaften\/buchhaltungspraxis-in-oesterreich-eine-empirische-untersuchung-der-verbuchung-ausgewaehlter-standardbuchungsfaelle-ebook\/\",\"name\":\"Buchhaltungspraxis in \\u00d6sterreich \\u2013 Eine empirische Untersuchung der Verbuchung ausgew\\u00e4hlter Standardbuchungsf\\u00e4lle - Verlag der TU Graz\",\"isPartOf\":{\"@id\":\"https:\/\/tugraztestweb.asol.at\/#website\"},\"primaryImageOfPage\":{\"@id\":\"https:\/\/tugraztestweb.asol.at\/gesamtverzeichnis\/maschinenbau-und-wirtschaftswissenschaften\/buchhaltungspraxis-in-oesterreich-eine-empirische-untersuchung-der-verbuchung-ausgewaehlter-standardbuchungsfaelle-ebook\/#primaryimage\"},\"datePublished\":\"2020-08-21T12:55:27+00:00\",\"dateModified\":\"2020-08-21T12:56:27+00:00\",\"breadcrumb\":{\"@id\":\"https:\/\/tugraztestweb.asol.at\/gesamtverzeichnis\/maschinenbau-und-wirtschaftswissenschaften\/buchhaltungspraxis-in-oesterreich-eine-empirische-untersuchung-der-verbuchung-ausgewaehlter-standardbuchungsfaelle-ebook\/#breadcrumb\"},\"inLanguage\":\"en-US\",\"potentialAction\":[{\"@type\":\"ReadAction\",\"target\":[\"https:\/\/tugraztestweb.asol.at\/gesamtverzeichnis\/maschinenbau-und-wirtschaftswissenschaften\/buchhaltungspraxis-in-oesterreich-eine-empirische-untersuchung-der-verbuchung-ausgewaehlter-standardbuchungsfaelle-ebook\/\"]}]},{\"@type\":\"BreadcrumbList\",\"@id\":\"https:\/\/tugraztestweb.asol.at\/gesamtverzeichnis\/maschinenbau-und-wirtschaftswissenschaften\/buchhaltungspraxis-in-oesterreich-eine-empirische-untersuchung-der-verbuchung-ausgewaehlter-standardbuchungsfaelle-ebook\/#breadcrumb\",\"itemListElement\":[{\"@type\":\"ListItem\",\"position\":1,\"item\":{\"@type\":\"WebPage\",\"@id\":\"https:\/\/tugraztestweb.asol.at\/\",\"url\":\"https:\/\/tugraztestweb.asol.at\/\",\"name\":\"Home\"}},{\"@type\":\"ListItem\",\"position\":2,\"item\":{\"@type\":\"WebPage\",\"@id\":\"https:\/\/tugraztestweb.asol.at\/gesamtverzeichnis\/\",\"url\":\"https:\/\/tugraztestweb.asol.at\/gesamtverzeichnis\/\",\"name\":\"Gesamtverzeichnis\"}},{\"@type\":\"ListItem\",\"position\":3,\"item\":{\"@type\":\"WebPage\",\"@id\":\"https:\/\/tugraztestweb.asol.at\/gesamtverzeichnis\/maschinenbau-und-wirtschaftswissenschaften\/buchhaltungspraxis-in-oesterreich-eine-empirische-untersuchung-der-verbuchung-ausgewaehlter-standardbuchungsfaelle-ebook\/\",\"url\":\"https:\/\/tugraztestweb.asol.at\/gesamtverzeichnis\/maschinenbau-und-wirtschaftswissenschaften\/buchhaltungspraxis-in-oesterreich-eine-empirische-untersuchung-der-verbuchung-ausgewaehlter-standardbuchungsfaelle-ebook\/\",\"name\":\"Buchhaltungspraxis in \\u00d6sterreich \\u2013 Eine empirische Untersuchung der Verbuchung ausgew\\u00e4hlter Standardbuchungsf\\u00e4lle\"}}]}]}<\/script>\n<!-- \/ Yoast SEO plugin. -->","_links":{"self":[{"href":"https:\/\/tugraztestweb.asol.at\/en\/wp-json\/wp\/v2\/product\/34128"}],"collection":[{"href":"https:\/\/tugraztestweb.asol.at\/en\/wp-json\/wp\/v2\/product"}],"about":[{"href":"https:\/\/tugraztestweb.asol.at\/en\/wp-json\/wp\/v2\/types\/product"}],"replies":[{"embeddable":true,"href":"https:\/\/tugraztestweb.asol.at\/en\/wp-json\/wp\/v2\/comments?post=34128"}],"wp:featuredmedia":[{"embeddable":true,"href":"https:\/\/tugraztestweb.asol.at\/en\/wp-json\/wp\/v2\/media\/40156"}],"wp:attachment":[{"href":"https:\/\/tugraztestweb.asol.at\/en\/wp-json\/wp\/v2\/media?parent=34128"}],"curies":[{"name":"wp","href":"https:\/\/api.w.org\/{rel}","templated":true}]}}