{"id":34290,"date":"2020-08-21T12:55:27","date_gmt":"2020-08-21T12:55:27","guid":{"rendered":"http:\/\/tugraztestweb.asol.at\/gesamtverzeichnis\/unkategorisiert\/15-grazer-baubetriebs-und-bauwirtschaftssymposium-tagungsband-2017-bauzeitermittlung-im-soll-sollte-und-ist-baubetriebliche-bauwirtschaftliche-und-rechtliche-aspekte-2\/"},"modified":"2020-08-21T14:56:27","modified_gmt":"2020-08-21T12:56:27","slug":"16-grazer-baubetriebs-und-bauwirtschaftssymposium-tagungsband-2018","status":"publish","type":"product","link":"https:\/\/tugraztestweb.asol.at\/en\/gesamtverzeichnis\/bauingenieurwissenschaften\/16-grazer-baubetriebs-und-bauwirtschaftssymposium-tagungsband-2018\/","title":{"rendered":"16. Grazer Baubetriebs- und Bauwirtschaftssymposium, Tagungsband 2018"},"content":{"rendered":"<p class=\"qtranxs-available-languages-message qtranxs-available-languages-message-en\">Sorry, this entry is only available in <a href=\"https:\/\/tugraztestweb.asol.at\/de\/wp-json\/wp\/v2\/product\/34290\" class=\"qtranxs-available-language-link qtranxs-available-language-link-de\" title=\"Deutsch\">Deutsch<\/a>.<\/p><p>Die Kostenermittlung stellt eine der verantwortungsvollsten Aufgaben in der Bauwirtschaft dar und ist entscheidend f\u00fcr den wirtschaftlichen Erfolg eines Bauprojekts. Sowohl vom Auftraggeber als auch vom Auftragnehmer erfolgen in unterschiedlichen Projektphasen Kostenprognosen, die die Basis f\u00fcr weitere \u00dcberlegungen und Entscheidungen darstellen. <br \/>Doch was sind die Elemente einer sachgerechten Kostenermittlung und welche Voraussetzungen kann der Auftraggeber schaffen damit die Kosten eingehalten werden? Besteht ein Zusammenhang zwischen der vorgegebenen Bauzeit und den Baukosten? Wie k\u00f6nnen Kalkulationsrisiken und Unsicherheiten systematisch ber\u00fccksichtigt werden? Welche Bedeutung hat die Kostensch\u00e4tzung aus vergaberechtlicher Sicht? Welches Verst\u00e4ndnis vom Kalkulationsirrtum hat die Judikatur?<br \/>Im Tagungsband zum Symposium wird den zum Teil kontroversen Einsch\u00e4tzungen und Meinungen zum Thema \u201eKostensch\u00e4tzung, Kostenberechnung, Kostenanschlag\u201c verschiedener am Bau Beteiligter nachgegangen. Die Ansichten und Ergebnisse der Referenten werden im vorliegenden Tagungsband ausgef\u00fchrt.<br \/>Neben den baubetrieblichen und bauwirtschaftlichen Aspekten werden auch rechtliche Themen aufgegriffen. <\/p>\n<p><\/p>","protected":false},"excerpt":{"rendered":"<p class=\"qtranxs-available-languages-message qtranxs-available-languages-message-en\">Sorry, this entry is only available in <a href=\"https:\/\/tugraztestweb.asol.at\/de\/wp-json\/wp\/v2\/product\/34290\" class=\"qtranxs-available-language-link qtranxs-available-language-link-de\" title=\"Deutsch\">Deutsch<\/a>.<\/p>\n<p>Die Kostenermittlung stellt eine der verantwortungsvollsten Aufgaben in der Bauwirtschaft dar und ist entscheidend f\u00fcr den wirtschaftlichen Erfolg eines Bauprojekts. Sowohl vom Auftraggeber als auch vom Auftragnehmer erfolgen in unterschiedlichen Projektphasen Kostenprognosen, die die Basis f\u00fcr weitere \u00dcberlegungen und Entscheidungen darstellen. <br \/>Doch was sind die Elemente einer sachgerechten Kostenermittlung und welche Voraussetzungen kann der Auftraggeber schaffen damit die Kosten eingehalten werden? Besteht ein Zusammenhang zwischen der vorgegebenen Bauzeit und den Baukosten? Wie k\u00f6nnen Kalkulationsrisiken und Unsicherheiten systematisch ber\u00fccksichtigt werden? Welche Bedeutung hat die Kostensch\u00e4tzung aus vergaberechtlicher Sicht? Welches Verst\u00e4ndnis vom Kalkulationsirrtum hat die Judikatur?<br \/>Im Tagungsband zum Symposium wird den zum Teil kontroversen Einsch\u00e4tzungen und Meinungen zum Thema \u201eKostensch\u00e4tzung, Kostenberechnung, Kostenanschlag\u201c verschiedener am Bau Beteiligter nachgegangen. Die Ansichten und Ergebnisse der Referenten werden im vorliegenden Tagungsband ausgef\u00fchrt.<br \/>Neben den baubetrieblichen und bauwirtschaftlichen Aspekten werden auch rechtliche Themen aufgegriffen. <\/p>\n","protected":false},"featured_media":40159,"comment_status":"closed","ping_status":"closed","template":"","meta":[],"yoast_head":"<!-- This site is optimized with the Yoast SEO plugin v16.1.1 - https:\/\/yoast.com\/wordpress\/plugins\/seo\/ -->\n<link rel=\"canonical\" href=\"https:\/\/tugraztestweb.asol.at\/en\/gesamtverzeichnis\/bauingenieurwissenschaften\/16-grazer-baubetriebs-und-bauwirtschaftssymposium-tagungsband-2018\/\" \/>\n<meta property=\"og:locale\" content=\"en_US\" \/>\n<meta property=\"og:type\" content=\"article\" \/>\n<meta property=\"og:title\" content=\"16. Grazer Baubetriebs- und Bauwirtschaftssymposium, Tagungsband 2018 - Verlag der TU Graz\" \/>\n<meta property=\"og:description\" content=\"Die Kostenermittlung stellt eine der verantwortungsvollsten Aufgaben in der Bauwirtschaft dar und ist entscheidend f\u00fcr den wirtschaftlichen Erfolg eines Bauprojekts. Sowohl vom Auftraggeber als auch vom Auftragnehmer erfolgen in unterschiedlichen Projektphasen Kostenprognosen, die die Basis f\u00fcr weitere \u00dcberlegungen und Entscheidungen darstellen. Doch was sind die Elemente einer sachgerechten Kostenermittlung und welche Voraussetzungen kann der Auftraggeber schaffen damit die Kosten eingehalten werden? Besteht ein Zusammenhang zwischen der vorgegebenen Bauzeit und den Baukosten? Wie k\u00f6nnen Kalkulationsrisiken und Unsicherheiten systematisch ber\u00fccksichtigt werden? Welche Bedeutung hat die Kostensch\u00e4tzung aus vergaberechtlicher Sicht? Welches Verst\u00e4ndnis vom Kalkulationsirrtum hat die Judikatur?Im Tagungsband zum Symposium wird den zum Teil kontroversen Einsch\u00e4tzungen und Meinungen zum Thema \u201eKostensch\u00e4tzung, Kostenberechnung, Kostenanschlag\u201c verschiedener am Bau Beteiligter nachgegangen. Die Ansichten und Ergebnisse der Referenten werden im vorliegenden Tagungsband ausgef\u00fchrt.Neben den baubetrieblichen und bauwirtschaftlichen Aspekten werden auch rechtliche Themen aufgegriffen.\" \/>\n<meta property=\"og:url\" content=\"https:\/\/tugraztestweb.asol.at\/en\/gesamtverzeichnis\/bauingenieurwissenschaften\/16-grazer-baubetriebs-und-bauwirtschaftssymposium-tagungsband-2018\/\" \/>\n<meta property=\"og:site_name\" content=\"Verlag der TU Graz\" \/>\n<meta property=\"article:modified_time\" content=\"2020-08-21T12:56:27+00:00\" \/>\n<meta property=\"og:image\" content=\"https:\/\/tugraztestweb.asol.at\/wp-content\/uploads\/2020\/08\/image-978-3-85125-583-6.jpg\" \/>\n\t<meta property=\"og:image:width\" content=\"474\" \/>\n\t<meta property=\"og:image:height\" content=\"664\" \/>\n<meta name=\"twitter:card\" content=\"summary_large_image\" \/>\n<meta name=\"twitter:label1\" content=\"Est. reading time\">\n\t<meta name=\"twitter:data1\" content=\"1 minute\">\n<script type=\"application\/ld+json\" class=\"yoast-schema-graph\">{\"@context\":\"https:\/\/schema.org\",\"@graph\":[{\"@type\":\"WebSite\",\"@id\":\"https:\/\/tugraztestweb.asol.at\/#website\",\"url\":\"https:\/\/tugraztestweb.asol.at\/\",\"name\":\"Verlag der TU Graz\",\"description\":\"Verlag der Technischen Universit\\u00e4t Graz\",\"potentialAction\":[{\"@type\":\"SearchAction\",\"target\":\"https:\/\/tugraztestweb.asol.at\/?s={search_term_string}\",\"query-input\":\"required name=search_term_string\"}],\"inLanguage\":\"en-US\"},{\"@type\":\"ImageObject\",\"@id\":\"https:\/\/tugraztestweb.asol.at\/en\/gesamtverzeichnis\/bauingenieurwissenschaften\/16-grazer-baubetriebs-und-bauwirtschaftssymposium-tagungsband-2018\/#primaryimage\",\"inLanguage\":\"en-US\",\"url\":\"https:\/\/tugraztestweb.asol.at\/wp-content\/uploads\/2020\/08\/image-978-3-85125-583-6.jpg\",\"contentUrl\":\"https:\/\/tugraztestweb.asol.at\/wp-content\/uploads\/2020\/08\/image-978-3-85125-583-6.jpg\",\"width\":474,\"height\":664},{\"@type\":\"WebPage\",\"@id\":\"https:\/\/tugraztestweb.asol.at\/en\/gesamtverzeichnis\/bauingenieurwissenschaften\/16-grazer-baubetriebs-und-bauwirtschaftssymposium-tagungsband-2018\/#webpage\",\"url\":\"https:\/\/tugraztestweb.asol.at\/en\/gesamtverzeichnis\/bauingenieurwissenschaften\/16-grazer-baubetriebs-und-bauwirtschaftssymposium-tagungsband-2018\/\",\"name\":\"16. Grazer Baubetriebs- und Bauwirtschaftssymposium, Tagungsband 2018 - Verlag der TU Graz\",\"isPartOf\":{\"@id\":\"https:\/\/tugraztestweb.asol.at\/#website\"},\"primaryImageOfPage\":{\"@id\":\"https:\/\/tugraztestweb.asol.at\/en\/gesamtverzeichnis\/bauingenieurwissenschaften\/16-grazer-baubetriebs-und-bauwirtschaftssymposium-tagungsband-2018\/#primaryimage\"},\"datePublished\":\"2020-08-21T12:55:27+00:00\",\"dateModified\":\"2020-08-21T12:56:27+00:00\",\"breadcrumb\":{\"@id\":\"https:\/\/tugraztestweb.asol.at\/en\/gesamtverzeichnis\/bauingenieurwissenschaften\/16-grazer-baubetriebs-und-bauwirtschaftssymposium-tagungsband-2018\/#breadcrumb\"},\"inLanguage\":\"en-US\",\"potentialAction\":[{\"@type\":\"ReadAction\",\"target\":[\"https:\/\/tugraztestweb.asol.at\/en\/gesamtverzeichnis\/bauingenieurwissenschaften\/16-grazer-baubetriebs-und-bauwirtschaftssymposium-tagungsband-2018\/\"]}]},{\"@type\":\"BreadcrumbList\",\"@id\":\"https:\/\/tugraztestweb.asol.at\/en\/gesamtverzeichnis\/bauingenieurwissenschaften\/16-grazer-baubetriebs-und-bauwirtschaftssymposium-tagungsband-2018\/#breadcrumb\",\"itemListElement\":[{\"@type\":\"ListItem\",\"position\":1,\"item\":{\"@type\":\"WebPage\",\"@id\":\"https:\/\/tugraztestweb.asol.at\/\",\"url\":\"https:\/\/tugraztestweb.asol.at\/\",\"name\":\"Home\"}},{\"@type\":\"ListItem\",\"position\":2,\"item\":{\"@type\":\"WebPage\",\"@id\":\"https:\/\/tugraztestweb.asol.at\/gesamtverzeichnis\/\",\"url\":\"https:\/\/tugraztestweb.asol.at\/gesamtverzeichnis\/\",\"name\":\"Gesamtverzeichnis\"}},{\"@type\":\"ListItem\",\"position\":3,\"item\":{\"@type\":\"WebPage\",\"@id\":\"https:\/\/tugraztestweb.asol.at\/en\/gesamtverzeichnis\/bauingenieurwissenschaften\/16-grazer-baubetriebs-und-bauwirtschaftssymposium-tagungsband-2018\/\",\"url\":\"https:\/\/tugraztestweb.asol.at\/en\/gesamtverzeichnis\/bauingenieurwissenschaften\/16-grazer-baubetriebs-und-bauwirtschaftssymposium-tagungsband-2018\/\",\"name\":\"16. Grazer Baubetriebs- und Bauwirtschaftssymposium, Tagungsband 2018\"}}]}]}<\/script>\n<!-- \/ Yoast SEO plugin. -->","_links":{"self":[{"href":"https:\/\/tugraztestweb.asol.at\/en\/wp-json\/wp\/v2\/product\/34290"}],"collection":[{"href":"https:\/\/tugraztestweb.asol.at\/en\/wp-json\/wp\/v2\/product"}],"about":[{"href":"https:\/\/tugraztestweb.asol.at\/en\/wp-json\/wp\/v2\/types\/product"}],"replies":[{"embeddable":true,"href":"https:\/\/tugraztestweb.asol.at\/en\/wp-json\/wp\/v2\/comments?post=34290"}],"wp:featuredmedia":[{"embeddable":true,"href":"https:\/\/tugraztestweb.asol.at\/en\/wp-json\/wp\/v2\/media\/40159"}],"wp:attachment":[{"href":"https:\/\/tugraztestweb.asol.at\/en\/wp-json\/wp\/v2\/media?parent=34290"}],"curies":[{"name":"wp","href":"https:\/\/api.w.org\/{rel}","templated":true}]}}