{"id":34348,"date":"2020-08-21T12:55:27","date_gmt":"2020-08-21T12:55:27","guid":{"rendered":"http:\/\/tugraztestweb.asol.at\/gesamtverzeichnis\/unkategorisiert\/eninnov2017-14-symposium-energieinnovation-kurzfassungsband\/"},"modified":"2020-08-21T14:56:28","modified_gmt":"2020-08-21T12:56:28","slug":"eninnov2018-15-symposium-energieinnovation-kurzfassungsband-ebook","status":"publish","type":"product","link":"https:\/\/tugraztestweb.asol.at\/en\/gesamtverzeichnis\/elektrotechnik-und-informationstechnik\/eninnov2018-15-symposium-energieinnovation-kurzfassungsband-ebook\/","title":{"rendered":"EnInnov2018 &#8211; 15. Symposium Energieinnovation; Kurzfassungsband"},"content":{"rendered":"<p class=\"qtranxs-available-languages-message qtranxs-available-languages-message-en\">Sorry, this entry is only available in <a href=\"https:\/\/tugraztestweb.asol.at\/de\/wp-json\/wp\/v2\/product\/34348\" class=\"qtranxs-available-language-link qtranxs-available-language-link-de\" title=\"Deutsch\">Deutsch<\/a>.<\/p><p>Das 15. Symposium Energieinnovation \u201eNEUE ENERGIE F\u00dcR UNSER BEWEGTES EUROPA\u201c wird vom 14.-16.02.2018 vom IEE an der TU Graz veranstaltet. Mitveranstalter sind der OVE, \u00d6sterreichs Energie und WEC-Austria. Das Symposium steht dar\u00fcber hinaus unter der Schirmherrschaft des BMBWF, BMNT, BMVIT sowie des Landes Steiermark und der Stadt Graz. Die \u00fcber 600 erwarteten TeilnehmerInnen diskutieren dabei die \u00fcber 260 pr\u00e4sentierten Vortr\u00e4ge zu nachhaltigen Entwicklungen in der Energiewirtschaft wie Elektrizit\u00e4tsm\u00e4rkte, Flexibilisierung der Nachfrage, Energiespeicherung, Transport- und Verteilsysteme, Zukunft der Erneuerbaren Energien, Energieeffizienz in Geb\u00e4uden, Verkehr und Wirtschaft sowie energiewirtschaftliche Methoden, Instrumente und Modelle. Ein besonderer H\u00f6hepunkt stellt die Verleihung der zehn Nachwuchsf\u00f6rderpreise f\u00fcr JungautorInnen unter 30a dar.<\/p>","protected":false},"excerpt":{"rendered":"<p class=\"qtranxs-available-languages-message qtranxs-available-languages-message-en\">Sorry, this entry is only available in <a href=\"https:\/\/tugraztestweb.asol.at\/de\/wp-json\/wp\/v2\/product\/34348\" class=\"qtranxs-available-language-link qtranxs-available-language-link-de\" title=\"Deutsch\">Deutsch<\/a>.<\/p>\n<p>Das 15. Symposium Energieinnovation \u201eNEUE ENERGIE F\u00dcR UNSER BEWEGTES EUROPA\u201c wird vom 14.-16.02.2018 vom IEE an der TU Graz veranstaltet. Mitveranstalter sind der OVE, \u00d6sterreichs Energie und WEC-Austria. Das Symposium steht dar\u00fcber hinaus unter der Schirmherrschaft des BMBWF, BMNT, BMVIT sowie des Landes Steiermark und der Stadt Graz. Die \u00fcber 600 erwarteten TeilnehmerInnen diskutieren dabei die \u00fcber 260 pr\u00e4sentierten Vortr\u00e4ge zu nachhaltigen Entwicklungen in der Energiewirtschaft wie Elektrizit\u00e4tsm\u00e4rkte, Flexibilisierung der Nachfrage, Energiespeicherung, Transport- und Verteilsysteme, Zukunft der Erneuerbaren Energien, Energieeffizienz in Geb\u00e4uden, Verkehr und Wirtschaft sowie energiewirtschaftliche Methoden, Instrumente und Modelle. Ein besonderer H\u00f6hepunkt stellt die Verleihung der zehn Nachwuchsf\u00f6rderpreise f\u00fcr JungautorInnen unter 30a dar.<\/p>\n","protected":false},"featured_media":40161,"comment_status":"closed","ping_status":"closed","template":"","meta":[],"yoast_head":"<!-- This site is optimized with the Yoast SEO plugin v16.1.1 - https:\/\/yoast.com\/wordpress\/plugins\/seo\/ -->\n<link rel=\"canonical\" href=\"https:\/\/tugraztestweb.asol.at\/en\/gesamtverzeichnis\/elektrotechnik-und-informationstechnik\/eninnov2018-15-symposium-energieinnovation-kurzfassungsband-ebook\/\" \/>\n<meta property=\"og:locale\" content=\"en_US\" \/>\n<meta property=\"og:type\" content=\"article\" \/>\n<meta property=\"og:title\" content=\"EnInnov2018 - 15. Symposium Energieinnovation; Kurzfassungsband - Verlag der TU Graz\" \/>\n<meta property=\"og:description\" content=\"Das 15. Symposium Energieinnovation \u201eNEUE ENERGIE F\u00dcR UNSER BEWEGTES EUROPA\u201c wird vom 14.-16.02.2018 vom IEE an der TU Graz veranstaltet. Mitveranstalter sind der OVE, \u00d6sterreichs Energie und WEC-Austria. Das Symposium steht dar\u00fcber hinaus unter der Schirmherrschaft des BMBWF, BMNT, BMVIT sowie des Landes Steiermark und der Stadt Graz. Die \u00fcber 600 erwarteten TeilnehmerInnen diskutieren dabei die \u00fcber 260 pr\u00e4sentierten Vortr\u00e4ge zu nachhaltigen Entwicklungen in der Energiewirtschaft wie Elektrizit\u00e4tsm\u00e4rkte, Flexibilisierung der Nachfrage, Energiespeicherung, Transport- und Verteilsysteme, Zukunft der Erneuerbaren Energien, Energieeffizienz in Geb\u00e4uden, Verkehr und Wirtschaft sowie energiewirtschaftliche Methoden, Instrumente und Modelle. Ein besonderer H\u00f6hepunkt stellt die Verleihung der zehn Nachwuchsf\u00f6rderpreise f\u00fcr JungautorInnen unter 30a dar.\" \/>\n<meta property=\"og:url\" content=\"https:\/\/tugraztestweb.asol.at\/en\/gesamtverzeichnis\/elektrotechnik-und-informationstechnik\/eninnov2018-15-symposium-energieinnovation-kurzfassungsband-ebook\/\" \/>\n<meta property=\"og:site_name\" content=\"Verlag der TU Graz\" \/>\n<meta property=\"article:modified_time\" content=\"2020-08-21T12:56:28+00:00\" \/>\n<meta property=\"og:image\" content=\"https:\/\/tugraztestweb.asol.at\/wp-content\/uploads\/2020\/08\/image-978-3-85125-585-0.jpg\" \/>\n\t<meta property=\"og:image:width\" content=\"449\" \/>\n\t<meta property=\"og:image:height\" content=\"641\" \/>\n<meta name=\"twitter:card\" content=\"summary_large_image\" \/>\n<meta name=\"twitter:label1\" content=\"Est. reading time\">\n\t<meta name=\"twitter:data1\" content=\"1 minute\">\n<script type=\"application\/ld+json\" class=\"yoast-schema-graph\">{\"@context\":\"https:\/\/schema.org\",\"@graph\":[{\"@type\":\"WebSite\",\"@id\":\"https:\/\/tugraztestweb.asol.at\/#website\",\"url\":\"https:\/\/tugraztestweb.asol.at\/\",\"name\":\"Verlag der TU Graz\",\"description\":\"Verlag der Technischen Universit\\u00e4t Graz\",\"potentialAction\":[{\"@type\":\"SearchAction\",\"target\":\"https:\/\/tugraztestweb.asol.at\/?s={search_term_string}\",\"query-input\":\"required name=search_term_string\"}],\"inLanguage\":\"en-US\"},{\"@type\":\"ImageObject\",\"@id\":\"https:\/\/tugraztestweb.asol.at\/en\/gesamtverzeichnis\/elektrotechnik-und-informationstechnik\/eninnov2018-15-symposium-energieinnovation-kurzfassungsband-ebook\/#primaryimage\",\"inLanguage\":\"en-US\",\"url\":\"https:\/\/tugraztestweb.asol.at\/wp-content\/uploads\/2020\/08\/image-978-3-85125-585-0.jpg\",\"contentUrl\":\"https:\/\/tugraztestweb.asol.at\/wp-content\/uploads\/2020\/08\/image-978-3-85125-585-0.jpg\",\"width\":449,\"height\":641},{\"@type\":\"WebPage\",\"@id\":\"https:\/\/tugraztestweb.asol.at\/en\/gesamtverzeichnis\/elektrotechnik-und-informationstechnik\/eninnov2018-15-symposium-energieinnovation-kurzfassungsband-ebook\/#webpage\",\"url\":\"https:\/\/tugraztestweb.asol.at\/en\/gesamtverzeichnis\/elektrotechnik-und-informationstechnik\/eninnov2018-15-symposium-energieinnovation-kurzfassungsband-ebook\/\",\"name\":\"EnInnov2018 - 15. Symposium Energieinnovation; Kurzfassungsband - Verlag der TU Graz\",\"isPartOf\":{\"@id\":\"https:\/\/tugraztestweb.asol.at\/#website\"},\"primaryImageOfPage\":{\"@id\":\"https:\/\/tugraztestweb.asol.at\/en\/gesamtverzeichnis\/elektrotechnik-und-informationstechnik\/eninnov2018-15-symposium-energieinnovation-kurzfassungsband-ebook\/#primaryimage\"},\"datePublished\":\"2020-08-21T12:55:27+00:00\",\"dateModified\":\"2020-08-21T12:56:28+00:00\",\"breadcrumb\":{\"@id\":\"https:\/\/tugraztestweb.asol.at\/en\/gesamtverzeichnis\/elektrotechnik-und-informationstechnik\/eninnov2018-15-symposium-energieinnovation-kurzfassungsband-ebook\/#breadcrumb\"},\"inLanguage\":\"en-US\",\"potentialAction\":[{\"@type\":\"ReadAction\",\"target\":[\"https:\/\/tugraztestweb.asol.at\/en\/gesamtverzeichnis\/elektrotechnik-und-informationstechnik\/eninnov2018-15-symposium-energieinnovation-kurzfassungsband-ebook\/\"]}]},{\"@type\":\"BreadcrumbList\",\"@id\":\"https:\/\/tugraztestweb.asol.at\/en\/gesamtverzeichnis\/elektrotechnik-und-informationstechnik\/eninnov2018-15-symposium-energieinnovation-kurzfassungsband-ebook\/#breadcrumb\",\"itemListElement\":[{\"@type\":\"ListItem\",\"position\":1,\"item\":{\"@type\":\"WebPage\",\"@id\":\"https:\/\/tugraztestweb.asol.at\/\",\"url\":\"https:\/\/tugraztestweb.asol.at\/\",\"name\":\"Home\"}},{\"@type\":\"ListItem\",\"position\":2,\"item\":{\"@type\":\"WebPage\",\"@id\":\"https:\/\/tugraztestweb.asol.at\/gesamtverzeichnis\/\",\"url\":\"https:\/\/tugraztestweb.asol.at\/gesamtverzeichnis\/\",\"name\":\"Gesamtverzeichnis\"}},{\"@type\":\"ListItem\",\"position\":3,\"item\":{\"@type\":\"WebPage\",\"@id\":\"https:\/\/tugraztestweb.asol.at\/en\/gesamtverzeichnis\/elektrotechnik-und-informationstechnik\/eninnov2018-15-symposium-energieinnovation-kurzfassungsband-ebook\/\",\"url\":\"https:\/\/tugraztestweb.asol.at\/en\/gesamtverzeichnis\/elektrotechnik-und-informationstechnik\/eninnov2018-15-symposium-energieinnovation-kurzfassungsband-ebook\/\",\"name\":\"EnInnov2018 &#8211; 15. Symposium Energieinnovation; Kurzfassungsband\"}}]}]}<\/script>\n<!-- \/ Yoast SEO plugin. -->","_links":{"self":[{"href":"https:\/\/tugraztestweb.asol.at\/en\/wp-json\/wp\/v2\/product\/34348"}],"collection":[{"href":"https:\/\/tugraztestweb.asol.at\/en\/wp-json\/wp\/v2\/product"}],"about":[{"href":"https:\/\/tugraztestweb.asol.at\/en\/wp-json\/wp\/v2\/types\/product"}],"replies":[{"embeddable":true,"href":"https:\/\/tugraztestweb.asol.at\/en\/wp-json\/wp\/v2\/comments?post=34348"}],"wp:featuredmedia":[{"embeddable":true,"href":"https:\/\/tugraztestweb.asol.at\/en\/wp-json\/wp\/v2\/media\/40161"}],"wp:attachment":[{"href":"https:\/\/tugraztestweb.asol.at\/en\/wp-json\/wp\/v2\/media?parent=34348"}],"curies":[{"name":"wp","href":"https:\/\/api.w.org\/{rel}","templated":true}]}}