{"id":34498,"date":"2020-08-21T12:55:31","date_gmt":"2020-08-21T12:55:31","guid":{"rendered":"http:\/\/tugraztestweb.asol.at\/gesamtverzeichnis\/unkategorisiert\/modellbildung-und-plastische-tragfaehigkeit-diskret-gelagerter-stahlsilokonstruktionen-mit-auflagerlaengssteifen-2\/"},"modified":"2020-08-21T14:56:31","modified_gmt":"2020-08-21T12:56:31","slug":"modellbildung-und-plastische-tragfaehigkeit-diskret-gelagerter-stahlsilokonstruktionen-mit-auflagerlaengssteifen-ebook","status":"publish","type":"product","link":"https:\/\/tugraztestweb.asol.at\/en\/gesamtverzeichnis\/bauingenieurwissenschaften\/modellbildung-und-plastische-tragfaehigkeit-diskret-gelagerter-stahlsilokonstruktionen-mit-auflagerlaengssteifen-ebook\/","title":{"rendered":"Modellbildung und plastische Tragf\u00e4higkeit diskret gelagerter Stahlsilokonstruktionen mit Auflagerl\u00e4ngssteifen"},"content":{"rendered":"<p class=\"qtranxs-available-languages-message qtranxs-available-languages-message-en\">Sorry, this entry is only available in <a href=\"https:\/\/tugraztestweb.asol.at\/de\/wp-json\/wp\/v2\/product\/34498\" class=\"qtranxs-available-language-link qtranxs-available-language-link-de\" title=\"Deutsch\">Deutsch<\/a>.<\/p><p>Auf Einzelst\u00fctzen gelagerte d\u00fcnnwandige Stahlsilokonstruktionen mit durchgehenden L\u00e4ngssteifen weisen auf Grund ihrer Vielgliedrigkeit eine gr\u00f6\u00dfere Anzahl unabh\u00e4ngiger oder miteinander in Wechselbeziehung stehender Versagensformen auf. Diese Versagensformen sind durch das Erreichen der Grenzzust\u00e4nde der plastischen Tragf\u00e4higkeit bzw. der Beultragf\u00e4higkeit gekennzeichnet. In einem ersten Schritt werden baustatische Modellbildungsoptionen f\u00fcr isolierte Teiltragsysteme des vielgliedrigen Tragsystems untersucht und dargestellt. In einem zweiten Schritt wird die Vielzahl m\u00f6glicher plastischer Versagensformen je Teiltragsystem qualitativ identifiziert. Die zugeh\u00f6rigen plastischen Traglasten werden per materiell nichtlinearer numerischer Parameterstudien und zum Vergleich auf Basis vereinfachter Modellbildungen per analytischer Formeln quantitativ bestimmt. Die Verifikation der Resultate erfolgt durch Berechnungen am Gesamtsystem oder an passend isolierten Teiltragsystemen. In einem dritten Schritt werden lineare und nichtlineare Beulanalysen am kombinierten Schaft &#8211; L\u00e4ngssteifen &#8211; Teiltragsystem durchgef\u00fchrt. Die Konzeption dieser Arbeit folgt den Leitlinien des neuen Europ\u00e4ischen Regelwerkes EN 1993, Bemessung und Konstruktion von Stahlbauten, Teil 1-6, Festigkeit und Stabilit\u00e4t von Schalen sowie des darauf bezogenen Anwendungsteiles 4-1.<\/p>\n<p>Discretely supported thin &#8211; walled steel silo structures with continuous longitudinal stiffeners at the supports exhibit a multitude of structural failure modes which are independent or otherwise interacting with each other. The multitude of possible failure modes is a natural consequence of the multi &#8211; component layout of such type of structures. These failure modes either correspond to plastic limit states or to buckling limit states or a combination of both. In a first step, structural modeling options for isolated load &#8211; carrying sub &#8211; systems of the multi &#8211; componential complete structure are investigated and presented. In a second step, the multitude of possible plastic failure modes is identified qualitatively for each of the sub &#8211; systems. The related plastic limit loads are determined quantitatively by materially nonlinear numerical parametric studies and, by comparison, by analytic formulae based on simplified kinematical &#8211; structural modeling. These load &#8211; carrying results are verified by numerical nonlinear analyses of the complete system or, if applicable, of suitably isolated sub &#8211; systems. In a third step, linear and nonlinear buckling analyses of the combined sub &#8211; system \u201ecylindrical shaft &#8211; continuous longitudinal stiffener\u201c are carried out. The conception of this work follows the guidelines of the new European Standard EN 1993, Design of steel structures, Part 1-6, Strength and stability of shell structures and the related application part 4-1.<br \/><\/p>","protected":false},"excerpt":{"rendered":"<p class=\"qtranxs-available-languages-message qtranxs-available-languages-message-en\">Sorry, this entry is only available in <a href=\"https:\/\/tugraztestweb.asol.at\/de\/wp-json\/wp\/v2\/product\/34498\" class=\"qtranxs-available-language-link qtranxs-available-language-link-de\" title=\"Deutsch\">Deutsch<\/a>.<\/p>\n<p>Auf Einzelst\u00fctzen gelagerte d\u00fcnnwandige Stahlsilokonstruktionen mit durchgehenden L\u00e4ngssteifen weisen auf Grund ihrer Vielgliedrigkeit eine gr\u00f6\u00dfere Anzahl unabh\u00e4ngiger oder miteinander in Wechselbeziehung stehender Versagensformen auf. Diese Versagensformen sind durch das Erreichen der Grenzzust\u00e4nde der plastischen Tragf\u00e4higkeit bzw. der Beultragf\u00e4higkeit gekennzeichnet. In einem ersten Schritt werden baustatische Modellbildungsoptionen f\u00fcr isolierte Teiltragsysteme des vielgliedrigen Tragsystems untersucht und dargestellt. In einem zweiten Schritt wird die Vielzahl m\u00f6glicher plastischer Versagensformen je Teiltragsystem qualitativ identifiziert. Die zugeh\u00f6rigen plastischen Traglasten werden per materiell nichtlinearer numerischer Parameterstudien und zum Vergleich auf Basis vereinfachter Modellbildungen per analytischer Formeln quantitativ bestimmt. Die Verifikation der Resultate erfolgt durch Berechnungen am Gesamtsystem oder an passend isolierten Teiltragsystemen. In einem dritten Schritt werden lineare und nichtlineare Beulanalysen am kombinierten Schaft &#8211; L\u00e4ngssteifen &#8211; Teiltragsystem durchgef\u00fchrt. Die Konzeption dieser Arbeit folgt den Leitlinien des neuen Europ\u00e4ischen Regelwerkes EN 1993, Bemessung und Konstruktion von Stahlbauten, Teil 1-6, Festigkeit und Stabilit\u00e4t von Schalen sowie des darauf bezogenen Anwendungsteiles 4-1.<\/p>\n<p>Discretely supported thin &#8211; walled steel silo structures with continuous longitudinal stiffeners at the supports exhibit a multitude of structural failure modes which are independent or otherwise interacting with each other. The multitude of possible failure modes is a natural consequence of the multi &#8211; component layout of such type of structures. These failure modes either correspond to plastic limit states or to buckling limit states or a combination of both. In a first step, structural modeling options for isolated load &#8211; carrying sub &#8211; systems of the multi &#8211; componential complete structure are investigated and presented. In a second step, the multitude of possible plastic failure modes is identified qualitatively for each of the sub &#8211; systems. The related plastic limit loads are determined quantitatively by materially nonlinear numerical parametric studies and, by comparison, by analytic formulae based on simplified kinematical &#8211; structural modeling. These load &#8211; carrying results are verified by numerical nonlinear analyses of the complete system or, if applicable, of suitably isolated sub &#8211; systems. In a third step, linear and nonlinear buckling analyses of the combined sub &#8211; system \u201ecylindrical shaft &#8211; continuous longitudinal stiffener\u201c are carried out. The conception of this work follows the guidelines of the new European Standard EN 1993, Design of steel structures, Part 1-6, Strength and stability of shell structures and the related application part 4-1.<\/p>\n","protected":false},"featured_media":40164,"comment_status":"closed","ping_status":"closed","template":"","meta":[],"yoast_head":"<!-- This site is optimized with the Yoast SEO plugin v16.1.1 - https:\/\/yoast.com\/wordpress\/plugins\/seo\/ -->\n<link rel=\"canonical\" href=\"https:\/\/tugraztestweb.asol.at\/gesamtverzeichnis\/bauingenieurwissenschaften\/modellbildung-und-plastische-tragfaehigkeit-diskret-gelagerter-stahlsilokonstruktionen-mit-auflagerlaengssteifen-ebook\/\" \/>\n<meta property=\"og:locale\" content=\"en_US\" \/>\n<meta property=\"og:type\" content=\"article\" \/>\n<meta property=\"og:title\" content=\"Modellbildung und plastische Tragf\u00e4higkeit diskret gelagerter Stahlsilokonstruktionen mit Auflagerl\u00e4ngssteifen - Verlag der TU Graz\" \/>\n<meta property=\"og:description\" content=\"Auf Einzelst\u00fctzen gelagerte d\u00fcnnwandige Stahlsilokonstruktionen mit durchgehenden L\u00e4ngssteifen weisen auf Grund ihrer Vielgliedrigkeit eine gr\u00f6\u00dfere Anzahl unabh\u00e4ngiger oder miteinander in Wechselbeziehung stehender Versagensformen auf. Diese Versagensformen sind durch das Erreichen der Grenzzust\u00e4nde der plastischen Tragf\u00e4higkeit bzw. der Beultragf\u00e4higkeit gekennzeichnet. In einem ersten Schritt werden baustatische Modellbildungsoptionen f\u00fcr isolierte Teiltragsysteme des vielgliedrigen Tragsystems untersucht und dargestellt. In einem zweiten Schritt wird die Vielzahl m\u00f6glicher plastischer Versagensformen je Teiltragsystem qualitativ identifiziert. Die zugeh\u00f6rigen plastischen Traglasten werden per materiell nichtlinearer numerischer Parameterstudien und zum Vergleich auf Basis vereinfachter Modellbildungen per analytischer Formeln quantitativ bestimmt. Die Verifikation der Resultate erfolgt durch Berechnungen am Gesamtsystem oder an passend isolierten Teiltragsystemen. In einem dritten Schritt werden lineare und nichtlineare Beulanalysen am kombinierten Schaft - L\u00e4ngssteifen - Teiltragsystem durchgef\u00fchrt. Die Konzeption dieser Arbeit folgt den Leitlinien des neuen Europ\u00e4ischen Regelwerkes EN 1993, Bemessung und Konstruktion von Stahlbauten, Teil 1-6, Festigkeit und Stabilit\u00e4t von Schalen sowie des darauf bezogenen Anwendungsteiles 4-1.Discretely supported thin - walled steel silo structures with continuous longitudinal stiffeners at the supports exhibit a multitude of structural failure modes which are independent or otherwise interacting with each other. The multitude of possible failure modes is a natural consequence of the multi - component layout of such type of structures. These failure modes either correspond to plastic limit states or to buckling limit states or a combination of both. In a first step, structural modeling options for isolated load - carrying sub - systems of the multi - componential complete structure are investigated and presented. In a second step, the multitude of possible plastic failure modes is identified qualitatively for each of the sub - systems. The related plastic limit loads are determined quantitatively by materially nonlinear numerical parametric studies and, by comparison, by analytic formulae based on simplified kinematical - structural modeling. These load - carrying results are verified by numerical nonlinear analyses of the complete system or, if applicable, of suitably isolated sub - systems. In a third step, linear and nonlinear buckling analyses of the combined sub - system \u201ecylindrical shaft - continuous longitudinal stiffener\u201c are carried out. The conception of this work follows the guidelines of the new European Standard EN 1993, Design of steel structures, Part 1-6, Strength and stability of shell structures and the related application part 4-1.\" \/>\n<meta property=\"og:url\" content=\"https:\/\/tugraztestweb.asol.at\/gesamtverzeichnis\/bauingenieurwissenschaften\/modellbildung-und-plastische-tragfaehigkeit-diskret-gelagerter-stahlsilokonstruktionen-mit-auflagerlaengssteifen-ebook\/\" \/>\n<meta property=\"og:site_name\" content=\"Verlag der TU Graz\" \/>\n<meta property=\"article:modified_time\" content=\"2020-08-21T12:56:31+00:00\" \/>\n<meta property=\"og:image\" content=\"https:\/\/tugraztestweb.asol.at\/wp-content\/uploads\/2020\/08\/image-863.jpg\" \/>\n\t<meta property=\"og:image:width\" content=\"568\" \/>\n\t<meta property=\"og:image:height\" content=\"809\" \/>\n<meta name=\"twitter:card\" content=\"summary_large_image\" \/>\n<meta name=\"twitter:label1\" content=\"Est. reading time\">\n\t<meta name=\"twitter:data1\" content=\"2 minutes\">\n<script type=\"application\/ld+json\" class=\"yoast-schema-graph\">{\"@context\":\"https:\/\/schema.org\",\"@graph\":[{\"@type\":\"WebSite\",\"@id\":\"https:\/\/tugraztestweb.asol.at\/#website\",\"url\":\"https:\/\/tugraztestweb.asol.at\/\",\"name\":\"Verlag der TU Graz\",\"description\":\"Verlag der Technischen Universit\\u00e4t Graz\",\"potentialAction\":[{\"@type\":\"SearchAction\",\"target\":\"https:\/\/tugraztestweb.asol.at\/?s={search_term_string}\",\"query-input\":\"required name=search_term_string\"}],\"inLanguage\":\"en-US\"},{\"@type\":\"ImageObject\",\"@id\":\"https:\/\/tugraztestweb.asol.at\/gesamtverzeichnis\/bauingenieurwissenschaften\/modellbildung-und-plastische-tragfaehigkeit-diskret-gelagerter-stahlsilokonstruktionen-mit-auflagerlaengssteifen-ebook\/#primaryimage\",\"inLanguage\":\"en-US\",\"url\":\"https:\/\/tugraztestweb.asol.at\/wp-content\/uploads\/2020\/08\/image-863.jpg\",\"contentUrl\":\"https:\/\/tugraztestweb.asol.at\/wp-content\/uploads\/2020\/08\/image-863.jpg\",\"width\":568,\"height\":809},{\"@type\":\"WebPage\",\"@id\":\"https:\/\/tugraztestweb.asol.at\/gesamtverzeichnis\/bauingenieurwissenschaften\/modellbildung-und-plastische-tragfaehigkeit-diskret-gelagerter-stahlsilokonstruktionen-mit-auflagerlaengssteifen-ebook\/#webpage\",\"url\":\"https:\/\/tugraztestweb.asol.at\/gesamtverzeichnis\/bauingenieurwissenschaften\/modellbildung-und-plastische-tragfaehigkeit-diskret-gelagerter-stahlsilokonstruktionen-mit-auflagerlaengssteifen-ebook\/\",\"name\":\"Modellbildung und plastische Tragf\\u00e4higkeit diskret gelagerter Stahlsilokonstruktionen mit Auflagerl\\u00e4ngssteifen - Verlag der TU Graz\",\"isPartOf\":{\"@id\":\"https:\/\/tugraztestweb.asol.at\/#website\"},\"primaryImageOfPage\":{\"@id\":\"https:\/\/tugraztestweb.asol.at\/gesamtverzeichnis\/bauingenieurwissenschaften\/modellbildung-und-plastische-tragfaehigkeit-diskret-gelagerter-stahlsilokonstruktionen-mit-auflagerlaengssteifen-ebook\/#primaryimage\"},\"datePublished\":\"2020-08-21T12:55:31+00:00\",\"dateModified\":\"2020-08-21T12:56:31+00:00\",\"breadcrumb\":{\"@id\":\"https:\/\/tugraztestweb.asol.at\/gesamtverzeichnis\/bauingenieurwissenschaften\/modellbildung-und-plastische-tragfaehigkeit-diskret-gelagerter-stahlsilokonstruktionen-mit-auflagerlaengssteifen-ebook\/#breadcrumb\"},\"inLanguage\":\"en-US\",\"potentialAction\":[{\"@type\":\"ReadAction\",\"target\":[\"https:\/\/tugraztestweb.asol.at\/gesamtverzeichnis\/bauingenieurwissenschaften\/modellbildung-und-plastische-tragfaehigkeit-diskret-gelagerter-stahlsilokonstruktionen-mit-auflagerlaengssteifen-ebook\/\"]}]},{\"@type\":\"BreadcrumbList\",\"@id\":\"https:\/\/tugraztestweb.asol.at\/gesamtverzeichnis\/bauingenieurwissenschaften\/modellbildung-und-plastische-tragfaehigkeit-diskret-gelagerter-stahlsilokonstruktionen-mit-auflagerlaengssteifen-ebook\/#breadcrumb\",\"itemListElement\":[{\"@type\":\"ListItem\",\"position\":1,\"item\":{\"@type\":\"WebPage\",\"@id\":\"https:\/\/tugraztestweb.asol.at\/\",\"url\":\"https:\/\/tugraztestweb.asol.at\/\",\"name\":\"Home\"}},{\"@type\":\"ListItem\",\"position\":2,\"item\":{\"@type\":\"WebPage\",\"@id\":\"https:\/\/tugraztestweb.asol.at\/gesamtverzeichnis\/\",\"url\":\"https:\/\/tugraztestweb.asol.at\/gesamtverzeichnis\/\",\"name\":\"Gesamtverzeichnis\"}},{\"@type\":\"ListItem\",\"position\":3,\"item\":{\"@type\":\"WebPage\",\"@id\":\"https:\/\/tugraztestweb.asol.at\/gesamtverzeichnis\/bauingenieurwissenschaften\/modellbildung-und-plastische-tragfaehigkeit-diskret-gelagerter-stahlsilokonstruktionen-mit-auflagerlaengssteifen-ebook\/\",\"url\":\"https:\/\/tugraztestweb.asol.at\/gesamtverzeichnis\/bauingenieurwissenschaften\/modellbildung-und-plastische-tragfaehigkeit-diskret-gelagerter-stahlsilokonstruktionen-mit-auflagerlaengssteifen-ebook\/\",\"name\":\"Modellbildung und plastische Tragf\\u00e4higkeit diskret gelagerter Stahlsilokonstruktionen mit Auflagerl\\u00e4ngssteifen\"}}]}]}<\/script>\n<!-- \/ Yoast SEO plugin. -->","_links":{"self":[{"href":"https:\/\/tugraztestweb.asol.at\/en\/wp-json\/wp\/v2\/product\/34498"}],"collection":[{"href":"https:\/\/tugraztestweb.asol.at\/en\/wp-json\/wp\/v2\/product"}],"about":[{"href":"https:\/\/tugraztestweb.asol.at\/en\/wp-json\/wp\/v2\/types\/product"}],"replies":[{"embeddable":true,"href":"https:\/\/tugraztestweb.asol.at\/en\/wp-json\/wp\/v2\/comments?post=34498"}],"wp:featuredmedia":[{"embeddable":true,"href":"https:\/\/tugraztestweb.asol.at\/en\/wp-json\/wp\/v2\/media\/40164"}],"wp:attachment":[{"href":"https:\/\/tugraztestweb.asol.at\/en\/wp-json\/wp\/v2\/media?parent=34498"}],"curies":[{"name":"wp","href":"https:\/\/api.w.org\/{rel}","templated":true}]}}