{"id":34521,"date":"2020-08-21T12:55:31","date_gmt":"2020-08-21T12:55:31","guid":{"rendered":"http:\/\/tugraztestweb.asol.at\/gesamtverzeichnis\/unkategorisiert\/lebenszyklusorientierte-modellierung-von-planungs-ausschreibungs-und-vergabeprozessen\/"},"modified":"2020-08-21T14:56:31","modified_gmt":"2020-08-21T12:56:31","slug":"lebenszyklusorientierte-modellierung-von-planungs-ausschreibungs-und-vergabeprozessen-ebook","status":"publish","type":"product","link":"https:\/\/tugraztestweb.asol.at\/en\/gesamtverzeichnis\/bauingenieurwissenschaften\/lebenszyklusorientierte-modellierung-von-planungs-ausschreibungs-und-vergabeprozessen-ebook\/","title":{"rendered":"Lebenszyklusorientierte Modellierung von Planungs-, Ausschreibungs- und Vergabeprozessen"},"content":{"rendered":"<p class=\"qtranxs-available-languages-message qtranxs-available-languages-message-en\">Sorry, this entry is only available in <a href=\"https:\/\/tugraztestweb.asol.at\/de\/wp-json\/wp\/v2\/product\/34521\" class=\"qtranxs-available-language-link qtranxs-available-language-link-de\" title=\"Deutsch\">Deutsch<\/a>.<\/p><p>Die Bauwirtschaft ist eine der ressourcen- und energieintensivsten<br \/>\nWirtschaftssektoren. 50 % des Ressourcenverbrauchs und 40 % des<br \/>\nEnergiebedarfs werden in der Europ\u00e4ischen Union durch den Bausektor<br \/>\nverursacht. In weiterer Folge verdeutlicht die Umsetzung der<br \/>\nEnergiewende sowie die Decarbonisierung das Potenzial<br \/>\nlebenszyklusorientierten Bauens. Zahlreiche Aktivit\u00e4ten auf nationaler<br \/>\nund internationaler Ebene widmen sich den Auswirkungen der zunehmenden<br \/>\nUrbanisierung und den Begleiterscheinungen des Klimawandels auf die<br \/>\nBauwirtschaft (vgl. RL 2010\/31\/EU bzw. RL 2012\/27\/EU mit den<br \/>\n2020-Zielen). <\/p>\n<p>Wesentlichen Einfluss auf diese Entwicklungen hat<br \/>\ndie \u00f6ffentliche Beschaffung. Auf europ\u00e4ischer Ebene existieren schon<br \/>\nseit einiger Zeit verst\u00e4rkt Bestrebungen zur Forcierung der<br \/>\numweltfreundlichen Beschaffung (Green Public Procurement,GPP). Damit in<br \/>\nVerbindung stehen die Regelwerke zur Bewertung der Nachhaltigkeit im<br \/>\nBauwesen (CEN\/TC 350, \u00d6NORM EN 15804 etc.). Die seitens der EU<br \/>\ngeforderte Umsetzung von Nachhaltigkeitsaspekten im Bauwesen stellt auch<br \/>\n Anforderungen an die Integration in die Planungspraxis (z.B. RL<br \/>\n2014\/24\/EU). <\/p>\n<p>Die derzeitige Optimierung von Bauwerken erfolgt<br \/>\nmeist unter besonderer Betrachtung von einzelnen Aspekten, wie<br \/>\nbeispielsweise \u00f6kologischer oder \u00f6konomischer Kriterien. Die Arbeit<br \/>\nverfolgt prim\u00e4r das Ziel die gegenw\u00e4rtige Situation der Planung,<br \/>\nAusschreibung und Vergabe von Bauleistungen kritisch auf ihre<br \/>\nBer\u00fccksichtigung von Nachhaltigkeitsaspekten zu analysieren, sowie<br \/>\nSchnittstellen und Wechselwirkungen zwischen Planung, Ausschreibung und<br \/>\nVergabe von Bauleistungen zu betrachten. <\/p>\n<p>Einen wesentlichen<br \/>\nBeitrag dazu leistet die im Zuge der Arbeit durchgef\u00fchrte empirische<br \/>\nPrim\u00e4rdatenerhebung. Mit Hilfe eines standardisierten<br \/>\nOnline-Fragebogens, bestehend aus qualitativen und quantitativen Fragen<br \/>\n(gruppiert in f\u00fcnf Bereiche: Allgemeines, Begrifflichkeiten, Planungs-,<br \/>\nAusschreibungs- und Vergabeprozesse sowie Operationalisierung) wurde der<br \/>\n derzeitige Stand der baupraktischen Umsetzung lebenszyklusorientierten<br \/>\nPlanens, Ausschreibens und Bauens durch Experten aus dem Bereich des<br \/>\n\u00f6ffentlichen Hochbaus erhoben. Diese Daten und Informationen bilden die<br \/>\nGrundlage der lebenszyklusorientierten Modellierung von Planungs-,<br \/>\nAusschreibungs- und Vergabeprozessen. <\/p>\n<p>Als Ergebnis werden<br \/>\nEmpfehlungen und differenzierte Modellvariationen (Referenzprozesse) f\u00fcr<br \/>\n die institutionelle Ausgestaltung von Systemen und Verfahren zur<br \/>\nBer\u00fccksichtigung von Nachhaltigkeitsaspekten f\u00fcr die Planungs- und<br \/>\nAusschreibungsprozesse mit Fokus auf den Lebenszyklus abgeleitet. Der<br \/>\nzunehmenden Digitalisierung im Bauwesen folgend, wird ebenso die<br \/>\nBIM-F\u00e4higkeit der erarbeiteten Ans\u00e4tze vorgestellt.&nbsp; <br \/><\/p>","protected":false},"excerpt":{"rendered":"<p class=\"qtranxs-available-languages-message qtranxs-available-languages-message-en\">Sorry, this entry is only available in <a href=\"https:\/\/tugraztestweb.asol.at\/de\/wp-json\/wp\/v2\/product\/34521\" class=\"qtranxs-available-language-link qtranxs-available-language-link-de\" title=\"Deutsch\">Deutsch<\/a>.<\/p>\n<p>Die Bauwirtschaft ist eine der ressourcen- und energieintensivsten<br \/>\nWirtschaftssektoren. 50 % des Ressourcenverbrauchs und 40 % des<br \/>\nEnergiebedarfs werden in der Europ\u00e4ischen Union durch den Bausektor<br \/>\nverursacht. In weiterer Folge verdeutlicht die Umsetzung der<br \/>\nEnergiewende sowie die Decarbonisierung das Potenzial<br \/>\nlebenszyklusorientierten Bauens. Zahlreiche Aktivit\u00e4ten auf nationaler<br \/>\nund internationaler Ebene widmen sich den Auswirkungen der zunehmenden<br \/>\nUrbanisierung und den Begleiterscheinungen des Klimawandels auf die<br \/>\nBauwirtschaft (vgl. RL 2010\/31\/EU bzw. RL 2012\/27\/EU mit den<br \/>\n2020-Zielen). <\/p>\n<p>Wesentlichen Einfluss auf diese Entwicklungen hat<br \/>\ndie \u00f6ffentliche Beschaffung. Auf europ\u00e4ischer Ebene existieren schon<br \/>\nseit einiger Zeit verst\u00e4rkt Bestrebungen zur Forcierung der<br \/>\numweltfreundlichen Beschaffung (Green Public Procurement,GPP). Damit in<br \/>\nVerbindung stehen die Regelwerke zur Bewertung der Nachhaltigkeit im<br \/>\nBauwesen (CEN\/TC 350, \u00d6NORM EN 15804 etc.). Die seitens der EU<br \/>\ngeforderte Umsetzung von Nachhaltigkeitsaspekten im Bauwesen stellt auch<br \/>\n Anforderungen an die Integration in die Planungspraxis (z.B. RL<br \/>\n2014\/24\/EU). <\/p>\n<p>Die derzeitige Optimierung von Bauwerken erfolgt<br \/>\nmeist unter besonderer Betrachtung von einzelnen Aspekten, wie<br \/>\nbeispielsweise \u00f6kologischer oder \u00f6konomischer Kriterien. Die Arbeit<br \/>\nverfolgt prim\u00e4r das Ziel die gegenw\u00e4rtige Situation der Planung,<br \/>\nAusschreibung und Vergabe von Bauleistungen kritisch auf ihre<br \/>\nBer\u00fccksichtigung von Nachhaltigkeitsaspekten zu analysieren, sowie<br \/>\nSchnittstellen und Wechselwirkungen zwischen Planung, Ausschreibung und<br \/>\nVergabe von Bauleistungen zu betrachten. <\/p>\n<p>Einen wesentlichen<br \/>\nBeitrag dazu leistet die im Zuge der Arbeit durchgef\u00fchrte empirische<br \/>\nPrim\u00e4rdatenerhebung. Mit Hilfe eines standardisierten<br \/>\nOnline-Fragebogens, bestehend aus qualitativen und quantitativen Fragen<br \/>\n(gruppiert in f\u00fcnf Bereiche: Allgemeines, Begrifflichkeiten, Planungs-,<br \/>\nAusschreibungs- und Vergabeprozesse sowie Operationalisierung) wurde der<br \/>\n derzeitige Stand der baupraktischen Umsetzung lebenszyklusorientierten<br \/>\nPlanens, Ausschreibens und Bauens durch Experten aus dem Bereich des<br \/>\n\u00f6ffentlichen Hochbaus erhoben. Diese Daten und Informationen bilden die<br \/>\nGrundlage der lebenszyklusorientierten Modellierung von Planungs-,<br \/>\nAusschreibungs- und Vergabeprozessen. <\/p>\n<p>Als Ergebnis werden<br \/>\nEmpfehlungen und differenzierte Modellvariationen (Referenzprozesse) f\u00fcr<br \/>\n die institutionelle Ausgestaltung von Systemen und Verfahren zur<br \/>\nBer\u00fccksichtigung von Nachhaltigkeitsaspekten f\u00fcr die Planungs- und<br \/>\nAusschreibungsprozesse mit Fokus auf den Lebenszyklus abgeleitet. Der<br \/>\nzunehmenden Digitalisierung im Bauwesen folgend, wird ebenso die<br \/>\nBIM-F\u00e4higkeit der erarbeiteten Ans\u00e4tze vorgestellt.&nbsp; <\/p>\n","protected":false},"featured_media":40166,"comment_status":"closed","ping_status":"closed","template":"","meta":[],"yoast_head":"<!-- This site is optimized with the Yoast SEO plugin v16.1.1 - https:\/\/yoast.com\/wordpress\/plugins\/seo\/ -->\n<link rel=\"canonical\" href=\"https:\/\/tugraztestweb.asol.at\/gesamtverzeichnis\/bauingenieurwissenschaften\/lebenszyklusorientierte-modellierung-von-planungs-ausschreibungs-und-vergabeprozessen-ebook\/\" \/>\n<meta property=\"og:locale\" content=\"en_US\" \/>\n<meta property=\"og:type\" content=\"article\" \/>\n<meta property=\"og:title\" content=\"Lebenszyklusorientierte Modellierung von Planungs-, Ausschreibungs- und Vergabeprozessen - Verlag der TU Graz\" \/>\n<meta property=\"og:description\" content=\"Die Bauwirtschaft ist eine der ressourcen- und energieintensivsten Wirtschaftssektoren. 50 % des Ressourcenverbrauchs und 40 % des Energiebedarfs werden in der Europ\u00e4ischen Union durch den Bausektor verursacht. In weiterer Folge verdeutlicht die Umsetzung der Energiewende sowie die Decarbonisierung das Potenzial lebenszyklusorientierten Bauens. Zahlreiche Aktivit\u00e4ten auf nationaler und internationaler Ebene widmen sich den Auswirkungen der zunehmenden Urbanisierung und den Begleiterscheinungen des Klimawandels auf die Bauwirtschaft (vgl. RL 2010\/31\/EU bzw. RL 2012\/27\/EU mit den 2020-Zielen). Wesentlichen Einfluss auf diese Entwicklungen hat die \u00f6ffentliche Beschaffung. Auf europ\u00e4ischer Ebene existieren schon seit einiger Zeit verst\u00e4rkt Bestrebungen zur Forcierung der umweltfreundlichen Beschaffung (Green Public Procurement,GPP). Damit in Verbindung stehen die Regelwerke zur Bewertung der Nachhaltigkeit im Bauwesen (CEN\/TC 350, \u00d6NORM EN 15804 etc.). Die seitens der EU geforderte Umsetzung von Nachhaltigkeitsaspekten im Bauwesen stellt auch Anforderungen an die Integration in die Planungspraxis (z.B. RL 2014\/24\/EU). Die derzeitige Optimierung von Bauwerken erfolgt meist unter besonderer Betrachtung von einzelnen Aspekten, wie beispielsweise \u00f6kologischer oder \u00f6konomischer Kriterien. Die Arbeit verfolgt prim\u00e4r das Ziel die gegenw\u00e4rtige Situation der Planung, Ausschreibung und Vergabe von Bauleistungen kritisch auf ihre Ber\u00fccksichtigung von Nachhaltigkeitsaspekten zu analysieren, sowie Schnittstellen und Wechselwirkungen zwischen Planung, Ausschreibung und Vergabe von Bauleistungen zu betrachten. Einen wesentlichen Beitrag dazu leistet die im Zuge der Arbeit durchgef\u00fchrte empirische Prim\u00e4rdatenerhebung. Mit Hilfe eines standardisierten Online-Fragebogens, bestehend aus qualitativen und quantitativen Fragen (gruppiert in f\u00fcnf Bereiche: Allgemeines, Begrifflichkeiten, Planungs-, Ausschreibungs- und Vergabeprozesse sowie Operationalisierung) wurde der derzeitige Stand der baupraktischen Umsetzung lebenszyklusorientierten Planens, Ausschreibens und Bauens durch Experten aus dem Bereich des \u00f6ffentlichen Hochbaus erhoben. Diese Daten und Informationen bilden die Grundlage der lebenszyklusorientierten Modellierung von Planungs-, Ausschreibungs- und Vergabeprozessen. Als Ergebnis werden Empfehlungen und differenzierte Modellvariationen (Referenzprozesse) f\u00fcr die institutionelle Ausgestaltung von Systemen und Verfahren zur Ber\u00fccksichtigung von Nachhaltigkeitsaspekten f\u00fcr die Planungs- und Ausschreibungsprozesse mit Fokus auf den Lebenszyklus abgeleitet. Der zunehmenden Digitalisierung im Bauwesen folgend, wird ebenso die BIM-F\u00e4higkeit der erarbeiteten Ans\u00e4tze vorgestellt.&nbsp;\" \/>\n<meta property=\"og:url\" content=\"https:\/\/tugraztestweb.asol.at\/gesamtverzeichnis\/bauingenieurwissenschaften\/lebenszyklusorientierte-modellierung-von-planungs-ausschreibungs-und-vergabeprozessen-ebook\/\" \/>\n<meta property=\"og:site_name\" content=\"Verlag der TU Graz\" \/>\n<meta property=\"article:modified_time\" content=\"2020-08-21T12:56:31+00:00\" \/>\n<meta property=\"og:image\" content=\"https:\/\/tugraztestweb.asol.at\/wp-content\/uploads\/2020\/08\/image-865.jpg\" \/>\n\t<meta property=\"og:image:width\" content=\"590\" \/>\n\t<meta property=\"og:image:height\" content=\"831\" \/>\n<meta name=\"twitter:card\" content=\"summary_large_image\" \/>\n<meta name=\"twitter:label1\" content=\"Est. reading time\">\n\t<meta name=\"twitter:data1\" content=\"2 minutes\">\n<script type=\"application\/ld+json\" class=\"yoast-schema-graph\">{\"@context\":\"https:\/\/schema.org\",\"@graph\":[{\"@type\":\"WebSite\",\"@id\":\"https:\/\/tugraztestweb.asol.at\/#website\",\"url\":\"https:\/\/tugraztestweb.asol.at\/\",\"name\":\"Verlag der TU Graz\",\"description\":\"Verlag der Technischen Universit\\u00e4t Graz\",\"potentialAction\":[{\"@type\":\"SearchAction\",\"target\":\"https:\/\/tugraztestweb.asol.at\/?s={search_term_string}\",\"query-input\":\"required name=search_term_string\"}],\"inLanguage\":\"en-US\"},{\"@type\":\"ImageObject\",\"@id\":\"https:\/\/tugraztestweb.asol.at\/gesamtverzeichnis\/bauingenieurwissenschaften\/lebenszyklusorientierte-modellierung-von-planungs-ausschreibungs-und-vergabeprozessen-ebook\/#primaryimage\",\"inLanguage\":\"en-US\",\"url\":\"https:\/\/tugraztestweb.asol.at\/wp-content\/uploads\/2020\/08\/image-865.jpg\",\"contentUrl\":\"https:\/\/tugraztestweb.asol.at\/wp-content\/uploads\/2020\/08\/image-865.jpg\",\"width\":590,\"height\":831},{\"@type\":\"WebPage\",\"@id\":\"https:\/\/tugraztestweb.asol.at\/gesamtverzeichnis\/bauingenieurwissenschaften\/lebenszyklusorientierte-modellierung-von-planungs-ausschreibungs-und-vergabeprozessen-ebook\/#webpage\",\"url\":\"https:\/\/tugraztestweb.asol.at\/gesamtverzeichnis\/bauingenieurwissenschaften\/lebenszyklusorientierte-modellierung-von-planungs-ausschreibungs-und-vergabeprozessen-ebook\/\",\"name\":\"Lebenszyklusorientierte Modellierung von Planungs-, Ausschreibungs- und Vergabeprozessen - Verlag der TU Graz\",\"isPartOf\":{\"@id\":\"https:\/\/tugraztestweb.asol.at\/#website\"},\"primaryImageOfPage\":{\"@id\":\"https:\/\/tugraztestweb.asol.at\/gesamtverzeichnis\/bauingenieurwissenschaften\/lebenszyklusorientierte-modellierung-von-planungs-ausschreibungs-und-vergabeprozessen-ebook\/#primaryimage\"},\"datePublished\":\"2020-08-21T12:55:31+00:00\",\"dateModified\":\"2020-08-21T12:56:31+00:00\",\"breadcrumb\":{\"@id\":\"https:\/\/tugraztestweb.asol.at\/gesamtverzeichnis\/bauingenieurwissenschaften\/lebenszyklusorientierte-modellierung-von-planungs-ausschreibungs-und-vergabeprozessen-ebook\/#breadcrumb\"},\"inLanguage\":\"en-US\",\"potentialAction\":[{\"@type\":\"ReadAction\",\"target\":[\"https:\/\/tugraztestweb.asol.at\/gesamtverzeichnis\/bauingenieurwissenschaften\/lebenszyklusorientierte-modellierung-von-planungs-ausschreibungs-und-vergabeprozessen-ebook\/\"]}]},{\"@type\":\"BreadcrumbList\",\"@id\":\"https:\/\/tugraztestweb.asol.at\/gesamtverzeichnis\/bauingenieurwissenschaften\/lebenszyklusorientierte-modellierung-von-planungs-ausschreibungs-und-vergabeprozessen-ebook\/#breadcrumb\",\"itemListElement\":[{\"@type\":\"ListItem\",\"position\":1,\"item\":{\"@type\":\"WebPage\",\"@id\":\"https:\/\/tugraztestweb.asol.at\/\",\"url\":\"https:\/\/tugraztestweb.asol.at\/\",\"name\":\"Home\"}},{\"@type\":\"ListItem\",\"position\":2,\"item\":{\"@type\":\"WebPage\",\"@id\":\"https:\/\/tugraztestweb.asol.at\/gesamtverzeichnis\/\",\"url\":\"https:\/\/tugraztestweb.asol.at\/gesamtverzeichnis\/\",\"name\":\"Gesamtverzeichnis\"}},{\"@type\":\"ListItem\",\"position\":3,\"item\":{\"@type\":\"WebPage\",\"@id\":\"https:\/\/tugraztestweb.asol.at\/gesamtverzeichnis\/bauingenieurwissenschaften\/lebenszyklusorientierte-modellierung-von-planungs-ausschreibungs-und-vergabeprozessen-ebook\/\",\"url\":\"https:\/\/tugraztestweb.asol.at\/gesamtverzeichnis\/bauingenieurwissenschaften\/lebenszyklusorientierte-modellierung-von-planungs-ausschreibungs-und-vergabeprozessen-ebook\/\",\"name\":\"Lebenszyklusorientierte Modellierung von Planungs-, Ausschreibungs- und Vergabeprozessen\"}}]}]}<\/script>\n<!-- \/ Yoast SEO plugin. -->","_links":{"self":[{"href":"https:\/\/tugraztestweb.asol.at\/en\/wp-json\/wp\/v2\/product\/34521"}],"collection":[{"href":"https:\/\/tugraztestweb.asol.at\/en\/wp-json\/wp\/v2\/product"}],"about":[{"href":"https:\/\/tugraztestweb.asol.at\/en\/wp-json\/wp\/v2\/types\/product"}],"replies":[{"embeddable":true,"href":"https:\/\/tugraztestweb.asol.at\/en\/wp-json\/wp\/v2\/comments?post=34521"}],"wp:featuredmedia":[{"embeddable":true,"href":"https:\/\/tugraztestweb.asol.at\/en\/wp-json\/wp\/v2\/media\/40166"}],"wp:attachment":[{"href":"https:\/\/tugraztestweb.asol.at\/en\/wp-json\/wp\/v2\/media?parent=34521"}],"curies":[{"name":"wp","href":"https:\/\/api.w.org\/{rel}","templated":true}]}}