{"id":34743,"date":"2020-08-21T12:55:32","date_gmt":"2020-08-21T12:55:32","guid":{"rendered":"http:\/\/tugraztestweb.asol.at\/gesamtverzeichnis\/unkategorisiert\/die-gebaeudetechnik-im-oesterreichischen-bauprozess\/"},"modified":"2020-08-21T14:56:32","modified_gmt":"2020-08-21T12:56:32","slug":"die-gebaeudetechnik-im-oesterreichischen-bauprozess-ebook","status":"publish","type":"product","link":"https:\/\/tugraztestweb.asol.at\/en\/gesamtverzeichnis\/bauingenieurwissenschaften\/die-gebaeudetechnik-im-oesterreichischen-bauprozess-ebook\/","title":{"rendered":"Die Geb\u00e4udetechnik im \u00f6sterreichischen Bauprozess"},"content":{"rendered":"<p class=\"qtranxs-available-languages-message qtranxs-available-languages-message-en\">Sorry, this entry is only available in <a href=\"https:\/\/tugraztestweb.asol.at\/de\/wp-json\/wp\/v2\/product\/34743\" class=\"qtranxs-available-language-link qtranxs-available-language-link-de\" title=\"Deutsch\">Deutsch<\/a>.<\/p><p>Geb\u00e4udetechnische Systeme sind integrale Bestandteile moderner Geb\u00e4ude.<br \/>\nDie ad\u00e4quate Konzeption, Planung und Ausf\u00fchrung geb\u00e4udetechnischer<br \/>\nAnlagen ist eine wesentliche Voraussetzung f\u00fcr eine erfolgreiche<br \/>\nProjektabwicklung. Erfahrungen zeigen, dass die praktische Umsetzung<br \/>\ndieses Aspekts aufgrund der steigenden Komplexit\u00e4t geb\u00e4udetechnischer<br \/>\nSysteme oft eine Herausforderung f\u00fcr die beteiligten Projektakteure<br \/>\ndarstellt, vor allem bei Gro\u00dfprojekten. Es stellt sich somit die Frage,<br \/>\nob geb\u00e4udetechnische Gewerke in komplexen Hochbauprojekten eine im<br \/>\nVergleich zu anderen Gewerken besondere Sensibilit\u00e4t in Bezug auf<br \/>\nKonfliktpotentiale und Bauablaufst\u00f6rungen aufweisen und sie daher in<br \/>\nbesonderer Weise erfolgskritisch f\u00fcr solche Bauprojekte sind. In<br \/>\nweiterer Folge stellt sich die Frage, ob bei den relevanten<br \/>\nEntscheidungstr\u00e4gern und Projektbeteiligten ein gemeinsames Verst\u00e4ndnis<br \/>\nbez\u00fcglich dieser Thematik besteht und ob Bedarf gesehen wird, derzeitige<br \/>\n Herangehensweisen in Projekten in Bezug auf den technischen Ausbau zu<br \/>\n\u00e4ndern. Die Untersuchung dieser Fragen ist der zentrale Inhalt dieser<br \/>\nStudie. Dazu wurde eine Umfrage auf Basis eines standardisierten<br \/>\nFragebogens unter \u00f6sterreichischen Akteuren mit Projekterfahrung in<br \/>\ngro\u00dfen Hochbauprojekten durchgef\u00fchrt. An dieser Befragung beteiligten<br \/>\nsich 515 Expertinnen und Experten, wobei 365 den Fragebogen vollst\u00e4ndig<br \/>\nbeantworteten. Die Umfrageergebnisse zeigen, dass eine ad\u00e4quate<br \/>\nProjektintegration der Geb\u00e4udetechnik von den Befragten als<br \/>\nerfolgskritischer Faktor in komplexen Hochbauprojekten gesehen wird und<br \/>\ndass eine nicht ad\u00e4quate Ber\u00fccksichtigung im Bauprojekt ein erhebliches<br \/>\nRisiko f\u00fcr Konflikte und Bauablaufst\u00f6rungen darstellt. Identifizierte<br \/>\nUrsachen f\u00fcr Bauablaufst\u00f6rungen in Zusammenhang mit Geb\u00e4udetechnik in<br \/>\nkomplexen Hochbauprojekten k\u00f6nnen prim\u00e4r den Bereichen \u201ePlanung\u201c,<br \/>\n\u201eKoordination\u201c, \u201eEntscheidungen\u201c sowie \u201eQualit\u00e4t von Unternehmen\u201c<br \/>\nzugeordnet werden. Dar\u00fcber hinaus zeigen die Ergebnisse, dass die<br \/>\nBefragten in Bezug auf die Geb\u00e4udetechnik \u00c4nderungsbedarf bei<br \/>\nderzeitigen Praktiken bzw. Projektabl\u00e4ufen in der Baubranche sehen. Auf<br \/>\nBasis der Umfrageergebnisse k\u00f6nnen unter anderem die Bereiche<br \/>\n\u201eBewusstseinsbildung bei Entscheidungstr\u00e4gern und<br \/>\nProjektverantwortlichen\u201c, \u201eSt\u00e4rkung der Geb\u00e4udetechnik-Planung im<br \/>\nBauprojekt\u201c sowie \u201eAusbildung und Wissenstransfer\u201c als initiale<br \/>\nHandlungsfelder identifiziert werden.<\/p>","protected":false},"excerpt":{"rendered":"<p class=\"qtranxs-available-languages-message qtranxs-available-languages-message-en\">Sorry, this entry is only available in <a href=\"https:\/\/tugraztestweb.asol.at\/de\/wp-json\/wp\/v2\/product\/34743\" class=\"qtranxs-available-language-link qtranxs-available-language-link-de\" title=\"Deutsch\">Deutsch<\/a>.<\/p>\n<p>Geb\u00e4udetechnische Systeme sind integrale Bestandteile moderner Geb\u00e4ude.<br \/>\nDie ad\u00e4quate Konzeption, Planung und Ausf\u00fchrung geb\u00e4udetechnischer<br \/>\nAnlagen ist eine wesentliche Voraussetzung f\u00fcr eine erfolgreiche<br \/>\nProjektabwicklung. Erfahrungen zeigen, dass die praktische Umsetzung<br \/>\ndieses Aspekts aufgrund der steigenden Komplexit\u00e4t geb\u00e4udetechnischer<br \/>\nSysteme oft eine Herausforderung f\u00fcr die beteiligten Projektakteure<br \/>\ndarstellt, vor allem bei Gro\u00dfprojekten. Es stellt sich somit die Frage,<br \/>\nob geb\u00e4udetechnische Gewerke in komplexen Hochbauprojekten eine im<br \/>\nVergleich zu anderen Gewerken besondere Sensibilit\u00e4t in Bezug auf<br \/>\nKonfliktpotentiale und Bauablaufst\u00f6rungen aufweisen und sie daher in<br \/>\nbesonderer Weise erfolgskritisch f\u00fcr solche Bauprojekte sind. In<br \/>\nweiterer Folge stellt sich die Frage, ob bei den relevanten<br \/>\nEntscheidungstr\u00e4gern und Projektbeteiligten ein gemeinsames Verst\u00e4ndnis<br \/>\nbez\u00fcglich dieser Thematik besteht und ob Bedarf gesehen wird, derzeitige<br \/>\n Herangehensweisen in Projekten in Bezug auf den technischen Ausbau zu<br \/>\n\u00e4ndern. Die Untersuchung dieser Fragen ist der zentrale Inhalt dieser<br \/>\nStudie. Dazu wurde eine Umfrage auf Basis eines standardisierten<br \/>\nFragebogens unter \u00f6sterreichischen Akteuren mit Projekterfahrung in<br \/>\ngro\u00dfen Hochbauprojekten durchgef\u00fchrt. An dieser Befragung beteiligten<br \/>\nsich 515 Expertinnen und Experten, wobei 365 den Fragebogen vollst\u00e4ndig<br \/>\nbeantworteten. Die Umfrageergebnisse zeigen, dass eine ad\u00e4quate<br \/>\nProjektintegration der Geb\u00e4udetechnik von den Befragten als<br \/>\nerfolgskritischer Faktor in komplexen Hochbauprojekten gesehen wird und<br \/>\ndass eine nicht ad\u00e4quate Ber\u00fccksichtigung im Bauprojekt ein erhebliches<br \/>\nRisiko f\u00fcr Konflikte und Bauablaufst\u00f6rungen darstellt. Identifizierte<br \/>\nUrsachen f\u00fcr Bauablaufst\u00f6rungen in Zusammenhang mit Geb\u00e4udetechnik in<br \/>\nkomplexen Hochbauprojekten k\u00f6nnen prim\u00e4r den Bereichen \u201ePlanung\u201c,<br \/>\n\u201eKoordination\u201c, \u201eEntscheidungen\u201c sowie \u201eQualit\u00e4t von Unternehmen\u201c<br \/>\nzugeordnet werden. Dar\u00fcber hinaus zeigen die Ergebnisse, dass die<br \/>\nBefragten in Bezug auf die Geb\u00e4udetechnik \u00c4nderungsbedarf bei<br \/>\nderzeitigen Praktiken bzw. Projektabl\u00e4ufen in der Baubranche sehen. Auf<br \/>\nBasis der Umfrageergebnisse k\u00f6nnen unter anderem die Bereiche<br \/>\n\u201eBewusstseinsbildung bei Entscheidungstr\u00e4gern und<br \/>\nProjektverantwortlichen\u201c, \u201eSt\u00e4rkung der Geb\u00e4udetechnik-Planung im<br \/>\nBauprojekt\u201c sowie \u201eAusbildung und Wissenstransfer\u201c als initiale<br \/>\nHandlungsfelder identifiziert werden.<\/p>\n","protected":false},"featured_media":40176,"comment_status":"closed","ping_status":"closed","template":"","meta":[],"yoast_head":"<!-- This site is optimized with the Yoast SEO plugin v16.1.1 - https:\/\/yoast.com\/wordpress\/plugins\/seo\/ -->\n<link rel=\"canonical\" href=\"https:\/\/tugraztestweb.asol.at\/en\/gesamtverzeichnis\/bauingenieurwissenschaften\/die-gebaeudetechnik-im-oesterreichischen-bauprozess-ebook\/\" \/>\n<meta property=\"og:locale\" content=\"en_US\" \/>\n<meta property=\"og:type\" content=\"article\" \/>\n<meta property=\"og:title\" content=\"Die Geb\u00e4udetechnik im \u00f6sterreichischen Bauprozess - Verlag der TU Graz\" \/>\n<meta property=\"og:description\" content=\"Geb\u00e4udetechnische Systeme sind integrale Bestandteile moderner Geb\u00e4ude. Die ad\u00e4quate Konzeption, Planung und Ausf\u00fchrung geb\u00e4udetechnischer Anlagen ist eine wesentliche Voraussetzung f\u00fcr eine erfolgreiche Projektabwicklung. Erfahrungen zeigen, dass die praktische Umsetzung dieses Aspekts aufgrund der steigenden Komplexit\u00e4t geb\u00e4udetechnischer Systeme oft eine Herausforderung f\u00fcr die beteiligten Projektakteure darstellt, vor allem bei Gro\u00dfprojekten. Es stellt sich somit die Frage, ob geb\u00e4udetechnische Gewerke in komplexen Hochbauprojekten eine im Vergleich zu anderen Gewerken besondere Sensibilit\u00e4t in Bezug auf Konfliktpotentiale und Bauablaufst\u00f6rungen aufweisen und sie daher in besonderer Weise erfolgskritisch f\u00fcr solche Bauprojekte sind. In weiterer Folge stellt sich die Frage, ob bei den relevanten Entscheidungstr\u00e4gern und Projektbeteiligten ein gemeinsames Verst\u00e4ndnis bez\u00fcglich dieser Thematik besteht und ob Bedarf gesehen wird, derzeitige Herangehensweisen in Projekten in Bezug auf den technischen Ausbau zu \u00e4ndern. Die Untersuchung dieser Fragen ist der zentrale Inhalt dieser Studie. Dazu wurde eine Umfrage auf Basis eines standardisierten Fragebogens unter \u00f6sterreichischen Akteuren mit Projekterfahrung in gro\u00dfen Hochbauprojekten durchgef\u00fchrt. An dieser Befragung beteiligten sich 515 Expertinnen und Experten, wobei 365 den Fragebogen vollst\u00e4ndig beantworteten. Die Umfrageergebnisse zeigen, dass eine ad\u00e4quate Projektintegration der Geb\u00e4udetechnik von den Befragten als erfolgskritischer Faktor in komplexen Hochbauprojekten gesehen wird und dass eine nicht ad\u00e4quate Ber\u00fccksichtigung im Bauprojekt ein erhebliches Risiko f\u00fcr Konflikte und Bauablaufst\u00f6rungen darstellt. Identifizierte Ursachen f\u00fcr Bauablaufst\u00f6rungen in Zusammenhang mit Geb\u00e4udetechnik in komplexen Hochbauprojekten k\u00f6nnen prim\u00e4r den Bereichen \u201ePlanung\u201c, \u201eKoordination\u201c, \u201eEntscheidungen\u201c sowie \u201eQualit\u00e4t von Unternehmen\u201c zugeordnet werden. Dar\u00fcber hinaus zeigen die Ergebnisse, dass die Befragten in Bezug auf die Geb\u00e4udetechnik \u00c4nderungsbedarf bei derzeitigen Praktiken bzw. Projektabl\u00e4ufen in der Baubranche sehen. Auf Basis der Umfrageergebnisse k\u00f6nnen unter anderem die Bereiche \u201eBewusstseinsbildung bei Entscheidungstr\u00e4gern und Projektverantwortlichen\u201c, \u201eSt\u00e4rkung der Geb\u00e4udetechnik-Planung im Bauprojekt\u201c sowie \u201eAusbildung und Wissenstransfer\u201c als initiale Handlungsfelder identifiziert werden.\" \/>\n<meta property=\"og:url\" content=\"https:\/\/tugraztestweb.asol.at\/en\/gesamtverzeichnis\/bauingenieurwissenschaften\/die-gebaeudetechnik-im-oesterreichischen-bauprozess-ebook\/\" \/>\n<meta property=\"og:site_name\" content=\"Verlag der TU Graz\" \/>\n<meta property=\"article:modified_time\" content=\"2020-08-21T12:56:32+00:00\" \/>\n<meta property=\"og:image\" content=\"https:\/\/tugraztestweb.asol.at\/wp-content\/uploads\/2020\/08\/image-878.jpg\" \/>\n\t<meta property=\"og:image:width\" content=\"453\" \/>\n\t<meta property=\"og:image:height\" content=\"640\" \/>\n<meta name=\"twitter:card\" content=\"summary_large_image\" \/>\n<meta name=\"twitter:label1\" content=\"Est. reading time\">\n\t<meta name=\"twitter:data1\" content=\"2 minutes\">\n<script type=\"application\/ld+json\" class=\"yoast-schema-graph\">{\"@context\":\"https:\/\/schema.org\",\"@graph\":[{\"@type\":\"WebSite\",\"@id\":\"https:\/\/tugraztestweb.asol.at\/#website\",\"url\":\"https:\/\/tugraztestweb.asol.at\/\",\"name\":\"Verlag der TU Graz\",\"description\":\"Verlag der Technischen Universit\\u00e4t Graz\",\"potentialAction\":[{\"@type\":\"SearchAction\",\"target\":\"https:\/\/tugraztestweb.asol.at\/?s={search_term_string}\",\"query-input\":\"required name=search_term_string\"}],\"inLanguage\":\"en-US\"},{\"@type\":\"ImageObject\",\"@id\":\"https:\/\/tugraztestweb.asol.at\/en\/gesamtverzeichnis\/bauingenieurwissenschaften\/die-gebaeudetechnik-im-oesterreichischen-bauprozess-ebook\/#primaryimage\",\"inLanguage\":\"en-US\",\"url\":\"https:\/\/tugraztestweb.asol.at\/wp-content\/uploads\/2020\/08\/image-878.jpg\",\"contentUrl\":\"https:\/\/tugraztestweb.asol.at\/wp-content\/uploads\/2020\/08\/image-878.jpg\",\"width\":453,\"height\":640},{\"@type\":\"WebPage\",\"@id\":\"https:\/\/tugraztestweb.asol.at\/en\/gesamtverzeichnis\/bauingenieurwissenschaften\/die-gebaeudetechnik-im-oesterreichischen-bauprozess-ebook\/#webpage\",\"url\":\"https:\/\/tugraztestweb.asol.at\/en\/gesamtverzeichnis\/bauingenieurwissenschaften\/die-gebaeudetechnik-im-oesterreichischen-bauprozess-ebook\/\",\"name\":\"Die Geb\\u00e4udetechnik im \\u00f6sterreichischen Bauprozess - Verlag der TU Graz\",\"isPartOf\":{\"@id\":\"https:\/\/tugraztestweb.asol.at\/#website\"},\"primaryImageOfPage\":{\"@id\":\"https:\/\/tugraztestweb.asol.at\/en\/gesamtverzeichnis\/bauingenieurwissenschaften\/die-gebaeudetechnik-im-oesterreichischen-bauprozess-ebook\/#primaryimage\"},\"datePublished\":\"2020-08-21T12:55:32+00:00\",\"dateModified\":\"2020-08-21T12:56:32+00:00\",\"breadcrumb\":{\"@id\":\"https:\/\/tugraztestweb.asol.at\/en\/gesamtverzeichnis\/bauingenieurwissenschaften\/die-gebaeudetechnik-im-oesterreichischen-bauprozess-ebook\/#breadcrumb\"},\"inLanguage\":\"en-US\",\"potentialAction\":[{\"@type\":\"ReadAction\",\"target\":[\"https:\/\/tugraztestweb.asol.at\/en\/gesamtverzeichnis\/bauingenieurwissenschaften\/die-gebaeudetechnik-im-oesterreichischen-bauprozess-ebook\/\"]}]},{\"@type\":\"BreadcrumbList\",\"@id\":\"https:\/\/tugraztestweb.asol.at\/en\/gesamtverzeichnis\/bauingenieurwissenschaften\/die-gebaeudetechnik-im-oesterreichischen-bauprozess-ebook\/#breadcrumb\",\"itemListElement\":[{\"@type\":\"ListItem\",\"position\":1,\"item\":{\"@type\":\"WebPage\",\"@id\":\"https:\/\/tugraztestweb.asol.at\/\",\"url\":\"https:\/\/tugraztestweb.asol.at\/\",\"name\":\"Home\"}},{\"@type\":\"ListItem\",\"position\":2,\"item\":{\"@type\":\"WebPage\",\"@id\":\"https:\/\/tugraztestweb.asol.at\/gesamtverzeichnis\/\",\"url\":\"https:\/\/tugraztestweb.asol.at\/gesamtverzeichnis\/\",\"name\":\"Gesamtverzeichnis\"}},{\"@type\":\"ListItem\",\"position\":3,\"item\":{\"@type\":\"WebPage\",\"@id\":\"https:\/\/tugraztestweb.asol.at\/en\/gesamtverzeichnis\/bauingenieurwissenschaften\/die-gebaeudetechnik-im-oesterreichischen-bauprozess-ebook\/\",\"url\":\"https:\/\/tugraztestweb.asol.at\/en\/gesamtverzeichnis\/bauingenieurwissenschaften\/die-gebaeudetechnik-im-oesterreichischen-bauprozess-ebook\/\",\"name\":\"Die Geb\\u00e4udetechnik im \\u00f6sterreichischen Bauprozess\"}}]}]}<\/script>\n<!-- \/ Yoast SEO plugin. -->","_links":{"self":[{"href":"https:\/\/tugraztestweb.asol.at\/en\/wp-json\/wp\/v2\/product\/34743"}],"collection":[{"href":"https:\/\/tugraztestweb.asol.at\/en\/wp-json\/wp\/v2\/product"}],"about":[{"href":"https:\/\/tugraztestweb.asol.at\/en\/wp-json\/wp\/v2\/types\/product"}],"replies":[{"embeddable":true,"href":"https:\/\/tugraztestweb.asol.at\/en\/wp-json\/wp\/v2\/comments?post=34743"}],"wp:featuredmedia":[{"embeddable":true,"href":"https:\/\/tugraztestweb.asol.at\/en\/wp-json\/wp\/v2\/media\/40176"}],"wp:attachment":[{"href":"https:\/\/tugraztestweb.asol.at\/en\/wp-json\/wp\/v2\/media?parent=34743"}],"curies":[{"name":"wp","href":"https:\/\/api.w.org\/{rel}","templated":true}]}}