{"id":34877,"date":"2020-08-21T12:55:32","date_gmt":"2020-08-21T12:55:32","guid":{"rendered":"http:\/\/tugraztestweb.asol.at\/gesamtverzeichnis\/unkategorisiert\/sustainable-design-process-integrated-facades-2\/"},"modified":"2020-08-21T14:56:33","modified_gmt":"2020-08-21T12:56:33","slug":"sustainable-design-process-integrated-facades-ebook","status":"publish","type":"product","link":"https:\/\/tugraztestweb.asol.at\/en\/gesamtverzeichnis\/bauingenieurwissenschaften\/sustainable-design-process-integrated-facades-ebook\/","title":{"rendered":"Sustainable Design Process &#038; Integrated Facades"},"content":{"rendered":"<p class=\"qtranxs-available-languages-message qtranxs-available-languages-message-en\">Sorry, this entry is only available in <a href=\"https:\/\/tugraztestweb.asol.at\/de\/wp-json\/wp\/v2\/product\/34877\" class=\"qtranxs-available-language-link qtranxs-available-language-link-de\" title=\"Deutsch\">Deutsch<\/a>.<\/p><p>Nachhaltigem Bauen, im Sinne der Anwendung der Prinzipien einer nachhaltigen Entwicklung auf das Bauwesen, kommt aufgrund der enormen Stoff- bzw. Energiestr\u00f6me und den damit verbundenen Umweltwirkungen eine Schl\u00fcsselrolle zu. Ziel ist hierbei Bauwerke ganzheitlich aus der Lebenszyklusperspektive derart zu planen, zu errichten und zu betreiben, dass diese ein Kapital f\u00fcr k\u00fcnftige Generationen und keine Altlast darstellen. Der aktuelle Trend zu immer energieeffzienteren Geb\u00e4uden, r\u00fcckt einerseits Geb\u00e4udeh\u00fcllen, andererseits aber auch die Baukonstruktionen und die darin enthaltenen Bauprodukte aufgrund deren \u201egrauer\u201c Energie bzw. \u201egrauen\u201c Treibhausgasemissionen verst\u00e4rkt in den Fokus. Eine ganzheitliche, integrale Betrachtungsweise auf der Geb\u00e4udeebene erfordert dar\u00fcber hinaus die Zusammenf\u00fchrung der unterschiedlichen Anforderungen und Funktionen einzelner Elemente im Kontext eines gr\u00f6\u00dferen Ganzen. Hierzu bedarf es spezifischer Strategien zur Erf\u00fcllung dieser komplexen Anforderungen. Erg\u00e4nzt werden funktionale und bautechnische Anforderungen durch das Bestreben Geb\u00e4ude zu \u201eEnergieerzeugern\u201c zu machen, was die Integration von aktiven Elementen, wie Photovoltaik oder Solarthermie erfordert.<br \/>Im Forschungsprojekt UNAB stellte sich diesen Herausforderungen ein interdisziplin\u00e4res, interfakult\u00e4res Forschungsteam der TU Graz mit dem Ziel, neue, integrale und hybride Geb\u00e4udeh\u00fcllen unter besonderer Ber\u00fccksichtigung der Nachhaltigkeit und der Umsetzung in Planungsprozesse zu entwickeln. Durch das Zusammenf\u00fchren zweier sich erg\u00e4nzender Forschungsans\u00e4tze und die Integration unterschiedlicher Forschungsmethoden der Bereiche Entwerfen, numerische Simulationen, \u00d6kobilanzierung, Risikoanalyse und systemische Betrachtung konnte so ein Meilenstein zur Operationalisierung (Bewertbarkeit) geleistet werden. Der erste Ansatz zielt dabei auf die systemische Betrachtungsweise von Nachhaltigkeitsanforderungen ab. Die Kenntnis der Zusammenh\u00e4nge wesentlicher Nachhaltigkeitsanforderungen in Abh\u00e4ngigkeit der Zielpr\u00e4ferenzen der Stakeholder soll k\u00fcnftig die Planbarkeit und die Steuerung von Immobilienqualit\u00e4ten aus ganzheitlicher Sicht erm\u00f6glichen. Der zweite Ansatz umfasst die konstruktive Umsetzung von Nachhaltigkeitsanforderungen in der Geb\u00e4udeh\u00fclle. Die Gestaltung der Fassade als selbsttragende, hocheffiziente Tragkonstruktion mit neuen Methoden der Umform- und F\u00fcgetechnik aus dem Maschinenbau sowie die Integration geb\u00e4udetechnischer Systeme in die Geb\u00e4udeh\u00fclle, stellt die konstruktive, statische, bauphysikalische und ger\u00e4tetechnische Durchbildung vor eine Reihe neuer Herausforderungen, die nur durch die enge interdisziplin\u00e4re Zusammenarbeit der beteiligten Fachgebiete gel\u00f6st werden kann.<br \/>Zur Umsetzung in die Baupraxis wurde ein Building Sustainability Quest Tool entwickelt, welches den Planenden eine Hilfestellung bei der Etablierung von relevanten Nachhaltigkeitsprozessen auf Basis der Methode der Reifegradbewertung bietet. Mit dem entwickelten Prozessmodell k\u00f6nnen Nachhaltigkeitsziele identifiziert, m\u00f6gliche Auswirkungen von Entscheidungen im Planungsprozess- u. Projektsteuerungsprozess sowie auch der Status der Umsetzung der projektspezifischen Nachhaltigkeitsanforderungen bewertet und visualisiert werden. Damit sollen alle Beteiligten im Hinblick auf potentielle, mannigfaltige Einfl\u00fcsse der ganzheitlichen Optimierung sensibilisiert werden. K\u00fcnftig soll das Prozessmodell zur Reduktion des zeitlichen Mehraufwands (welcher in der Baupraxis oft zu einem Abweichen von den gesetzten, ganzheitlichen Nachhaltigkeitszielen f\u00fchrt) beitragen. Der Einsatz eines Prozessmodells erm\u00f6glicht die Reduktion der Komplexit\u00e4t und gleichzeitig eine planungs- und baubegleitende Qualit\u00e4tssicherung. Ob und in wie weit hier das Wunderkind \u201eBIM\u201c (Building Information Modeling) durch seinen integralen, kooperativen Ansatz unterst\u00fctzen wird k\u00f6nnen, muss noch erforscht werden. <br \/>Aus derzeitiger Sicht zeichnet sich ab, dass \u00d6sterreich seine internationalen Klima- und andere Verpflichtungen \u2013 wenn \u00fcberhaupt \u2013 nur unter gro\u00dfen Anstrengungen, d.h. durch deutlich ambitioniertere, konkrete und richtungssichere Ma\u00dfnahmen erf\u00fcllen wird k\u00f6nnen. <br \/><\/p>","protected":false},"excerpt":{"rendered":"<p class=\"qtranxs-available-languages-message qtranxs-available-languages-message-en\">Sorry, this entry is only available in <a href=\"https:\/\/tugraztestweb.asol.at\/de\/wp-json\/wp\/v2\/product\/34877\" class=\"qtranxs-available-language-link qtranxs-available-language-link-de\" title=\"Deutsch\">Deutsch<\/a>.<\/p>\n<p>Nachhaltigem Bauen, im Sinne der Anwendung der Prinzipien einer nachhaltigen Entwicklung auf das Bauwesen, kommt aufgrund der enormen Stoff- bzw. Energiestr\u00f6me und den damit verbundenen Umweltwirkungen eine Schl\u00fcsselrolle zu. Ziel ist hierbei Bauwerke ganzheitlich aus der Lebenszyklusperspektive derart zu planen, zu errichten und zu betreiben, dass diese ein Kapital f\u00fcr k\u00fcnftige Generationen und keine Altlast darstellen. Der aktuelle Trend zu immer energieeffzienteren Geb\u00e4uden, r\u00fcckt einerseits Geb\u00e4udeh\u00fcllen, andererseits aber auch die Baukonstruktionen und die darin enthaltenen Bauprodukte aufgrund deren \u201egrauer\u201c Energie bzw. \u201egrauen\u201c Treibhausgasemissionen verst\u00e4rkt in den Fokus. Eine ganzheitliche, integrale Betrachtungsweise auf der Geb\u00e4udeebene erfordert dar\u00fcber hinaus die Zusammenf\u00fchrung der unterschiedlichen Anforderungen und Funktionen einzelner Elemente im Kontext eines gr\u00f6\u00dferen Ganzen. Hierzu bedarf es spezifischer Strategien zur Erf\u00fcllung dieser komplexen Anforderungen. Erg\u00e4nzt werden funktionale und bautechnische Anforderungen durch das Bestreben Geb\u00e4ude zu \u201eEnergieerzeugern\u201c zu machen, was die Integration von aktiven Elementen, wie Photovoltaik oder Solarthermie erfordert.<br \/>Im Forschungsprojekt UNAB stellte sich diesen Herausforderungen ein interdisziplin\u00e4res, interfakult\u00e4res Forschungsteam der TU Graz mit dem Ziel, neue, integrale und hybride Geb\u00e4udeh\u00fcllen unter besonderer Ber\u00fccksichtigung der Nachhaltigkeit und der Umsetzung in Planungsprozesse zu entwickeln. Durch das Zusammenf\u00fchren zweier sich erg\u00e4nzender Forschungsans\u00e4tze und die Integration unterschiedlicher Forschungsmethoden der Bereiche Entwerfen, numerische Simulationen, \u00d6kobilanzierung, Risikoanalyse und systemische Betrachtung konnte so ein Meilenstein zur Operationalisierung (Bewertbarkeit) geleistet werden. Der erste Ansatz zielt dabei auf die systemische Betrachtungsweise von Nachhaltigkeitsanforderungen ab. Die Kenntnis der Zusammenh\u00e4nge wesentlicher Nachhaltigkeitsanforderungen in Abh\u00e4ngigkeit der Zielpr\u00e4ferenzen der Stakeholder soll k\u00fcnftig die Planbarkeit und die Steuerung von Immobilienqualit\u00e4ten aus ganzheitlicher Sicht erm\u00f6glichen. Der zweite Ansatz umfasst die konstruktive Umsetzung von Nachhaltigkeitsanforderungen in der Geb\u00e4udeh\u00fclle. Die Gestaltung der Fassade als selbsttragende, hocheffiziente Tragkonstruktion mit neuen Methoden der Umform- und F\u00fcgetechnik aus dem Maschinenbau sowie die Integration geb\u00e4udetechnischer Systeme in die Geb\u00e4udeh\u00fclle, stellt die konstruktive, statische, bauphysikalische und ger\u00e4tetechnische Durchbildung vor eine Reihe neuer Herausforderungen, die nur durch die enge interdisziplin\u00e4re Zusammenarbeit der beteiligten Fachgebiete gel\u00f6st werden kann.<br \/>Zur Umsetzung in die Baupraxis wurde ein Building Sustainability Quest Tool entwickelt, welches den Planenden eine Hilfestellung bei der Etablierung von relevanten Nachhaltigkeitsprozessen auf Basis der Methode der Reifegradbewertung bietet. Mit dem entwickelten Prozessmodell k\u00f6nnen Nachhaltigkeitsziele identifiziert, m\u00f6gliche Auswirkungen von Entscheidungen im Planungsprozess- u. Projektsteuerungsprozess sowie auch der Status der Umsetzung der projektspezifischen Nachhaltigkeitsanforderungen bewertet und visualisiert werden. Damit sollen alle Beteiligten im Hinblick auf potentielle, mannigfaltige Einfl\u00fcsse der ganzheitlichen Optimierung sensibilisiert werden. K\u00fcnftig soll das Prozessmodell zur Reduktion des zeitlichen Mehraufwands (welcher in der Baupraxis oft zu einem Abweichen von den gesetzten, ganzheitlichen Nachhaltigkeitszielen f\u00fchrt) beitragen. Der Einsatz eines Prozessmodells erm\u00f6glicht die Reduktion der Komplexit\u00e4t und gleichzeitig eine planungs- und baubegleitende Qualit\u00e4tssicherung. Ob und in wie weit hier das Wunderkind \u201eBIM\u201c (Building Information Modeling) durch seinen integralen, kooperativen Ansatz unterst\u00fctzen wird k\u00f6nnen, muss noch erforscht werden. <br \/>Aus derzeitiger Sicht zeichnet sich ab, dass \u00d6sterreich seine internationalen Klima- und andere Verpflichtungen \u2013 wenn \u00fcberhaupt \u2013 nur unter gro\u00dfen Anstrengungen, d.h. durch deutlich ambitioniertere, konkrete und richtungssichere Ma\u00dfnahmen erf\u00fcllen wird k\u00f6nnen. <\/p>\n","protected":false},"featured_media":40183,"comment_status":"closed","ping_status":"closed","template":"","meta":[],"yoast_head":"<!-- This site is optimized with the Yoast SEO plugin v16.1.1 - https:\/\/yoast.com\/wordpress\/plugins\/seo\/ -->\n<link rel=\"canonical\" href=\"https:\/\/tugraztestweb.asol.at\/en\/gesamtverzeichnis\/bauingenieurwissenschaften\/sustainable-design-process-integrated-facades-ebook\/\" \/>\n<meta property=\"og:locale\" content=\"en_US\" \/>\n<meta property=\"og:type\" content=\"article\" \/>\n<meta property=\"og:title\" content=\"Sustainable Design Process &amp; Integrated Facades - Verlag der TU Graz\" \/>\n<meta property=\"og:description\" content=\"Nachhaltigem Bauen, im Sinne der Anwendung der Prinzipien einer nachhaltigen Entwicklung auf das Bauwesen, kommt aufgrund der enormen Stoff- bzw. Energiestr\u00f6me und den damit verbundenen Umweltwirkungen eine Schl\u00fcsselrolle zu. Ziel ist hierbei Bauwerke ganzheitlich aus der Lebenszyklusperspektive derart zu planen, zu errichten und zu betreiben, dass diese ein Kapital f\u00fcr k\u00fcnftige Generationen und keine Altlast darstellen. Der aktuelle Trend zu immer energieeffzienteren Geb\u00e4uden, r\u00fcckt einerseits Geb\u00e4udeh\u00fcllen, andererseits aber auch die Baukonstruktionen und die darin enthaltenen Bauprodukte aufgrund deren \u201egrauer\u201c Energie bzw. \u201egrauen\u201c Treibhausgasemissionen verst\u00e4rkt in den Fokus. Eine ganzheitliche, integrale Betrachtungsweise auf der Geb\u00e4udeebene erfordert dar\u00fcber hinaus die Zusammenf\u00fchrung der unterschiedlichen Anforderungen und Funktionen einzelner Elemente im Kontext eines gr\u00f6\u00dferen Ganzen. Hierzu bedarf es spezifischer Strategien zur Erf\u00fcllung dieser komplexen Anforderungen. Erg\u00e4nzt werden funktionale und bautechnische Anforderungen durch das Bestreben Geb\u00e4ude zu \u201eEnergieerzeugern\u201c zu machen, was die Integration von aktiven Elementen, wie Photovoltaik oder Solarthermie erfordert.Im Forschungsprojekt UNAB stellte sich diesen Herausforderungen ein interdisziplin\u00e4res, interfakult\u00e4res Forschungsteam der TU Graz mit dem Ziel, neue, integrale und hybride Geb\u00e4udeh\u00fcllen unter besonderer Ber\u00fccksichtigung der Nachhaltigkeit und der Umsetzung in Planungsprozesse zu entwickeln. Durch das Zusammenf\u00fchren zweier sich erg\u00e4nzender Forschungsans\u00e4tze und die Integration unterschiedlicher Forschungsmethoden der Bereiche Entwerfen, numerische Simulationen, \u00d6kobilanzierung, Risikoanalyse und systemische Betrachtung konnte so ein Meilenstein zur Operationalisierung (Bewertbarkeit) geleistet werden. Der erste Ansatz zielt dabei auf die systemische Betrachtungsweise von Nachhaltigkeitsanforderungen ab. Die Kenntnis der Zusammenh\u00e4nge wesentlicher Nachhaltigkeitsanforderungen in Abh\u00e4ngigkeit der Zielpr\u00e4ferenzen der Stakeholder soll k\u00fcnftig die Planbarkeit und die Steuerung von Immobilienqualit\u00e4ten aus ganzheitlicher Sicht erm\u00f6glichen. Der zweite Ansatz umfasst die konstruktive Umsetzung von Nachhaltigkeitsanforderungen in der Geb\u00e4udeh\u00fclle. Die Gestaltung der Fassade als selbsttragende, hocheffiziente Tragkonstruktion mit neuen Methoden der Umform- und F\u00fcgetechnik aus dem Maschinenbau sowie die Integration geb\u00e4udetechnischer Systeme in die Geb\u00e4udeh\u00fclle, stellt die konstruktive, statische, bauphysikalische und ger\u00e4tetechnische Durchbildung vor eine Reihe neuer Herausforderungen, die nur durch die enge interdisziplin\u00e4re Zusammenarbeit der beteiligten Fachgebiete gel\u00f6st werden kann.Zur Umsetzung in die Baupraxis wurde ein Building Sustainability Quest Tool entwickelt, welches den Planenden eine Hilfestellung bei der Etablierung von relevanten Nachhaltigkeitsprozessen auf Basis der Methode der Reifegradbewertung bietet. Mit dem entwickelten Prozessmodell k\u00f6nnen Nachhaltigkeitsziele identifiziert, m\u00f6gliche Auswirkungen von Entscheidungen im Planungsprozess- u. Projektsteuerungsprozess sowie auch der Status der Umsetzung der projektspezifischen Nachhaltigkeitsanforderungen bewertet und visualisiert werden. Damit sollen alle Beteiligten im Hinblick auf potentielle, mannigfaltige Einfl\u00fcsse der ganzheitlichen Optimierung sensibilisiert werden. K\u00fcnftig soll das Prozessmodell zur Reduktion des zeitlichen Mehraufwands (welcher in der Baupraxis oft zu einem Abweichen von den gesetzten, ganzheitlichen Nachhaltigkeitszielen f\u00fchrt) beitragen. Der Einsatz eines Prozessmodells erm\u00f6glicht die Reduktion der Komplexit\u00e4t und gleichzeitig eine planungs- und baubegleitende Qualit\u00e4tssicherung. Ob und in wie weit hier das Wunderkind \u201eBIM\u201c (Building Information Modeling) durch seinen integralen, kooperativen Ansatz unterst\u00fctzen wird k\u00f6nnen, muss noch erforscht werden. Aus derzeitiger Sicht zeichnet sich ab, dass \u00d6sterreich seine internationalen Klima- und andere Verpflichtungen \u2013 wenn \u00fcberhaupt \u2013 nur unter gro\u00dfen Anstrengungen, d.h. durch deutlich ambitioniertere, konkrete und richtungssichere Ma\u00dfnahmen erf\u00fcllen wird k\u00f6nnen.\" \/>\n<meta property=\"og:url\" content=\"https:\/\/tugraztestweb.asol.at\/en\/gesamtverzeichnis\/bauingenieurwissenschaften\/sustainable-design-process-integrated-facades-ebook\/\" \/>\n<meta property=\"og:site_name\" content=\"Verlag der TU Graz\" \/>\n<meta property=\"article:modified_time\" content=\"2020-08-21T12:56:33+00:00\" \/>\n<meta property=\"og:image\" content=\"https:\/\/tugraztestweb.asol.at\/wp-content\/uploads\/2020\/08\/image-978-3-85125-612-3.jpg\" \/>\n\t<meta property=\"og:image:width\" content=\"532\" \/>\n\t<meta property=\"og:image:height\" content=\"777\" \/>\n<meta name=\"twitter:card\" content=\"summary_large_image\" \/>\n<meta name=\"twitter:label1\" content=\"Est. reading time\">\n\t<meta name=\"twitter:data1\" content=\"3 minutes\">\n<script type=\"application\/ld+json\" class=\"yoast-schema-graph\">{\"@context\":\"https:\/\/schema.org\",\"@graph\":[{\"@type\":\"WebSite\",\"@id\":\"https:\/\/tugraztestweb.asol.at\/#website\",\"url\":\"https:\/\/tugraztestweb.asol.at\/\",\"name\":\"Verlag der TU Graz\",\"description\":\"Verlag der Technischen Universit\\u00e4t Graz\",\"potentialAction\":[{\"@type\":\"SearchAction\",\"target\":\"https:\/\/tugraztestweb.asol.at\/?s={search_term_string}\",\"query-input\":\"required name=search_term_string\"}],\"inLanguage\":\"en-US\"},{\"@type\":\"ImageObject\",\"@id\":\"https:\/\/tugraztestweb.asol.at\/en\/gesamtverzeichnis\/bauingenieurwissenschaften\/sustainable-design-process-integrated-facades-ebook\/#primaryimage\",\"inLanguage\":\"en-US\",\"url\":\"https:\/\/tugraztestweb.asol.at\/wp-content\/uploads\/2020\/08\/image-978-3-85125-612-3.jpg\",\"contentUrl\":\"https:\/\/tugraztestweb.asol.at\/wp-content\/uploads\/2020\/08\/image-978-3-85125-612-3.jpg\",\"width\":532,\"height\":777},{\"@type\":\"WebPage\",\"@id\":\"https:\/\/tugraztestweb.asol.at\/en\/gesamtverzeichnis\/bauingenieurwissenschaften\/sustainable-design-process-integrated-facades-ebook\/#webpage\",\"url\":\"https:\/\/tugraztestweb.asol.at\/en\/gesamtverzeichnis\/bauingenieurwissenschaften\/sustainable-design-process-integrated-facades-ebook\/\",\"name\":\"Sustainable Design Process & Integrated Facades - Verlag der TU Graz\",\"isPartOf\":{\"@id\":\"https:\/\/tugraztestweb.asol.at\/#website\"},\"primaryImageOfPage\":{\"@id\":\"https:\/\/tugraztestweb.asol.at\/en\/gesamtverzeichnis\/bauingenieurwissenschaften\/sustainable-design-process-integrated-facades-ebook\/#primaryimage\"},\"datePublished\":\"2020-08-21T12:55:32+00:00\",\"dateModified\":\"2020-08-21T12:56:33+00:00\",\"breadcrumb\":{\"@id\":\"https:\/\/tugraztestweb.asol.at\/en\/gesamtverzeichnis\/bauingenieurwissenschaften\/sustainable-design-process-integrated-facades-ebook\/#breadcrumb\"},\"inLanguage\":\"en-US\",\"potentialAction\":[{\"@type\":\"ReadAction\",\"target\":[\"https:\/\/tugraztestweb.asol.at\/en\/gesamtverzeichnis\/bauingenieurwissenschaften\/sustainable-design-process-integrated-facades-ebook\/\"]}]},{\"@type\":\"BreadcrumbList\",\"@id\":\"https:\/\/tugraztestweb.asol.at\/en\/gesamtverzeichnis\/bauingenieurwissenschaften\/sustainable-design-process-integrated-facades-ebook\/#breadcrumb\",\"itemListElement\":[{\"@type\":\"ListItem\",\"position\":1,\"item\":{\"@type\":\"WebPage\",\"@id\":\"https:\/\/tugraztestweb.asol.at\/\",\"url\":\"https:\/\/tugraztestweb.asol.at\/\",\"name\":\"Home\"}},{\"@type\":\"ListItem\",\"position\":2,\"item\":{\"@type\":\"WebPage\",\"@id\":\"https:\/\/tugraztestweb.asol.at\/gesamtverzeichnis\/\",\"url\":\"https:\/\/tugraztestweb.asol.at\/gesamtverzeichnis\/\",\"name\":\"Gesamtverzeichnis\"}},{\"@type\":\"ListItem\",\"position\":3,\"item\":{\"@type\":\"WebPage\",\"@id\":\"https:\/\/tugraztestweb.asol.at\/en\/gesamtverzeichnis\/bauingenieurwissenschaften\/sustainable-design-process-integrated-facades-ebook\/\",\"url\":\"https:\/\/tugraztestweb.asol.at\/en\/gesamtverzeichnis\/bauingenieurwissenschaften\/sustainable-design-process-integrated-facades-ebook\/\",\"name\":\"Sustainable Design Process &#038; Integrated Facades\"}}]}]}<\/script>\n<!-- \/ Yoast SEO plugin. -->","_links":{"self":[{"href":"https:\/\/tugraztestweb.asol.at\/en\/wp-json\/wp\/v2\/product\/34877"}],"collection":[{"href":"https:\/\/tugraztestweb.asol.at\/en\/wp-json\/wp\/v2\/product"}],"about":[{"href":"https:\/\/tugraztestweb.asol.at\/en\/wp-json\/wp\/v2\/types\/product"}],"replies":[{"embeddable":true,"href":"https:\/\/tugraztestweb.asol.at\/en\/wp-json\/wp\/v2\/comments?post=34877"}],"wp:featuredmedia":[{"embeddable":true,"href":"https:\/\/tugraztestweb.asol.at\/en\/wp-json\/wp\/v2\/media\/40183"}],"wp:attachment":[{"href":"https:\/\/tugraztestweb.asol.at\/en\/wp-json\/wp\/v2\/media?parent=34877"}],"curies":[{"name":"wp","href":"https:\/\/api.w.org\/{rel}","templated":true}]}}