{"id":34890,"date":"2020-08-21T12:55:36","date_gmt":"2020-08-21T12:55:36","guid":{"rendered":"http:\/\/tugraztestweb.asol.at\/gesamtverzeichnis\/unkategorisiert\/energiebedarf-und-effizienz-in-der-intralogistik\/"},"modified":"2020-08-21T14:56:36","modified_gmt":"2020-08-21T12:56:36","slug":"energiebedarf-und-effizienz-in-der-intralogistik-ebook","status":"publish","type":"product","link":"https:\/\/tugraztestweb.asol.at\/en\/gesamtverzeichnis\/uncategorized\/energiebedarf-und-effizienz-in-der-intralogistik-ebook\/","title":{"rendered":"Energiebedarf und Effizienz in der Intralogistik"},"content":{"rendered":"<p class=\"qtranxs-available-languages-message qtranxs-available-languages-message-en\">Sorry, this entry is only available in <a href=\"https:\/\/tugraztestweb.asol.at\/de\/wp-json\/wp\/v2\/product\/34890\" class=\"qtranxs-available-language-link qtranxs-available-language-link-de\" title=\"Deutsch\">Deutsch<\/a>.<\/p><p>Dieser Tagungsband der \u201eLogistikwerkstatt Graz\u201c fasst die Beitr\u00e4ge<br \/>\nnamhafter AutorInnen der Industrie und f\u00fchrender WissenschaftlerInnen<br \/>\nzusammen. Gefordert vom sparsamen Umgang mit Ressourcen, stellt der<br \/>\neffiziente Betrieb von Ger\u00e4ten der Intralogistik eine besondere<br \/>\nHerausforderung,&nbsp;f\u00fcr die vom e-commerce Boom st\u00e4ndig geforderte Branche,<br \/>\n dar.<\/p>","protected":false},"excerpt":{"rendered":"<p class=\"qtranxs-available-languages-message qtranxs-available-languages-message-en\">Sorry, this entry is only available in <a href=\"https:\/\/tugraztestweb.asol.at\/de\/wp-json\/wp\/v2\/product\/34890\" class=\"qtranxs-available-language-link qtranxs-available-language-link-de\" title=\"Deutsch\">Deutsch<\/a>.<\/p>\n<p>Dieser Tagungsband der \u201eLogistikwerkstatt Graz\u201c fasst die Beitr\u00e4ge<br \/>\nnamhafter AutorInnen der Industrie und f\u00fchrender WissenschaftlerInnen<br \/>\nzusammen. Gefordert vom sparsamen Umgang mit Ressourcen, stellt der<br \/>\neffiziente Betrieb von Ger\u00e4ten der Intralogistik eine besondere<br \/>\nHerausforderung,&nbsp;f\u00fcr die vom e-commerce Boom st\u00e4ndig geforderte Branche,<br \/>\n dar.<\/p>\n","protected":false},"featured_media":40184,"comment_status":"closed","ping_status":"closed","template":"","meta":[],"yoast_head":"<!-- This site is optimized with the Yoast SEO plugin v16.1.1 - https:\/\/yoast.com\/wordpress\/plugins\/seo\/ -->\n<link rel=\"canonical\" href=\"https:\/\/tugraztestweb.asol.at\/gesamtverzeichnis\/unkategorisiert\/energiebedarf-und-effizienz-in-der-intralogistik-ebook\/\" \/>\n<meta property=\"og:locale\" content=\"en_US\" \/>\n<meta property=\"og:type\" content=\"article\" \/>\n<meta property=\"og:title\" content=\"Energiebedarf und Effizienz in der Intralogistik - Verlag der TU Graz\" \/>\n<meta property=\"og:description\" content=\"Dieser Tagungsband der \u201eLogistikwerkstatt Graz\u201c fasst die Beitr\u00e4ge namhafter AutorInnen der Industrie und f\u00fchrender WissenschaftlerInnen zusammen. Gefordert vom sparsamen Umgang mit Ressourcen, stellt der effiziente Betrieb von Ger\u00e4ten der Intralogistik eine besondere Herausforderung,&nbsp;f\u00fcr die vom e-commerce Boom st\u00e4ndig geforderte Branche, dar.\" \/>\n<meta property=\"og:url\" content=\"https:\/\/tugraztestweb.asol.at\/gesamtverzeichnis\/unkategorisiert\/energiebedarf-und-effizienz-in-der-intralogistik-ebook\/\" \/>\n<meta property=\"og:site_name\" content=\"Verlag der TU Graz\" \/>\n<meta property=\"article:modified_time\" content=\"2020-08-21T12:56:36+00:00\" \/>\n<meta property=\"og:image\" content=\"https:\/\/tugraztestweb.asol.at\/wp-content\/uploads\/2020\/08\/image-891.jpg\" \/>\n\t<meta property=\"og:image:width\" content=\"494\" \/>\n\t<meta property=\"og:image:height\" content=\"730\" \/>\n<meta name=\"twitter:card\" content=\"summary_large_image\" \/>\n<script type=\"application\/ld+json\" class=\"yoast-schema-graph\">{\"@context\":\"https:\/\/schema.org\",\"@graph\":[{\"@type\":\"WebSite\",\"@id\":\"https:\/\/tugraztestweb.asol.at\/#website\",\"url\":\"https:\/\/tugraztestweb.asol.at\/\",\"name\":\"Verlag der TU Graz\",\"description\":\"Verlag der Technischen Universit\\u00e4t Graz\",\"potentialAction\":[{\"@type\":\"SearchAction\",\"target\":\"https:\/\/tugraztestweb.asol.at\/?s={search_term_string}\",\"query-input\":\"required name=search_term_string\"}],\"inLanguage\":\"en-US\"},{\"@type\":\"ImageObject\",\"@id\":\"https:\/\/tugraztestweb.asol.at\/gesamtverzeichnis\/unkategorisiert\/energiebedarf-und-effizienz-in-der-intralogistik-ebook\/#primaryimage\",\"inLanguage\":\"en-US\",\"url\":\"https:\/\/tugraztestweb.asol.at\/wp-content\/uploads\/2020\/08\/image-891.jpg\",\"contentUrl\":\"https:\/\/tugraztestweb.asol.at\/wp-content\/uploads\/2020\/08\/image-891.jpg\",\"width\":494,\"height\":730},{\"@type\":\"WebPage\",\"@id\":\"https:\/\/tugraztestweb.asol.at\/gesamtverzeichnis\/unkategorisiert\/energiebedarf-und-effizienz-in-der-intralogistik-ebook\/#webpage\",\"url\":\"https:\/\/tugraztestweb.asol.at\/gesamtverzeichnis\/unkategorisiert\/energiebedarf-und-effizienz-in-der-intralogistik-ebook\/\",\"name\":\"Energiebedarf und Effizienz in der Intralogistik - Verlag der TU Graz\",\"isPartOf\":{\"@id\":\"https:\/\/tugraztestweb.asol.at\/#website\"},\"primaryImageOfPage\":{\"@id\":\"https:\/\/tugraztestweb.asol.at\/gesamtverzeichnis\/unkategorisiert\/energiebedarf-und-effizienz-in-der-intralogistik-ebook\/#primaryimage\"},\"datePublished\":\"2020-08-21T12:55:36+00:00\",\"dateModified\":\"2020-08-21T12:56:36+00:00\",\"breadcrumb\":{\"@id\":\"https:\/\/tugraztestweb.asol.at\/gesamtverzeichnis\/unkategorisiert\/energiebedarf-und-effizienz-in-der-intralogistik-ebook\/#breadcrumb\"},\"inLanguage\":\"en-US\",\"potentialAction\":[{\"@type\":\"ReadAction\",\"target\":[\"https:\/\/tugraztestweb.asol.at\/gesamtverzeichnis\/unkategorisiert\/energiebedarf-und-effizienz-in-der-intralogistik-ebook\/\"]}]},{\"@type\":\"BreadcrumbList\",\"@id\":\"https:\/\/tugraztestweb.asol.at\/gesamtverzeichnis\/unkategorisiert\/energiebedarf-und-effizienz-in-der-intralogistik-ebook\/#breadcrumb\",\"itemListElement\":[{\"@type\":\"ListItem\",\"position\":1,\"item\":{\"@type\":\"WebPage\",\"@id\":\"https:\/\/tugraztestweb.asol.at\/\",\"url\":\"https:\/\/tugraztestweb.asol.at\/\",\"name\":\"Home\"}},{\"@type\":\"ListItem\",\"position\":2,\"item\":{\"@type\":\"WebPage\",\"@id\":\"https:\/\/tugraztestweb.asol.at\/gesamtverzeichnis\/\",\"url\":\"https:\/\/tugraztestweb.asol.at\/gesamtverzeichnis\/\",\"name\":\"Gesamtverzeichnis\"}},{\"@type\":\"ListItem\",\"position\":3,\"item\":{\"@type\":\"WebPage\",\"@id\":\"https:\/\/tugraztestweb.asol.at\/gesamtverzeichnis\/unkategorisiert\/energiebedarf-und-effizienz-in-der-intralogistik-ebook\/\",\"url\":\"https:\/\/tugraztestweb.asol.at\/gesamtverzeichnis\/unkategorisiert\/energiebedarf-und-effizienz-in-der-intralogistik-ebook\/\",\"name\":\"Energiebedarf und Effizienz in der Intralogistik\"}}]}]}<\/script>\n<!-- \/ Yoast SEO plugin. -->","_links":{"self":[{"href":"https:\/\/tugraztestweb.asol.at\/en\/wp-json\/wp\/v2\/product\/34890"}],"collection":[{"href":"https:\/\/tugraztestweb.asol.at\/en\/wp-json\/wp\/v2\/product"}],"about":[{"href":"https:\/\/tugraztestweb.asol.at\/en\/wp-json\/wp\/v2\/types\/product"}],"replies":[{"embeddable":true,"href":"https:\/\/tugraztestweb.asol.at\/en\/wp-json\/wp\/v2\/comments?post=34890"}],"wp:featuredmedia":[{"embeddable":true,"href":"https:\/\/tugraztestweb.asol.at\/en\/wp-json\/wp\/v2\/media\/40184"}],"wp:attachment":[{"href":"https:\/\/tugraztestweb.asol.at\/en\/wp-json\/wp\/v2\/media?parent=34890"}],"curies":[{"name":"wp","href":"https:\/\/api.w.org\/{rel}","templated":true}]}}