{"id":34969,"date":"2020-08-21T12:55:36","date_gmt":"2020-08-21T12:55:36","guid":{"rendered":"http:\/\/tugraztestweb.asol.at\/gesamtverzeichnis\/unkategorisiert\/creating-value\/"},"modified":"2020-08-21T14:56:36","modified_gmt":"2020-08-21T12:56:36","slug":"creating-value-ebook","status":"publish","type":"product","link":"https:\/\/tugraztestweb.asol.at\/en\/gesamtverzeichnis\/uncategorized\/creating-value-ebook\/","title":{"rendered":"Creating Value"},"content":{"rendered":"<p class=\"qtranxs-available-languages-message qtranxs-available-languages-message-en\">Sorry, this entry is only available in <a href=\"https:\/\/tugraztestweb.asol.at\/de\/wp-json\/wp\/v2\/product\/34969\" class=\"qtranxs-available-language-link qtranxs-available-language-link-de\" title=\"Deutsch\">Deutsch<\/a>.<\/p><p>Die zehnte EPIEM \/ ESTIEM Konferenz zielte darauf ab, internationale<br \/>\nWissenschaftlerInnen zum Thema \u201eValuation\u201c zusammenzuf\u00fchren und ihnen<br \/>\neine Plattform zur Diskussion aktueller Forschungserkenntnisse zu<br \/>\nbieten. In einem inspirierenden wissenschaftlichen und pers\u00f6nlichen<br \/>\nUmfeld wurden dabei aktuelle Forschungsarbeiten in Form von<br \/>\nwissenschaftlichen Beitr\u00e4gen aus verschiedenen Bereichen, die sich mit<br \/>\ndem Verst\u00e4ndnis der \u201eValuation\u201c befassen, pr\u00e4sentiert.<\/p>\n<p>Die<br \/>\nVortr\u00e4ge waren dabei in die Schwerpunkte \u201eValuation\u201d, \u201eValuation related<br \/>\n topics\u201c sowie \u201eIndustrial engineering and management in view of<br \/>\nvaluation\u201c untergegliedert. An der Konferenz nahmen die<br \/>\nWissenschaftlerInnen aus Bosnien und Herzegowina, den Niederlanden,<br \/>\nKosovo, Mazedonien, Rum\u00e4nien, Serbien, Slowenien, Ungarn und \u00d6sterreich<br \/>\nteil. Die BWL Schriftenreihe Nr. 24 fasst alle Beitr\u00e4ge zusammen.<\/p>\n<p>The<br \/>\n tenth EPIEM \/ ESTIEM conference aimed to bring together international<br \/>\nacademics on the topic and to provide a platform for discussing recent<br \/>\nresearch results. In an inspiring scientific and social environment,<br \/>\nrecent research papers have been presented in the form of scientific<br \/>\ncontributions from various fields dealing with the understanding of<br \/>\n&#8220;Valuation&#8221;. The contributions were divided into three main categories<br \/>\n\u201cValuation\u201d, \u201cValuation related topics\u201d and \u201cIndustrial engineering and<br \/>\nmanagement in view of valuation\u201d. Participants came from Austria, Bosnia<br \/>\n and Herzegovina, Hungary, Kosovo, Macedonia, Serbia, Slovenia, Romania<br \/>\nand the Netherlands. The BWL Schriftenreihe No. 24 summarizes all<br \/>\ncontributions.<\/p>","protected":false},"excerpt":{"rendered":"<p class=\"qtranxs-available-languages-message qtranxs-available-languages-message-en\">Sorry, this entry is only available in <a href=\"https:\/\/tugraztestweb.asol.at\/de\/wp-json\/wp\/v2\/product\/34969\" class=\"qtranxs-available-language-link qtranxs-available-language-link-de\" title=\"Deutsch\">Deutsch<\/a>.<\/p>\n<p>Die zehnte EPIEM \/ ESTIEM Konferenz zielte darauf ab, internationale<br \/>\nWissenschaftlerInnen zum Thema \u201eValuation\u201c zusammenzuf\u00fchren und ihnen<br \/>\neine Plattform zur Diskussion aktueller Forschungserkenntnisse zu<br \/>\nbieten. In einem inspirierenden wissenschaftlichen und pers\u00f6nlichen<br \/>\nUmfeld wurden dabei aktuelle Forschungsarbeiten in Form von<br \/>\nwissenschaftlichen Beitr\u00e4gen aus verschiedenen Bereichen, die sich mit<br \/>\ndem Verst\u00e4ndnis der \u201eValuation\u201c befassen, pr\u00e4sentiert.<\/p>\n<p>Die<br \/>\nVortr\u00e4ge waren dabei in die Schwerpunkte \u201eValuation\u201d, \u201eValuation related<br \/>\n topics\u201c sowie \u201eIndustrial engineering and management in view of<br \/>\nvaluation\u201c untergegliedert. An der Konferenz nahmen die<br \/>\nWissenschaftlerInnen aus Bosnien und Herzegowina, den Niederlanden,<br \/>\nKosovo, Mazedonien, Rum\u00e4nien, Serbien, Slowenien, Ungarn und \u00d6sterreich<br \/>\nteil. Die BWL Schriftenreihe Nr. 24 fasst alle Beitr\u00e4ge zusammen.<\/p>\n<p>The<br \/>\n tenth EPIEM \/ ESTIEM conference aimed to bring together international<br \/>\nacademics on the topic and to provide a platform for discussing recent<br \/>\nresearch results. In an inspiring scientific and social environment,<br \/>\nrecent research papers have been presented in the form of scientific<br \/>\ncontributions from various fields dealing with the understanding of<br \/>\n&#8220;Valuation&#8221;. The contributions were divided into three main categories<br \/>\n\u201cValuation\u201d, \u201cValuation related topics\u201d and \u201cIndustrial engineering and<br \/>\nmanagement in view of valuation\u201d. Participants came from Austria, Bosnia<br \/>\n and Herzegovina, Hungary, Kosovo, Macedonia, Serbia, Slovenia, Romania<br \/>\nand the Netherlands. The BWL Schriftenreihe No. 24 summarizes all<br \/>\ncontributions.<\/p>\n","protected":false},"featured_media":40187,"comment_status":"closed","ping_status":"closed","template":"","meta":[],"yoast_head":"<!-- This site is optimized with the Yoast SEO plugin v16.1.1 - https:\/\/yoast.com\/wordpress\/plugins\/seo\/ -->\n<link rel=\"canonical\" href=\"https:\/\/tugraztestweb.asol.at\/gesamtverzeichnis\/unkategorisiert\/creating-value-ebook\/\" \/>\n<meta property=\"og:locale\" content=\"en_US\" \/>\n<meta property=\"og:type\" content=\"article\" \/>\n<meta property=\"og:title\" content=\"Creating Value - Verlag der TU Graz\" \/>\n<meta property=\"og:description\" content=\"Die zehnte EPIEM \/ ESTIEM Konferenz zielte darauf ab, internationale WissenschaftlerInnen zum Thema \u201eValuation\u201c zusammenzuf\u00fchren und ihnen eine Plattform zur Diskussion aktueller Forschungserkenntnisse zu bieten. In einem inspirierenden wissenschaftlichen und pers\u00f6nlichen Umfeld wurden dabei aktuelle Forschungsarbeiten in Form von wissenschaftlichen Beitr\u00e4gen aus verschiedenen Bereichen, die sich mit dem Verst\u00e4ndnis der \u201eValuation\u201c befassen, pr\u00e4sentiert.Die Vortr\u00e4ge waren dabei in die Schwerpunkte \u201eValuation\u201d, \u201eValuation related topics\u201c sowie \u201eIndustrial engineering and management in view of valuation\u201c untergegliedert. An der Konferenz nahmen die WissenschaftlerInnen aus Bosnien und Herzegowina, den Niederlanden, Kosovo, Mazedonien, Rum\u00e4nien, Serbien, Slowenien, Ungarn und \u00d6sterreich teil. Die BWL Schriftenreihe Nr. 24 fasst alle Beitr\u00e4ge zusammen.The tenth EPIEM \/ ESTIEM conference aimed to bring together international academics on the topic and to provide a platform for discussing recent research results. In an inspiring scientific and social environment, recent research papers have been presented in the form of scientific contributions from various fields dealing with the understanding of &quot;Valuation&quot;. The contributions were divided into three main categories \u201cValuation\u201d, \u201cValuation related topics\u201d and \u201cIndustrial engineering and management in view of valuation\u201d. Participants came from Austria, Bosnia and Herzegovina, Hungary, Kosovo, Macedonia, Serbia, Slovenia, Romania and the Netherlands. The BWL Schriftenreihe No. 24 summarizes all contributions.\" \/>\n<meta property=\"og:url\" content=\"https:\/\/tugraztestweb.asol.at\/gesamtverzeichnis\/unkategorisiert\/creating-value-ebook\/\" \/>\n<meta property=\"og:site_name\" content=\"Verlag der TU Graz\" \/>\n<meta property=\"article:modified_time\" content=\"2020-08-21T12:56:36+00:00\" \/>\n<meta property=\"og:image\" content=\"https:\/\/tugraztestweb.asol.at\/wp-content\/uploads\/2020\/08\/image-897.jpg\" \/>\n\t<meta property=\"og:image:width\" content=\"576\" \/>\n\t<meta property=\"og:image:height\" content=\"824\" \/>\n<meta name=\"twitter:card\" content=\"summary_large_image\" \/>\n<meta name=\"twitter:label1\" content=\"Est. reading time\">\n\t<meta name=\"twitter:data1\" content=\"1 minute\">\n<script type=\"application\/ld+json\" class=\"yoast-schema-graph\">{\"@context\":\"https:\/\/schema.org\",\"@graph\":[{\"@type\":\"WebSite\",\"@id\":\"https:\/\/tugraztestweb.asol.at\/#website\",\"url\":\"https:\/\/tugraztestweb.asol.at\/\",\"name\":\"Verlag der TU Graz\",\"description\":\"Verlag der Technischen Universit\\u00e4t Graz\",\"potentialAction\":[{\"@type\":\"SearchAction\",\"target\":\"https:\/\/tugraztestweb.asol.at\/?s={search_term_string}\",\"query-input\":\"required name=search_term_string\"}],\"inLanguage\":\"en-US\"},{\"@type\":\"ImageObject\",\"@id\":\"https:\/\/tugraztestweb.asol.at\/gesamtverzeichnis\/unkategorisiert\/creating-value-ebook\/#primaryimage\",\"inLanguage\":\"en-US\",\"url\":\"https:\/\/tugraztestweb.asol.at\/wp-content\/uploads\/2020\/08\/image-897.jpg\",\"contentUrl\":\"https:\/\/tugraztestweb.asol.at\/wp-content\/uploads\/2020\/08\/image-897.jpg\",\"width\":576,\"height\":824},{\"@type\":\"WebPage\",\"@id\":\"https:\/\/tugraztestweb.asol.at\/gesamtverzeichnis\/unkategorisiert\/creating-value-ebook\/#webpage\",\"url\":\"https:\/\/tugraztestweb.asol.at\/gesamtverzeichnis\/unkategorisiert\/creating-value-ebook\/\",\"name\":\"Creating Value - Verlag der TU Graz\",\"isPartOf\":{\"@id\":\"https:\/\/tugraztestweb.asol.at\/#website\"},\"primaryImageOfPage\":{\"@id\":\"https:\/\/tugraztestweb.asol.at\/gesamtverzeichnis\/unkategorisiert\/creating-value-ebook\/#primaryimage\"},\"datePublished\":\"2020-08-21T12:55:36+00:00\",\"dateModified\":\"2020-08-21T12:56:36+00:00\",\"breadcrumb\":{\"@id\":\"https:\/\/tugraztestweb.asol.at\/gesamtverzeichnis\/unkategorisiert\/creating-value-ebook\/#breadcrumb\"},\"inLanguage\":\"en-US\",\"potentialAction\":[{\"@type\":\"ReadAction\",\"target\":[\"https:\/\/tugraztestweb.asol.at\/gesamtverzeichnis\/unkategorisiert\/creating-value-ebook\/\"]}]},{\"@type\":\"BreadcrumbList\",\"@id\":\"https:\/\/tugraztestweb.asol.at\/gesamtverzeichnis\/unkategorisiert\/creating-value-ebook\/#breadcrumb\",\"itemListElement\":[{\"@type\":\"ListItem\",\"position\":1,\"item\":{\"@type\":\"WebPage\",\"@id\":\"https:\/\/tugraztestweb.asol.at\/\",\"url\":\"https:\/\/tugraztestweb.asol.at\/\",\"name\":\"Home\"}},{\"@type\":\"ListItem\",\"position\":2,\"item\":{\"@type\":\"WebPage\",\"@id\":\"https:\/\/tugraztestweb.asol.at\/gesamtverzeichnis\/\",\"url\":\"https:\/\/tugraztestweb.asol.at\/gesamtverzeichnis\/\",\"name\":\"Gesamtverzeichnis\"}},{\"@type\":\"ListItem\",\"position\":3,\"item\":{\"@type\":\"WebPage\",\"@id\":\"https:\/\/tugraztestweb.asol.at\/gesamtverzeichnis\/unkategorisiert\/creating-value-ebook\/\",\"url\":\"https:\/\/tugraztestweb.asol.at\/gesamtverzeichnis\/unkategorisiert\/creating-value-ebook\/\",\"name\":\"Creating Value\"}}]}]}<\/script>\n<!-- \/ Yoast SEO plugin. -->","_links":{"self":[{"href":"https:\/\/tugraztestweb.asol.at\/en\/wp-json\/wp\/v2\/product\/34969"}],"collection":[{"href":"https:\/\/tugraztestweb.asol.at\/en\/wp-json\/wp\/v2\/product"}],"about":[{"href":"https:\/\/tugraztestweb.asol.at\/en\/wp-json\/wp\/v2\/types\/product"}],"replies":[{"embeddable":true,"href":"https:\/\/tugraztestweb.asol.at\/en\/wp-json\/wp\/v2\/comments?post=34969"}],"wp:featuredmedia":[{"embeddable":true,"href":"https:\/\/tugraztestweb.asol.at\/en\/wp-json\/wp\/v2\/media\/40187"}],"wp:attachment":[{"href":"https:\/\/tugraztestweb.asol.at\/en\/wp-json\/wp\/v2\/media?parent=34969"}],"curies":[{"name":"wp","href":"https:\/\/api.w.org\/{rel}","templated":true}]}}