{"id":35029,"date":"2020-08-21T12:55:36","date_gmt":"2020-08-21T12:55:36","guid":{"rendered":"http:\/\/tugraztestweb.asol.at\/gesamtverzeichnis\/unkategorisiert\/wirtschaftsingenieurwesen-berufsbildstudie-2018-3\/"},"modified":"2020-08-21T14:56:36","modified_gmt":"2020-08-21T12:56:36","slug":"wirtschaftsingenieurwesen-berufsbildstudie-2018-ebook","status":"publish","type":"product","link":"https:\/\/tugraztestweb.asol.at\/en\/gesamtverzeichnis\/maschinenbau-und-wirtschaftswissenschaften\/wirtschaftsingenieurwesen-berufsbildstudie-2018-ebook\/","title":{"rendered":"Wirtschaftsingenieurwesen-Berufsbildstudie 2018"},"content":{"rendered":"<p class=\"qtranxs-available-languages-message qtranxs-available-languages-message-en\">Sorry, this entry is only available in <a href=\"https:\/\/tugraztestweb.asol.at\/de\/wp-json\/wp\/v2\/product\/35029\" class=\"qtranxs-available-language-link qtranxs-available-language-link-de\" title=\"Deutsch\">Deutsch<\/a>.<\/p><p>Die Berufsbildstudie zum Wirtschaftsingenieurwesen gibt einen \u00dcberblick<br \/>\n\u00fcber das Studienangebot an Fachhochschulen und Universit\u00e4ten, wird seit<br \/>\nvielen Jahren regelm\u00e4\u00dfig durchgef\u00fchrt und zeigt Studieninteressierten,<br \/>\nPersonalverantwortlichen und AbsolventInnen die Anforderungen, die von<br \/>\nder Praxis geforderten Kompetenzen und die Karrierem\u00f6glichkeiten von<br \/>\nWirtschaftsingenieurInnen auf.<\/p>","protected":false},"excerpt":{"rendered":"<p class=\"qtranxs-available-languages-message qtranxs-available-languages-message-en\">Sorry, this entry is only available in <a href=\"https:\/\/tugraztestweb.asol.at\/de\/wp-json\/wp\/v2\/product\/35029\" class=\"qtranxs-available-language-link qtranxs-available-language-link-de\" title=\"Deutsch\">Deutsch<\/a>.<\/p>\n<p>Die Berufsbildstudie zum Wirtschaftsingenieurwesen gibt einen \u00dcberblick<br \/>\n\u00fcber das Studienangebot an Fachhochschulen und Universit\u00e4ten, wird seit<br \/>\nvielen Jahren regelm\u00e4\u00dfig durchgef\u00fchrt und zeigt Studieninteressierten,<br \/>\nPersonalverantwortlichen und AbsolventInnen die Anforderungen, die von<br \/>\nder Praxis geforderten Kompetenzen und die Karrierem\u00f6glichkeiten von<br \/>\nWirtschaftsingenieurInnen auf.<\/p>\n","protected":false},"featured_media":40188,"comment_status":"closed","ping_status":"closed","template":"","meta":[],"yoast_head":"<!-- This site is optimized with the Yoast SEO plugin v16.1.1 - https:\/\/yoast.com\/wordpress\/plugins\/seo\/ -->\n<link rel=\"canonical\" href=\"https:\/\/tugraztestweb.asol.at\/gesamtverzeichnis\/maschinenbau-und-wirtschaftswissenschaften\/wirtschaftsingenieurwesen-berufsbildstudie-2018-ebook\/\" \/>\n<meta property=\"og:locale\" content=\"en_US\" \/>\n<meta property=\"og:type\" content=\"article\" \/>\n<meta property=\"og:title\" content=\"Wirtschaftsingenieurwesen-Berufsbildstudie 2018 - Verlag der TU Graz\" \/>\n<meta property=\"og:description\" content=\"Die Berufsbildstudie zum Wirtschaftsingenieurwesen gibt einen \u00dcberblick \u00fcber das Studienangebot an Fachhochschulen und Universit\u00e4ten, wird seit vielen Jahren regelm\u00e4\u00dfig durchgef\u00fchrt und zeigt Studieninteressierten, Personalverantwortlichen und AbsolventInnen die Anforderungen, die von der Praxis geforderten Kompetenzen und die Karrierem\u00f6glichkeiten von WirtschaftsingenieurInnen auf.\" \/>\n<meta property=\"og:url\" content=\"https:\/\/tugraztestweb.asol.at\/gesamtverzeichnis\/maschinenbau-und-wirtschaftswissenschaften\/wirtschaftsingenieurwesen-berufsbildstudie-2018-ebook\/\" \/>\n<meta property=\"og:site_name\" content=\"Verlag der TU Graz\" \/>\n<meta property=\"article:modified_time\" content=\"2020-08-21T12:56:36+00:00\" \/>\n<meta property=\"og:image\" content=\"https:\/\/tugraztestweb.asol.at\/wp-content\/uploads\/2020\/08\/image-898.jpg\" \/>\n\t<meta property=\"og:image:width\" content=\"580\" \/>\n\t<meta property=\"og:image:height\" content=\"825\" \/>\n<meta name=\"twitter:card\" content=\"summary_large_image\" \/>\n<script type=\"application\/ld+json\" class=\"yoast-schema-graph\">{\"@context\":\"https:\/\/schema.org\",\"@graph\":[{\"@type\":\"WebSite\",\"@id\":\"https:\/\/tugraztestweb.asol.at\/#website\",\"url\":\"https:\/\/tugraztestweb.asol.at\/\",\"name\":\"Verlag der TU Graz\",\"description\":\"Verlag der Technischen Universit\\u00e4t Graz\",\"potentialAction\":[{\"@type\":\"SearchAction\",\"target\":\"https:\/\/tugraztestweb.asol.at\/?s={search_term_string}\",\"query-input\":\"required name=search_term_string\"}],\"inLanguage\":\"en-US\"},{\"@type\":\"ImageObject\",\"@id\":\"https:\/\/tugraztestweb.asol.at\/gesamtverzeichnis\/maschinenbau-und-wirtschaftswissenschaften\/wirtschaftsingenieurwesen-berufsbildstudie-2018-ebook\/#primaryimage\",\"inLanguage\":\"en-US\",\"url\":\"https:\/\/tugraztestweb.asol.at\/wp-content\/uploads\/2020\/08\/image-898.jpg\",\"contentUrl\":\"https:\/\/tugraztestweb.asol.at\/wp-content\/uploads\/2020\/08\/image-898.jpg\",\"width\":580,\"height\":825},{\"@type\":\"WebPage\",\"@id\":\"https:\/\/tugraztestweb.asol.at\/gesamtverzeichnis\/maschinenbau-und-wirtschaftswissenschaften\/wirtschaftsingenieurwesen-berufsbildstudie-2018-ebook\/#webpage\",\"url\":\"https:\/\/tugraztestweb.asol.at\/gesamtverzeichnis\/maschinenbau-und-wirtschaftswissenschaften\/wirtschaftsingenieurwesen-berufsbildstudie-2018-ebook\/\",\"name\":\"Wirtschaftsingenieurwesen-Berufsbildstudie 2018 - Verlag der TU Graz\",\"isPartOf\":{\"@id\":\"https:\/\/tugraztestweb.asol.at\/#website\"},\"primaryImageOfPage\":{\"@id\":\"https:\/\/tugraztestweb.asol.at\/gesamtverzeichnis\/maschinenbau-und-wirtschaftswissenschaften\/wirtschaftsingenieurwesen-berufsbildstudie-2018-ebook\/#primaryimage\"},\"datePublished\":\"2020-08-21T12:55:36+00:00\",\"dateModified\":\"2020-08-21T12:56:36+00:00\",\"breadcrumb\":{\"@id\":\"https:\/\/tugraztestweb.asol.at\/gesamtverzeichnis\/maschinenbau-und-wirtschaftswissenschaften\/wirtschaftsingenieurwesen-berufsbildstudie-2018-ebook\/#breadcrumb\"},\"inLanguage\":\"en-US\",\"potentialAction\":[{\"@type\":\"ReadAction\",\"target\":[\"https:\/\/tugraztestweb.asol.at\/gesamtverzeichnis\/maschinenbau-und-wirtschaftswissenschaften\/wirtschaftsingenieurwesen-berufsbildstudie-2018-ebook\/\"]}]},{\"@type\":\"BreadcrumbList\",\"@id\":\"https:\/\/tugraztestweb.asol.at\/gesamtverzeichnis\/maschinenbau-und-wirtschaftswissenschaften\/wirtschaftsingenieurwesen-berufsbildstudie-2018-ebook\/#breadcrumb\",\"itemListElement\":[{\"@type\":\"ListItem\",\"position\":1,\"item\":{\"@type\":\"WebPage\",\"@id\":\"https:\/\/tugraztestweb.asol.at\/\",\"url\":\"https:\/\/tugraztestweb.asol.at\/\",\"name\":\"Home\"}},{\"@type\":\"ListItem\",\"position\":2,\"item\":{\"@type\":\"WebPage\",\"@id\":\"https:\/\/tugraztestweb.asol.at\/gesamtverzeichnis\/\",\"url\":\"https:\/\/tugraztestweb.asol.at\/gesamtverzeichnis\/\",\"name\":\"Gesamtverzeichnis\"}},{\"@type\":\"ListItem\",\"position\":3,\"item\":{\"@type\":\"WebPage\",\"@id\":\"https:\/\/tugraztestweb.asol.at\/gesamtverzeichnis\/maschinenbau-und-wirtschaftswissenschaften\/wirtschaftsingenieurwesen-berufsbildstudie-2018-ebook\/\",\"url\":\"https:\/\/tugraztestweb.asol.at\/gesamtverzeichnis\/maschinenbau-und-wirtschaftswissenschaften\/wirtschaftsingenieurwesen-berufsbildstudie-2018-ebook\/\",\"name\":\"Wirtschaftsingenieurwesen-Berufsbildstudie 2018\"}}]}]}<\/script>\n<!-- \/ Yoast SEO plugin. -->","_links":{"self":[{"href":"https:\/\/tugraztestweb.asol.at\/en\/wp-json\/wp\/v2\/product\/35029"}],"collection":[{"href":"https:\/\/tugraztestweb.asol.at\/en\/wp-json\/wp\/v2\/product"}],"about":[{"href":"https:\/\/tugraztestweb.asol.at\/en\/wp-json\/wp\/v2\/types\/product"}],"replies":[{"embeddable":true,"href":"https:\/\/tugraztestweb.asol.at\/en\/wp-json\/wp\/v2\/comments?post=35029"}],"wp:featuredmedia":[{"embeddable":true,"href":"https:\/\/tugraztestweb.asol.at\/en\/wp-json\/wp\/v2\/media\/40188"}],"wp:attachment":[{"href":"https:\/\/tugraztestweb.asol.at\/en\/wp-json\/wp\/v2\/media?parent=35029"}],"curies":[{"name":"wp","href":"https:\/\/api.w.org\/{rel}","templated":true}]}}