{"id":35185,"date":"2020-08-21T12:55:36","date_gmt":"2020-08-21T12:55:36","guid":{"rendered":"http:\/\/tugraztestweb.asol.at\/gesamtverzeichnis\/unkategorisiert\/3-grazer-betonkolloquium-2\/"},"modified":"2020-08-21T14:56:37","modified_gmt":"2020-08-21T12:56:37","slug":"4-grazer-betonkolloquium","status":"publish","type":"product","link":"https:\/\/tugraztestweb.asol.at\/en\/gesamtverzeichnis\/bauingenieurwissenschaften\/4-grazer-betonkolloquium\/","title":{"rendered":"4. Grazer Betonkolloquium"},"content":{"rendered":"<p class=\"qtranxs-available-languages-message qtranxs-available-languages-message-en\">Sorry, this entry is only available in <a href=\"https:\/\/tugraztestweb.asol.at\/de\/wp-json\/wp\/v2\/product\/35185\" class=\"qtranxs-available-language-link qtranxs-available-language-link-de\" title=\"Deutsch\">Deutsch<\/a>.<\/p><p>Beton und Energie\u2026<br \/>\u2026 l\u00e4sst sich aus unterschiedlichsten Blickwinkeln betrachten. Die graue Energie des Betons wurde beim Grazer Betonkolloquium 2014 unter dem Thema der \u201eNachhaltig Bauen mit Beton\u201c bereits eingehend beleuchtet. Wie sieht es aber generell mit der Frage der Energie und Beton aus? In einem unserer diesj\u00e4hrigen Schwerpunkte referieren Experten \u00fcber die unterschiedlichsten Betonanwendungen um Energie zu gewinnen, zu transportieren, oder zu speichern. In der Fassade kann Beton ja neuerdings auch als D\u00e4mmstoff sinnvoll eingesetzt werden. <br \/>Einen weiteren Schwerpunkt legen wir auf die Revitalisierung von Betonbauwerken. Lohnt es sich, ein Bauwerk zu erhalten oder bauen wir besser gleich neu? Wir betrachten hier neben konstruktiven Fragen und L\u00f6sungen auch Nutzen und Wirtschaftlichkeit.<br \/>Unser dritter Themenblock widmet sich der Herstellung des Betons; dem Prozess vom Mischen bis zum Einbau, wobei bei letzterem der Spritzbeton im Fokus steht. Und nat\u00fcrlich gibt es weiterhin die traditionellen Themenbl\u00f6cke zu aktuellen Forschungsaktivit\u00e4ten und Innovation wie auch zu neuen Regelwerken und deren Einf\u00fchrung. Aufgrund des breiten Zuspruchs in den vergangenen Jahren, m\u00f6chten wir auch in diesem Jahr den Doktorandinnen und Doktoranden, die sich intensiv mit aktuellen Fragestellungen zum Thema Beton auseinandersetzen, die Gelegenheit geben, Ihre Forschungsprojekte und -ergebnisse in Form eines wissenschaftlichen Fachbeitrags im Tagungsband und einer Posterpr\u00e4sentation vor Ort zu publizieren. <br \/><\/p>","protected":false},"excerpt":{"rendered":"<p class=\"qtranxs-available-languages-message qtranxs-available-languages-message-en\">Sorry, this entry is only available in <a href=\"https:\/\/tugraztestweb.asol.at\/de\/wp-json\/wp\/v2\/product\/35185\" class=\"qtranxs-available-language-link qtranxs-available-language-link-de\" title=\"Deutsch\">Deutsch<\/a>.<\/p>\n<p>Beton und Energie\u2026<br \/>\u2026 l\u00e4sst sich aus unterschiedlichsten Blickwinkeln betrachten. Die graue Energie des Betons wurde beim Grazer Betonkolloquium 2014 unter dem Thema der \u201eNachhaltig Bauen mit Beton\u201c bereits eingehend beleuchtet. Wie sieht es aber generell mit der Frage der Energie und Beton aus? In einem unserer diesj\u00e4hrigen Schwerpunkte referieren Experten \u00fcber die unterschiedlichsten Betonanwendungen um Energie zu gewinnen, zu transportieren, oder zu speichern. In der Fassade kann Beton ja neuerdings auch als D\u00e4mmstoff sinnvoll eingesetzt werden. <br \/>Einen weiteren Schwerpunkt legen wir auf die Revitalisierung von Betonbauwerken. Lohnt es sich, ein Bauwerk zu erhalten oder bauen wir besser gleich neu? Wir betrachten hier neben konstruktiven Fragen und L\u00f6sungen auch Nutzen und Wirtschaftlichkeit.<br \/>Unser dritter Themenblock widmet sich der Herstellung des Betons; dem Prozess vom Mischen bis zum Einbau, wobei bei letzterem der Spritzbeton im Fokus steht. Und nat\u00fcrlich gibt es weiterhin die traditionellen Themenbl\u00f6cke zu aktuellen Forschungsaktivit\u00e4ten und Innovation wie auch zu neuen Regelwerken und deren Einf\u00fchrung. Aufgrund des breiten Zuspruchs in den vergangenen Jahren, m\u00f6chten wir auch in diesem Jahr den Doktorandinnen und Doktoranden, die sich intensiv mit aktuellen Fragestellungen zum Thema Beton auseinandersetzen, die Gelegenheit geben, Ihre Forschungsprojekte und -ergebnisse in Form eines wissenschaftlichen Fachbeitrags im Tagungsband und einer Posterpr\u00e4sentation vor Ort zu publizieren. <\/p>\n","protected":false},"featured_media":40192,"comment_status":"closed","ping_status":"closed","template":"","meta":[],"yoast_head":"<!-- This site is optimized with the Yoast SEO plugin v16.1.1 - https:\/\/yoast.com\/wordpress\/plugins\/seo\/ -->\n<link rel=\"canonical\" href=\"https:\/\/tugraztestweb.asol.at\/gesamtverzeichnis\/bauingenieurwissenschaften\/4-grazer-betonkolloquium\/\" \/>\n<meta property=\"og:locale\" content=\"en_US\" \/>\n<meta property=\"og:type\" content=\"article\" \/>\n<meta property=\"og:title\" content=\"4. Grazer Betonkolloquium - Verlag der TU Graz\" \/>\n<meta property=\"og:description\" content=\"Beton und Energie\u2026\u2026 l\u00e4sst sich aus unterschiedlichsten Blickwinkeln betrachten. Die graue Energie des Betons wurde beim Grazer Betonkolloquium 2014 unter dem Thema der \u201eNachhaltig Bauen mit Beton\u201c bereits eingehend beleuchtet. Wie sieht es aber generell mit der Frage der Energie und Beton aus? In einem unserer diesj\u00e4hrigen Schwerpunkte referieren Experten \u00fcber die unterschiedlichsten Betonanwendungen um Energie zu gewinnen, zu transportieren, oder zu speichern. In der Fassade kann Beton ja neuerdings auch als D\u00e4mmstoff sinnvoll eingesetzt werden. Einen weiteren Schwerpunkt legen wir auf die Revitalisierung von Betonbauwerken. Lohnt es sich, ein Bauwerk zu erhalten oder bauen wir besser gleich neu? Wir betrachten hier neben konstruktiven Fragen und L\u00f6sungen auch Nutzen und Wirtschaftlichkeit.Unser dritter Themenblock widmet sich der Herstellung des Betons; dem Prozess vom Mischen bis zum Einbau, wobei bei letzterem der Spritzbeton im Fokus steht. Und nat\u00fcrlich gibt es weiterhin die traditionellen Themenbl\u00f6cke zu aktuellen Forschungsaktivit\u00e4ten und Innovation wie auch zu neuen Regelwerken und deren Einf\u00fchrung. Aufgrund des breiten Zuspruchs in den vergangenen Jahren, m\u00f6chten wir auch in diesem Jahr den Doktorandinnen und Doktoranden, die sich intensiv mit aktuellen Fragestellungen zum Thema Beton auseinandersetzen, die Gelegenheit geben, Ihre Forschungsprojekte und -ergebnisse in Form eines wissenschaftlichen Fachbeitrags im Tagungsband und einer Posterpr\u00e4sentation vor Ort zu publizieren.\" \/>\n<meta property=\"og:url\" content=\"https:\/\/tugraztestweb.asol.at\/gesamtverzeichnis\/bauingenieurwissenschaften\/4-grazer-betonkolloquium\/\" \/>\n<meta property=\"og:site_name\" content=\"Verlag der TU Graz\" \/>\n<meta property=\"article:modified_time\" content=\"2020-08-21T12:56:37+00:00\" \/>\n<meta property=\"og:image\" content=\"https:\/\/tugraztestweb.asol.at\/wp-content\/uploads\/2020\/08\/image-978-3-85125-621-5.jpg\" \/>\n\t<meta property=\"og:image:width\" content=\"622\" \/>\n\t<meta property=\"og:image:height\" content=\"881\" \/>\n<meta name=\"twitter:card\" content=\"summary_large_image\" \/>\n<meta name=\"twitter:label1\" content=\"Est. reading time\">\n\t<meta name=\"twitter:data1\" content=\"1 minute\">\n<script type=\"application\/ld+json\" class=\"yoast-schema-graph\">{\"@context\":\"https:\/\/schema.org\",\"@graph\":[{\"@type\":\"WebSite\",\"@id\":\"https:\/\/tugraztestweb.asol.at\/#website\",\"url\":\"https:\/\/tugraztestweb.asol.at\/\",\"name\":\"Verlag der TU Graz\",\"description\":\"Verlag der Technischen Universit\\u00e4t Graz\",\"potentialAction\":[{\"@type\":\"SearchAction\",\"target\":\"https:\/\/tugraztestweb.asol.at\/?s={search_term_string}\",\"query-input\":\"required name=search_term_string\"}],\"inLanguage\":\"en-US\"},{\"@type\":\"ImageObject\",\"@id\":\"https:\/\/tugraztestweb.asol.at\/gesamtverzeichnis\/bauingenieurwissenschaften\/4-grazer-betonkolloquium\/#primaryimage\",\"inLanguage\":\"en-US\",\"url\":\"https:\/\/tugraztestweb.asol.at\/wp-content\/uploads\/2020\/08\/image-978-3-85125-621-5.jpg\",\"contentUrl\":\"https:\/\/tugraztestweb.asol.at\/wp-content\/uploads\/2020\/08\/image-978-3-85125-621-5.jpg\",\"width\":622,\"height\":881},{\"@type\":\"WebPage\",\"@id\":\"https:\/\/tugraztestweb.asol.at\/gesamtverzeichnis\/bauingenieurwissenschaften\/4-grazer-betonkolloquium\/#webpage\",\"url\":\"https:\/\/tugraztestweb.asol.at\/gesamtverzeichnis\/bauingenieurwissenschaften\/4-grazer-betonkolloquium\/\",\"name\":\"4. Grazer Betonkolloquium - Verlag der TU Graz\",\"isPartOf\":{\"@id\":\"https:\/\/tugraztestweb.asol.at\/#website\"},\"primaryImageOfPage\":{\"@id\":\"https:\/\/tugraztestweb.asol.at\/gesamtverzeichnis\/bauingenieurwissenschaften\/4-grazer-betonkolloquium\/#primaryimage\"},\"datePublished\":\"2020-08-21T12:55:36+00:00\",\"dateModified\":\"2020-08-21T12:56:37+00:00\",\"breadcrumb\":{\"@id\":\"https:\/\/tugraztestweb.asol.at\/gesamtverzeichnis\/bauingenieurwissenschaften\/4-grazer-betonkolloquium\/#breadcrumb\"},\"inLanguage\":\"en-US\",\"potentialAction\":[{\"@type\":\"ReadAction\",\"target\":[\"https:\/\/tugraztestweb.asol.at\/gesamtverzeichnis\/bauingenieurwissenschaften\/4-grazer-betonkolloquium\/\"]}]},{\"@type\":\"BreadcrumbList\",\"@id\":\"https:\/\/tugraztestweb.asol.at\/gesamtverzeichnis\/bauingenieurwissenschaften\/4-grazer-betonkolloquium\/#breadcrumb\",\"itemListElement\":[{\"@type\":\"ListItem\",\"position\":1,\"item\":{\"@type\":\"WebPage\",\"@id\":\"https:\/\/tugraztestweb.asol.at\/\",\"url\":\"https:\/\/tugraztestweb.asol.at\/\",\"name\":\"Home\"}},{\"@type\":\"ListItem\",\"position\":2,\"item\":{\"@type\":\"WebPage\",\"@id\":\"https:\/\/tugraztestweb.asol.at\/gesamtverzeichnis\/\",\"url\":\"https:\/\/tugraztestweb.asol.at\/gesamtverzeichnis\/\",\"name\":\"Gesamtverzeichnis\"}},{\"@type\":\"ListItem\",\"position\":3,\"item\":{\"@type\":\"WebPage\",\"@id\":\"https:\/\/tugraztestweb.asol.at\/gesamtverzeichnis\/bauingenieurwissenschaften\/4-grazer-betonkolloquium\/\",\"url\":\"https:\/\/tugraztestweb.asol.at\/gesamtverzeichnis\/bauingenieurwissenschaften\/4-grazer-betonkolloquium\/\",\"name\":\"4. Grazer Betonkolloquium\"}}]}]}<\/script>\n<!-- \/ Yoast SEO plugin. -->","_links":{"self":[{"href":"https:\/\/tugraztestweb.asol.at\/en\/wp-json\/wp\/v2\/product\/35185"}],"collection":[{"href":"https:\/\/tugraztestweb.asol.at\/en\/wp-json\/wp\/v2\/product"}],"about":[{"href":"https:\/\/tugraztestweb.asol.at\/en\/wp-json\/wp\/v2\/types\/product"}],"replies":[{"embeddable":true,"href":"https:\/\/tugraztestweb.asol.at\/en\/wp-json\/wp\/v2\/comments?post=35185"}],"wp:featuredmedia":[{"embeddable":true,"href":"https:\/\/tugraztestweb.asol.at\/en\/wp-json\/wp\/v2\/media\/40192"}],"wp:attachment":[{"href":"https:\/\/tugraztestweb.asol.at\/en\/wp-json\/wp\/v2\/media?parent=35185"}],"curies":[{"name":"wp","href":"https:\/\/api.w.org\/{rel}","templated":true}]}}