{"id":35223,"date":"2020-08-21T12:55:37","date_gmt":"2020-08-21T12:55:37","guid":{"rendered":"http:\/\/tugraztestweb.asol.at\/gesamtverzeichnis\/unkategorisiert\/die-stahlblech-holz-laschenverbindung-mit-schraegen-schrauben\/"},"modified":"2020-08-21T14:56:37","modified_gmt":"2020-08-21T12:56:37","slug":"die-stahlblech-holz-laschenverbindung-mit-schraegen-schrauben","status":"publish","type":"product","link":"https:\/\/tugraztestweb.asol.at\/en\/gesamtverzeichnis\/bauingenieurwissenschaften\/die-stahlblech-holz-laschenverbindung-mit-schraegen-schrauben\/","title":{"rendered":"Die Stahlblech-Holz-Laschenverbindung mit schr\u00e4gen Schrauben"},"content":{"rendered":"<p class=\"qtranxs-available-languages-message qtranxs-available-languages-message-en\">Sorry, this entry is only available in <a href=\"https:\/\/tugraztestweb.asol.at\/de\/wp-json\/wp\/v2\/product\/35223\" class=\"qtranxs-available-language-link qtranxs-available-language-link-de\" title=\"Deutsch\">Deutsch<\/a>.<\/p><p>Die Arbeit zum Thema der Stahlblech-Holz-Zuglaschenverbindung mit geneigt angeordneten selbstbohrenden<br \/>Holzschrauben steht im Zeichen der Frage nach der wirksamen Anzahl von Verbindungsmitteln.<br \/>Dar\u00fcber hinaus wurden die wesentlichen Einflussparameter auf die Bemessung dieser Verbindungstechnik<br \/>theoretisch und experimentell untersucht.<br \/>Neben der Verbindungsgeometrie und den holzspezifischen Eigenschaften konnten vor allem das Last-<br \/>Verschiebungs-Verhalten des einzelnen Verbindungsmittels sowie das betrachtete Lastniveau als Ma\u00dfgeblich<br \/>f\u00fcr die Lastverteilung in einer Reihe identifiziert werden.<br \/>Auf Basis vorhandener mechanischer Modelle wurden die, aus den experimentellen Untersuchungen ermittelten,<br \/>Eingangsgr\u00f6\u00dfen zur rechnerischen Ermittlung der wirksamen Anzahl untersucht. Das im Labor<br \/>festgestellte Verhalten konnte damit in befriedigendem Ma\u00dfe best\u00e4tigt werden.<br \/>Den Abschluss der Arbeit bildet die Vorstellung eines Bemessungsmodells f\u00fcr Stahlblech-Holz-Zuglaschenverbindungen<br \/>f\u00fcr verschiedene Winkel zwischen Schraubenachse und Faserrichtung des Holzes. Die<br \/>zugeh\u00f6rigen Anwendungsgrenzen sowie notwendige Hinweise f\u00fcr die Baupraxis bilden dabei den Rahmen<br \/>f\u00fcr die praktische Anwendbarkeit dieser Regeln.<\/p>","protected":false},"excerpt":{"rendered":"<p class=\"qtranxs-available-languages-message qtranxs-available-languages-message-en\">Sorry, this entry is only available in <a href=\"https:\/\/tugraztestweb.asol.at\/de\/wp-json\/wp\/v2\/product\/35223\" class=\"qtranxs-available-language-link qtranxs-available-language-link-de\" title=\"Deutsch\">Deutsch<\/a>.<\/p>\n<p>Die Arbeit zum Thema der Stahlblech-Holz-Zuglaschenverbindung mit geneigt angeordneten selbstbohrenden<br \/>Holzschrauben steht im Zeichen der Frage nach der wirksamen Anzahl von Verbindungsmitteln.<br \/>Dar\u00fcber hinaus wurden die wesentlichen Einflussparameter auf die Bemessung dieser Verbindungstechnik<br \/>theoretisch und experimentell untersucht.<br \/>Neben der Verbindungsgeometrie und den holzspezifischen Eigenschaften konnten vor allem das Last-<br \/>Verschiebungs-Verhalten des einzelnen Verbindungsmittels sowie das betrachtete Lastniveau als Ma\u00dfgeblich<br \/>f\u00fcr die Lastverteilung in einer Reihe identifiziert werden.<br \/>Auf Basis vorhandener mechanischer Modelle wurden die, aus den experimentellen Untersuchungen ermittelten,<br \/>Eingangsgr\u00f6\u00dfen zur rechnerischen Ermittlung der wirksamen Anzahl untersucht. Das im Labor<br \/>festgestellte Verhalten konnte damit in befriedigendem Ma\u00dfe best\u00e4tigt werden.<br \/>Den Abschluss der Arbeit bildet die Vorstellung eines Bemessungsmodells f\u00fcr Stahlblech-Holz-Zuglaschenverbindungen<br \/>f\u00fcr verschiedene Winkel zwischen Schraubenachse und Faserrichtung des Holzes. Die<br \/>zugeh\u00f6rigen Anwendungsgrenzen sowie notwendige Hinweise f\u00fcr die Baupraxis bilden dabei den Rahmen<br \/>f\u00fcr die praktische Anwendbarkeit dieser Regeln.<\/p>\n","protected":false},"featured_media":40193,"comment_status":"closed","ping_status":"closed","template":"","meta":[],"yoast_head":"<!-- This site is optimized with the Yoast SEO plugin v16.1.1 - https:\/\/yoast.com\/wordpress\/plugins\/seo\/ -->\n<link rel=\"canonical\" href=\"https:\/\/tugraztestweb.asol.at\/gesamtverzeichnis\/bauingenieurwissenschaften\/die-stahlblech-holz-laschenverbindung-mit-schraegen-schrauben\/\" \/>\n<meta property=\"og:locale\" content=\"en_US\" \/>\n<meta property=\"og:type\" content=\"article\" \/>\n<meta property=\"og:title\" content=\"Die Stahlblech-Holz-Laschenverbindung mit schr\u00e4gen Schrauben - Verlag der TU Graz\" \/>\n<meta property=\"og:description\" content=\"Die Arbeit zum Thema der Stahlblech-Holz-Zuglaschenverbindung mit geneigt angeordneten selbstbohrendenHolzschrauben steht im Zeichen der Frage nach der wirksamen Anzahl von Verbindungsmitteln.Dar\u00fcber hinaus wurden die wesentlichen Einflussparameter auf die Bemessung dieser Verbindungstechniktheoretisch und experimentell untersucht.Neben der Verbindungsgeometrie und den holzspezifischen Eigenschaften konnten vor allem das Last-Verschiebungs-Verhalten des einzelnen Verbindungsmittels sowie das betrachtete Lastniveau als Ma\u00dfgeblichf\u00fcr die Lastverteilung in einer Reihe identifiziert werden.Auf Basis vorhandener mechanischer Modelle wurden die, aus den experimentellen Untersuchungen ermittelten,Eingangsgr\u00f6\u00dfen zur rechnerischen Ermittlung der wirksamen Anzahl untersucht. Das im Laborfestgestellte Verhalten konnte damit in befriedigendem Ma\u00dfe best\u00e4tigt werden.Den Abschluss der Arbeit bildet die Vorstellung eines Bemessungsmodells f\u00fcr Stahlblech-Holz-Zuglaschenverbindungenf\u00fcr verschiedene Winkel zwischen Schraubenachse und Faserrichtung des Holzes. Diezugeh\u00f6rigen Anwendungsgrenzen sowie notwendige Hinweise f\u00fcr die Baupraxis bilden dabei den Rahmenf\u00fcr die praktische Anwendbarkeit dieser Regeln.\" \/>\n<meta property=\"og:url\" content=\"https:\/\/tugraztestweb.asol.at\/gesamtverzeichnis\/bauingenieurwissenschaften\/die-stahlblech-holz-laschenverbindung-mit-schraegen-schrauben\/\" \/>\n<meta property=\"og:site_name\" content=\"Verlag der TU Graz\" \/>\n<meta property=\"article:modified_time\" content=\"2020-08-21T12:56:37+00:00\" \/>\n<meta property=\"og:image\" content=\"https:\/\/tugraztestweb.asol.at\/wp-content\/uploads\/2020\/08\/image-978-3-85125-622-2.jpg\" \/>\n\t<meta property=\"og:image:width\" content=\"592\" \/>\n\t<meta property=\"og:image:height\" content=\"858\" \/>\n<meta name=\"twitter:card\" content=\"summary_large_image\" \/>\n<meta name=\"twitter:label1\" content=\"Est. reading time\">\n\t<meta name=\"twitter:data1\" content=\"1 minute\">\n<script type=\"application\/ld+json\" class=\"yoast-schema-graph\">{\"@context\":\"https:\/\/schema.org\",\"@graph\":[{\"@type\":\"WebSite\",\"@id\":\"https:\/\/tugraztestweb.asol.at\/#website\",\"url\":\"https:\/\/tugraztestweb.asol.at\/\",\"name\":\"Verlag der TU Graz\",\"description\":\"Verlag der Technischen Universit\\u00e4t Graz\",\"potentialAction\":[{\"@type\":\"SearchAction\",\"target\":\"https:\/\/tugraztestweb.asol.at\/?s={search_term_string}\",\"query-input\":\"required name=search_term_string\"}],\"inLanguage\":\"en-US\"},{\"@type\":\"ImageObject\",\"@id\":\"https:\/\/tugraztestweb.asol.at\/gesamtverzeichnis\/bauingenieurwissenschaften\/die-stahlblech-holz-laschenverbindung-mit-schraegen-schrauben\/#primaryimage\",\"inLanguage\":\"en-US\",\"url\":\"https:\/\/tugraztestweb.asol.at\/wp-content\/uploads\/2020\/08\/image-978-3-85125-622-2.jpg\",\"contentUrl\":\"https:\/\/tugraztestweb.asol.at\/wp-content\/uploads\/2020\/08\/image-978-3-85125-622-2.jpg\",\"width\":592,\"height\":858},{\"@type\":\"WebPage\",\"@id\":\"https:\/\/tugraztestweb.asol.at\/gesamtverzeichnis\/bauingenieurwissenschaften\/die-stahlblech-holz-laschenverbindung-mit-schraegen-schrauben\/#webpage\",\"url\":\"https:\/\/tugraztestweb.asol.at\/gesamtverzeichnis\/bauingenieurwissenschaften\/die-stahlblech-holz-laschenverbindung-mit-schraegen-schrauben\/\",\"name\":\"Die Stahlblech-Holz-Laschenverbindung mit schr\\u00e4gen Schrauben - Verlag der TU Graz\",\"isPartOf\":{\"@id\":\"https:\/\/tugraztestweb.asol.at\/#website\"},\"primaryImageOfPage\":{\"@id\":\"https:\/\/tugraztestweb.asol.at\/gesamtverzeichnis\/bauingenieurwissenschaften\/die-stahlblech-holz-laschenverbindung-mit-schraegen-schrauben\/#primaryimage\"},\"datePublished\":\"2020-08-21T12:55:37+00:00\",\"dateModified\":\"2020-08-21T12:56:37+00:00\",\"breadcrumb\":{\"@id\":\"https:\/\/tugraztestweb.asol.at\/gesamtverzeichnis\/bauingenieurwissenschaften\/die-stahlblech-holz-laschenverbindung-mit-schraegen-schrauben\/#breadcrumb\"},\"inLanguage\":\"en-US\",\"potentialAction\":[{\"@type\":\"ReadAction\",\"target\":[\"https:\/\/tugraztestweb.asol.at\/gesamtverzeichnis\/bauingenieurwissenschaften\/die-stahlblech-holz-laschenverbindung-mit-schraegen-schrauben\/\"]}]},{\"@type\":\"BreadcrumbList\",\"@id\":\"https:\/\/tugraztestweb.asol.at\/gesamtverzeichnis\/bauingenieurwissenschaften\/die-stahlblech-holz-laschenverbindung-mit-schraegen-schrauben\/#breadcrumb\",\"itemListElement\":[{\"@type\":\"ListItem\",\"position\":1,\"item\":{\"@type\":\"WebPage\",\"@id\":\"https:\/\/tugraztestweb.asol.at\/\",\"url\":\"https:\/\/tugraztestweb.asol.at\/\",\"name\":\"Home\"}},{\"@type\":\"ListItem\",\"position\":2,\"item\":{\"@type\":\"WebPage\",\"@id\":\"https:\/\/tugraztestweb.asol.at\/gesamtverzeichnis\/\",\"url\":\"https:\/\/tugraztestweb.asol.at\/gesamtverzeichnis\/\",\"name\":\"Gesamtverzeichnis\"}},{\"@type\":\"ListItem\",\"position\":3,\"item\":{\"@type\":\"WebPage\",\"@id\":\"https:\/\/tugraztestweb.asol.at\/gesamtverzeichnis\/bauingenieurwissenschaften\/die-stahlblech-holz-laschenverbindung-mit-schraegen-schrauben\/\",\"url\":\"https:\/\/tugraztestweb.asol.at\/gesamtverzeichnis\/bauingenieurwissenschaften\/die-stahlblech-holz-laschenverbindung-mit-schraegen-schrauben\/\",\"name\":\"Die Stahlblech-Holz-Laschenverbindung mit schr\\u00e4gen Schrauben\"}}]}]}<\/script>\n<!-- \/ Yoast SEO plugin. -->","_links":{"self":[{"href":"https:\/\/tugraztestweb.asol.at\/en\/wp-json\/wp\/v2\/product\/35223"}],"collection":[{"href":"https:\/\/tugraztestweb.asol.at\/en\/wp-json\/wp\/v2\/product"}],"about":[{"href":"https:\/\/tugraztestweb.asol.at\/en\/wp-json\/wp\/v2\/types\/product"}],"replies":[{"embeddable":true,"href":"https:\/\/tugraztestweb.asol.at\/en\/wp-json\/wp\/v2\/comments?post=35223"}],"wp:featuredmedia":[{"embeddable":true,"href":"https:\/\/tugraztestweb.asol.at\/en\/wp-json\/wp\/v2\/media\/40193"}],"wp:attachment":[{"href":"https:\/\/tugraztestweb.asol.at\/en\/wp-json\/wp\/v2\/media?parent=35223"}],"curies":[{"name":"wp","href":"https:\/\/api.w.org\/{rel}","templated":true}]}}