{"id":35309,"date":"2020-08-21T12:55:37","date_gmt":"2020-08-21T12:55:37","guid":{"rendered":"http:\/\/tugraztestweb.asol.at\/gesamtverzeichnis\/unkategorisiert\/in-diesen-schweren-tagen\/"},"modified":"2020-08-21T14:56:37","modified_gmt":"2020-08-21T12:56:37","slug":"in-diesen-schweren-tagen","status":"publish","type":"product","link":"https:\/\/tugraztestweb.asol.at\/en\/gesamtverzeichnis\/interdiszipinaeres\/in-diesen-schweren-tagen\/","title":{"rendered":"In diesen schweren Tagen"},"content":{"rendered":"<p class=\"qtranxs-available-languages-message qtranxs-available-languages-message-en\">Sorry, this entry is only available in <a href=\"https:\/\/tugraztestweb.asol.at\/de\/wp-json\/wp\/v2\/product\/35309\" class=\"qtranxs-available-language-link qtranxs-available-language-link-de\" title=\"Deutsch\">Deutsch<\/a>.<\/p><p>Mit diesem Buch liegt erstmals f\u00fcr \u00d6sterreich eine Gesamtschau dazu vor, wie sich der Erste Weltkrieg auf eine Hochschule auswirkte. Neben der allgemeinen Situation werden darin die Auswirkungen der Ablieferung kriegswirtschaftlich relevanter Materialien und der milit\u00e4rischen Einquartierungen beleuchtet, die Auswirkungen des Krieges auf Forschung, Lehre, soziale Verh\u00e4ltnisse und die T\u00e4tigkeiten von Lehrenden und Studierenden im Kriegseinsatz, wobei im Mittelpunkt der Betrachtung immer die Menschen, im besten Fall das gut greifbare Einzelindividuum, stehen.<\/p>\n<p><\/p>","protected":false},"excerpt":{"rendered":"<p class=\"qtranxs-available-languages-message qtranxs-available-languages-message-en\">Sorry, this entry is only available in <a href=\"https:\/\/tugraztestweb.asol.at\/de\/wp-json\/wp\/v2\/product\/35309\" class=\"qtranxs-available-language-link qtranxs-available-language-link-de\" title=\"Deutsch\">Deutsch<\/a>.<\/p>\n<p>Mit diesem Buch liegt erstmals f\u00fcr \u00d6sterreich eine Gesamtschau dazu vor, wie sich der Erste Weltkrieg auf eine Hochschule auswirkte. Neben der allgemeinen Situation werden darin die Auswirkungen der Ablieferung kriegswirtschaftlich relevanter Materialien und der milit\u00e4rischen Einquartierungen beleuchtet, die Auswirkungen des Krieges auf Forschung, Lehre, soziale Verh\u00e4ltnisse und die T\u00e4tigkeiten von Lehrenden und Studierenden im Kriegseinsatz, wobei im Mittelpunkt der Betrachtung immer die Menschen, im besten Fall das gut greifbare Einzelindividuum, stehen.<\/p>\n","protected":false},"featured_media":39953,"comment_status":"closed","ping_status":"closed","template":"","meta":[],"yoast_head":"<!-- This site is optimized with the Yoast SEO plugin v16.1.1 - https:\/\/yoast.com\/wordpress\/plugins\/seo\/ -->\n<link rel=\"canonical\" href=\"https:\/\/tugraztestweb.asol.at\/en\/gesamtverzeichnis\/interdiszipinaeres\/in-diesen-schweren-tagen\/\" \/>\n<meta property=\"og:locale\" content=\"en_US\" \/>\n<meta property=\"og:type\" content=\"article\" \/>\n<meta property=\"og:title\" content=\"In diesen schweren Tagen - Verlag der TU Graz\" \/>\n<meta property=\"og:description\" content=\"Mit diesem Buch liegt erstmals f\u00fcr \u00d6sterreich eine Gesamtschau dazu vor, wie sich der Erste Weltkrieg auf eine Hochschule auswirkte. Neben der allgemeinen Situation werden darin die Auswirkungen der Ablieferung kriegswirtschaftlich relevanter Materialien und der milit\u00e4rischen Einquartierungen beleuchtet, die Auswirkungen des Krieges auf Forschung, Lehre, soziale Verh\u00e4ltnisse und die T\u00e4tigkeiten von Lehrenden und Studierenden im Kriegseinsatz, wobei im Mittelpunkt der Betrachtung immer die Menschen, im besten Fall das gut greifbare Einzelindividuum, stehen.\" \/>\n<meta property=\"og:url\" content=\"https:\/\/tugraztestweb.asol.at\/en\/gesamtverzeichnis\/interdiszipinaeres\/in-diesen-schweren-tagen\/\" \/>\n<meta property=\"og:site_name\" content=\"Verlag der TU Graz\" \/>\n<meta property=\"article:modified_time\" content=\"2020-08-21T12:56:37+00:00\" \/>\n<meta property=\"og:image\" content=\"https:\/\/tugraztestweb.asol.at\/wp-content\/uploads\/2020\/08\/image-978-3-85125-626-0.jpg\" \/>\n\t<meta property=\"og:image:width\" content=\"426\" \/>\n\t<meta property=\"og:image:height\" content=\"535\" \/>\n<meta name=\"twitter:card\" content=\"summary_large_image\" \/>\n<script type=\"application\/ld+json\" class=\"yoast-schema-graph\">{\"@context\":\"https:\/\/schema.org\",\"@graph\":[{\"@type\":\"WebSite\",\"@id\":\"https:\/\/tugraztestweb.asol.at\/#website\",\"url\":\"https:\/\/tugraztestweb.asol.at\/\",\"name\":\"Verlag der TU Graz\",\"description\":\"Verlag der Technischen Universit\\u00e4t Graz\",\"potentialAction\":[{\"@type\":\"SearchAction\",\"target\":\"https:\/\/tugraztestweb.asol.at\/?s={search_term_string}\",\"query-input\":\"required name=search_term_string\"}],\"inLanguage\":\"en-US\"},{\"@type\":\"ImageObject\",\"@id\":\"https:\/\/tugraztestweb.asol.at\/en\/gesamtverzeichnis\/interdiszipinaeres\/in-diesen-schweren-tagen\/#primaryimage\",\"inLanguage\":\"en-US\",\"url\":\"https:\/\/tugraztestweb.asol.at\/wp-content\/uploads\/2020\/08\/image-978-3-85125-626-0.jpg\",\"contentUrl\":\"https:\/\/tugraztestweb.asol.at\/wp-content\/uploads\/2020\/08\/image-978-3-85125-626-0.jpg\",\"width\":426,\"height\":535},{\"@type\":\"WebPage\",\"@id\":\"https:\/\/tugraztestweb.asol.at\/en\/gesamtverzeichnis\/interdiszipinaeres\/in-diesen-schweren-tagen\/#webpage\",\"url\":\"https:\/\/tugraztestweb.asol.at\/en\/gesamtverzeichnis\/interdiszipinaeres\/in-diesen-schweren-tagen\/\",\"name\":\"In diesen schweren Tagen - Verlag der TU Graz\",\"isPartOf\":{\"@id\":\"https:\/\/tugraztestweb.asol.at\/#website\"},\"primaryImageOfPage\":{\"@id\":\"https:\/\/tugraztestweb.asol.at\/en\/gesamtverzeichnis\/interdiszipinaeres\/in-diesen-schweren-tagen\/#primaryimage\"},\"datePublished\":\"2020-08-21T12:55:37+00:00\",\"dateModified\":\"2020-08-21T12:56:37+00:00\",\"breadcrumb\":{\"@id\":\"https:\/\/tugraztestweb.asol.at\/en\/gesamtverzeichnis\/interdiszipinaeres\/in-diesen-schweren-tagen\/#breadcrumb\"},\"inLanguage\":\"en-US\",\"potentialAction\":[{\"@type\":\"ReadAction\",\"target\":[\"https:\/\/tugraztestweb.asol.at\/en\/gesamtverzeichnis\/interdiszipinaeres\/in-diesen-schweren-tagen\/\"]}]},{\"@type\":\"BreadcrumbList\",\"@id\":\"https:\/\/tugraztestweb.asol.at\/en\/gesamtverzeichnis\/interdiszipinaeres\/in-diesen-schweren-tagen\/#breadcrumb\",\"itemListElement\":[{\"@type\":\"ListItem\",\"position\":1,\"item\":{\"@type\":\"WebPage\",\"@id\":\"https:\/\/tugraztestweb.asol.at\/\",\"url\":\"https:\/\/tugraztestweb.asol.at\/\",\"name\":\"Home\"}},{\"@type\":\"ListItem\",\"position\":2,\"item\":{\"@type\":\"WebPage\",\"@id\":\"https:\/\/tugraztestweb.asol.at\/gesamtverzeichnis\/\",\"url\":\"https:\/\/tugraztestweb.asol.at\/gesamtverzeichnis\/\",\"name\":\"Gesamtverzeichnis\"}},{\"@type\":\"ListItem\",\"position\":3,\"item\":{\"@type\":\"WebPage\",\"@id\":\"https:\/\/tugraztestweb.asol.at\/en\/gesamtverzeichnis\/interdiszipinaeres\/in-diesen-schweren-tagen\/\",\"url\":\"https:\/\/tugraztestweb.asol.at\/en\/gesamtverzeichnis\/interdiszipinaeres\/in-diesen-schweren-tagen\/\",\"name\":\"In diesen schweren Tagen\"}}]}]}<\/script>\n<!-- \/ Yoast SEO plugin. -->","_links":{"self":[{"href":"https:\/\/tugraztestweb.asol.at\/en\/wp-json\/wp\/v2\/product\/35309"}],"collection":[{"href":"https:\/\/tugraztestweb.asol.at\/en\/wp-json\/wp\/v2\/product"}],"about":[{"href":"https:\/\/tugraztestweb.asol.at\/en\/wp-json\/wp\/v2\/types\/product"}],"replies":[{"embeddable":true,"href":"https:\/\/tugraztestweb.asol.at\/en\/wp-json\/wp\/v2\/comments?post=35309"}],"wp:featuredmedia":[{"embeddable":true,"href":"https:\/\/tugraztestweb.asol.at\/en\/wp-json\/wp\/v2\/media\/39953"}],"wp:attachment":[{"href":"https:\/\/tugraztestweb.asol.at\/en\/wp-json\/wp\/v2\/media?parent=35309"}],"curies":[{"name":"wp","href":"https:\/\/api.w.org\/{rel}","templated":true}]}}