{"id":35395,"date":"2020-08-21T12:55:37","date_gmt":"2020-08-21T12:55:37","guid":{"rendered":"http:\/\/tugraztestweb.asol.at\/gesamtverzeichnis\/unkategorisiert\/2-klagenfurter-holzbau-fachtagung-tagungsband-versorgen-und-umhuellen-im-holzbau-2\/"},"modified":"2020-08-21T14:56:37","modified_gmt":"2020-08-21T12:56:37","slug":"3-klagenfurter-holzbau-fachtagung-tagungsband-vorfertigen-und-modularisieren-im-holzbau-3-klahft18","status":"publish","type":"product","link":"https:\/\/tugraztestweb.asol.at\/en\/gesamtverzeichnis\/bauingenieurwissenschaften\/3-klagenfurter-holzbau-fachtagung-tagungsband-vorfertigen-und-modularisieren-im-holzbau-3-klahft18\/","title":{"rendered":"3. Klagenfurter Holzbau-Fachtagung, Tagungsband, Vorfertigen und Modularisieren im Holzbau; 3.KlaHFT&#8217;18"},"content":{"rendered":"<p class=\"qtranxs-available-languages-message qtranxs-available-languages-message-en\">Sorry, this entry is only available in <a href=\"https:\/\/tugraztestweb.asol.at\/de\/wp-json\/wp\/v2\/product\/35395\" class=\"qtranxs-available-language-link qtranxs-available-language-link-de\" title=\"Deutsch\">Deutsch<\/a>.<\/p><p>Die Holzindustrie ist offensichtlich auf dem Weg eine bauaffine Branche zu werden oder pr\u00e4ziser ausgedr\u00fcckt: Sie bewegt sich von einer reinen Holzprodukt- hin zu einer Kombination von Holzprodukt- und Bauindustrie. Das Wesen einer \u201eindustriellen Produktion\u201c \u2013 serielle Mengen f\u00fcr konsumfreundliche Massen rationell herstellen &#8211; ist bekannt. F\u00fcr das Holzprodukt &#8220;Brettsperrholz (BSP)&#8221; zeigt sich das im Wachstum verbunden mit den nicht wenigen 100.000 m -Werken. Es erscheint daher naheliegend zu 3 sein, die alte Idee des \u201eindustriellen Bauens\u201c &#8211; das werkseitige rationelle Vorfertigen und Modularisieren von fl\u00e4chenhaften Bauelementen bis hin zu Raumzellen &#8211; wieder aufleben zu lassen und mit der \u201eindustriellen Produktion\u201d zu kombinieren. Auch wenn sich Architekten, Ingenieure, Unternehmer und Forscher wie Bemis, Fuller, Gropius, Wachsmann, Prouv\u00e9, Rudolph, Haller, Stucky, Matzinger und viele mehr best\u00e4ndig \u00fcber die Zeitachse diesen Themen widmeten, so gab es doch anlass- und nachfragebedingte &#8211; die Wohnungsnot nach den beiden Weltkriegen sei erw\u00e4hnt &#8211; &#8220;peaks&#8221;. Heute ist die alte Idee des &#8220;industriellen Bauens&#8221; mit dem aktuellen Thema des &#8220;automatisierten und digitalisierten Bauens&#8221; &#8211; wozu auch der Planungsprozess z\u00e4hlt &#8211; zu verbinden. Serielle (Vor)Fertigung auf dem Flie\u00dfband verbunden mit prozessoptimierter Arbeitsteilung erfordert vorg\u00e4ngig ein modulares und interdisziplin\u00e4res Denken in Planung und Logistik. Ein neuerlicher &#8220;peak&#8221; an Wohnbedarf auf Grund von Migration und wachsendem Zuzug in unsere St\u00e4dte ist evident und wartet auf L\u00f6sungen. Diesen Hintergrund ber\u00fccksichtigend, widmet sich die 3. Klagenfurter Holzbau-Fachtagung (3. KlaHFT&#8217;18) dem Thema &#8220;Vorfertigen und Modularisieren im Holzbau&#8221;. Der erste Vortragsblock befasst sich mit den Grundlagen dazu, ist um Begriffskl\u00e4rungen bem\u00fcht und wirft einen Blick auf die Entwicklung von vorgefertigten Bausystemen mit Fokus auf die so genannte &#8220;Raumzellen-Bauweise&#8221;. Mit den Worten von H. Rie\u00df &#8211; &#8220;Jedem sei seine Systembauphase gew\u00e4hrt.&#8221; &#8211; ist der zweite Vortragsblock \u00fcberschrieben, wo es um die Umsetzung des Themas am Beispiel ausgew\u00e4hlter Objekte geht.<\/p>","protected":false},"excerpt":{"rendered":"<p class=\"qtranxs-available-languages-message qtranxs-available-languages-message-en\">Sorry, this entry is only available in <a href=\"https:\/\/tugraztestweb.asol.at\/de\/wp-json\/wp\/v2\/product\/35395\" class=\"qtranxs-available-language-link qtranxs-available-language-link-de\" title=\"Deutsch\">Deutsch<\/a>.<\/p>\n<p>Die Holzindustrie ist offensichtlich auf dem Weg eine bauaffine Branche zu werden oder pr\u00e4ziser ausgedr\u00fcckt: Sie bewegt sich von einer reinen Holzprodukt- hin zu einer Kombination von Holzprodukt- und Bauindustrie. Das Wesen einer \u201eindustriellen Produktion\u201c \u2013 serielle Mengen f\u00fcr konsumfreundliche Massen rationell herstellen &#8211; ist bekannt. F\u00fcr das Holzprodukt &#8220;Brettsperrholz (BSP)&#8221; zeigt sich das im Wachstum verbunden mit den nicht wenigen 100.000 m -Werken. Es erscheint daher naheliegend zu 3 sein, die alte Idee des \u201eindustriellen Bauens\u201c &#8211; das werkseitige rationelle Vorfertigen und Modularisieren von fl\u00e4chenhaften Bauelementen bis hin zu Raumzellen &#8211; wieder aufleben zu lassen und mit der \u201eindustriellen Produktion\u201d zu kombinieren. Auch wenn sich Architekten, Ingenieure, Unternehmer und Forscher wie Bemis, Fuller, Gropius, Wachsmann, Prouv\u00e9, Rudolph, Haller, Stucky, Matzinger und viele mehr best\u00e4ndig \u00fcber die Zeitachse diesen Themen widmeten, so gab es doch anlass- und nachfragebedingte &#8211; die Wohnungsnot nach den beiden Weltkriegen sei erw\u00e4hnt &#8211; &#8220;peaks&#8221;. Heute ist die alte Idee des &#8220;industriellen Bauens&#8221; mit dem aktuellen Thema des &#8220;automatisierten und digitalisierten Bauens&#8221; &#8211; wozu auch der Planungsprozess z\u00e4hlt &#8211; zu verbinden. Serielle (Vor)Fertigung auf dem Flie\u00dfband verbunden mit prozessoptimierter Arbeitsteilung erfordert vorg\u00e4ngig ein modulares und interdisziplin\u00e4res Denken in Planung und Logistik. Ein neuerlicher &#8220;peak&#8221; an Wohnbedarf auf Grund von Migration und wachsendem Zuzug in unsere St\u00e4dte ist evident und wartet auf L\u00f6sungen. Diesen Hintergrund ber\u00fccksichtigend, widmet sich die 3. Klagenfurter Holzbau-Fachtagung (3. KlaHFT&#8217;18) dem Thema &#8220;Vorfertigen und Modularisieren im Holzbau&#8221;. Der erste Vortragsblock befasst sich mit den Grundlagen dazu, ist um Begriffskl\u00e4rungen bem\u00fcht und wirft einen Blick auf die Entwicklung von vorgefertigten Bausystemen mit Fokus auf die so genannte &#8220;Raumzellen-Bauweise&#8221;. Mit den Worten von H. Rie\u00df &#8211; &#8220;Jedem sei seine Systembauphase gew\u00e4hrt.&#8221; &#8211; ist der zweite Vortragsblock \u00fcberschrieben, wo es um die Umsetzung des Themas am Beispiel ausgew\u00e4hlter Objekte geht.<\/p>\n","protected":false},"featured_media":40200,"comment_status":"closed","ping_status":"closed","template":"","meta":[],"yoast_head":"<!-- This site is optimized with the Yoast SEO plugin v16.1.1 - https:\/\/yoast.com\/wordpress\/plugins\/seo\/ -->\n<link rel=\"canonical\" href=\"https:\/\/tugraztestweb.asol.at\/gesamtverzeichnis\/bauingenieurwissenschaften\/3-klagenfurter-holzbau-fachtagung-tagungsband-vorfertigen-und-modularisieren-im-holzbau-3-klahft18\/\" \/>\n<meta property=\"og:locale\" content=\"en_US\" \/>\n<meta property=\"og:type\" content=\"article\" \/>\n<meta property=\"og:title\" content=\"3. Klagenfurter Holzbau-Fachtagung, Tagungsband, Vorfertigen und Modularisieren im Holzbau; 3.KlaHFT&#039;18 - Verlag der TU Graz\" \/>\n<meta property=\"og:description\" content=\"Die Holzindustrie ist offensichtlich auf dem Weg eine bauaffine Branche zu werden oder pr\u00e4ziser ausgedr\u00fcckt: Sie bewegt sich von einer reinen Holzprodukt- hin zu einer Kombination von Holzprodukt- und Bauindustrie. Das Wesen einer \u201eindustriellen Produktion\u201c \u2013 serielle Mengen f\u00fcr konsumfreundliche Massen rationell herstellen - ist bekannt. F\u00fcr das Holzprodukt &quot;Brettsperrholz (BSP)&quot; zeigt sich das im Wachstum verbunden mit den nicht wenigen 100.000 m -Werken. Es erscheint daher naheliegend zu 3 sein, die alte Idee des \u201eindustriellen Bauens\u201c - das werkseitige rationelle Vorfertigen und Modularisieren von fl\u00e4chenhaften Bauelementen bis hin zu Raumzellen - wieder aufleben zu lassen und mit der \u201eindustriellen Produktion\u201d zu kombinieren. Auch wenn sich Architekten, Ingenieure, Unternehmer und Forscher wie Bemis, Fuller, Gropius, Wachsmann, Prouv\u00e9, Rudolph, Haller, Stucky, Matzinger und viele mehr best\u00e4ndig \u00fcber die Zeitachse diesen Themen widmeten, so gab es doch anlass- und nachfragebedingte - die Wohnungsnot nach den beiden Weltkriegen sei erw\u00e4hnt - &quot;peaks&quot;. Heute ist die alte Idee des &quot;industriellen Bauens&quot; mit dem aktuellen Thema des &quot;automatisierten und digitalisierten Bauens&quot; - wozu auch der Planungsprozess z\u00e4hlt - zu verbinden. Serielle (Vor)Fertigung auf dem Flie\u00dfband verbunden mit prozessoptimierter Arbeitsteilung erfordert vorg\u00e4ngig ein modulares und interdisziplin\u00e4res Denken in Planung und Logistik. Ein neuerlicher &quot;peak&quot; an Wohnbedarf auf Grund von Migration und wachsendem Zuzug in unsere St\u00e4dte ist evident und wartet auf L\u00f6sungen. Diesen Hintergrund ber\u00fccksichtigend, widmet sich die 3. Klagenfurter Holzbau-Fachtagung (3. KlaHFT&#039;18) dem Thema &quot;Vorfertigen und Modularisieren im Holzbau&quot;. Der erste Vortragsblock befasst sich mit den Grundlagen dazu, ist um Begriffskl\u00e4rungen bem\u00fcht und wirft einen Blick auf die Entwicklung von vorgefertigten Bausystemen mit Fokus auf die so genannte &quot;Raumzellen-Bauweise&quot;. Mit den Worten von H. Rie\u00df - &quot;Jedem sei seine Systembauphase gew\u00e4hrt.&quot; - ist der zweite Vortragsblock \u00fcberschrieben, wo es um die Umsetzung des Themas am Beispiel ausgew\u00e4hlter Objekte geht.\" \/>\n<meta property=\"og:url\" content=\"https:\/\/tugraztestweb.asol.at\/gesamtverzeichnis\/bauingenieurwissenschaften\/3-klagenfurter-holzbau-fachtagung-tagungsband-vorfertigen-und-modularisieren-im-holzbau-3-klahft18\/\" \/>\n<meta property=\"og:site_name\" content=\"Verlag der TU Graz\" \/>\n<meta property=\"article:modified_time\" content=\"2020-08-21T12:56:37+00:00\" \/>\n<meta property=\"og:image\" content=\"https:\/\/tugraztestweb.asol.at\/wp-content\/uploads\/2020\/08\/image-978-3-85125-632-1.jpg\" \/>\n\t<meta property=\"og:image:width\" content=\"451\" \/>\n\t<meta property=\"og:image:height\" content=\"640\" \/>\n<meta name=\"twitter:card\" content=\"summary_large_image\" \/>\n<meta name=\"twitter:label1\" content=\"Est. reading time\">\n\t<meta name=\"twitter:data1\" content=\"2 minutes\">\n<script type=\"application\/ld+json\" class=\"yoast-schema-graph\">{\"@context\":\"https:\/\/schema.org\",\"@graph\":[{\"@type\":\"WebSite\",\"@id\":\"https:\/\/tugraztestweb.asol.at\/#website\",\"url\":\"https:\/\/tugraztestweb.asol.at\/\",\"name\":\"Verlag der TU Graz\",\"description\":\"Verlag der Technischen Universit\\u00e4t Graz\",\"potentialAction\":[{\"@type\":\"SearchAction\",\"target\":\"https:\/\/tugraztestweb.asol.at\/?s={search_term_string}\",\"query-input\":\"required name=search_term_string\"}],\"inLanguage\":\"en-US\"},{\"@type\":\"ImageObject\",\"@id\":\"https:\/\/tugraztestweb.asol.at\/gesamtverzeichnis\/bauingenieurwissenschaften\/3-klagenfurter-holzbau-fachtagung-tagungsband-vorfertigen-und-modularisieren-im-holzbau-3-klahft18\/#primaryimage\",\"inLanguage\":\"en-US\",\"url\":\"https:\/\/tugraztestweb.asol.at\/wp-content\/uploads\/2020\/08\/image-978-3-85125-632-1.jpg\",\"contentUrl\":\"https:\/\/tugraztestweb.asol.at\/wp-content\/uploads\/2020\/08\/image-978-3-85125-632-1.jpg\",\"width\":451,\"height\":640},{\"@type\":\"WebPage\",\"@id\":\"https:\/\/tugraztestweb.asol.at\/gesamtverzeichnis\/bauingenieurwissenschaften\/3-klagenfurter-holzbau-fachtagung-tagungsband-vorfertigen-und-modularisieren-im-holzbau-3-klahft18\/#webpage\",\"url\":\"https:\/\/tugraztestweb.asol.at\/gesamtverzeichnis\/bauingenieurwissenschaften\/3-klagenfurter-holzbau-fachtagung-tagungsband-vorfertigen-und-modularisieren-im-holzbau-3-klahft18\/\",\"name\":\"3. Klagenfurter Holzbau-Fachtagung, Tagungsband, Vorfertigen und Modularisieren im Holzbau; 3.KlaHFT'18 - Verlag der TU Graz\",\"isPartOf\":{\"@id\":\"https:\/\/tugraztestweb.asol.at\/#website\"},\"primaryImageOfPage\":{\"@id\":\"https:\/\/tugraztestweb.asol.at\/gesamtverzeichnis\/bauingenieurwissenschaften\/3-klagenfurter-holzbau-fachtagung-tagungsband-vorfertigen-und-modularisieren-im-holzbau-3-klahft18\/#primaryimage\"},\"datePublished\":\"2020-08-21T12:55:37+00:00\",\"dateModified\":\"2020-08-21T12:56:37+00:00\",\"breadcrumb\":{\"@id\":\"https:\/\/tugraztestweb.asol.at\/gesamtverzeichnis\/bauingenieurwissenschaften\/3-klagenfurter-holzbau-fachtagung-tagungsband-vorfertigen-und-modularisieren-im-holzbau-3-klahft18\/#breadcrumb\"},\"inLanguage\":\"en-US\",\"potentialAction\":[{\"@type\":\"ReadAction\",\"target\":[\"https:\/\/tugraztestweb.asol.at\/gesamtverzeichnis\/bauingenieurwissenschaften\/3-klagenfurter-holzbau-fachtagung-tagungsband-vorfertigen-und-modularisieren-im-holzbau-3-klahft18\/\"]}]},{\"@type\":\"BreadcrumbList\",\"@id\":\"https:\/\/tugraztestweb.asol.at\/gesamtverzeichnis\/bauingenieurwissenschaften\/3-klagenfurter-holzbau-fachtagung-tagungsband-vorfertigen-und-modularisieren-im-holzbau-3-klahft18\/#breadcrumb\",\"itemListElement\":[{\"@type\":\"ListItem\",\"position\":1,\"item\":{\"@type\":\"WebPage\",\"@id\":\"https:\/\/tugraztestweb.asol.at\/\",\"url\":\"https:\/\/tugraztestweb.asol.at\/\",\"name\":\"Home\"}},{\"@type\":\"ListItem\",\"position\":2,\"item\":{\"@type\":\"WebPage\",\"@id\":\"https:\/\/tugraztestweb.asol.at\/gesamtverzeichnis\/\",\"url\":\"https:\/\/tugraztestweb.asol.at\/gesamtverzeichnis\/\",\"name\":\"Gesamtverzeichnis\"}},{\"@type\":\"ListItem\",\"position\":3,\"item\":{\"@type\":\"WebPage\",\"@id\":\"https:\/\/tugraztestweb.asol.at\/gesamtverzeichnis\/bauingenieurwissenschaften\/3-klagenfurter-holzbau-fachtagung-tagungsband-vorfertigen-und-modularisieren-im-holzbau-3-klahft18\/\",\"url\":\"https:\/\/tugraztestweb.asol.at\/gesamtverzeichnis\/bauingenieurwissenschaften\/3-klagenfurter-holzbau-fachtagung-tagungsband-vorfertigen-und-modularisieren-im-holzbau-3-klahft18\/\",\"name\":\"3. Klagenfurter Holzbau-Fachtagung, Tagungsband, Vorfertigen und Modularisieren im Holzbau; 3.KlaHFT&#8217;18\"}}]}]}<\/script>\n<!-- \/ Yoast SEO plugin. -->","_links":{"self":[{"href":"https:\/\/tugraztestweb.asol.at\/en\/wp-json\/wp\/v2\/product\/35395"}],"collection":[{"href":"https:\/\/tugraztestweb.asol.at\/en\/wp-json\/wp\/v2\/product"}],"about":[{"href":"https:\/\/tugraztestweb.asol.at\/en\/wp-json\/wp\/v2\/types\/product"}],"replies":[{"embeddable":true,"href":"https:\/\/tugraztestweb.asol.at\/en\/wp-json\/wp\/v2\/comments?post=35395"}],"wp:featuredmedia":[{"embeddable":true,"href":"https:\/\/tugraztestweb.asol.at\/en\/wp-json\/wp\/v2\/media\/40200"}],"wp:attachment":[{"href":"https:\/\/tugraztestweb.asol.at\/en\/wp-json\/wp\/v2\/media?parent=35395"}],"curies":[{"name":"wp","href":"https:\/\/api.w.org\/{rel}","templated":true}]}}