{"id":35529,"date":"2020-08-21T12:55:37","date_gmt":"2020-08-21T12:55:37","guid":{"rendered":"http:\/\/tugraztestweb.asol.at\/gesamtverzeichnis\/unkategorisiert\/einblicke-ausblicke\/"},"modified":"2020-08-21T14:56:38","modified_gmt":"2020-08-21T12:56:38","slug":"einblicke-ausblicke","status":"publish","type":"product","link":"https:\/\/tugraztestweb.asol.at\/en\/gesamtverzeichnis\/architektur\/einblicke-ausblicke\/","title":{"rendered":"Einblicke Ausblicke"},"content":{"rendered":"<p class=\"qtranxs-available-languages-message qtranxs-available-languages-message-en\">Sorry, this entry is only available in <a href=\"https:\/\/tugraztestweb.asol.at\/de\/wp-json\/wp\/v2\/product\/35529\" class=\"qtranxs-available-language-link qtranxs-available-language-link-de\" title=\"Deutsch\">Deutsch<\/a>.<\/p><p>Das Institut f\u00fcr Raumgestaltung der Fakult\u00e4t f\u00fcr Architektur an der Technischen Universit\u00e4t Graz hat unter der Leitung von Irmgard Frank in den zwanzig Jahren ihres Wirkens an Profil gewonnen. In dieser Publikation wird die Sichtweise auf Architektur mit den Schwerpunkten Raum, Licht, Material und Objekt (M\u00f6bel) anhand von Ergebnissen veranschaulicht und die Verkn\u00fcpfung von Lehre und Forschung mittels Organigramm und erl\u00e4uternden Beschreibungen aufgezeigt. In den Textbeitr\u00e4gen von Urs Hirschberg und Irmgard Frank wird sowohl die dem Ergebnis zugrundeliegende Haltung dargelegt, auf wesentliche Zusammenh\u00e4nge eingegangen und Tendenzen angesprochen, die Fenster in die Zukunft \u00f6ffnen.<\/p>","protected":false},"excerpt":{"rendered":"<p class=\"qtranxs-available-languages-message qtranxs-available-languages-message-en\">Sorry, this entry is only available in <a href=\"https:\/\/tugraztestweb.asol.at\/de\/wp-json\/wp\/v2\/product\/35529\" class=\"qtranxs-available-language-link qtranxs-available-language-link-de\" title=\"Deutsch\">Deutsch<\/a>.<\/p>\n<p>Das Institut f\u00fcr Raumgestaltung der Fakult\u00e4t f\u00fcr Architektur an der Technischen Universit\u00e4t Graz hat unter der Leitung von Irmgard Frank in den zwanzig Jahren ihres Wirkens an Profil gewonnen. In dieser Publikation wird die Sichtweise auf Architektur mit den Schwerpunkten Raum, Licht, Material und Objekt (M\u00f6bel) anhand von Ergebnissen veranschaulicht und die Verkn\u00fcpfung von Lehre und Forschung mittels Organigramm und erl\u00e4uternden Beschreibungen aufgezeigt. In den Textbeitr\u00e4gen von Urs Hirschberg und Irmgard Frank wird sowohl die dem Ergebnis zugrundeliegende Haltung dargelegt, auf wesentliche Zusammenh\u00e4nge eingegangen und Tendenzen angesprochen, die Fenster in die Zukunft \u00f6ffnen.<\/p>\n","protected":false},"featured_media":40204,"comment_status":"closed","ping_status":"closed","template":"","meta":[],"yoast_head":"<!-- This site is optimized with the Yoast SEO plugin v16.1.1 - https:\/\/yoast.com\/wordpress\/plugins\/seo\/ -->\n<link rel=\"canonical\" href=\"https:\/\/tugraztestweb.asol.at\/en\/gesamtverzeichnis\/architektur\/einblicke-ausblicke\/\" \/>\n<meta property=\"og:locale\" content=\"en_US\" \/>\n<meta property=\"og:type\" content=\"article\" \/>\n<meta property=\"og:title\" content=\"Einblicke Ausblicke - Verlag der TU Graz\" \/>\n<meta property=\"og:description\" content=\"Das Institut f\u00fcr Raumgestaltung der Fakult\u00e4t f\u00fcr Architektur an der Technischen Universit\u00e4t Graz hat unter der Leitung von Irmgard Frank in den zwanzig Jahren ihres Wirkens an Profil gewonnen. In dieser Publikation wird die Sichtweise auf Architektur mit den Schwerpunkten Raum, Licht, Material und Objekt (M\u00f6bel) anhand von Ergebnissen veranschaulicht und die Verkn\u00fcpfung von Lehre und Forschung mittels Organigramm und erl\u00e4uternden Beschreibungen aufgezeigt. In den Textbeitr\u00e4gen von Urs Hirschberg und Irmgard Frank wird sowohl die dem Ergebnis zugrundeliegende Haltung dargelegt, auf wesentliche Zusammenh\u00e4nge eingegangen und Tendenzen angesprochen, die Fenster in die Zukunft \u00f6ffnen.\" \/>\n<meta property=\"og:url\" content=\"https:\/\/tugraztestweb.asol.at\/en\/gesamtverzeichnis\/architektur\/einblicke-ausblicke\/\" \/>\n<meta property=\"og:site_name\" content=\"Verlag der TU Graz\" \/>\n<meta property=\"article:modified_time\" content=\"2020-08-21T12:56:38+00:00\" \/>\n<meta property=\"og:image\" content=\"https:\/\/tugraztestweb.asol.at\/wp-content\/uploads\/2020\/08\/image-978-3-85125-635-2.jpg\" \/>\n\t<meta property=\"og:image:width\" content=\"607\" \/>\n\t<meta property=\"og:image:height\" content=\"908\" \/>\n<meta name=\"twitter:card\" content=\"summary_large_image\" \/>\n<meta name=\"twitter:label1\" content=\"Est. reading time\">\n\t<meta name=\"twitter:data1\" content=\"1 minute\">\n<script type=\"application\/ld+json\" class=\"yoast-schema-graph\">{\"@context\":\"https:\/\/schema.org\",\"@graph\":[{\"@type\":\"WebSite\",\"@id\":\"https:\/\/tugraztestweb.asol.at\/#website\",\"url\":\"https:\/\/tugraztestweb.asol.at\/\",\"name\":\"Verlag der TU Graz\",\"description\":\"Verlag der Technischen Universit\\u00e4t Graz\",\"potentialAction\":[{\"@type\":\"SearchAction\",\"target\":\"https:\/\/tugraztestweb.asol.at\/?s={search_term_string}\",\"query-input\":\"required name=search_term_string\"}],\"inLanguage\":\"en-US\"},{\"@type\":\"ImageObject\",\"@id\":\"https:\/\/tugraztestweb.asol.at\/en\/gesamtverzeichnis\/architektur\/einblicke-ausblicke\/#primaryimage\",\"inLanguage\":\"en-US\",\"url\":\"https:\/\/tugraztestweb.asol.at\/wp-content\/uploads\/2020\/08\/image-978-3-85125-635-2.jpg\",\"contentUrl\":\"https:\/\/tugraztestweb.asol.at\/wp-content\/uploads\/2020\/08\/image-978-3-85125-635-2.jpg\",\"width\":607,\"height\":908},{\"@type\":\"WebPage\",\"@id\":\"https:\/\/tugraztestweb.asol.at\/en\/gesamtverzeichnis\/architektur\/einblicke-ausblicke\/#webpage\",\"url\":\"https:\/\/tugraztestweb.asol.at\/en\/gesamtverzeichnis\/architektur\/einblicke-ausblicke\/\",\"name\":\"Einblicke Ausblicke - Verlag der TU Graz\",\"isPartOf\":{\"@id\":\"https:\/\/tugraztestweb.asol.at\/#website\"},\"primaryImageOfPage\":{\"@id\":\"https:\/\/tugraztestweb.asol.at\/en\/gesamtverzeichnis\/architektur\/einblicke-ausblicke\/#primaryimage\"},\"datePublished\":\"2020-08-21T12:55:37+00:00\",\"dateModified\":\"2020-08-21T12:56:38+00:00\",\"breadcrumb\":{\"@id\":\"https:\/\/tugraztestweb.asol.at\/en\/gesamtverzeichnis\/architektur\/einblicke-ausblicke\/#breadcrumb\"},\"inLanguage\":\"en-US\",\"potentialAction\":[{\"@type\":\"ReadAction\",\"target\":[\"https:\/\/tugraztestweb.asol.at\/en\/gesamtverzeichnis\/architektur\/einblicke-ausblicke\/\"]}]},{\"@type\":\"BreadcrumbList\",\"@id\":\"https:\/\/tugraztestweb.asol.at\/en\/gesamtverzeichnis\/architektur\/einblicke-ausblicke\/#breadcrumb\",\"itemListElement\":[{\"@type\":\"ListItem\",\"position\":1,\"item\":{\"@type\":\"WebPage\",\"@id\":\"https:\/\/tugraztestweb.asol.at\/\",\"url\":\"https:\/\/tugraztestweb.asol.at\/\",\"name\":\"Home\"}},{\"@type\":\"ListItem\",\"position\":2,\"item\":{\"@type\":\"WebPage\",\"@id\":\"https:\/\/tugraztestweb.asol.at\/gesamtverzeichnis\/\",\"url\":\"https:\/\/tugraztestweb.asol.at\/gesamtverzeichnis\/\",\"name\":\"Gesamtverzeichnis\"}},{\"@type\":\"ListItem\",\"position\":3,\"item\":{\"@type\":\"WebPage\",\"@id\":\"https:\/\/tugraztestweb.asol.at\/en\/gesamtverzeichnis\/architektur\/einblicke-ausblicke\/\",\"url\":\"https:\/\/tugraztestweb.asol.at\/en\/gesamtverzeichnis\/architektur\/einblicke-ausblicke\/\",\"name\":\"Einblicke Ausblicke\"}}]}]}<\/script>\n<!-- \/ Yoast SEO plugin. -->","_links":{"self":[{"href":"https:\/\/tugraztestweb.asol.at\/en\/wp-json\/wp\/v2\/product\/35529"}],"collection":[{"href":"https:\/\/tugraztestweb.asol.at\/en\/wp-json\/wp\/v2\/product"}],"about":[{"href":"https:\/\/tugraztestweb.asol.at\/en\/wp-json\/wp\/v2\/types\/product"}],"replies":[{"embeddable":true,"href":"https:\/\/tugraztestweb.asol.at\/en\/wp-json\/wp\/v2\/comments?post=35529"}],"wp:featuredmedia":[{"embeddable":true,"href":"https:\/\/tugraztestweb.asol.at\/en\/wp-json\/wp\/v2\/media\/40204"}],"wp:attachment":[{"href":"https:\/\/tugraztestweb.asol.at\/en\/wp-json\/wp\/v2\/media?parent=35529"}],"curies":[{"name":"wp","href":"https:\/\/api.w.org\/{rel}","templated":true}]}}