{"id":35599,"date":"2020-08-21T12:55:41","date_gmt":"2020-08-21T12:55:41","guid":{"rendered":"http:\/\/tugraztestweb.asol.at\/gesamtverzeichnis\/unkategorisiert\/wasserbausymposium-2012-2\/"},"modified":"2020-08-21T14:56:41","modified_gmt":"2020-08-21T12:56:41","slug":"wasserbausymposium-graz-2018","status":"publish","type":"product","link":"https:\/\/tugraztestweb.asol.at\/en\/gesamtverzeichnis\/bauingenieurwissenschaften\/wasserbausymposium-graz-2018\/","title":{"rendered":"Wasserbausymposium Graz 2018"},"content":{"rendered":"<p class=\"qtranxs-available-languages-message qtranxs-available-languages-message-en\">Sorry, this entry is only available in <a href=\"https:\/\/tugraztestweb.asol.at\/de\/wp-json\/wp\/v2\/product\/35599\" class=\"qtranxs-available-language-link qtranxs-available-language-link-de\" title=\"Deutsch\">Deutsch<\/a>.<\/p><p>Das Wasserbausymposium Graz 2018 folgt einer langj\u00e4hrigen Tradition von Veranstaltungen in dieser Reihe und wird in Zusammenarbeit mit dem Lehrstuhl und Versuchsanstalt f\u00fcr Wasserbau der TU M\u00fcnchen und der Versuchsanstalt f\u00fcr Wasserbau, Hydrologie und Glaziologie an der ETH Z\u00fcrich veranstaltet. Der Wasserbau setzt im Spannungsfeld von \u00d6kologie, \u00d6ffentlichkeit und Wirtschaft gro\u00dfe Infrastrukturprojekte um. Dazu werden beim Symposium Graz 2018 theoretische und praktische Aspekte wasserbaulicher Aufgaben vorgestellt und diskutiert.<br \/>Fachlich sind diese Herausforderungen den hydraulischen Fragestellungen, dem Hochwasserschutz, dem Wasserkraftausbau durch Hoch- und Niederdruckanlagen, der Wasserwirtschaft, dem Betrieb von Anlagen und \u00f6kologischen Aspekten zugeordnet.<\/p>\n<p><\/p>","protected":false},"excerpt":{"rendered":"<p class=\"qtranxs-available-languages-message qtranxs-available-languages-message-en\">Sorry, this entry is only available in <a href=\"https:\/\/tugraztestweb.asol.at\/de\/wp-json\/wp\/v2\/product\/35599\" class=\"qtranxs-available-language-link qtranxs-available-language-link-de\" title=\"Deutsch\">Deutsch<\/a>.<\/p>\n<p>Das Wasserbausymposium Graz 2018 folgt einer langj\u00e4hrigen Tradition von Veranstaltungen in dieser Reihe und wird in Zusammenarbeit mit dem Lehrstuhl und Versuchsanstalt f\u00fcr Wasserbau der TU M\u00fcnchen und der Versuchsanstalt f\u00fcr Wasserbau, Hydrologie und Glaziologie an der ETH Z\u00fcrich veranstaltet. Der Wasserbau setzt im Spannungsfeld von \u00d6kologie, \u00d6ffentlichkeit und Wirtschaft gro\u00dfe Infrastrukturprojekte um. Dazu werden beim Symposium Graz 2018 theoretische und praktische Aspekte wasserbaulicher Aufgaben vorgestellt und diskutiert.<br \/>Fachlich sind diese Herausforderungen den hydraulischen Fragestellungen, dem Hochwasserschutz, dem Wasserkraftausbau durch Hoch- und Niederdruckanlagen, der Wasserwirtschaft, dem Betrieb von Anlagen und \u00f6kologischen Aspekten zugeordnet.<\/p>\n","protected":false},"featured_media":40206,"comment_status":"closed","ping_status":"closed","template":"","meta":[],"yoast_head":"<!-- This site is optimized with the Yoast SEO plugin v16.1.1 - https:\/\/yoast.com\/wordpress\/plugins\/seo\/ -->\n<link rel=\"canonical\" href=\"https:\/\/tugraztestweb.asol.at\/gesamtverzeichnis\/bauingenieurwissenschaften\/wasserbausymposium-graz-2018\/\" \/>\n<meta property=\"og:locale\" content=\"en_US\" \/>\n<meta property=\"og:type\" content=\"article\" \/>\n<meta property=\"og:title\" content=\"Wasserbausymposium Graz 2018 - Verlag der TU Graz\" \/>\n<meta property=\"og:description\" content=\"Das Wasserbausymposium Graz 2018 folgt einer langj\u00e4hrigen Tradition von Veranstaltungen in dieser Reihe und wird in Zusammenarbeit mit dem Lehrstuhl und Versuchsanstalt f\u00fcr Wasserbau der TU M\u00fcnchen und der Versuchsanstalt f\u00fcr Wasserbau, Hydrologie und Glaziologie an der ETH Z\u00fcrich veranstaltet. Der Wasserbau setzt im Spannungsfeld von \u00d6kologie, \u00d6ffentlichkeit und Wirtschaft gro\u00dfe Infrastrukturprojekte um. Dazu werden beim Symposium Graz 2018 theoretische und praktische Aspekte wasserbaulicher Aufgaben vorgestellt und diskutiert.Fachlich sind diese Herausforderungen den hydraulischen Fragestellungen, dem Hochwasserschutz, dem Wasserkraftausbau durch Hoch- und Niederdruckanlagen, der Wasserwirtschaft, dem Betrieb von Anlagen und \u00f6kologischen Aspekten zugeordnet.\" \/>\n<meta property=\"og:url\" content=\"https:\/\/tugraztestweb.asol.at\/gesamtverzeichnis\/bauingenieurwissenschaften\/wasserbausymposium-graz-2018\/\" \/>\n<meta property=\"og:site_name\" content=\"Verlag der TU Graz\" \/>\n<meta property=\"article:modified_time\" content=\"2020-08-21T12:56:41+00:00\" \/>\n<meta property=\"og:image\" content=\"https:\/\/tugraztestweb.asol.at\/wp-content\/uploads\/2020\/08\/image-978-3-85125-638-3.jpg\" \/>\n\t<meta property=\"og:image:width\" content=\"468\" \/>\n\t<meta property=\"og:image:height\" content=\"683\" \/>\n<meta name=\"twitter:card\" content=\"summary_large_image\" \/>\n<script type=\"application\/ld+json\" class=\"yoast-schema-graph\">{\"@context\":\"https:\/\/schema.org\",\"@graph\":[{\"@type\":\"WebSite\",\"@id\":\"https:\/\/tugraztestweb.asol.at\/#website\",\"url\":\"https:\/\/tugraztestweb.asol.at\/\",\"name\":\"Verlag der TU Graz\",\"description\":\"Verlag der Technischen Universit\\u00e4t Graz\",\"potentialAction\":[{\"@type\":\"SearchAction\",\"target\":\"https:\/\/tugraztestweb.asol.at\/?s={search_term_string}\",\"query-input\":\"required name=search_term_string\"}],\"inLanguage\":\"en-US\"},{\"@type\":\"ImageObject\",\"@id\":\"https:\/\/tugraztestweb.asol.at\/gesamtverzeichnis\/bauingenieurwissenschaften\/wasserbausymposium-graz-2018\/#primaryimage\",\"inLanguage\":\"en-US\",\"url\":\"https:\/\/tugraztestweb.asol.at\/wp-content\/uploads\/2020\/08\/image-978-3-85125-638-3.jpg\",\"contentUrl\":\"https:\/\/tugraztestweb.asol.at\/wp-content\/uploads\/2020\/08\/image-978-3-85125-638-3.jpg\",\"width\":468,\"height\":683},{\"@type\":\"WebPage\",\"@id\":\"https:\/\/tugraztestweb.asol.at\/gesamtverzeichnis\/bauingenieurwissenschaften\/wasserbausymposium-graz-2018\/#webpage\",\"url\":\"https:\/\/tugraztestweb.asol.at\/gesamtverzeichnis\/bauingenieurwissenschaften\/wasserbausymposium-graz-2018\/\",\"name\":\"Wasserbausymposium Graz 2018 - Verlag der TU Graz\",\"isPartOf\":{\"@id\":\"https:\/\/tugraztestweb.asol.at\/#website\"},\"primaryImageOfPage\":{\"@id\":\"https:\/\/tugraztestweb.asol.at\/gesamtverzeichnis\/bauingenieurwissenschaften\/wasserbausymposium-graz-2018\/#primaryimage\"},\"datePublished\":\"2020-08-21T12:55:41+00:00\",\"dateModified\":\"2020-08-21T12:56:41+00:00\",\"breadcrumb\":{\"@id\":\"https:\/\/tugraztestweb.asol.at\/gesamtverzeichnis\/bauingenieurwissenschaften\/wasserbausymposium-graz-2018\/#breadcrumb\"},\"inLanguage\":\"en-US\",\"potentialAction\":[{\"@type\":\"ReadAction\",\"target\":[\"https:\/\/tugraztestweb.asol.at\/gesamtverzeichnis\/bauingenieurwissenschaften\/wasserbausymposium-graz-2018\/\"]}]},{\"@type\":\"BreadcrumbList\",\"@id\":\"https:\/\/tugraztestweb.asol.at\/gesamtverzeichnis\/bauingenieurwissenschaften\/wasserbausymposium-graz-2018\/#breadcrumb\",\"itemListElement\":[{\"@type\":\"ListItem\",\"position\":1,\"item\":{\"@type\":\"WebPage\",\"@id\":\"https:\/\/tugraztestweb.asol.at\/\",\"url\":\"https:\/\/tugraztestweb.asol.at\/\",\"name\":\"Home\"}},{\"@type\":\"ListItem\",\"position\":2,\"item\":{\"@type\":\"WebPage\",\"@id\":\"https:\/\/tugraztestweb.asol.at\/gesamtverzeichnis\/\",\"url\":\"https:\/\/tugraztestweb.asol.at\/gesamtverzeichnis\/\",\"name\":\"Gesamtverzeichnis\"}},{\"@type\":\"ListItem\",\"position\":3,\"item\":{\"@type\":\"WebPage\",\"@id\":\"https:\/\/tugraztestweb.asol.at\/gesamtverzeichnis\/bauingenieurwissenschaften\/wasserbausymposium-graz-2018\/\",\"url\":\"https:\/\/tugraztestweb.asol.at\/gesamtverzeichnis\/bauingenieurwissenschaften\/wasserbausymposium-graz-2018\/\",\"name\":\"Wasserbausymposium Graz 2018\"}}]}]}<\/script>\n<!-- \/ Yoast SEO plugin. -->","_links":{"self":[{"href":"https:\/\/tugraztestweb.asol.at\/en\/wp-json\/wp\/v2\/product\/35599"}],"collection":[{"href":"https:\/\/tugraztestweb.asol.at\/en\/wp-json\/wp\/v2\/product"}],"about":[{"href":"https:\/\/tugraztestweb.asol.at\/en\/wp-json\/wp\/v2\/types\/product"}],"replies":[{"embeddable":true,"href":"https:\/\/tugraztestweb.asol.at\/en\/wp-json\/wp\/v2\/comments?post=35599"}],"wp:featuredmedia":[{"embeddable":true,"href":"https:\/\/tugraztestweb.asol.at\/en\/wp-json\/wp\/v2\/media\/40206"}],"wp:attachment":[{"href":"https:\/\/tugraztestweb.asol.at\/en\/wp-json\/wp\/v2\/media?parent=35599"}],"curies":[{"name":"wp","href":"https:\/\/api.w.org\/{rel}","templated":true}]}}