{"id":35770,"date":"2020-08-21T12:55:41","date_gmt":"2020-08-21T12:55:41","guid":{"rendered":"http:\/\/tugraztestweb.asol.at\/gesamtverzeichnis\/unkategorisiert\/november-talks-2016\/"},"modified":"2020-08-21T14:56:41","modified_gmt":"2020-08-21T12:56:41","slug":"november-talks-2017","status":"publish","type":"product","link":"https:\/\/tugraztestweb.asol.at\/en\/gesamtverzeichnis\/architektur\/november-talks-2017\/","title":{"rendered":"November Talks 2017"},"content":{"rendered":"<p class=\"qtranxs-available-languages-message qtranxs-available-languages-message-en\">Sorry, this entry is only available in <a href=\"https:\/\/tugraztestweb.asol.at\/de\/wp-json\/wp\/v2\/product\/35770\" class=\"qtranxs-available-language-link qtranxs-available-language-link-de\" title=\"Deutsch\">Deutsch<\/a>.<\/p><p>Mit Spannung wurden die November Talks-Think Tank Architecture 2017 erwartet. An der TU Graz, wie auch innerhalb der Kollegenschaft in der Stadt wurde eine sp\u00fcrbare Erwartungshaltung erzeugt, die darauf schlie\u00dfen l\u00e4sst, die November Talks sind angekommen. Vier G\u00e4ste, vier Vortr\u00e4ge mit jeweils 45 Minuten, die dann jeweils von einer 45-min\u00fctigen Diskussion gefolgt wurden, das gleiche Format, wie in den Jahren zuvor, gef\u00fcllt mit weiteren, neuen Inhalten. Dieses Mal haben uns Peter Cachola Schmal (Frankfurt), Mette Lange (Kopenhagen), Francisco Mangado (Pamplona und Madrid) und Peter St. John (London) Einblick in Ihre Arbeit und&nbsp; Sichtweisen zu zeitgen\u00f6ssischer Architektur gegeben. Die Transkriptionen der vier Diskussionen befinden sich nun in der vorliegenden Brosch\u00fcre.<\/p>","protected":false},"excerpt":{"rendered":"<p class=\"qtranxs-available-languages-message qtranxs-available-languages-message-en\">Sorry, this entry is only available in <a href=\"https:\/\/tugraztestweb.asol.at\/de\/wp-json\/wp\/v2\/product\/35770\" class=\"qtranxs-available-language-link qtranxs-available-language-link-de\" title=\"Deutsch\">Deutsch<\/a>.<\/p>\n<p>Mit Spannung wurden die November Talks-Think Tank Architecture 2017 erwartet. An der TU Graz, wie auch innerhalb der Kollegenschaft in der Stadt wurde eine sp\u00fcrbare Erwartungshaltung erzeugt, die darauf schlie\u00dfen l\u00e4sst, die November Talks sind angekommen. Vier G\u00e4ste, vier Vortr\u00e4ge mit jeweils 45 Minuten, die dann jeweils von einer 45-min\u00fctigen Diskussion gefolgt wurden, das gleiche Format, wie in den Jahren zuvor, gef\u00fcllt mit weiteren, neuen Inhalten. Dieses Mal haben uns Peter Cachola Schmal (Frankfurt), Mette Lange (Kopenhagen), Francisco Mangado (Pamplona und Madrid) und Peter St. John (London) Einblick in Ihre Arbeit und&nbsp; Sichtweisen zu zeitgen\u00f6ssischer Architektur gegeben. Die Transkriptionen der vier Diskussionen befinden sich nun in der vorliegenden Brosch\u00fcre.<\/p>\n","protected":false},"featured_media":39511,"comment_status":"closed","ping_status":"closed","template":"","meta":[],"yoast_head":"<!-- This site is optimized with the Yoast SEO plugin v16.1.1 - https:\/\/yoast.com\/wordpress\/plugins\/seo\/ -->\n<link rel=\"canonical\" href=\"https:\/\/tugraztestweb.asol.at\/en\/gesamtverzeichnis\/architektur\/november-talks-2017\/\" \/>\n<meta property=\"og:locale\" content=\"en_US\" \/>\n<meta property=\"og:type\" content=\"article\" \/>\n<meta property=\"og:title\" content=\"November Talks 2017 - Verlag der TU Graz\" \/>\n<meta property=\"og:description\" content=\"Mit Spannung wurden die November Talks-Think Tank Architecture 2017 erwartet. An der TU Graz, wie auch innerhalb der Kollegenschaft in der Stadt wurde eine sp\u00fcrbare Erwartungshaltung erzeugt, die darauf schlie\u00dfen l\u00e4sst, die November Talks sind angekommen. Vier G\u00e4ste, vier Vortr\u00e4ge mit jeweils 45 Minuten, die dann jeweils von einer 45-min\u00fctigen Diskussion gefolgt wurden, das gleiche Format, wie in den Jahren zuvor, gef\u00fcllt mit weiteren, neuen Inhalten. Dieses Mal haben uns Peter Cachola Schmal (Frankfurt), Mette Lange (Kopenhagen), Francisco Mangado (Pamplona und Madrid) und Peter St. John (London) Einblick in Ihre Arbeit und&nbsp; Sichtweisen zu zeitgen\u00f6ssischer Architektur gegeben. Die Transkriptionen der vier Diskussionen befinden sich nun in der vorliegenden Brosch\u00fcre.\" \/>\n<meta property=\"og:url\" content=\"https:\/\/tugraztestweb.asol.at\/en\/gesamtverzeichnis\/architektur\/november-talks-2017\/\" \/>\n<meta property=\"og:site_name\" content=\"Verlag der TU Graz\" \/>\n<meta property=\"article:modified_time\" content=\"2020-08-21T12:56:41+00:00\" \/>\n<meta property=\"og:image\" content=\"https:\/\/tugraztestweb.asol.at\/wp-content\/uploads\/2020\/08\/image-978-3-85125-639-0.jpg\" \/>\n\t<meta property=\"og:image:width\" content=\"1250\" \/>\n\t<meta property=\"og:image:height\" content=\"1250\" \/>\n<meta name=\"twitter:card\" content=\"summary_large_image\" \/>\n<meta name=\"twitter:label1\" content=\"Est. reading time\">\n\t<meta name=\"twitter:data1\" content=\"1 minute\">\n<script type=\"application\/ld+json\" class=\"yoast-schema-graph\">{\"@context\":\"https:\/\/schema.org\",\"@graph\":[{\"@type\":\"WebSite\",\"@id\":\"https:\/\/tugraztestweb.asol.at\/#website\",\"url\":\"https:\/\/tugraztestweb.asol.at\/\",\"name\":\"Verlag der TU Graz\",\"description\":\"Verlag der Technischen Universit\\u00e4t Graz\",\"potentialAction\":[{\"@type\":\"SearchAction\",\"target\":\"https:\/\/tugraztestweb.asol.at\/?s={search_term_string}\",\"query-input\":\"required name=search_term_string\"}],\"inLanguage\":\"en-US\"},{\"@type\":\"ImageObject\",\"@id\":\"https:\/\/tugraztestweb.asol.at\/en\/gesamtverzeichnis\/architektur\/november-talks-2017\/#primaryimage\",\"inLanguage\":\"en-US\",\"url\":\"https:\/\/tugraztestweb.asol.at\/wp-content\/uploads\/2020\/08\/image-978-3-85125-639-0.jpg\",\"contentUrl\":\"https:\/\/tugraztestweb.asol.at\/wp-content\/uploads\/2020\/08\/image-978-3-85125-639-0.jpg\",\"width\":1250,\"height\":1250},{\"@type\":\"WebPage\",\"@id\":\"https:\/\/tugraztestweb.asol.at\/en\/gesamtverzeichnis\/architektur\/november-talks-2017\/#webpage\",\"url\":\"https:\/\/tugraztestweb.asol.at\/en\/gesamtverzeichnis\/architektur\/november-talks-2017\/\",\"name\":\"November Talks 2017 - Verlag der TU Graz\",\"isPartOf\":{\"@id\":\"https:\/\/tugraztestweb.asol.at\/#website\"},\"primaryImageOfPage\":{\"@id\":\"https:\/\/tugraztestweb.asol.at\/en\/gesamtverzeichnis\/architektur\/november-talks-2017\/#primaryimage\"},\"datePublished\":\"2020-08-21T12:55:41+00:00\",\"dateModified\":\"2020-08-21T12:56:41+00:00\",\"breadcrumb\":{\"@id\":\"https:\/\/tugraztestweb.asol.at\/en\/gesamtverzeichnis\/architektur\/november-talks-2017\/#breadcrumb\"},\"inLanguage\":\"en-US\",\"potentialAction\":[{\"@type\":\"ReadAction\",\"target\":[\"https:\/\/tugraztestweb.asol.at\/en\/gesamtverzeichnis\/architektur\/november-talks-2017\/\"]}]},{\"@type\":\"BreadcrumbList\",\"@id\":\"https:\/\/tugraztestweb.asol.at\/en\/gesamtverzeichnis\/architektur\/november-talks-2017\/#breadcrumb\",\"itemListElement\":[{\"@type\":\"ListItem\",\"position\":1,\"item\":{\"@type\":\"WebPage\",\"@id\":\"https:\/\/tugraztestweb.asol.at\/\",\"url\":\"https:\/\/tugraztestweb.asol.at\/\",\"name\":\"Home\"}},{\"@type\":\"ListItem\",\"position\":2,\"item\":{\"@type\":\"WebPage\",\"@id\":\"https:\/\/tugraztestweb.asol.at\/gesamtverzeichnis\/\",\"url\":\"https:\/\/tugraztestweb.asol.at\/gesamtverzeichnis\/\",\"name\":\"Gesamtverzeichnis\"}},{\"@type\":\"ListItem\",\"position\":3,\"item\":{\"@type\":\"WebPage\",\"@id\":\"https:\/\/tugraztestweb.asol.at\/en\/gesamtverzeichnis\/architektur\/november-talks-2017\/\",\"url\":\"https:\/\/tugraztestweb.asol.at\/en\/gesamtverzeichnis\/architektur\/november-talks-2017\/\",\"name\":\"November Talks 2017\"}}]}]}<\/script>\n<!-- \/ Yoast SEO plugin. -->","_links":{"self":[{"href":"https:\/\/tugraztestweb.asol.at\/en\/wp-json\/wp\/v2\/product\/35770"}],"collection":[{"href":"https:\/\/tugraztestweb.asol.at\/en\/wp-json\/wp\/v2\/product"}],"about":[{"href":"https:\/\/tugraztestweb.asol.at\/en\/wp-json\/wp\/v2\/types\/product"}],"replies":[{"embeddable":true,"href":"https:\/\/tugraztestweb.asol.at\/en\/wp-json\/wp\/v2\/comments?post=35770"}],"wp:featuredmedia":[{"embeddable":true,"href":"https:\/\/tugraztestweb.asol.at\/en\/wp-json\/wp\/v2\/media\/39511"}],"wp:attachment":[{"href":"https:\/\/tugraztestweb.asol.at\/en\/wp-json\/wp\/v2\/media?parent=35770"}],"curies":[{"name":"wp","href":"https:\/\/api.w.org\/{rel}","templated":true}]}}