{"id":36076,"date":"2020-08-21T12:55:41","date_gmt":"2020-08-21T12:55:41","guid":{"rendered":"http:\/\/tugraztestweb.asol.at\/gesamtverzeichnis\/unkategorisiert\/learning-from-berlin\/"},"modified":"2020-08-21T14:56:42","modified_gmt":"2020-08-21T12:56:42","slug":"learning-from-berlin","status":"publish","type":"product","link":"https:\/\/tugraztestweb.asol.at\/en\/gesamtverzeichnis\/architektur\/learning-from-berlin\/","title":{"rendered":"Learning from Berlin"},"content":{"rendered":"<p class=\"qtranxs-available-languages-message qtranxs-available-languages-message-en\">Sorry, this entry is only available in <a href=\"https:\/\/tugraztestweb.asol.at\/de\/wp-json\/wp\/v2\/product\/36076\" class=\"qtranxs-available-language-link qtranxs-available-language-link-de\" title=\"Deutsch\">Deutsch<\/a>.<\/p><p>\u201eLearning from Berlin\u2026\u201c geht das Thema der Gro\u00dfstruktur als innovatives Instrument zur Generierung von Stadt an. Im gro\u00dfen Themenfeld der st\u00e4dtischen Nachverdichtung erarbeitet die Publikation ein Set an Instrumenten, die sich in urbane Strategien ableiten lassen. Multifunktionale Gro\u00dfbauten sind \u2013 wie die Stadt selbst \u00ac\u2013 in ihrer Prozesshaftigkeit zu verstehen und nicht als statische Strukturen. Das Geb\u00e4ude und dessen eingebundener \u00f6ffentlicher Raum m\u00fcssen evolution\u00e4r und dynamisch gestaltet werden. Jenseits ihrer Komplexit\u00e4t, bietet uns die Gro\u00dfstruktur eine Vielzahl an Mitteln zur Generierung von Stadt an. In diesem Sinne erforscht&nbsp; \u201eLearning from Berlin\u2026\u201c ein Set von theoretischen Ans\u00e4tzen die den zeitgen\u00f6ssischen architektonischen und st\u00e4dtebaulichen Diskurs bereichern. Die Fallbeispiele gehen urbane akute Zust\u00e4nde, wahrhafte \u201eNicht-Orte\u201c, mit einem architektonischen Instrumentarium an. Das Einbeziehen von Mobilit\u00e4t als strukturierendes Bindeelement zwischen dem Gro\u00dfobjekt und dem umliegenden Stadtgef\u00fcge ist eine Voraussetzung. Ausgew\u00e4hlte und \u00fcberarbeitete Masterprojekte unterst\u00fctzen beispielhaft das Forschungsanliegen. <\/p>\n<p><\/p>","protected":false},"excerpt":{"rendered":"<p class=\"qtranxs-available-languages-message qtranxs-available-languages-message-en\">Sorry, this entry is only available in <a href=\"https:\/\/tugraztestweb.asol.at\/de\/wp-json\/wp\/v2\/product\/36076\" class=\"qtranxs-available-language-link qtranxs-available-language-link-de\" title=\"Deutsch\">Deutsch<\/a>.<\/p>\n<p>\u201eLearning from Berlin\u2026\u201c geht das Thema der Gro\u00dfstruktur als innovatives Instrument zur Generierung von Stadt an. Im gro\u00dfen Themenfeld der st\u00e4dtischen Nachverdichtung erarbeitet die Publikation ein Set an Instrumenten, die sich in urbane Strategien ableiten lassen. Multifunktionale Gro\u00dfbauten sind \u2013 wie die Stadt selbst \u00ac\u2013 in ihrer Prozesshaftigkeit zu verstehen und nicht als statische Strukturen. Das Geb\u00e4ude und dessen eingebundener \u00f6ffentlicher Raum m\u00fcssen evolution\u00e4r und dynamisch gestaltet werden. Jenseits ihrer Komplexit\u00e4t, bietet uns die Gro\u00dfstruktur eine Vielzahl an Mitteln zur Generierung von Stadt an. In diesem Sinne erforscht&nbsp; \u201eLearning from Berlin\u2026\u201c ein Set von theoretischen Ans\u00e4tzen die den zeitgen\u00f6ssischen architektonischen und st\u00e4dtebaulichen Diskurs bereichern. Die Fallbeispiele gehen urbane akute Zust\u00e4nde, wahrhafte \u201eNicht-Orte\u201c, mit einem architektonischen Instrumentarium an. Das Einbeziehen von Mobilit\u00e4t als strukturierendes Bindeelement zwischen dem Gro\u00dfobjekt und dem umliegenden Stadtgef\u00fcge ist eine Voraussetzung. Ausgew\u00e4hlte und \u00fcberarbeitete Masterprojekte unterst\u00fctzen beispielhaft das Forschungsanliegen. <\/p>\n","protected":false},"featured_media":40219,"comment_status":"closed","ping_status":"closed","template":"","meta":[],"yoast_head":"<!-- This site is optimized with the Yoast SEO plugin v16.1.1 - https:\/\/yoast.com\/wordpress\/plugins\/seo\/ -->\n<link rel=\"canonical\" href=\"https:\/\/tugraztestweb.asol.at\/gesamtverzeichnis\/architektur\/learning-from-berlin\/\" \/>\n<meta property=\"og:locale\" content=\"en_US\" \/>\n<meta property=\"og:type\" content=\"article\" \/>\n<meta property=\"og:title\" content=\"Learning from Berlin - Verlag der TU Graz\" \/>\n<meta property=\"og:description\" content=\"\u201eLearning from Berlin\u2026\u201c geht das Thema der Gro\u00dfstruktur als innovatives Instrument zur Generierung von Stadt an. Im gro\u00dfen Themenfeld der st\u00e4dtischen Nachverdichtung erarbeitet die Publikation ein Set an Instrumenten, die sich in urbane Strategien ableiten lassen. Multifunktionale Gro\u00dfbauten sind \u2013 wie die Stadt selbst \u00ac\u2013 in ihrer Prozesshaftigkeit zu verstehen und nicht als statische Strukturen. Das Geb\u00e4ude und dessen eingebundener \u00f6ffentlicher Raum m\u00fcssen evolution\u00e4r und dynamisch gestaltet werden. Jenseits ihrer Komplexit\u00e4t, bietet uns die Gro\u00dfstruktur eine Vielzahl an Mitteln zur Generierung von Stadt an. In diesem Sinne erforscht&nbsp; \u201eLearning from Berlin\u2026\u201c ein Set von theoretischen Ans\u00e4tzen die den zeitgen\u00f6ssischen architektonischen und st\u00e4dtebaulichen Diskurs bereichern. Die Fallbeispiele gehen urbane akute Zust\u00e4nde, wahrhafte \u201eNicht-Orte\u201c, mit einem architektonischen Instrumentarium an. Das Einbeziehen von Mobilit\u00e4t als strukturierendes Bindeelement zwischen dem Gro\u00dfobjekt und dem umliegenden Stadtgef\u00fcge ist eine Voraussetzung. Ausgew\u00e4hlte und \u00fcberarbeitete Masterprojekte unterst\u00fctzen beispielhaft das Forschungsanliegen.\" \/>\n<meta property=\"og:url\" content=\"https:\/\/tugraztestweb.asol.at\/gesamtverzeichnis\/architektur\/learning-from-berlin\/\" \/>\n<meta property=\"og:site_name\" content=\"Verlag der TU Graz\" \/>\n<meta property=\"article:modified_time\" content=\"2020-08-21T12:56:42+00:00\" \/>\n<meta property=\"og:image\" content=\"https:\/\/tugraztestweb.asol.at\/wp-content\/uploads\/2020\/08\/image-978-3-85125-647-5.jpg\" \/>\n\t<meta property=\"og:image:width\" content=\"649\" \/>\n\t<meta property=\"og:image:height\" content=\"647\" \/>\n<meta name=\"twitter:card\" content=\"summary_large_image\" \/>\n<meta name=\"twitter:label1\" content=\"Est. reading time\">\n\t<meta name=\"twitter:data1\" content=\"1 minute\">\n<script type=\"application\/ld+json\" class=\"yoast-schema-graph\">{\"@context\":\"https:\/\/schema.org\",\"@graph\":[{\"@type\":\"WebSite\",\"@id\":\"https:\/\/tugraztestweb.asol.at\/#website\",\"url\":\"https:\/\/tugraztestweb.asol.at\/\",\"name\":\"Verlag der TU Graz\",\"description\":\"Verlag der Technischen Universit\\u00e4t Graz\",\"potentialAction\":[{\"@type\":\"SearchAction\",\"target\":\"https:\/\/tugraztestweb.asol.at\/?s={search_term_string}\",\"query-input\":\"required name=search_term_string\"}],\"inLanguage\":\"en-US\"},{\"@type\":\"ImageObject\",\"@id\":\"https:\/\/tugraztestweb.asol.at\/gesamtverzeichnis\/architektur\/learning-from-berlin\/#primaryimage\",\"inLanguage\":\"en-US\",\"url\":\"https:\/\/tugraztestweb.asol.at\/wp-content\/uploads\/2020\/08\/image-978-3-85125-647-5.jpg\",\"contentUrl\":\"https:\/\/tugraztestweb.asol.at\/wp-content\/uploads\/2020\/08\/image-978-3-85125-647-5.jpg\",\"width\":649,\"height\":647},{\"@type\":\"WebPage\",\"@id\":\"https:\/\/tugraztestweb.asol.at\/gesamtverzeichnis\/architektur\/learning-from-berlin\/#webpage\",\"url\":\"https:\/\/tugraztestweb.asol.at\/gesamtverzeichnis\/architektur\/learning-from-berlin\/\",\"name\":\"Learning from Berlin - Verlag der TU Graz\",\"isPartOf\":{\"@id\":\"https:\/\/tugraztestweb.asol.at\/#website\"},\"primaryImageOfPage\":{\"@id\":\"https:\/\/tugraztestweb.asol.at\/gesamtverzeichnis\/architektur\/learning-from-berlin\/#primaryimage\"},\"datePublished\":\"2020-08-21T12:55:41+00:00\",\"dateModified\":\"2020-08-21T12:56:42+00:00\",\"breadcrumb\":{\"@id\":\"https:\/\/tugraztestweb.asol.at\/gesamtverzeichnis\/architektur\/learning-from-berlin\/#breadcrumb\"},\"inLanguage\":\"en-US\",\"potentialAction\":[{\"@type\":\"ReadAction\",\"target\":[\"https:\/\/tugraztestweb.asol.at\/gesamtverzeichnis\/architektur\/learning-from-berlin\/\"]}]},{\"@type\":\"BreadcrumbList\",\"@id\":\"https:\/\/tugraztestweb.asol.at\/gesamtverzeichnis\/architektur\/learning-from-berlin\/#breadcrumb\",\"itemListElement\":[{\"@type\":\"ListItem\",\"position\":1,\"item\":{\"@type\":\"WebPage\",\"@id\":\"https:\/\/tugraztestweb.asol.at\/\",\"url\":\"https:\/\/tugraztestweb.asol.at\/\",\"name\":\"Home\"}},{\"@type\":\"ListItem\",\"position\":2,\"item\":{\"@type\":\"WebPage\",\"@id\":\"https:\/\/tugraztestweb.asol.at\/gesamtverzeichnis\/\",\"url\":\"https:\/\/tugraztestweb.asol.at\/gesamtverzeichnis\/\",\"name\":\"Gesamtverzeichnis\"}},{\"@type\":\"ListItem\",\"position\":3,\"item\":{\"@type\":\"WebPage\",\"@id\":\"https:\/\/tugraztestweb.asol.at\/gesamtverzeichnis\/architektur\/learning-from-berlin\/\",\"url\":\"https:\/\/tugraztestweb.asol.at\/gesamtverzeichnis\/architektur\/learning-from-berlin\/\",\"name\":\"Learning from Berlin\"}}]}]}<\/script>\n<!-- \/ Yoast SEO plugin. -->","_links":{"self":[{"href":"https:\/\/tugraztestweb.asol.at\/en\/wp-json\/wp\/v2\/product\/36076"}],"collection":[{"href":"https:\/\/tugraztestweb.asol.at\/en\/wp-json\/wp\/v2\/product"}],"about":[{"href":"https:\/\/tugraztestweb.asol.at\/en\/wp-json\/wp\/v2\/types\/product"}],"replies":[{"embeddable":true,"href":"https:\/\/tugraztestweb.asol.at\/en\/wp-json\/wp\/v2\/comments?post=36076"}],"wp:featuredmedia":[{"embeddable":true,"href":"https:\/\/tugraztestweb.asol.at\/en\/wp-json\/wp\/v2\/media\/40219"}],"wp:attachment":[{"href":"https:\/\/tugraztestweb.asol.at\/en\/wp-json\/wp\/v2\/media?parent=36076"}],"curies":[{"name":"wp","href":"https:\/\/api.w.org\/{rel}","templated":true}]}}