{"id":36109,"date":"2020-08-21T12:55:42","date_gmt":"2020-08-21T12:55:42","guid":{"rendered":"http:\/\/tugraztestweb.asol.at\/gesamtverzeichnis\/unkategorisiert\/branchenstudie-kmu-bau\/"},"modified":"2020-08-21T14:56:42","modified_gmt":"2020-08-21T12:56:42","slug":"branchenstudie-kmu-bau","status":"publish","type":"product","link":"https:\/\/tugraztestweb.asol.at\/en\/gesamtverzeichnis\/bauingenieurwissenschaften\/branchenstudie-kmu-bau\/","title":{"rendered":"Branchenstudie KMU-BAU"},"content":{"rendered":"<p class=\"qtranxs-available-languages-message qtranxs-available-languages-message-en\">Sorry, this entry is only available in <a href=\"https:\/\/tugraztestweb.asol.at\/de\/wp-json\/wp\/v2\/product\/36109\" class=\"qtranxs-available-language-link qtranxs-available-language-link-de\" title=\"Deutsch\">Deutsch<\/a>.<\/p><p>Der Mittelstand, als einer der wichtigsten Treiber der \u00f6sterreichischen Wirtschaft, ist stark ausgepr\u00e4gt und in den einzelnen Regionen verwurzelt. Er kommt jedoch vor allem im Bereich Bauwirtschaft immer st\u00e4rker unter Druck. <br \/>Neben konjunkturellen Problemen stehen die klein- und mittelst\u00e4ndischen Bauunternehmen auch oft vor strukturellen Problemen, deren L\u00f6sungen im eigenen Verantwortungsbereich liegen. Die letzten Jahre haben gezeigt, dass sich die Bauwirtschaft und hier vor allem die Klein- und Mittelbetriebe, sowohl in wirtschaftlicher, technischer als auch organisatorischer Hinsicht flexibler an die sich immer schneller \u00e4ndernden Rahmenbedingungen anpassen m\u00fcssen. Diese Tatsache gab den Ansto\u00df den klein- und mittelst\u00e4ndischen Bauunternehmen ein Instrumentarium zur Verf\u00fcgung zu stellen, um sie im Bereich der Unternehmensf\u00fchrung bzw. im betriebswirtschaftlichen Bereich zu unterst\u00fctzen.<br \/>Die vorliegende Branchenstudie ist die erste ihrer Art speziell f\u00fcr KMU-Bauunternehmen in \u00d6sterreich und soll den mittelst\u00e4ndischen Unter-nehmen helfen ihre vereinzelten Schw\u00e4chen im betriebswirtschaftlichen Bereich und im strategischen Denken zu \u00fcberwinden, welche ihrer unbestrittenen Kompetenz im technischen und handwerklichen Bereich gegen\u00fcberstehen.<\/p>\n<p><\/p>","protected":false},"excerpt":{"rendered":"<p class=\"qtranxs-available-languages-message qtranxs-available-languages-message-en\">Sorry, this entry is only available in <a href=\"https:\/\/tugraztestweb.asol.at\/de\/wp-json\/wp\/v2\/product\/36109\" class=\"qtranxs-available-language-link qtranxs-available-language-link-de\" title=\"Deutsch\">Deutsch<\/a>.<\/p>\n<p>Der Mittelstand, als einer der wichtigsten Treiber der \u00f6sterreichischen Wirtschaft, ist stark ausgepr\u00e4gt und in den einzelnen Regionen verwurzelt. Er kommt jedoch vor allem im Bereich Bauwirtschaft immer st\u00e4rker unter Druck. <br \/>Neben konjunkturellen Problemen stehen die klein- und mittelst\u00e4ndischen Bauunternehmen auch oft vor strukturellen Problemen, deren L\u00f6sungen im eigenen Verantwortungsbereich liegen. Die letzten Jahre haben gezeigt, dass sich die Bauwirtschaft und hier vor allem die Klein- und Mittelbetriebe, sowohl in wirtschaftlicher, technischer als auch organisatorischer Hinsicht flexibler an die sich immer schneller \u00e4ndernden Rahmenbedingungen anpassen m\u00fcssen. Diese Tatsache gab den Ansto\u00df den klein- und mittelst\u00e4ndischen Bauunternehmen ein Instrumentarium zur Verf\u00fcgung zu stellen, um sie im Bereich der Unternehmensf\u00fchrung bzw. im betriebswirtschaftlichen Bereich zu unterst\u00fctzen.<br \/>Die vorliegende Branchenstudie ist die erste ihrer Art speziell f\u00fcr KMU-Bauunternehmen in \u00d6sterreich und soll den mittelst\u00e4ndischen Unter-nehmen helfen ihre vereinzelten Schw\u00e4chen im betriebswirtschaftlichen Bereich und im strategischen Denken zu \u00fcberwinden, welche ihrer unbestrittenen Kompetenz im technischen und handwerklichen Bereich gegen\u00fcberstehen.<\/p>\n","protected":false},"featured_media":40221,"comment_status":"closed","ping_status":"closed","template":"","meta":[],"yoast_head":"<!-- This site is optimized with the Yoast SEO plugin v16.1.1 - https:\/\/yoast.com\/wordpress\/plugins\/seo\/ -->\n<link rel=\"canonical\" href=\"https:\/\/tugraztestweb.asol.at\/gesamtverzeichnis\/bauingenieurwissenschaften\/branchenstudie-kmu-bau\/\" \/>\n<meta property=\"og:locale\" content=\"en_US\" \/>\n<meta property=\"og:type\" content=\"article\" \/>\n<meta property=\"og:title\" content=\"Branchenstudie KMU-BAU - Verlag der TU Graz\" \/>\n<meta property=\"og:description\" content=\"Der Mittelstand, als einer der wichtigsten Treiber der \u00f6sterreichischen Wirtschaft, ist stark ausgepr\u00e4gt und in den einzelnen Regionen verwurzelt. Er kommt jedoch vor allem im Bereich Bauwirtschaft immer st\u00e4rker unter Druck. Neben konjunkturellen Problemen stehen die klein- und mittelst\u00e4ndischen Bauunternehmen auch oft vor strukturellen Problemen, deren L\u00f6sungen im eigenen Verantwortungsbereich liegen. Die letzten Jahre haben gezeigt, dass sich die Bauwirtschaft und hier vor allem die Klein- und Mittelbetriebe, sowohl in wirtschaftlicher, technischer als auch organisatorischer Hinsicht flexibler an die sich immer schneller \u00e4ndernden Rahmenbedingungen anpassen m\u00fcssen. Diese Tatsache gab den Ansto\u00df den klein- und mittelst\u00e4ndischen Bauunternehmen ein Instrumentarium zur Verf\u00fcgung zu stellen, um sie im Bereich der Unternehmensf\u00fchrung bzw. im betriebswirtschaftlichen Bereich zu unterst\u00fctzen.Die vorliegende Branchenstudie ist die erste ihrer Art speziell f\u00fcr KMU-Bauunternehmen in \u00d6sterreich und soll den mittelst\u00e4ndischen Unter-nehmen helfen ihre vereinzelten Schw\u00e4chen im betriebswirtschaftlichen Bereich und im strategischen Denken zu \u00fcberwinden, welche ihrer unbestrittenen Kompetenz im technischen und handwerklichen Bereich gegen\u00fcberstehen.\" \/>\n<meta property=\"og:url\" content=\"https:\/\/tugraztestweb.asol.at\/gesamtverzeichnis\/bauingenieurwissenschaften\/branchenstudie-kmu-bau\/\" \/>\n<meta property=\"og:site_name\" content=\"Verlag der TU Graz\" \/>\n<meta property=\"article:modified_time\" content=\"2020-08-21T12:56:42+00:00\" \/>\n<meta property=\"og:image\" content=\"https:\/\/tugraztestweb.asol.at\/wp-content\/uploads\/2020\/08\/image-978-3-85125-649-9.jpg\" \/>\n\t<meta property=\"og:image:width\" content=\"644\" \/>\n\t<meta property=\"og:image:height\" content=\"911\" \/>\n<meta name=\"twitter:card\" content=\"summary_large_image\" \/>\n<meta name=\"twitter:label1\" content=\"Est. reading time\">\n\t<meta name=\"twitter:data1\" content=\"1 minute\">\n<script type=\"application\/ld+json\" class=\"yoast-schema-graph\">{\"@context\":\"https:\/\/schema.org\",\"@graph\":[{\"@type\":\"WebSite\",\"@id\":\"https:\/\/tugraztestweb.asol.at\/#website\",\"url\":\"https:\/\/tugraztestweb.asol.at\/\",\"name\":\"Verlag der TU Graz\",\"description\":\"Verlag der Technischen Universit\\u00e4t Graz\",\"potentialAction\":[{\"@type\":\"SearchAction\",\"target\":\"https:\/\/tugraztestweb.asol.at\/?s={search_term_string}\",\"query-input\":\"required name=search_term_string\"}],\"inLanguage\":\"en-US\"},{\"@type\":\"ImageObject\",\"@id\":\"https:\/\/tugraztestweb.asol.at\/gesamtverzeichnis\/bauingenieurwissenschaften\/branchenstudie-kmu-bau\/#primaryimage\",\"inLanguage\":\"en-US\",\"url\":\"https:\/\/tugraztestweb.asol.at\/wp-content\/uploads\/2020\/08\/image-978-3-85125-649-9.jpg\",\"contentUrl\":\"https:\/\/tugraztestweb.asol.at\/wp-content\/uploads\/2020\/08\/image-978-3-85125-649-9.jpg\",\"width\":644,\"height\":911},{\"@type\":\"WebPage\",\"@id\":\"https:\/\/tugraztestweb.asol.at\/gesamtverzeichnis\/bauingenieurwissenschaften\/branchenstudie-kmu-bau\/#webpage\",\"url\":\"https:\/\/tugraztestweb.asol.at\/gesamtverzeichnis\/bauingenieurwissenschaften\/branchenstudie-kmu-bau\/\",\"name\":\"Branchenstudie KMU-BAU - Verlag der TU Graz\",\"isPartOf\":{\"@id\":\"https:\/\/tugraztestweb.asol.at\/#website\"},\"primaryImageOfPage\":{\"@id\":\"https:\/\/tugraztestweb.asol.at\/gesamtverzeichnis\/bauingenieurwissenschaften\/branchenstudie-kmu-bau\/#primaryimage\"},\"datePublished\":\"2020-08-21T12:55:42+00:00\",\"dateModified\":\"2020-08-21T12:56:42+00:00\",\"breadcrumb\":{\"@id\":\"https:\/\/tugraztestweb.asol.at\/gesamtverzeichnis\/bauingenieurwissenschaften\/branchenstudie-kmu-bau\/#breadcrumb\"},\"inLanguage\":\"en-US\",\"potentialAction\":[{\"@type\":\"ReadAction\",\"target\":[\"https:\/\/tugraztestweb.asol.at\/gesamtverzeichnis\/bauingenieurwissenschaften\/branchenstudie-kmu-bau\/\"]}]},{\"@type\":\"BreadcrumbList\",\"@id\":\"https:\/\/tugraztestweb.asol.at\/gesamtverzeichnis\/bauingenieurwissenschaften\/branchenstudie-kmu-bau\/#breadcrumb\",\"itemListElement\":[{\"@type\":\"ListItem\",\"position\":1,\"item\":{\"@type\":\"WebPage\",\"@id\":\"https:\/\/tugraztestweb.asol.at\/\",\"url\":\"https:\/\/tugraztestweb.asol.at\/\",\"name\":\"Home\"}},{\"@type\":\"ListItem\",\"position\":2,\"item\":{\"@type\":\"WebPage\",\"@id\":\"https:\/\/tugraztestweb.asol.at\/gesamtverzeichnis\/\",\"url\":\"https:\/\/tugraztestweb.asol.at\/gesamtverzeichnis\/\",\"name\":\"Gesamtverzeichnis\"}},{\"@type\":\"ListItem\",\"position\":3,\"item\":{\"@type\":\"WebPage\",\"@id\":\"https:\/\/tugraztestweb.asol.at\/gesamtverzeichnis\/bauingenieurwissenschaften\/branchenstudie-kmu-bau\/\",\"url\":\"https:\/\/tugraztestweb.asol.at\/gesamtverzeichnis\/bauingenieurwissenschaften\/branchenstudie-kmu-bau\/\",\"name\":\"Branchenstudie KMU-BAU\"}}]}]}<\/script>\n<!-- \/ Yoast SEO plugin. -->","_links":{"self":[{"href":"https:\/\/tugraztestweb.asol.at\/en\/wp-json\/wp\/v2\/product\/36109"}],"collection":[{"href":"https:\/\/tugraztestweb.asol.at\/en\/wp-json\/wp\/v2\/product"}],"about":[{"href":"https:\/\/tugraztestweb.asol.at\/en\/wp-json\/wp\/v2\/types\/product"}],"replies":[{"embeddable":true,"href":"https:\/\/tugraztestweb.asol.at\/en\/wp-json\/wp\/v2\/comments?post=36109"}],"wp:featuredmedia":[{"embeddable":true,"href":"https:\/\/tugraztestweb.asol.at\/en\/wp-json\/wp\/v2\/media\/40221"}],"wp:attachment":[{"href":"https:\/\/tugraztestweb.asol.at\/en\/wp-json\/wp\/v2\/media?parent=36109"}],"curies":[{"name":"wp","href":"https:\/\/api.w.org\/{rel}","templated":true}]}}