{"id":36281,"date":"2020-08-21T12:55:42","date_gmt":"2020-08-21T12:55:42","guid":{"rendered":"http:\/\/tugraztestweb.asol.at\/gesamtverzeichnis\/unkategorisiert\/projektleitung-projektplanung-projektentwicklung-konkretisierung-praezisierung-der-leistungsbilder-auf-basis-aho-bd-nr-9-2\/"},"modified":"2020-08-21T14:56:42","modified_gmt":"2020-08-21T12:56:42","slug":"koordination-und-integration-im-projektverlauf","status":"publish","type":"product","link":"https:\/\/tugraztestweb.asol.at\/en\/gesamtverzeichnis\/bauingenieurwissenschaften\/koordination-und-integration-im-projektverlauf\/","title":{"rendered":"Koordination und Integration im Projektverlauf"},"content":{"rendered":"<p class=\"qtranxs-available-languages-message qtranxs-available-languages-message-en\">Sorry, this entry is only available in <a href=\"https:\/\/tugraztestweb.asol.at\/de\/wp-json\/wp\/v2\/product\/36281\" class=\"qtranxs-available-language-link qtranxs-available-language-link-de\" title=\"Deutsch\">Deutsch<\/a>.<\/p><p>KOO + INT scheint f\u00fcr die friktionsarme Abwicklung der Planung und der Baudurchf\u00fchrung ein besonders wichtiger Aspekt zu sein, womit die konkrete Beschreibung der T\u00e4tigkeiten und der zu koordinierenden Inhalte je Leistungsphase zu einer hilfreichen Orientierung in der Zusammenarbeit der Objekt+Fachplaner wird.<br \/>KOO + INT gibt es in allen Phasen und Ebenen der Organisation von Bauprojekten, der fachliche Schwerpunkt liegt aber in der LPH 1-8 auf Seite des Objektplaners (Architekt), der in seiner Rolle f\u00fcr das Zusammenpassen und Zusammenwirken der Systeme zust\u00e4ndig ist.<br \/>Systeme sind: Gestaltung, Funktion, Tragwerk, H\u00fclle, Ausbau, TGA. Vor allem der hohe Anteil der Technischen Geb\u00e4udeausr\u00fcstung stellt dabei neue Anforderungen an den Objektplaner, an die Integrationsf\u00e4higkeit.<br \/>Mit BIM wird die Koordination und Integration der Fachmodelle in den fr\u00fchen LPHen 2+3 <br \/>intensiver diskutiert.<br \/>Mit der HOAI 2013 und LM.VM.2014 ist, auch zur Verbesserung der Koordination + Integration, die % Punktezuteilung der LPH 3 deutlich angehoben worden, u.a. weil der Schwerpunkt der Koordinierung stark nach vorne gewandert ist.<br \/>Umfangreiche Beispiele vertiefen die Erl\u00e4uterungen zur KOO + INT zwischen Objektplaner <br \/>+ Fachplaner in allen LPHen der Projektarbeit.<\/p>","protected":false},"excerpt":{"rendered":"<p class=\"qtranxs-available-languages-message qtranxs-available-languages-message-en\">Sorry, this entry is only available in <a href=\"https:\/\/tugraztestweb.asol.at\/de\/wp-json\/wp\/v2\/product\/36281\" class=\"qtranxs-available-language-link qtranxs-available-language-link-de\" title=\"Deutsch\">Deutsch<\/a>.<\/p>\n<p>KOO + INT scheint f\u00fcr die friktionsarme Abwicklung der Planung und der Baudurchf\u00fchrung ein besonders wichtiger Aspekt zu sein, womit die konkrete Beschreibung der T\u00e4tigkeiten und der zu koordinierenden Inhalte je Leistungsphase zu einer hilfreichen Orientierung in der Zusammenarbeit der Objekt+Fachplaner wird.<br \/>KOO + INT gibt es in allen Phasen und Ebenen der Organisation von Bauprojekten, der fachliche Schwerpunkt liegt aber in der LPH 1-8 auf Seite des Objektplaners (Architekt), der in seiner Rolle f\u00fcr das Zusammenpassen und Zusammenwirken der Systeme zust\u00e4ndig ist.<br \/>Systeme sind: Gestaltung, Funktion, Tragwerk, H\u00fclle, Ausbau, TGA. Vor allem der hohe Anteil der Technischen Geb\u00e4udeausr\u00fcstung stellt dabei neue Anforderungen an den Objektplaner, an die Integrationsf\u00e4higkeit.<br \/>Mit BIM wird die Koordination und Integration der Fachmodelle in den fr\u00fchen LPHen 2+3 <br \/>intensiver diskutiert.<br \/>Mit der HOAI 2013 und LM.VM.2014 ist, auch zur Verbesserung der Koordination + Integration, die % Punktezuteilung der LPH 3 deutlich angehoben worden, u.a. weil der Schwerpunkt der Koordinierung stark nach vorne gewandert ist.<br \/>Umfangreiche Beispiele vertiefen die Erl\u00e4uterungen zur KOO + INT zwischen Objektplaner <br \/>+ Fachplaner in allen LPHen der Projektarbeit.<\/p>\n","protected":false},"featured_media":40225,"comment_status":"closed","ping_status":"closed","template":"","meta":[],"yoast_head":"<!-- This site is optimized with the Yoast SEO plugin v16.1.1 - https:\/\/yoast.com\/wordpress\/plugins\/seo\/ -->\n<link rel=\"canonical\" href=\"https:\/\/tugraztestweb.asol.at\/en\/gesamtverzeichnis\/bauingenieurwissenschaften\/koordination-und-integration-im-projektverlauf\/\" \/>\n<meta property=\"og:locale\" content=\"en_US\" \/>\n<meta property=\"og:type\" content=\"article\" \/>\n<meta property=\"og:title\" content=\"Koordination und Integration im Projektverlauf - Verlag der TU Graz\" \/>\n<meta property=\"og:description\" content=\"KOO + INT scheint f\u00fcr die friktionsarme Abwicklung der Planung und der Baudurchf\u00fchrung ein besonders wichtiger Aspekt zu sein, womit die konkrete Beschreibung der T\u00e4tigkeiten und der zu koordinierenden Inhalte je Leistungsphase zu einer hilfreichen Orientierung in der Zusammenarbeit der Objekt+Fachplaner wird.KOO + INT gibt es in allen Phasen und Ebenen der Organisation von Bauprojekten, der fachliche Schwerpunkt liegt aber in der LPH 1-8 auf Seite des Objektplaners (Architekt), der in seiner Rolle f\u00fcr das Zusammenpassen und Zusammenwirken der Systeme zust\u00e4ndig ist.Systeme sind: Gestaltung, Funktion, Tragwerk, H\u00fclle, Ausbau, TGA. Vor allem der hohe Anteil der Technischen Geb\u00e4udeausr\u00fcstung stellt dabei neue Anforderungen an den Objektplaner, an die Integrationsf\u00e4higkeit.Mit BIM wird die Koordination und Integration der Fachmodelle in den fr\u00fchen LPHen 2+3 intensiver diskutiert.Mit der HOAI 2013 und LM.VM.2014 ist, auch zur Verbesserung der Koordination + Integration, die % Punktezuteilung der LPH 3 deutlich angehoben worden, u.a. weil der Schwerpunkt der Koordinierung stark nach vorne gewandert ist.Umfangreiche Beispiele vertiefen die Erl\u00e4uterungen zur KOO + INT zwischen Objektplaner + Fachplaner in allen LPHen der Projektarbeit.\" \/>\n<meta property=\"og:url\" content=\"https:\/\/tugraztestweb.asol.at\/en\/gesamtverzeichnis\/bauingenieurwissenschaften\/koordination-und-integration-im-projektverlauf\/\" \/>\n<meta property=\"og:site_name\" content=\"Verlag der TU Graz\" \/>\n<meta property=\"article:modified_time\" content=\"2020-08-21T12:56:42+00:00\" \/>\n<meta property=\"og:image\" content=\"https:\/\/tugraztestweb.asol.at\/wp-content\/uploads\/2020\/08\/image-978-3-85125-651-2.jpg\" \/>\n\t<meta property=\"og:image:width\" content=\"579\" \/>\n\t<meta property=\"og:image:height\" content=\"891\" \/>\n<meta name=\"twitter:card\" content=\"summary_large_image\" \/>\n<meta name=\"twitter:label1\" content=\"Est. reading time\">\n\t<meta name=\"twitter:data1\" content=\"1 minute\">\n<script type=\"application\/ld+json\" class=\"yoast-schema-graph\">{\"@context\":\"https:\/\/schema.org\",\"@graph\":[{\"@type\":\"WebSite\",\"@id\":\"https:\/\/tugraztestweb.asol.at\/#website\",\"url\":\"https:\/\/tugraztestweb.asol.at\/\",\"name\":\"Verlag der TU Graz\",\"description\":\"Verlag der Technischen Universit\\u00e4t Graz\",\"potentialAction\":[{\"@type\":\"SearchAction\",\"target\":\"https:\/\/tugraztestweb.asol.at\/?s={search_term_string}\",\"query-input\":\"required name=search_term_string\"}],\"inLanguage\":\"en-US\"},{\"@type\":\"ImageObject\",\"@id\":\"https:\/\/tugraztestweb.asol.at\/en\/gesamtverzeichnis\/bauingenieurwissenschaften\/koordination-und-integration-im-projektverlauf\/#primaryimage\",\"inLanguage\":\"en-US\",\"url\":\"https:\/\/tugraztestweb.asol.at\/wp-content\/uploads\/2020\/08\/image-978-3-85125-651-2.jpg\",\"contentUrl\":\"https:\/\/tugraztestweb.asol.at\/wp-content\/uploads\/2020\/08\/image-978-3-85125-651-2.jpg\",\"width\":579,\"height\":891},{\"@type\":\"WebPage\",\"@id\":\"https:\/\/tugraztestweb.asol.at\/en\/gesamtverzeichnis\/bauingenieurwissenschaften\/koordination-und-integration-im-projektverlauf\/#webpage\",\"url\":\"https:\/\/tugraztestweb.asol.at\/en\/gesamtverzeichnis\/bauingenieurwissenschaften\/koordination-und-integration-im-projektverlauf\/\",\"name\":\"Koordination und Integration im Projektverlauf - Verlag der TU Graz\",\"isPartOf\":{\"@id\":\"https:\/\/tugraztestweb.asol.at\/#website\"},\"primaryImageOfPage\":{\"@id\":\"https:\/\/tugraztestweb.asol.at\/en\/gesamtverzeichnis\/bauingenieurwissenschaften\/koordination-und-integration-im-projektverlauf\/#primaryimage\"},\"datePublished\":\"2020-08-21T12:55:42+00:00\",\"dateModified\":\"2020-08-21T12:56:42+00:00\",\"breadcrumb\":{\"@id\":\"https:\/\/tugraztestweb.asol.at\/en\/gesamtverzeichnis\/bauingenieurwissenschaften\/koordination-und-integration-im-projektverlauf\/#breadcrumb\"},\"inLanguage\":\"en-US\",\"potentialAction\":[{\"@type\":\"ReadAction\",\"target\":[\"https:\/\/tugraztestweb.asol.at\/en\/gesamtverzeichnis\/bauingenieurwissenschaften\/koordination-und-integration-im-projektverlauf\/\"]}]},{\"@type\":\"BreadcrumbList\",\"@id\":\"https:\/\/tugraztestweb.asol.at\/en\/gesamtverzeichnis\/bauingenieurwissenschaften\/koordination-und-integration-im-projektverlauf\/#breadcrumb\",\"itemListElement\":[{\"@type\":\"ListItem\",\"position\":1,\"item\":{\"@type\":\"WebPage\",\"@id\":\"https:\/\/tugraztestweb.asol.at\/\",\"url\":\"https:\/\/tugraztestweb.asol.at\/\",\"name\":\"Home\"}},{\"@type\":\"ListItem\",\"position\":2,\"item\":{\"@type\":\"WebPage\",\"@id\":\"https:\/\/tugraztestweb.asol.at\/gesamtverzeichnis\/\",\"url\":\"https:\/\/tugraztestweb.asol.at\/gesamtverzeichnis\/\",\"name\":\"Gesamtverzeichnis\"}},{\"@type\":\"ListItem\",\"position\":3,\"item\":{\"@type\":\"WebPage\",\"@id\":\"https:\/\/tugraztestweb.asol.at\/en\/gesamtverzeichnis\/bauingenieurwissenschaften\/koordination-und-integration-im-projektverlauf\/\",\"url\":\"https:\/\/tugraztestweb.asol.at\/en\/gesamtverzeichnis\/bauingenieurwissenschaften\/koordination-und-integration-im-projektverlauf\/\",\"name\":\"Koordination und Integration im Projektverlauf\"}}]}]}<\/script>\n<!-- \/ Yoast SEO plugin. -->","_links":{"self":[{"href":"https:\/\/tugraztestweb.asol.at\/en\/wp-json\/wp\/v2\/product\/36281"}],"collection":[{"href":"https:\/\/tugraztestweb.asol.at\/en\/wp-json\/wp\/v2\/product"}],"about":[{"href":"https:\/\/tugraztestweb.asol.at\/en\/wp-json\/wp\/v2\/types\/product"}],"replies":[{"embeddable":true,"href":"https:\/\/tugraztestweb.asol.at\/en\/wp-json\/wp\/v2\/comments?post=36281"}],"wp:featuredmedia":[{"embeddable":true,"href":"https:\/\/tugraztestweb.asol.at\/en\/wp-json\/wp\/v2\/media\/40225"}],"wp:attachment":[{"href":"https:\/\/tugraztestweb.asol.at\/en\/wp-json\/wp\/v2\/media?parent=36281"}],"curies":[{"name":"wp","href":"https:\/\/api.w.org\/{rel}","templated":true}]}}