{"id":36341,"date":"2020-08-21T12:55:42","date_gmt":"2020-08-21T12:55:42","guid":{"rendered":"http:\/\/tugraztestweb.asol.at\/gesamtverzeichnis\/unkategorisiert\/steigerung-der-energieeffizienz-von-stueckgutstetigfoerderern-durch-optimierte-antriebssystemauswahl\/"},"modified":"2020-08-21T14:56:42","modified_gmt":"2020-08-21T12:56:42","slug":"steigerung-der-energieeffizienz-von-stueckgutstetigfoerderern-durch-optimierte-antriebssystemauswahl","status":"publish","type":"product","link":"https:\/\/tugraztestweb.asol.at\/en\/gesamtverzeichnis\/maschinenbau-und-wirtschaftswissenschaften\/steigerung-der-energieeffizienz-von-stueckgutstetigfoerderern-durch-optimierte-antriebssystemauswahl\/","title":{"rendered":"Steigerung der Energieeffizienz von St\u00fcckgutstetigf\u00f6rderern durch optimierte Antriebssystemauswahl"},"content":{"rendered":"<p class=\"qtranxs-available-languages-message qtranxs-available-languages-message-en\">Sorry, this entry is only available in <a href=\"https:\/\/tugraztestweb.asol.at\/de\/wp-json\/wp\/v2\/product\/36341\" class=\"qtranxs-available-language-link qtranxs-available-language-link-de\" title=\"Deutsch\">Deutsch<\/a>.<\/p><p>Stetigf\u00f6rderer f\u00fcr St\u00fcckgut sind wesentliche Elemente in Materialflusssystemen und tragen einen relevanten Anteil zum Gesamtenergieverbrauch von Intralogistiksystemen bei. Die Optimierung ihrer Energieeffizienz ist vor dem Hintergrund einer drohenden Klimakatastrophe und der steigenden Energiekosten somit von \u00f6kologischer und \u00f6konomischer Relevanz. <br \/>Die h\u00f6chsten Verluste der St\u00fcckgutstetigf\u00f6rderer entstehen im Antriebssystem. Die Wirkungsgradkennlinien von Standard-Antriebssystemen sind lastabh\u00e4ngig und weisen im Bereich des Bemessungspunktes das Wirkungsgradmaximum auf. Aufgrund des h\u00e4ufigen Betriebs abseits des Bemessungspunktes bei niedrigen Wirkungsgraden, ist der Verlustanteil im Antriebssystem am gr\u00f6\u00dften. <br \/>Derzeit sind keine geeigneten, wissenschaftlich gesicherten Verfahren zur Auslegung der Antriebssysteme f\u00fcr St\u00fcckgutstetigf\u00f6rderer der Intralogistik bekannt. <br \/>Um diese L\u00fccke zu schlie\u00dfen und die Potenziale zur Steigerung der Energieeffizienz nutzbar zu machen, werden in dieser Arbeit Verfahren zur Antriebsauslegung und zur energieeffizienzoptimalen Antriebssystemauswahl f\u00fcr St\u00fcckgutstetigf\u00f6rderer vorgestellt.<br \/>Die effizienzoptimierte Antriebsauslegung erm\u00f6glicht die Festlegung der Bemessungsgr\u00f6\u00dfen des Antriebssystems im virtuellen Engineeringprozess. Sie beruht auf einem mechanischen Berechnungsmodell, das die mechanische Antriebsleistung beim station\u00e4ren F\u00f6rdern und im Hochlauf quantifiziert. <br \/>Die effizienzoptimale Antriebssystemauswahl erm\u00f6glicht mit einem semi-analytischen Ansatz die Optimierung von St\u00fcckgutstetigf\u00f6rderern bei der Variantenkonstruktion. Die Vorgehensweise ber\u00fccksichtigt die unterschiedlichen Betriebszust\u00e4nde des F\u00f6rderger\u00e4ts mittels Lastkollektiv, sowie die Wirkungsgradkennfelder der Antriebssysteme. Die Antriebssystemauswahl wird an typischen St\u00fcckgutstetigf\u00f6rderern der Intralogistik umgesetzt und die Effizienzsteigerungen mittels Messungen nachgewiesen. <br \/>Erg\u00e4nzend werden allgemeine Erkenntnisse zur Bewertung der Effizienz von Antriebssystemen gewonnen. <br \/><\/p>","protected":false},"excerpt":{"rendered":"<p class=\"qtranxs-available-languages-message qtranxs-available-languages-message-en\">Sorry, this entry is only available in <a href=\"https:\/\/tugraztestweb.asol.at\/de\/wp-json\/wp\/v2\/product\/36341\" class=\"qtranxs-available-language-link qtranxs-available-language-link-de\" title=\"Deutsch\">Deutsch<\/a>.<\/p>\n<p>Stetigf\u00f6rderer f\u00fcr St\u00fcckgut sind wesentliche Elemente in Materialflusssystemen und tragen einen relevanten Anteil zum Gesamtenergieverbrauch von Intralogistiksystemen bei. Die Optimierung ihrer Energieeffizienz ist vor dem Hintergrund einer drohenden Klimakatastrophe und der steigenden Energiekosten somit von \u00f6kologischer und \u00f6konomischer Relevanz. <br \/>Die h\u00f6chsten Verluste der St\u00fcckgutstetigf\u00f6rderer entstehen im Antriebssystem. Die Wirkungsgradkennlinien von Standard-Antriebssystemen sind lastabh\u00e4ngig und weisen im Bereich des Bemessungspunktes das Wirkungsgradmaximum auf. Aufgrund des h\u00e4ufigen Betriebs abseits des Bemessungspunktes bei niedrigen Wirkungsgraden, ist der Verlustanteil im Antriebssystem am gr\u00f6\u00dften. <br \/>Derzeit sind keine geeigneten, wissenschaftlich gesicherten Verfahren zur Auslegung der Antriebssysteme f\u00fcr St\u00fcckgutstetigf\u00f6rderer der Intralogistik bekannt. <br \/>Um diese L\u00fccke zu schlie\u00dfen und die Potenziale zur Steigerung der Energieeffizienz nutzbar zu machen, werden in dieser Arbeit Verfahren zur Antriebsauslegung und zur energieeffizienzoptimalen Antriebssystemauswahl f\u00fcr St\u00fcckgutstetigf\u00f6rderer vorgestellt.<br \/>Die effizienzoptimierte Antriebsauslegung erm\u00f6glicht die Festlegung der Bemessungsgr\u00f6\u00dfen des Antriebssystems im virtuellen Engineeringprozess. Sie beruht auf einem mechanischen Berechnungsmodell, das die mechanische Antriebsleistung beim station\u00e4ren F\u00f6rdern und im Hochlauf quantifiziert. <br \/>Die effizienzoptimale Antriebssystemauswahl erm\u00f6glicht mit einem semi-analytischen Ansatz die Optimierung von St\u00fcckgutstetigf\u00f6rderern bei der Variantenkonstruktion. Die Vorgehensweise ber\u00fccksichtigt die unterschiedlichen Betriebszust\u00e4nde des F\u00f6rderger\u00e4ts mittels Lastkollektiv, sowie die Wirkungsgradkennfelder der Antriebssysteme. Die Antriebssystemauswahl wird an typischen St\u00fcckgutstetigf\u00f6rderern der Intralogistik umgesetzt und die Effizienzsteigerungen mittels Messungen nachgewiesen. <br \/>Erg\u00e4nzend werden allgemeine Erkenntnisse zur Bewertung der Effizienz von Antriebssystemen gewonnen. <\/p>\n","protected":false},"featured_media":40229,"comment_status":"closed","ping_status":"closed","template":"","meta":[],"yoast_head":"<!-- This site is optimized with the Yoast SEO plugin v16.1.1 - https:\/\/yoast.com\/wordpress\/plugins\/seo\/ -->\n<link rel=\"canonical\" href=\"https:\/\/tugraztestweb.asol.at\/gesamtverzeichnis\/maschinenbau-und-wirtschaftswissenschaften\/steigerung-der-energieeffizienz-von-stueckgutstetigfoerderern-durch-optimierte-antriebssystemauswahl\/\" \/>\n<meta property=\"og:locale\" content=\"en_US\" \/>\n<meta property=\"og:type\" content=\"article\" \/>\n<meta property=\"og:title\" content=\"Steigerung der Energieeffizienz von St\u00fcckgutstetigf\u00f6rderern durch optimierte Antriebssystemauswahl - Verlag der TU Graz\" \/>\n<meta property=\"og:description\" content=\"Stetigf\u00f6rderer f\u00fcr St\u00fcckgut sind wesentliche Elemente in Materialflusssystemen und tragen einen relevanten Anteil zum Gesamtenergieverbrauch von Intralogistiksystemen bei. Die Optimierung ihrer Energieeffizienz ist vor dem Hintergrund einer drohenden Klimakatastrophe und der steigenden Energiekosten somit von \u00f6kologischer und \u00f6konomischer Relevanz. Die h\u00f6chsten Verluste der St\u00fcckgutstetigf\u00f6rderer entstehen im Antriebssystem. Die Wirkungsgradkennlinien von Standard-Antriebssystemen sind lastabh\u00e4ngig und weisen im Bereich des Bemessungspunktes das Wirkungsgradmaximum auf. Aufgrund des h\u00e4ufigen Betriebs abseits des Bemessungspunktes bei niedrigen Wirkungsgraden, ist der Verlustanteil im Antriebssystem am gr\u00f6\u00dften. Derzeit sind keine geeigneten, wissenschaftlich gesicherten Verfahren zur Auslegung der Antriebssysteme f\u00fcr St\u00fcckgutstetigf\u00f6rderer der Intralogistik bekannt. Um diese L\u00fccke zu schlie\u00dfen und die Potenziale zur Steigerung der Energieeffizienz nutzbar zu machen, werden in dieser Arbeit Verfahren zur Antriebsauslegung und zur energieeffizienzoptimalen Antriebssystemauswahl f\u00fcr St\u00fcckgutstetigf\u00f6rderer vorgestellt.Die effizienzoptimierte Antriebsauslegung erm\u00f6glicht die Festlegung der Bemessungsgr\u00f6\u00dfen des Antriebssystems im virtuellen Engineeringprozess. Sie beruht auf einem mechanischen Berechnungsmodell, das die mechanische Antriebsleistung beim station\u00e4ren F\u00f6rdern und im Hochlauf quantifiziert. Die effizienzoptimale Antriebssystemauswahl erm\u00f6glicht mit einem semi-analytischen Ansatz die Optimierung von St\u00fcckgutstetigf\u00f6rderern bei der Variantenkonstruktion. Die Vorgehensweise ber\u00fccksichtigt die unterschiedlichen Betriebszust\u00e4nde des F\u00f6rderger\u00e4ts mittels Lastkollektiv, sowie die Wirkungsgradkennfelder der Antriebssysteme. Die Antriebssystemauswahl wird an typischen St\u00fcckgutstetigf\u00f6rderern der Intralogistik umgesetzt und die Effizienzsteigerungen mittels Messungen nachgewiesen. Erg\u00e4nzend werden allgemeine Erkenntnisse zur Bewertung der Effizienz von Antriebssystemen gewonnen.\" \/>\n<meta property=\"og:url\" content=\"https:\/\/tugraztestweb.asol.at\/gesamtverzeichnis\/maschinenbau-und-wirtschaftswissenschaften\/steigerung-der-energieeffizienz-von-stueckgutstetigfoerderern-durch-optimierte-antriebssystemauswahl\/\" \/>\n<meta property=\"og:site_name\" content=\"Verlag der TU Graz\" \/>\n<meta property=\"article:modified_time\" content=\"2020-08-21T12:56:42+00:00\" \/>\n<meta property=\"og:image\" content=\"https:\/\/tugraztestweb.asol.at\/wp-content\/uploads\/2020\/08\/image-978-3-85125-653-6.jpg\" \/>\n\t<meta property=\"og:image:width\" content=\"591\" \/>\n\t<meta property=\"og:image:height\" content=\"857\" \/>\n<meta name=\"twitter:card\" content=\"summary_large_image\" \/>\n<meta name=\"twitter:label1\" content=\"Est. reading time\">\n\t<meta name=\"twitter:data1\" content=\"1 minute\">\n<script type=\"application\/ld+json\" class=\"yoast-schema-graph\">{\"@context\":\"https:\/\/schema.org\",\"@graph\":[{\"@type\":\"WebSite\",\"@id\":\"https:\/\/tugraztestweb.asol.at\/#website\",\"url\":\"https:\/\/tugraztestweb.asol.at\/\",\"name\":\"Verlag der TU Graz\",\"description\":\"Verlag der Technischen Universit\\u00e4t Graz\",\"potentialAction\":[{\"@type\":\"SearchAction\",\"target\":\"https:\/\/tugraztestweb.asol.at\/?s={search_term_string}\",\"query-input\":\"required name=search_term_string\"}],\"inLanguage\":\"en-US\"},{\"@type\":\"ImageObject\",\"@id\":\"https:\/\/tugraztestweb.asol.at\/gesamtverzeichnis\/maschinenbau-und-wirtschaftswissenschaften\/steigerung-der-energieeffizienz-von-stueckgutstetigfoerderern-durch-optimierte-antriebssystemauswahl\/#primaryimage\",\"inLanguage\":\"en-US\",\"url\":\"https:\/\/tugraztestweb.asol.at\/wp-content\/uploads\/2020\/08\/image-978-3-85125-653-6.jpg\",\"contentUrl\":\"https:\/\/tugraztestweb.asol.at\/wp-content\/uploads\/2020\/08\/image-978-3-85125-653-6.jpg\",\"width\":591,\"height\":857},{\"@type\":\"WebPage\",\"@id\":\"https:\/\/tugraztestweb.asol.at\/gesamtverzeichnis\/maschinenbau-und-wirtschaftswissenschaften\/steigerung-der-energieeffizienz-von-stueckgutstetigfoerderern-durch-optimierte-antriebssystemauswahl\/#webpage\",\"url\":\"https:\/\/tugraztestweb.asol.at\/gesamtverzeichnis\/maschinenbau-und-wirtschaftswissenschaften\/steigerung-der-energieeffizienz-von-stueckgutstetigfoerderern-durch-optimierte-antriebssystemauswahl\/\",\"name\":\"Steigerung der Energieeffizienz von St\\u00fcckgutstetigf\\u00f6rderern durch optimierte Antriebssystemauswahl - Verlag der TU Graz\",\"isPartOf\":{\"@id\":\"https:\/\/tugraztestweb.asol.at\/#website\"},\"primaryImageOfPage\":{\"@id\":\"https:\/\/tugraztestweb.asol.at\/gesamtverzeichnis\/maschinenbau-und-wirtschaftswissenschaften\/steigerung-der-energieeffizienz-von-stueckgutstetigfoerderern-durch-optimierte-antriebssystemauswahl\/#primaryimage\"},\"datePublished\":\"2020-08-21T12:55:42+00:00\",\"dateModified\":\"2020-08-21T12:56:42+00:00\",\"breadcrumb\":{\"@id\":\"https:\/\/tugraztestweb.asol.at\/gesamtverzeichnis\/maschinenbau-und-wirtschaftswissenschaften\/steigerung-der-energieeffizienz-von-stueckgutstetigfoerderern-durch-optimierte-antriebssystemauswahl\/#breadcrumb\"},\"inLanguage\":\"en-US\",\"potentialAction\":[{\"@type\":\"ReadAction\",\"target\":[\"https:\/\/tugraztestweb.asol.at\/gesamtverzeichnis\/maschinenbau-und-wirtschaftswissenschaften\/steigerung-der-energieeffizienz-von-stueckgutstetigfoerderern-durch-optimierte-antriebssystemauswahl\/\"]}]},{\"@type\":\"BreadcrumbList\",\"@id\":\"https:\/\/tugraztestweb.asol.at\/gesamtverzeichnis\/maschinenbau-und-wirtschaftswissenschaften\/steigerung-der-energieeffizienz-von-stueckgutstetigfoerderern-durch-optimierte-antriebssystemauswahl\/#breadcrumb\",\"itemListElement\":[{\"@type\":\"ListItem\",\"position\":1,\"item\":{\"@type\":\"WebPage\",\"@id\":\"https:\/\/tugraztestweb.asol.at\/\",\"url\":\"https:\/\/tugraztestweb.asol.at\/\",\"name\":\"Home\"}},{\"@type\":\"ListItem\",\"position\":2,\"item\":{\"@type\":\"WebPage\",\"@id\":\"https:\/\/tugraztestweb.asol.at\/gesamtverzeichnis\/\",\"url\":\"https:\/\/tugraztestweb.asol.at\/gesamtverzeichnis\/\",\"name\":\"Gesamtverzeichnis\"}},{\"@type\":\"ListItem\",\"position\":3,\"item\":{\"@type\":\"WebPage\",\"@id\":\"https:\/\/tugraztestweb.asol.at\/gesamtverzeichnis\/maschinenbau-und-wirtschaftswissenschaften\/steigerung-der-energieeffizienz-von-stueckgutstetigfoerderern-durch-optimierte-antriebssystemauswahl\/\",\"url\":\"https:\/\/tugraztestweb.asol.at\/gesamtverzeichnis\/maschinenbau-und-wirtschaftswissenschaften\/steigerung-der-energieeffizienz-von-stueckgutstetigfoerderern-durch-optimierte-antriebssystemauswahl\/\",\"name\":\"Steigerung der Energieeffizienz von St\\u00fcckgutstetigf\\u00f6rderern durch optimierte Antriebssystemauswahl\"}}]}]}<\/script>\n<!-- \/ Yoast SEO plugin. -->","_links":{"self":[{"href":"https:\/\/tugraztestweb.asol.at\/en\/wp-json\/wp\/v2\/product\/36341"}],"collection":[{"href":"https:\/\/tugraztestweb.asol.at\/en\/wp-json\/wp\/v2\/product"}],"about":[{"href":"https:\/\/tugraztestweb.asol.at\/en\/wp-json\/wp\/v2\/types\/product"}],"replies":[{"embeddable":true,"href":"https:\/\/tugraztestweb.asol.at\/en\/wp-json\/wp\/v2\/comments?post=36341"}],"wp:featuredmedia":[{"embeddable":true,"href":"https:\/\/tugraztestweb.asol.at\/en\/wp-json\/wp\/v2\/media\/40229"}],"wp:attachment":[{"href":"https:\/\/tugraztestweb.asol.at\/en\/wp-json\/wp\/v2\/media?parent=36341"}],"curies":[{"name":"wp","href":"https:\/\/api.w.org\/{rel}","templated":true}]}}