{"id":36465,"date":"2020-08-21T12:55:45","date_gmt":"2020-08-21T12:55:45","guid":{"rendered":"http:\/\/tugraztestweb.asol.at\/gesamtverzeichnis\/unkategorisiert\/16-grazer-baubetriebs-und-bauwirtschaftssymposium-tagungsband-2018\/"},"modified":"2020-08-21T14:56:46","modified_gmt":"2020-08-21T12:56:46","slug":"17-grazer-baubetriebs-und-bauwirtschaftssymposium-tagungsband-2019","status":"publish","type":"product","link":"https:\/\/tugraztestweb.asol.at\/en\/gesamtverzeichnis\/bauingenieurwissenschaften\/17-grazer-baubetriebs-und-bauwirtschaftssymposium-tagungsband-2019\/","title":{"rendered":"17. Grazer Baubetriebs- und Bauwirtschaftssymposium, Tagungsband 2019"},"content":{"rendered":"<p class=\"qtranxs-available-languages-message qtranxs-available-languages-message-en\">Sorry, this entry is only available in <a href=\"https:\/\/tugraztestweb.asol.at\/de\/wp-json\/wp\/v2\/product\/36465\" class=\"qtranxs-available-language-link qtranxs-available-language-link-de\" title=\"Deutsch\">Deutsch<\/a>.<\/p><p>Nicht nur bei Bauablaufst\u00f6rungen stellt sich die wichtige Frage, wie das Baugeschehen systematisch dokumentiert werden soll. F\u00fchrt jede Bauablaufst\u00f6rung zu einer Mehrkostenforderung? Wann gen\u00fcgt der Einzelnachweis und wann ist auch mit dem Globalnachweis das Auslangen zu finden? Welche Rolle spielt die Digitalisierung bei Bauablaufst\u00f6rungen und wo liegen die rechtlichen Grenzen? Was versteht man unter l\u00fcckenloser Dokumentation und ist diese \u00fcberhaupt m\u00f6glich? Wie gelingt es, Bauablaufst\u00f6rungen und Mehrkostenforderungen glaubhaft zu machen. Wie sehr werden wir vom Ankereffekt und anderen Verzerrungen bei unseren Ermittlungen und Entscheidungen beeinflusst?<br \/>Diese und andere Fragen hat das Institut f\u00fcr Baubetrieb und Bauwirtschaft der TU Graz zum Anlass genommen, um im Rahmen des 17. Grazer Baubetriebs- und Bauwirtschaftssymposiums die zum Teil kontroversen Ans\u00e4tze und Meinungen zum Thema \u201eReduktion von Bauablaufst\u00f6rungen und systematischer Umgang mit Mehrkostenforderungen\u201c zur Diskussion zu stellen. <br \/>Die Ansichten und Ergebnisse der Referenten werden im vorliegenden Tagungsband ausgef\u00fchrt. Neben den baubetrieblichen und bauwirtschaftlichen Aspekten werden auch rechtliche Themen aufgegriffen. Erg\u00e4nzt werden diese Ausf\u00fchrungen durch aktuelle Beitr\u00e4ge aus der baubetrieblichen, bauwirtschaftlichen und baurechtlichen Forschung. <br \/><\/p>","protected":false},"excerpt":{"rendered":"<p class=\"qtranxs-available-languages-message qtranxs-available-languages-message-en\">Sorry, this entry is only available in <a href=\"https:\/\/tugraztestweb.asol.at\/de\/wp-json\/wp\/v2\/product\/36465\" class=\"qtranxs-available-language-link qtranxs-available-language-link-de\" title=\"Deutsch\">Deutsch<\/a>.<\/p>\n<p>Nicht nur bei Bauablaufst\u00f6rungen stellt sich die wichtige Frage, wie das Baugeschehen systematisch dokumentiert werden soll. F\u00fchrt jede Bauablaufst\u00f6rung zu einer Mehrkostenforderung? Wann gen\u00fcgt der Einzelnachweis und wann ist auch mit dem Globalnachweis das Auslangen zu finden? Welche Rolle spielt die Digitalisierung bei Bauablaufst\u00f6rungen und wo liegen die rechtlichen Grenzen? Was versteht man unter l\u00fcckenloser Dokumentation und ist diese \u00fcberhaupt m\u00f6glich? Wie gelingt es, Bauablaufst\u00f6rungen und Mehrkostenforderungen glaubhaft zu machen. Wie sehr werden wir vom Ankereffekt und anderen Verzerrungen bei unseren Ermittlungen und Entscheidungen beeinflusst?<br \/>Diese und andere Fragen hat das Institut f\u00fcr Baubetrieb und Bauwirtschaft der TU Graz zum Anlass genommen, um im Rahmen des 17. Grazer Baubetriebs- und Bauwirtschaftssymposiums die zum Teil kontroversen Ans\u00e4tze und Meinungen zum Thema \u201eReduktion von Bauablaufst\u00f6rungen und systematischer Umgang mit Mehrkostenforderungen\u201c zur Diskussion zu stellen. <br \/>Die Ansichten und Ergebnisse der Referenten werden im vorliegenden Tagungsband ausgef\u00fchrt. Neben den baubetrieblichen und bauwirtschaftlichen Aspekten werden auch rechtliche Themen aufgegriffen. Erg\u00e4nzt werden diese Ausf\u00fchrungen durch aktuelle Beitr\u00e4ge aus der baubetrieblichen, bauwirtschaftlichen und baurechtlichen Forschung. <\/p>\n","protected":false},"featured_media":40232,"comment_status":"closed","ping_status":"closed","template":"","meta":[],"yoast_head":"<!-- This site is optimized with the Yoast SEO plugin v16.1.1 - https:\/\/yoast.com\/wordpress\/plugins\/seo\/ -->\n<link rel=\"canonical\" href=\"https:\/\/tugraztestweb.asol.at\/en\/gesamtverzeichnis\/bauingenieurwissenschaften\/17-grazer-baubetriebs-und-bauwirtschaftssymposium-tagungsband-2019\/\" \/>\n<meta property=\"og:locale\" content=\"en_US\" \/>\n<meta property=\"og:type\" content=\"article\" \/>\n<meta property=\"og:title\" content=\"17. Grazer Baubetriebs- und Bauwirtschaftssymposium, Tagungsband 2019 - Verlag der TU Graz\" \/>\n<meta property=\"og:description\" content=\"Nicht nur bei Bauablaufst\u00f6rungen stellt sich die wichtige Frage, wie das Baugeschehen systematisch dokumentiert werden soll. F\u00fchrt jede Bauablaufst\u00f6rung zu einer Mehrkostenforderung? Wann gen\u00fcgt der Einzelnachweis und wann ist auch mit dem Globalnachweis das Auslangen zu finden? Welche Rolle spielt die Digitalisierung bei Bauablaufst\u00f6rungen und wo liegen die rechtlichen Grenzen? Was versteht man unter l\u00fcckenloser Dokumentation und ist diese \u00fcberhaupt m\u00f6glich? Wie gelingt es, Bauablaufst\u00f6rungen und Mehrkostenforderungen glaubhaft zu machen. Wie sehr werden wir vom Ankereffekt und anderen Verzerrungen bei unseren Ermittlungen und Entscheidungen beeinflusst?Diese und andere Fragen hat das Institut f\u00fcr Baubetrieb und Bauwirtschaft der TU Graz zum Anlass genommen, um im Rahmen des 17. Grazer Baubetriebs- und Bauwirtschaftssymposiums die zum Teil kontroversen Ans\u00e4tze und Meinungen zum Thema \u201eReduktion von Bauablaufst\u00f6rungen und systematischer Umgang mit Mehrkostenforderungen\u201c zur Diskussion zu stellen. Die Ansichten und Ergebnisse der Referenten werden im vorliegenden Tagungsband ausgef\u00fchrt. Neben den baubetrieblichen und bauwirtschaftlichen Aspekten werden auch rechtliche Themen aufgegriffen. Erg\u00e4nzt werden diese Ausf\u00fchrungen durch aktuelle Beitr\u00e4ge aus der baubetrieblichen, bauwirtschaftlichen und baurechtlichen Forschung.\" \/>\n<meta property=\"og:url\" content=\"https:\/\/tugraztestweb.asol.at\/en\/gesamtverzeichnis\/bauingenieurwissenschaften\/17-grazer-baubetriebs-und-bauwirtschaftssymposium-tagungsband-2019\/\" \/>\n<meta property=\"og:site_name\" content=\"Verlag der TU Graz\" \/>\n<meta property=\"article:modified_time\" content=\"2020-08-21T12:56:46+00:00\" \/>\n<meta property=\"og:image\" content=\"https:\/\/tugraztestweb.asol.at\/wp-content\/uploads\/2020\/08\/image-978-3-85125-658-1.jpg\" \/>\n\t<meta property=\"og:image:width\" content=\"456\" \/>\n\t<meta property=\"og:image:height\" content=\"644\" \/>\n<meta name=\"twitter:card\" content=\"summary_large_image\" \/>\n<meta name=\"twitter:label1\" content=\"Est. reading time\">\n\t<meta name=\"twitter:data1\" content=\"1 minute\">\n<script type=\"application\/ld+json\" class=\"yoast-schema-graph\">{\"@context\":\"https:\/\/schema.org\",\"@graph\":[{\"@type\":\"WebSite\",\"@id\":\"https:\/\/tugraztestweb.asol.at\/#website\",\"url\":\"https:\/\/tugraztestweb.asol.at\/\",\"name\":\"Verlag der TU Graz\",\"description\":\"Verlag der Technischen Universit\\u00e4t Graz\",\"potentialAction\":[{\"@type\":\"SearchAction\",\"target\":\"https:\/\/tugraztestweb.asol.at\/?s={search_term_string}\",\"query-input\":\"required name=search_term_string\"}],\"inLanguage\":\"en-US\"},{\"@type\":\"ImageObject\",\"@id\":\"https:\/\/tugraztestweb.asol.at\/en\/gesamtverzeichnis\/bauingenieurwissenschaften\/17-grazer-baubetriebs-und-bauwirtschaftssymposium-tagungsband-2019\/#primaryimage\",\"inLanguage\":\"en-US\",\"url\":\"https:\/\/tugraztestweb.asol.at\/wp-content\/uploads\/2020\/08\/image-978-3-85125-658-1.jpg\",\"contentUrl\":\"https:\/\/tugraztestweb.asol.at\/wp-content\/uploads\/2020\/08\/image-978-3-85125-658-1.jpg\",\"width\":456,\"height\":644},{\"@type\":\"WebPage\",\"@id\":\"https:\/\/tugraztestweb.asol.at\/en\/gesamtverzeichnis\/bauingenieurwissenschaften\/17-grazer-baubetriebs-und-bauwirtschaftssymposium-tagungsband-2019\/#webpage\",\"url\":\"https:\/\/tugraztestweb.asol.at\/en\/gesamtverzeichnis\/bauingenieurwissenschaften\/17-grazer-baubetriebs-und-bauwirtschaftssymposium-tagungsband-2019\/\",\"name\":\"17. Grazer Baubetriebs- und Bauwirtschaftssymposium, Tagungsband 2019 - Verlag der TU Graz\",\"isPartOf\":{\"@id\":\"https:\/\/tugraztestweb.asol.at\/#website\"},\"primaryImageOfPage\":{\"@id\":\"https:\/\/tugraztestweb.asol.at\/en\/gesamtverzeichnis\/bauingenieurwissenschaften\/17-grazer-baubetriebs-und-bauwirtschaftssymposium-tagungsband-2019\/#primaryimage\"},\"datePublished\":\"2020-08-21T12:55:45+00:00\",\"dateModified\":\"2020-08-21T12:56:46+00:00\",\"breadcrumb\":{\"@id\":\"https:\/\/tugraztestweb.asol.at\/en\/gesamtverzeichnis\/bauingenieurwissenschaften\/17-grazer-baubetriebs-und-bauwirtschaftssymposium-tagungsband-2019\/#breadcrumb\"},\"inLanguage\":\"en-US\",\"potentialAction\":[{\"@type\":\"ReadAction\",\"target\":[\"https:\/\/tugraztestweb.asol.at\/en\/gesamtverzeichnis\/bauingenieurwissenschaften\/17-grazer-baubetriebs-und-bauwirtschaftssymposium-tagungsband-2019\/\"]}]},{\"@type\":\"BreadcrumbList\",\"@id\":\"https:\/\/tugraztestweb.asol.at\/en\/gesamtverzeichnis\/bauingenieurwissenschaften\/17-grazer-baubetriebs-und-bauwirtschaftssymposium-tagungsband-2019\/#breadcrumb\",\"itemListElement\":[{\"@type\":\"ListItem\",\"position\":1,\"item\":{\"@type\":\"WebPage\",\"@id\":\"https:\/\/tugraztestweb.asol.at\/\",\"url\":\"https:\/\/tugraztestweb.asol.at\/\",\"name\":\"Home\"}},{\"@type\":\"ListItem\",\"position\":2,\"item\":{\"@type\":\"WebPage\",\"@id\":\"https:\/\/tugraztestweb.asol.at\/gesamtverzeichnis\/\",\"url\":\"https:\/\/tugraztestweb.asol.at\/gesamtverzeichnis\/\",\"name\":\"Gesamtverzeichnis\"}},{\"@type\":\"ListItem\",\"position\":3,\"item\":{\"@type\":\"WebPage\",\"@id\":\"https:\/\/tugraztestweb.asol.at\/en\/gesamtverzeichnis\/bauingenieurwissenschaften\/17-grazer-baubetriebs-und-bauwirtschaftssymposium-tagungsband-2019\/\",\"url\":\"https:\/\/tugraztestweb.asol.at\/en\/gesamtverzeichnis\/bauingenieurwissenschaften\/17-grazer-baubetriebs-und-bauwirtschaftssymposium-tagungsband-2019\/\",\"name\":\"17. Grazer Baubetriebs- und Bauwirtschaftssymposium, Tagungsband 2019\"}}]}]}<\/script>\n<!-- \/ Yoast SEO plugin. -->","_links":{"self":[{"href":"https:\/\/tugraztestweb.asol.at\/en\/wp-json\/wp\/v2\/product\/36465"}],"collection":[{"href":"https:\/\/tugraztestweb.asol.at\/en\/wp-json\/wp\/v2\/product"}],"about":[{"href":"https:\/\/tugraztestweb.asol.at\/en\/wp-json\/wp\/v2\/types\/product"}],"replies":[{"embeddable":true,"href":"https:\/\/tugraztestweb.asol.at\/en\/wp-json\/wp\/v2\/comments?post=36465"}],"wp:featuredmedia":[{"embeddable":true,"href":"https:\/\/tugraztestweb.asol.at\/en\/wp-json\/wp\/v2\/media\/40232"}],"wp:attachment":[{"href":"https:\/\/tugraztestweb.asol.at\/en\/wp-json\/wp\/v2\/media?parent=36465"}],"curies":[{"name":"wp","href":"https:\/\/api.w.org\/{rel}","templated":true}]}}