{"id":36483,"date":"2020-08-21T12:55:46","date_gmt":"2020-08-21T12:55:46","guid":{"rendered":"http:\/\/tugraztestweb.asol.at\/gesamtverzeichnis\/unkategorisiert\/handlungsempfehlungenfuer-ein-alternatives-abwicklungsmodell-fuer-infrastrukturbauprojekte-in-oesterreich\/"},"modified":"2020-08-21T14:56:46","modified_gmt":"2020-08-21T12:56:46","slug":"handlungsempfehlungen-fuer-ein-alternatives-abwicklungsmodell-fuer-infrastrukturbauprojekte-in-oesterreich","status":"publish","type":"product","link":"https:\/\/tugraztestweb.asol.at\/en\/gesamtverzeichnis\/bauingenieurwissenschaften\/handlungsempfehlungen-fuer-ein-alternatives-abwicklungsmodell-fuer-infrastrukturbauprojekte-in-oesterreich\/","title":{"rendered":"Handlungsempfehlungen f\u00fcr ein alternatives Abwicklungsmodell f\u00fcr Infrastrukturbauprojekte in \u00d6sterreich"},"content":{"rendered":"<p class=\"qtranxs-available-languages-message qtranxs-available-languages-message-en\">Sorry, this entry is only available in <a href=\"https:\/\/tugraztestweb.asol.at\/de\/wp-json\/wp\/v2\/product\/36483\" class=\"qtranxs-available-language-link qtranxs-available-language-link-de\" title=\"Deutsch\">Deutsch<\/a>.<\/p><p>Infrastrukturbauleistungen werden in \u00d6sterreich vorrangig anhand eines \u201etraditionellen\u201c Abwicklungsmodells realisiert, bei dem der \u00f6ffentliche Auftraggeber zuerst die Planungsleistung in Auftrag gibt und daraufhin die Bauleistung auf Basis der fertigen Planung vergibt. Dieses Modell hat allerdings den Nachteil, dass die beteiligten Bauunternehmen erst sehr sp\u00e4t in den Planungs- und Bauprozess miteingebunden werden und so ihr spezielles Ausf\u00fchrungs-Know-how nicht vollumf\u00e4nglich einbringen k\u00f6nnen. Die Abkehr von diesem \u201etraditionellen\u201c Abwicklungsmodell stellt sich als<br \/>schwierig dar, da die \u00f6ffentlichen Auftraggeber \u201einnovativen\u201c Formen der Vergabe- und Vertragsabwicklung meist skeptisch gegen\u00fcberstehen, was<br \/>vorrangig an der (vermeintlichen) Unvereinbarkeit innovativer Modelle mit den vergaberechtlichen Vorschriften festgemacht wird. Ziel der Arbeit ist<br \/>deshalb die Formulierung von Handlungsempfehlungen zur optimalen Gestaltung der Abwicklungsprozesse f\u00fcr Infrastrukturbauvorhaben in \u00d6sterreich<br \/>in vergabe- und bauvertraglicher Hinsicht.<\/p>","protected":false},"excerpt":{"rendered":"<p class=\"qtranxs-available-languages-message qtranxs-available-languages-message-en\">Sorry, this entry is only available in <a href=\"https:\/\/tugraztestweb.asol.at\/de\/wp-json\/wp\/v2\/product\/36483\" class=\"qtranxs-available-language-link qtranxs-available-language-link-de\" title=\"Deutsch\">Deutsch<\/a>.<\/p>\n<p>Infrastrukturbauleistungen werden in \u00d6sterreich vorrangig anhand eines \u201etraditionellen\u201c Abwicklungsmodells realisiert, bei dem der \u00f6ffentliche Auftraggeber zuerst die Planungsleistung in Auftrag gibt und daraufhin die Bauleistung auf Basis der fertigen Planung vergibt. Dieses Modell hat allerdings den Nachteil, dass die beteiligten Bauunternehmen erst sehr sp\u00e4t in den Planungs- und Bauprozess miteingebunden werden und so ihr spezielles Ausf\u00fchrungs-Know-how nicht vollumf\u00e4nglich einbringen k\u00f6nnen. Die Abkehr von diesem \u201etraditionellen\u201c Abwicklungsmodell stellt sich als<br \/>schwierig dar, da die \u00f6ffentlichen Auftraggeber \u201einnovativen\u201c Formen der Vergabe- und Vertragsabwicklung meist skeptisch gegen\u00fcberstehen, was<br \/>vorrangig an der (vermeintlichen) Unvereinbarkeit innovativer Modelle mit den vergaberechtlichen Vorschriften festgemacht wird. Ziel der Arbeit ist<br \/>deshalb die Formulierung von Handlungsempfehlungen zur optimalen Gestaltung der Abwicklungsprozesse f\u00fcr Infrastrukturbauvorhaben in \u00d6sterreich<br \/>in vergabe- und bauvertraglicher Hinsicht.<\/p>\n","protected":false},"featured_media":40233,"comment_status":"closed","ping_status":"closed","template":"","meta":[],"yoast_head":"<!-- This site is optimized with the Yoast SEO plugin v16.1.1 - https:\/\/yoast.com\/wordpress\/plugins\/seo\/ -->\n<link rel=\"canonical\" href=\"https:\/\/tugraztestweb.asol.at\/gesamtverzeichnis\/bauingenieurwissenschaften\/handlungsempfehlungen-fuer-ein-alternatives-abwicklungsmodell-fuer-infrastrukturbauprojekte-in-oesterreich\/\" \/>\n<meta property=\"og:locale\" content=\"en_US\" \/>\n<meta property=\"og:type\" content=\"article\" \/>\n<meta property=\"og:title\" content=\"Handlungsempfehlungen f\u00fcr ein alternatives Abwicklungsmodell f\u00fcr Infrastrukturbauprojekte in \u00d6sterreich - Verlag der TU Graz\" \/>\n<meta property=\"og:description\" content=\"Infrastrukturbauleistungen werden in \u00d6sterreich vorrangig anhand eines \u201etraditionellen\u201c Abwicklungsmodells realisiert, bei dem der \u00f6ffentliche Auftraggeber zuerst die Planungsleistung in Auftrag gibt und daraufhin die Bauleistung auf Basis der fertigen Planung vergibt. Dieses Modell hat allerdings den Nachteil, dass die beteiligten Bauunternehmen erst sehr sp\u00e4t in den Planungs- und Bauprozess miteingebunden werden und so ihr spezielles Ausf\u00fchrungs-Know-how nicht vollumf\u00e4nglich einbringen k\u00f6nnen. Die Abkehr von diesem \u201etraditionellen\u201c Abwicklungsmodell stellt sich alsschwierig dar, da die \u00f6ffentlichen Auftraggeber \u201einnovativen\u201c Formen der Vergabe- und Vertragsabwicklung meist skeptisch gegen\u00fcberstehen, wasvorrangig an der (vermeintlichen) Unvereinbarkeit innovativer Modelle mit den vergaberechtlichen Vorschriften festgemacht wird. Ziel der Arbeit istdeshalb die Formulierung von Handlungsempfehlungen zur optimalen Gestaltung der Abwicklungsprozesse f\u00fcr Infrastrukturbauvorhaben in \u00d6sterreichin vergabe- und bauvertraglicher Hinsicht.\" \/>\n<meta property=\"og:url\" content=\"https:\/\/tugraztestweb.asol.at\/gesamtverzeichnis\/bauingenieurwissenschaften\/handlungsempfehlungen-fuer-ein-alternatives-abwicklungsmodell-fuer-infrastrukturbauprojekte-in-oesterreich\/\" \/>\n<meta property=\"og:site_name\" content=\"Verlag der TU Graz\" \/>\n<meta property=\"article:modified_time\" content=\"2020-08-21T12:56:46+00:00\" \/>\n<meta property=\"og:image\" content=\"https:\/\/tugraztestweb.asol.at\/wp-content\/uploads\/2020\/08\/image-978-3-85125-659-8.jpg\" \/>\n\t<meta property=\"og:image:width\" content=\"455\" \/>\n\t<meta property=\"og:image:height\" content=\"644\" \/>\n<meta name=\"twitter:card\" content=\"summary_large_image\" \/>\n<meta name=\"twitter:label1\" content=\"Est. reading time\">\n\t<meta name=\"twitter:data1\" content=\"1 minute\">\n<script type=\"application\/ld+json\" class=\"yoast-schema-graph\">{\"@context\":\"https:\/\/schema.org\",\"@graph\":[{\"@type\":\"WebSite\",\"@id\":\"https:\/\/tugraztestweb.asol.at\/#website\",\"url\":\"https:\/\/tugraztestweb.asol.at\/\",\"name\":\"Verlag der TU Graz\",\"description\":\"Verlag der Technischen Universit\\u00e4t Graz\",\"potentialAction\":[{\"@type\":\"SearchAction\",\"target\":\"https:\/\/tugraztestweb.asol.at\/?s={search_term_string}\",\"query-input\":\"required name=search_term_string\"}],\"inLanguage\":\"en-US\"},{\"@type\":\"ImageObject\",\"@id\":\"https:\/\/tugraztestweb.asol.at\/gesamtverzeichnis\/bauingenieurwissenschaften\/handlungsempfehlungen-fuer-ein-alternatives-abwicklungsmodell-fuer-infrastrukturbauprojekte-in-oesterreich\/#primaryimage\",\"inLanguage\":\"en-US\",\"url\":\"https:\/\/tugraztestweb.asol.at\/wp-content\/uploads\/2020\/08\/image-978-3-85125-659-8.jpg\",\"contentUrl\":\"https:\/\/tugraztestweb.asol.at\/wp-content\/uploads\/2020\/08\/image-978-3-85125-659-8.jpg\",\"width\":455,\"height\":644},{\"@type\":\"WebPage\",\"@id\":\"https:\/\/tugraztestweb.asol.at\/gesamtverzeichnis\/bauingenieurwissenschaften\/handlungsempfehlungen-fuer-ein-alternatives-abwicklungsmodell-fuer-infrastrukturbauprojekte-in-oesterreich\/#webpage\",\"url\":\"https:\/\/tugraztestweb.asol.at\/gesamtverzeichnis\/bauingenieurwissenschaften\/handlungsempfehlungen-fuer-ein-alternatives-abwicklungsmodell-fuer-infrastrukturbauprojekte-in-oesterreich\/\",\"name\":\"Handlungsempfehlungen f\\u00fcr ein alternatives Abwicklungsmodell f\\u00fcr Infrastrukturbauprojekte in \\u00d6sterreich - Verlag der TU Graz\",\"isPartOf\":{\"@id\":\"https:\/\/tugraztestweb.asol.at\/#website\"},\"primaryImageOfPage\":{\"@id\":\"https:\/\/tugraztestweb.asol.at\/gesamtverzeichnis\/bauingenieurwissenschaften\/handlungsempfehlungen-fuer-ein-alternatives-abwicklungsmodell-fuer-infrastrukturbauprojekte-in-oesterreich\/#primaryimage\"},\"datePublished\":\"2020-08-21T12:55:46+00:00\",\"dateModified\":\"2020-08-21T12:56:46+00:00\",\"breadcrumb\":{\"@id\":\"https:\/\/tugraztestweb.asol.at\/gesamtverzeichnis\/bauingenieurwissenschaften\/handlungsempfehlungen-fuer-ein-alternatives-abwicklungsmodell-fuer-infrastrukturbauprojekte-in-oesterreich\/#breadcrumb\"},\"inLanguage\":\"en-US\",\"potentialAction\":[{\"@type\":\"ReadAction\",\"target\":[\"https:\/\/tugraztestweb.asol.at\/gesamtverzeichnis\/bauingenieurwissenschaften\/handlungsempfehlungen-fuer-ein-alternatives-abwicklungsmodell-fuer-infrastrukturbauprojekte-in-oesterreich\/\"]}]},{\"@type\":\"BreadcrumbList\",\"@id\":\"https:\/\/tugraztestweb.asol.at\/gesamtverzeichnis\/bauingenieurwissenschaften\/handlungsempfehlungen-fuer-ein-alternatives-abwicklungsmodell-fuer-infrastrukturbauprojekte-in-oesterreich\/#breadcrumb\",\"itemListElement\":[{\"@type\":\"ListItem\",\"position\":1,\"item\":{\"@type\":\"WebPage\",\"@id\":\"https:\/\/tugraztestweb.asol.at\/\",\"url\":\"https:\/\/tugraztestweb.asol.at\/\",\"name\":\"Home\"}},{\"@type\":\"ListItem\",\"position\":2,\"item\":{\"@type\":\"WebPage\",\"@id\":\"https:\/\/tugraztestweb.asol.at\/gesamtverzeichnis\/\",\"url\":\"https:\/\/tugraztestweb.asol.at\/gesamtverzeichnis\/\",\"name\":\"Gesamtverzeichnis\"}},{\"@type\":\"ListItem\",\"position\":3,\"item\":{\"@type\":\"WebPage\",\"@id\":\"https:\/\/tugraztestweb.asol.at\/gesamtverzeichnis\/bauingenieurwissenschaften\/handlungsempfehlungen-fuer-ein-alternatives-abwicklungsmodell-fuer-infrastrukturbauprojekte-in-oesterreich\/\",\"url\":\"https:\/\/tugraztestweb.asol.at\/gesamtverzeichnis\/bauingenieurwissenschaften\/handlungsempfehlungen-fuer-ein-alternatives-abwicklungsmodell-fuer-infrastrukturbauprojekte-in-oesterreich\/\",\"name\":\"Handlungsempfehlungen f\\u00fcr ein alternatives Abwicklungsmodell f\\u00fcr Infrastrukturbauprojekte in \\u00d6sterreich\"}}]}]}<\/script>\n<!-- \/ Yoast SEO plugin. -->","_links":{"self":[{"href":"https:\/\/tugraztestweb.asol.at\/en\/wp-json\/wp\/v2\/product\/36483"}],"collection":[{"href":"https:\/\/tugraztestweb.asol.at\/en\/wp-json\/wp\/v2\/product"}],"about":[{"href":"https:\/\/tugraztestweb.asol.at\/en\/wp-json\/wp\/v2\/types\/product"}],"replies":[{"embeddable":true,"href":"https:\/\/tugraztestweb.asol.at\/en\/wp-json\/wp\/v2\/comments?post=36483"}],"wp:featuredmedia":[{"embeddable":true,"href":"https:\/\/tugraztestweb.asol.at\/en\/wp-json\/wp\/v2\/media\/40233"}],"wp:attachment":[{"href":"https:\/\/tugraztestweb.asol.at\/en\/wp-json\/wp\/v2\/media?parent=36483"}],"curies":[{"name":"wp","href":"https:\/\/api.w.org\/{rel}","templated":true}]}}