{"id":36540,"date":"2020-08-21T12:55:46","date_gmt":"2020-08-21T12:55:46","guid":{"rendered":"http:\/\/tugraztestweb.asol.at\/gesamtverzeichnis\/unkategorisiert\/trofaiach-architektonische-konzepte-fuer-ein-zukuenftiges-miteinander\/"},"modified":"2020-08-21T14:56:46","modified_gmt":"2020-08-21T12:56:46","slug":"trofaiach","status":"publish","type":"product","link":"https:\/\/tugraztestweb.asol.at\/en\/gesamtverzeichnis\/architektur\/trofaiach\/","title":{"rendered":"Trofaiach"},"content":{"rendered":"<p class=\"qtranxs-available-languages-message qtranxs-available-languages-message-en\">Sorry, this entry is only available in <a href=\"https:\/\/tugraztestweb.asol.at\/de\/wp-json\/wp\/v2\/product\/36540\" class=\"qtranxs-available-language-link qtranxs-available-language-link-de\" title=\"Deutsch\">Deutsch<\/a>.<\/p><p>Die in der Publikation \u201eTrofaiach. Architektonische Konzepte f\u00fcr ein zuk\u00fcnftiges Miteinander\u201c pr\u00e4sentierten Entwurfsarbeiten illustrieren architektonische und st\u00e4dtebauliche Strategien f\u00fcr eine m\u00f6gliche Entwicklung des Ortszentrums einer l\u00e4ndlichen Gemeinde. An Hand einer H\u00e4userzeile im Zentrum von Trofaiach werden Vorschl\u00e4ge f\u00fcr die Transformation bestehender Geb\u00e4udestrukturen entworfen und die damit zusammenh\u00e4ngenden Potenziale f\u00fcr eine zuk\u00fcnftige Entwicklung der Stadt reflektiert. Mit welchen Methoden kann eine historisch gewachsene Struktur entwerferisch neu interpretiert werden? Mit welchen Programmen kann das Zentrum einer Gemeinde wieder aktiviert werden? Wie werden wir in Zukunft ein soziales Miteinander gestalten und welchen Beitrag kann hierbei die Architektur liefern? Diesen Fragen widmete sich das Institut f\u00fcr Geb\u00e4udelehre der Technischen Universit\u00e4t Graz und 14 Studierende im Rahmen eines Masterstudios. Neben den Entwurfsarbeiten wird eine fundierte Analyse der bestehenden Geb\u00e4udestrukturen pr\u00e4sentiert als auch ein Leitfaden, der als Werkzeug f\u00fcr zuk\u00fcnftige Ortskernentwicklungen herangezogen werden kann.<\/p>","protected":false},"excerpt":{"rendered":"<p class=\"qtranxs-available-languages-message qtranxs-available-languages-message-en\">Sorry, this entry is only available in <a href=\"https:\/\/tugraztestweb.asol.at\/de\/wp-json\/wp\/v2\/product\/36540\" class=\"qtranxs-available-language-link qtranxs-available-language-link-de\" title=\"Deutsch\">Deutsch<\/a>.<\/p>\n<p>Die in der Publikation \u201eTrofaiach. Architektonische Konzepte f\u00fcr ein zuk\u00fcnftiges Miteinander\u201c pr\u00e4sentierten Entwurfsarbeiten illustrieren architektonische und st\u00e4dtebauliche Strategien f\u00fcr eine m\u00f6gliche Entwicklung des Ortszentrums einer l\u00e4ndlichen Gemeinde. An Hand einer H\u00e4userzeile im Zentrum von Trofaiach werden Vorschl\u00e4ge f\u00fcr die Transformation bestehender Geb\u00e4udestrukturen entworfen und die damit zusammenh\u00e4ngenden Potenziale f\u00fcr eine zuk\u00fcnftige Entwicklung der Stadt reflektiert. Mit welchen Methoden kann eine historisch gewachsene Struktur entwerferisch neu interpretiert werden? Mit welchen Programmen kann das Zentrum einer Gemeinde wieder aktiviert werden? Wie werden wir in Zukunft ein soziales Miteinander gestalten und welchen Beitrag kann hierbei die Architektur liefern? Diesen Fragen widmete sich das Institut f\u00fcr Geb\u00e4udelehre der Technischen Universit\u00e4t Graz und 14 Studierende im Rahmen eines Masterstudios. Neben den Entwurfsarbeiten wird eine fundierte Analyse der bestehenden Geb\u00e4udestrukturen pr\u00e4sentiert als auch ein Leitfaden, der als Werkzeug f\u00fcr zuk\u00fcnftige Ortskernentwicklungen herangezogen werden kann.<\/p>\n","protected":false},"featured_media":39563,"comment_status":"closed","ping_status":"closed","template":"","meta":[],"yoast_head":"<!-- This site is optimized with the Yoast SEO plugin v16.1.1 - https:\/\/yoast.com\/wordpress\/plugins\/seo\/ -->\n<link rel=\"canonical\" href=\"https:\/\/tugraztestweb.asol.at\/en\/gesamtverzeichnis\/architektur\/trofaiach\/\" \/>\n<meta property=\"og:locale\" content=\"en_US\" \/>\n<meta property=\"og:type\" content=\"article\" \/>\n<meta property=\"og:title\" content=\"Trofaiach - Verlag der TU Graz\" \/>\n<meta property=\"og:description\" content=\"Die in der Publikation \u201eTrofaiach. Architektonische Konzepte f\u00fcr ein zuk\u00fcnftiges Miteinander\u201c pr\u00e4sentierten Entwurfsarbeiten illustrieren architektonische und st\u00e4dtebauliche Strategien f\u00fcr eine m\u00f6gliche Entwicklung des Ortszentrums einer l\u00e4ndlichen Gemeinde. An Hand einer H\u00e4userzeile im Zentrum von Trofaiach werden Vorschl\u00e4ge f\u00fcr die Transformation bestehender Geb\u00e4udestrukturen entworfen und die damit zusammenh\u00e4ngenden Potenziale f\u00fcr eine zuk\u00fcnftige Entwicklung der Stadt reflektiert. Mit welchen Methoden kann eine historisch gewachsene Struktur entwerferisch neu interpretiert werden? Mit welchen Programmen kann das Zentrum einer Gemeinde wieder aktiviert werden? Wie werden wir in Zukunft ein soziales Miteinander gestalten und welchen Beitrag kann hierbei die Architektur liefern? Diesen Fragen widmete sich das Institut f\u00fcr Geb\u00e4udelehre der Technischen Universit\u00e4t Graz und 14 Studierende im Rahmen eines Masterstudios. Neben den Entwurfsarbeiten wird eine fundierte Analyse der bestehenden Geb\u00e4udestrukturen pr\u00e4sentiert als auch ein Leitfaden, der als Werkzeug f\u00fcr zuk\u00fcnftige Ortskernentwicklungen herangezogen werden kann.\" \/>\n<meta property=\"og:url\" content=\"https:\/\/tugraztestweb.asol.at\/en\/gesamtverzeichnis\/architektur\/trofaiach\/\" \/>\n<meta property=\"og:site_name\" content=\"Verlag der TU Graz\" \/>\n<meta property=\"article:modified_time\" content=\"2020-08-21T12:56:46+00:00\" \/>\n<meta property=\"og:image\" content=\"https:\/\/tugraztestweb.asol.at\/wp-content\/uploads\/2020\/08\/image-978-3-85125-664-2.jpg\" \/>\n\t<meta property=\"og:image:width\" content=\"685\" \/>\n\t<meta property=\"og:image:height\" content=\"814\" \/>\n<meta name=\"twitter:card\" content=\"summary_large_image\" \/>\n<meta name=\"twitter:label1\" content=\"Est. reading time\">\n\t<meta name=\"twitter:data1\" content=\"1 minute\">\n<script type=\"application\/ld+json\" class=\"yoast-schema-graph\">{\"@context\":\"https:\/\/schema.org\",\"@graph\":[{\"@type\":\"WebSite\",\"@id\":\"https:\/\/tugraztestweb.asol.at\/#website\",\"url\":\"https:\/\/tugraztestweb.asol.at\/\",\"name\":\"Verlag der TU Graz\",\"description\":\"Verlag der Technischen Universit\\u00e4t Graz\",\"potentialAction\":[{\"@type\":\"SearchAction\",\"target\":\"https:\/\/tugraztestweb.asol.at\/?s={search_term_string}\",\"query-input\":\"required name=search_term_string\"}],\"inLanguage\":\"en-US\"},{\"@type\":\"ImageObject\",\"@id\":\"https:\/\/tugraztestweb.asol.at\/en\/gesamtverzeichnis\/architektur\/trofaiach\/#primaryimage\",\"inLanguage\":\"en-US\",\"url\":\"https:\/\/tugraztestweb.asol.at\/wp-content\/uploads\/2020\/08\/image-978-3-85125-664-2.jpg\",\"contentUrl\":\"https:\/\/tugraztestweb.asol.at\/wp-content\/uploads\/2020\/08\/image-978-3-85125-664-2.jpg\",\"width\":685,\"height\":814},{\"@type\":\"WebPage\",\"@id\":\"https:\/\/tugraztestweb.asol.at\/en\/gesamtverzeichnis\/architektur\/trofaiach\/#webpage\",\"url\":\"https:\/\/tugraztestweb.asol.at\/en\/gesamtverzeichnis\/architektur\/trofaiach\/\",\"name\":\"Trofaiach - Verlag der TU Graz\",\"isPartOf\":{\"@id\":\"https:\/\/tugraztestweb.asol.at\/#website\"},\"primaryImageOfPage\":{\"@id\":\"https:\/\/tugraztestweb.asol.at\/en\/gesamtverzeichnis\/architektur\/trofaiach\/#primaryimage\"},\"datePublished\":\"2020-08-21T12:55:46+00:00\",\"dateModified\":\"2020-08-21T12:56:46+00:00\",\"breadcrumb\":{\"@id\":\"https:\/\/tugraztestweb.asol.at\/en\/gesamtverzeichnis\/architektur\/trofaiach\/#breadcrumb\"},\"inLanguage\":\"en-US\",\"potentialAction\":[{\"@type\":\"ReadAction\",\"target\":[\"https:\/\/tugraztestweb.asol.at\/en\/gesamtverzeichnis\/architektur\/trofaiach\/\"]}]},{\"@type\":\"BreadcrumbList\",\"@id\":\"https:\/\/tugraztestweb.asol.at\/en\/gesamtverzeichnis\/architektur\/trofaiach\/#breadcrumb\",\"itemListElement\":[{\"@type\":\"ListItem\",\"position\":1,\"item\":{\"@type\":\"WebPage\",\"@id\":\"https:\/\/tugraztestweb.asol.at\/\",\"url\":\"https:\/\/tugraztestweb.asol.at\/\",\"name\":\"Home\"}},{\"@type\":\"ListItem\",\"position\":2,\"item\":{\"@type\":\"WebPage\",\"@id\":\"https:\/\/tugraztestweb.asol.at\/gesamtverzeichnis\/\",\"url\":\"https:\/\/tugraztestweb.asol.at\/gesamtverzeichnis\/\",\"name\":\"Gesamtverzeichnis\"}},{\"@type\":\"ListItem\",\"position\":3,\"item\":{\"@type\":\"WebPage\",\"@id\":\"https:\/\/tugraztestweb.asol.at\/en\/gesamtverzeichnis\/architektur\/trofaiach\/\",\"url\":\"https:\/\/tugraztestweb.asol.at\/en\/gesamtverzeichnis\/architektur\/trofaiach\/\",\"name\":\"Trofaiach\"}}]}]}<\/script>\n<!-- \/ Yoast SEO plugin. -->","_links":{"self":[{"href":"https:\/\/tugraztestweb.asol.at\/en\/wp-json\/wp\/v2\/product\/36540"}],"collection":[{"href":"https:\/\/tugraztestweb.asol.at\/en\/wp-json\/wp\/v2\/product"}],"about":[{"href":"https:\/\/tugraztestweb.asol.at\/en\/wp-json\/wp\/v2\/types\/product"}],"replies":[{"embeddable":true,"href":"https:\/\/tugraztestweb.asol.at\/en\/wp-json\/wp\/v2\/comments?post=36540"}],"wp:featuredmedia":[{"embeddable":true,"href":"https:\/\/tugraztestweb.asol.at\/en\/wp-json\/wp\/v2\/media\/39563"}],"wp:attachment":[{"href":"https:\/\/tugraztestweb.asol.at\/en\/wp-json\/wp\/v2\/media?parent=36540"}],"curies":[{"name":"wp","href":"https:\/\/api.w.org\/{rel}","templated":true}]}}