{"id":36546,"date":"2020-08-21T12:55:46","date_gmt":"2020-08-21T12:55:46","guid":{"rendered":"http:\/\/tugraztestweb.asol.at\/gesamtverzeichnis\/unkategorisiert\/second-glance-at-graz-gries\/"},"modified":"2020-08-21T14:56:46","modified_gmt":"2020-08-21T12:56:46","slug":"second-glance-at-graz-gries-ebook","status":"publish","type":"product","link":"https:\/\/tugraztestweb.asol.at\/en\/gesamtverzeichnis\/architektur\/second-glance-at-graz-gries-ebook\/","title":{"rendered":"Second Glance at Graz &#8211; Gries"},"content":{"rendered":"<p class=\"qtranxs-available-languages-message qtranxs-available-languages-message-en\">Sorry, this entry is only available in <a href=\"https:\/\/tugraztestweb.asol.at\/de\/wp-json\/wp\/v2\/product\/36546\" class=\"qtranxs-available-language-link qtranxs-available-language-link-de\" title=\"Deutsch\">Deutsch<\/a>.<\/p><p>SECOND GLANCE ist ein Projekt im urbanen Raum, das die aktive Beteiligung der lokalen Mikrogemeinschaft und gef\u00e4hrdeter Gruppen, wie MigrantInnen und Fl\u00fcchtlinge, an transformativen Prozessen kreativer Praxis zum Ziel hat. Es wurde zuletzt im Rahmen des Architektursommers 2018 in Form eines interdisziplin\u00e4ren Workshops in Graz-Gries durchgef\u00fchrt, dessen Resultate im Dezember 2018 in der &#8220;off_gallery graz&#8221; dem breiten Publikum pr\u00e4sentiert wurden und jetzt als Publikation vorliegen.<\/p>","protected":false},"excerpt":{"rendered":"<p class=\"qtranxs-available-languages-message qtranxs-available-languages-message-en\">Sorry, this entry is only available in <a href=\"https:\/\/tugraztestweb.asol.at\/de\/wp-json\/wp\/v2\/product\/36546\" class=\"qtranxs-available-language-link qtranxs-available-language-link-de\" title=\"Deutsch\">Deutsch<\/a>.<\/p>\n<p>SECOND GLANCE ist ein Projekt im urbanen Raum, das die aktive Beteiligung der lokalen Mikrogemeinschaft und gef\u00e4hrdeter Gruppen, wie MigrantInnen und Fl\u00fcchtlinge, an transformativen Prozessen kreativer Praxis zum Ziel hat. Es wurde zuletzt im Rahmen des Architektursommers 2018 in Form eines interdisziplin\u00e4ren Workshops in Graz-Gries durchgef\u00fchrt, dessen Resultate im Dezember 2018 in der &#8220;off_gallery graz&#8221; dem breiten Publikum pr\u00e4sentiert wurden und jetzt als Publikation vorliegen.<\/p>\n","protected":false},"featured_media":40236,"comment_status":"closed","ping_status":"closed","template":"","meta":[],"yoast_head":"<!-- This site is optimized with the Yoast SEO plugin v16.1.1 - https:\/\/yoast.com\/wordpress\/plugins\/seo\/ -->\n<link rel=\"canonical\" href=\"https:\/\/tugraztestweb.asol.at\/gesamtverzeichnis\/architektur\/second-glance-at-graz-gries-ebook\/\" \/>\n<meta property=\"og:locale\" content=\"en_US\" \/>\n<meta property=\"og:type\" content=\"article\" \/>\n<meta property=\"og:title\" content=\"Second Glance at Graz - Gries - Verlag der TU Graz\" \/>\n<meta property=\"og:description\" content=\"SECOND GLANCE ist ein Projekt im urbanen Raum, das die aktive Beteiligung der lokalen Mikrogemeinschaft und gef\u00e4hrdeter Gruppen, wie MigrantInnen und Fl\u00fcchtlinge, an transformativen Prozessen kreativer Praxis zum Ziel hat. Es wurde zuletzt im Rahmen des Architektursommers 2018 in Form eines interdisziplin\u00e4ren Workshops in Graz-Gries durchgef\u00fchrt, dessen Resultate im Dezember 2018 in der &quot;off_gallery graz&quot; dem breiten Publikum pr\u00e4sentiert wurden und jetzt als Publikation vorliegen.\" \/>\n<meta property=\"og:url\" content=\"https:\/\/tugraztestweb.asol.at\/gesamtverzeichnis\/architektur\/second-glance-at-graz-gries-ebook\/\" \/>\n<meta property=\"og:site_name\" content=\"Verlag der TU Graz\" \/>\n<meta property=\"article:modified_time\" content=\"2020-08-21T12:56:46+00:00\" \/>\n<meta property=\"og:image\" content=\"https:\/\/tugraztestweb.asol.at\/wp-content\/uploads\/2020\/08\/image-961.png\" \/>\n\t<meta property=\"og:image:width\" content=\"1889\" \/>\n\t<meta property=\"og:image:height\" content=\"2598\" \/>\n<meta name=\"twitter:card\" content=\"summary_large_image\" \/>\n<script type=\"application\/ld+json\" class=\"yoast-schema-graph\">{\"@context\":\"https:\/\/schema.org\",\"@graph\":[{\"@type\":\"WebSite\",\"@id\":\"https:\/\/tugraztestweb.asol.at\/#website\",\"url\":\"https:\/\/tugraztestweb.asol.at\/\",\"name\":\"Verlag der TU Graz\",\"description\":\"Verlag der Technischen Universit\\u00e4t Graz\",\"potentialAction\":[{\"@type\":\"SearchAction\",\"target\":\"https:\/\/tugraztestweb.asol.at\/?s={search_term_string}\",\"query-input\":\"required name=search_term_string\"}],\"inLanguage\":\"en-US\"},{\"@type\":\"ImageObject\",\"@id\":\"https:\/\/tugraztestweb.asol.at\/gesamtverzeichnis\/architektur\/second-glance-at-graz-gries-ebook\/#primaryimage\",\"inLanguage\":\"en-US\",\"url\":\"https:\/\/tugraztestweb.asol.at\/wp-content\/uploads\/2020\/08\/image-961.png\",\"contentUrl\":\"https:\/\/tugraztestweb.asol.at\/wp-content\/uploads\/2020\/08\/image-961.png\",\"width\":1889,\"height\":2598},{\"@type\":\"WebPage\",\"@id\":\"https:\/\/tugraztestweb.asol.at\/gesamtverzeichnis\/architektur\/second-glance-at-graz-gries-ebook\/#webpage\",\"url\":\"https:\/\/tugraztestweb.asol.at\/gesamtverzeichnis\/architektur\/second-glance-at-graz-gries-ebook\/\",\"name\":\"Second Glance at Graz - Gries - Verlag der TU Graz\",\"isPartOf\":{\"@id\":\"https:\/\/tugraztestweb.asol.at\/#website\"},\"primaryImageOfPage\":{\"@id\":\"https:\/\/tugraztestweb.asol.at\/gesamtverzeichnis\/architektur\/second-glance-at-graz-gries-ebook\/#primaryimage\"},\"datePublished\":\"2020-08-21T12:55:46+00:00\",\"dateModified\":\"2020-08-21T12:56:46+00:00\",\"breadcrumb\":{\"@id\":\"https:\/\/tugraztestweb.asol.at\/gesamtverzeichnis\/architektur\/second-glance-at-graz-gries-ebook\/#breadcrumb\"},\"inLanguage\":\"en-US\",\"potentialAction\":[{\"@type\":\"ReadAction\",\"target\":[\"https:\/\/tugraztestweb.asol.at\/gesamtverzeichnis\/architektur\/second-glance-at-graz-gries-ebook\/\"]}]},{\"@type\":\"BreadcrumbList\",\"@id\":\"https:\/\/tugraztestweb.asol.at\/gesamtverzeichnis\/architektur\/second-glance-at-graz-gries-ebook\/#breadcrumb\",\"itemListElement\":[{\"@type\":\"ListItem\",\"position\":1,\"item\":{\"@type\":\"WebPage\",\"@id\":\"https:\/\/tugraztestweb.asol.at\/\",\"url\":\"https:\/\/tugraztestweb.asol.at\/\",\"name\":\"Home\"}},{\"@type\":\"ListItem\",\"position\":2,\"item\":{\"@type\":\"WebPage\",\"@id\":\"https:\/\/tugraztestweb.asol.at\/gesamtverzeichnis\/\",\"url\":\"https:\/\/tugraztestweb.asol.at\/gesamtverzeichnis\/\",\"name\":\"Gesamtverzeichnis\"}},{\"@type\":\"ListItem\",\"position\":3,\"item\":{\"@type\":\"WebPage\",\"@id\":\"https:\/\/tugraztestweb.asol.at\/gesamtverzeichnis\/architektur\/second-glance-at-graz-gries-ebook\/\",\"url\":\"https:\/\/tugraztestweb.asol.at\/gesamtverzeichnis\/architektur\/second-glance-at-graz-gries-ebook\/\",\"name\":\"Second Glance at Graz &#8211; Gries\"}}]}]}<\/script>\n<!-- \/ Yoast SEO plugin. -->","_links":{"self":[{"href":"https:\/\/tugraztestweb.asol.at\/en\/wp-json\/wp\/v2\/product\/36546"}],"collection":[{"href":"https:\/\/tugraztestweb.asol.at\/en\/wp-json\/wp\/v2\/product"}],"about":[{"href":"https:\/\/tugraztestweb.asol.at\/en\/wp-json\/wp\/v2\/types\/product"}],"replies":[{"embeddable":true,"href":"https:\/\/tugraztestweb.asol.at\/en\/wp-json\/wp\/v2\/comments?post=36546"}],"wp:featuredmedia":[{"embeddable":true,"href":"https:\/\/tugraztestweb.asol.at\/en\/wp-json\/wp\/v2\/media\/40236"}],"wp:attachment":[{"href":"https:\/\/tugraztestweb.asol.at\/en\/wp-json\/wp\/v2\/media?parent=36546"}],"curies":[{"name":"wp","href":"https:\/\/api.w.org\/{rel}","templated":true}]}}