{"id":36577,"date":"2020-08-21T12:55:46","date_gmt":"2020-08-21T12:55:46","guid":{"rendered":"http:\/\/tugraztestweb.asol.at\/gesamtverzeichnis\/unkategorisiert\/nutzer-profile-von-gesundheits-avataren-2\/"},"modified":"2020-08-21T14:56:46","modified_gmt":"2020-08-21T12:56:46","slug":"die-akzeptanz-virtueller-gesundheits-avatare-ebook","status":"publish","type":"product","link":"https:\/\/tugraztestweb.asol.at\/en\/gesamtverzeichnis\/informatik-und-biomedizinische-technik\/die-akzeptanz-virtueller-gesundheits-avatare-ebook\/","title":{"rendered":"Die Akzeptanz virtueller Gesundheits-Avatare"},"content":{"rendered":"<p class=\"qtranxs-available-languages-message qtranxs-available-languages-message-en\">Sorry, this entry is only available in <a href=\"https:\/\/tugraztestweb.asol.at\/de\/wp-json\/wp\/v2\/product\/36577\" class=\"qtranxs-available-language-link qtranxs-available-language-link-de\" title=\"Deutsch\">Deutsch<\/a>.<\/p><p>Neue Technologien werden gleicherma\u00dfen von Hoffnungen wie auch von Besorgnis begleitet. Die vorliegende Studie lotet die Akzeptanzpotentiale virtueller Gesundheits-Avatare aus. Darunter werden digitale Technologien verstanden, mit deren Hilfe es m\u00f6glich wird, physiologische Vorg\u00e4nge von Personen zu simulieren, und so Ver\u00e4nderungen im Gesundheitszustand fr\u00fchzeitig zu erkennen und gezielte Vorbeuge- oder Therapiema\u00dfnahmen veranlassen zu k\u00f6nnen. Auf Basis einer Fokusgruppenanalyse wurde das Akzeptanzpotential dieser \u201evirtuellen Gesundheits-Zwillinge\u201c eingesch\u00e4tzt und untersucht, wie Zustimmung und Ablehnung jeweils begr\u00fcndet wird. Dabei zeigt sich, dass Gesundheits-Avatare besonders dann positiv aufgenommen werden, wenn der individuelle Nutzen wahrgenommen wird, die M\u00f6glichkeit zur Personalisierung bestehen und die Schlussfolgerungen aus den erhobenen Daten den NutzerInnen selbst r\u00fcckgemeldet werden. Skeptisch gesehen werden hingegen digitale Technologien, die zu einem Autonomieverlust ihrer AnwenderInnen f\u00fchren. Neben der Sorge um Datensicherheit werden ablehnende Positionen mit ethische Bedenken begr\u00fcndet, wenn sie mit Diskriminierung, der Individualisierung von Verantwortung, \u00dcberwachung, dem Verlust von Privatsph\u00e4re und negativen Auswirkungen auf das solidarische Gesundheitssystem in Verbindung gebracht werden.<\/p>","protected":false},"excerpt":{"rendered":"<p class=\"qtranxs-available-languages-message qtranxs-available-languages-message-en\">Sorry, this entry is only available in <a href=\"https:\/\/tugraztestweb.asol.at\/de\/wp-json\/wp\/v2\/product\/36577\" class=\"qtranxs-available-language-link qtranxs-available-language-link-de\" title=\"Deutsch\">Deutsch<\/a>.<\/p>\n<p>Neue Technologien werden gleicherma\u00dfen von Hoffnungen wie auch von Besorgnis begleitet. Die vorliegende Studie lotet die Akzeptanzpotentiale virtueller Gesundheits-Avatare aus. Darunter werden digitale Technologien verstanden, mit deren Hilfe es m\u00f6glich wird, physiologische Vorg\u00e4nge von Personen zu simulieren, und so Ver\u00e4nderungen im Gesundheitszustand fr\u00fchzeitig zu erkennen und gezielte Vorbeuge- oder Therapiema\u00dfnahmen veranlassen zu k\u00f6nnen. Auf Basis einer Fokusgruppenanalyse wurde das Akzeptanzpotential dieser \u201evirtuellen Gesundheits-Zwillinge\u201c eingesch\u00e4tzt und untersucht, wie Zustimmung und Ablehnung jeweils begr\u00fcndet wird. Dabei zeigt sich, dass Gesundheits-Avatare besonders dann positiv aufgenommen werden, wenn der individuelle Nutzen wahrgenommen wird, die M\u00f6glichkeit zur Personalisierung bestehen und die Schlussfolgerungen aus den erhobenen Daten den NutzerInnen selbst r\u00fcckgemeldet werden. Skeptisch gesehen werden hingegen digitale Technologien, die zu einem Autonomieverlust ihrer AnwenderInnen f\u00fchren. Neben der Sorge um Datensicherheit werden ablehnende Positionen mit ethische Bedenken begr\u00fcndet, wenn sie mit Diskriminierung, der Individualisierung von Verantwortung, \u00dcberwachung, dem Verlust von Privatsph\u00e4re und negativen Auswirkungen auf das solidarische Gesundheitssystem in Verbindung gebracht werden.<\/p>\n","protected":false},"featured_media":40238,"comment_status":"closed","ping_status":"closed","template":"","meta":[],"yoast_head":"<!-- This site is optimized with the Yoast SEO plugin v16.1.1 - https:\/\/yoast.com\/wordpress\/plugins\/seo\/ -->\n<link rel=\"canonical\" href=\"https:\/\/tugraztestweb.asol.at\/gesamtverzeichnis\/informatik-und-biomedizinische-technik\/die-akzeptanz-virtueller-gesundheits-avatare-ebook\/\" \/>\n<meta property=\"og:locale\" content=\"en_US\" \/>\n<meta property=\"og:type\" content=\"article\" \/>\n<meta property=\"og:title\" content=\"Die Akzeptanz virtueller Gesundheits-Avatare - Verlag der TU Graz\" \/>\n<meta property=\"og:description\" content=\"Neue Technologien werden gleicherma\u00dfen von Hoffnungen wie auch von Besorgnis begleitet. Die vorliegende Studie lotet die Akzeptanzpotentiale virtueller Gesundheits-Avatare aus. Darunter werden digitale Technologien verstanden, mit deren Hilfe es m\u00f6glich wird, physiologische Vorg\u00e4nge von Personen zu simulieren, und so Ver\u00e4nderungen im Gesundheitszustand fr\u00fchzeitig zu erkennen und gezielte Vorbeuge- oder Therapiema\u00dfnahmen veranlassen zu k\u00f6nnen. Auf Basis einer Fokusgruppenanalyse wurde das Akzeptanzpotential dieser \u201evirtuellen Gesundheits-Zwillinge\u201c eingesch\u00e4tzt und untersucht, wie Zustimmung und Ablehnung jeweils begr\u00fcndet wird. Dabei zeigt sich, dass Gesundheits-Avatare besonders dann positiv aufgenommen werden, wenn der individuelle Nutzen wahrgenommen wird, die M\u00f6glichkeit zur Personalisierung bestehen und die Schlussfolgerungen aus den erhobenen Daten den NutzerInnen selbst r\u00fcckgemeldet werden. Skeptisch gesehen werden hingegen digitale Technologien, die zu einem Autonomieverlust ihrer AnwenderInnen f\u00fchren. Neben der Sorge um Datensicherheit werden ablehnende Positionen mit ethische Bedenken begr\u00fcndet, wenn sie mit Diskriminierung, der Individualisierung von Verantwortung, \u00dcberwachung, dem Verlust von Privatsph\u00e4re und negativen Auswirkungen auf das solidarische Gesundheitssystem in Verbindung gebracht werden.\" \/>\n<meta property=\"og:url\" content=\"https:\/\/tugraztestweb.asol.at\/gesamtverzeichnis\/informatik-und-biomedizinische-technik\/die-akzeptanz-virtueller-gesundheits-avatare-ebook\/\" \/>\n<meta property=\"og:site_name\" content=\"Verlag der TU Graz\" \/>\n<meta property=\"article:modified_time\" content=\"2020-08-21T12:56:46+00:00\" \/>\n<meta property=\"og:image\" content=\"https:\/\/tugraztestweb.asol.at\/wp-content\/uploads\/2020\/08\/image-978-3-85125-667-3.jpg\" \/>\n\t<meta property=\"og:image:width\" content=\"634\" \/>\n\t<meta property=\"og:image:height\" content=\"903\" \/>\n<meta name=\"twitter:card\" content=\"summary_large_image\" \/>\n<meta name=\"twitter:label1\" content=\"Est. reading time\">\n\t<meta name=\"twitter:data1\" content=\"1 minute\">\n<script type=\"application\/ld+json\" class=\"yoast-schema-graph\">{\"@context\":\"https:\/\/schema.org\",\"@graph\":[{\"@type\":\"WebSite\",\"@id\":\"https:\/\/tugraztestweb.asol.at\/#website\",\"url\":\"https:\/\/tugraztestweb.asol.at\/\",\"name\":\"Verlag der TU Graz\",\"description\":\"Verlag der Technischen Universit\\u00e4t Graz\",\"potentialAction\":[{\"@type\":\"SearchAction\",\"target\":\"https:\/\/tugraztestweb.asol.at\/?s={search_term_string}\",\"query-input\":\"required name=search_term_string\"}],\"inLanguage\":\"en-US\"},{\"@type\":\"ImageObject\",\"@id\":\"https:\/\/tugraztestweb.asol.at\/gesamtverzeichnis\/informatik-und-biomedizinische-technik\/die-akzeptanz-virtueller-gesundheits-avatare-ebook\/#primaryimage\",\"inLanguage\":\"en-US\",\"url\":\"https:\/\/tugraztestweb.asol.at\/wp-content\/uploads\/2020\/08\/image-978-3-85125-667-3.jpg\",\"contentUrl\":\"https:\/\/tugraztestweb.asol.at\/wp-content\/uploads\/2020\/08\/image-978-3-85125-667-3.jpg\",\"width\":634,\"height\":903},{\"@type\":\"WebPage\",\"@id\":\"https:\/\/tugraztestweb.asol.at\/gesamtverzeichnis\/informatik-und-biomedizinische-technik\/die-akzeptanz-virtueller-gesundheits-avatare-ebook\/#webpage\",\"url\":\"https:\/\/tugraztestweb.asol.at\/gesamtverzeichnis\/informatik-und-biomedizinische-technik\/die-akzeptanz-virtueller-gesundheits-avatare-ebook\/\",\"name\":\"Die Akzeptanz virtueller Gesundheits-Avatare - Verlag der TU Graz\",\"isPartOf\":{\"@id\":\"https:\/\/tugraztestweb.asol.at\/#website\"},\"primaryImageOfPage\":{\"@id\":\"https:\/\/tugraztestweb.asol.at\/gesamtverzeichnis\/informatik-und-biomedizinische-technik\/die-akzeptanz-virtueller-gesundheits-avatare-ebook\/#primaryimage\"},\"datePublished\":\"2020-08-21T12:55:46+00:00\",\"dateModified\":\"2020-08-21T12:56:46+00:00\",\"breadcrumb\":{\"@id\":\"https:\/\/tugraztestweb.asol.at\/gesamtverzeichnis\/informatik-und-biomedizinische-technik\/die-akzeptanz-virtueller-gesundheits-avatare-ebook\/#breadcrumb\"},\"inLanguage\":\"en-US\",\"potentialAction\":[{\"@type\":\"ReadAction\",\"target\":[\"https:\/\/tugraztestweb.asol.at\/gesamtverzeichnis\/informatik-und-biomedizinische-technik\/die-akzeptanz-virtueller-gesundheits-avatare-ebook\/\"]}]},{\"@type\":\"BreadcrumbList\",\"@id\":\"https:\/\/tugraztestweb.asol.at\/gesamtverzeichnis\/informatik-und-biomedizinische-technik\/die-akzeptanz-virtueller-gesundheits-avatare-ebook\/#breadcrumb\",\"itemListElement\":[{\"@type\":\"ListItem\",\"position\":1,\"item\":{\"@type\":\"WebPage\",\"@id\":\"https:\/\/tugraztestweb.asol.at\/\",\"url\":\"https:\/\/tugraztestweb.asol.at\/\",\"name\":\"Home\"}},{\"@type\":\"ListItem\",\"position\":2,\"item\":{\"@type\":\"WebPage\",\"@id\":\"https:\/\/tugraztestweb.asol.at\/gesamtverzeichnis\/\",\"url\":\"https:\/\/tugraztestweb.asol.at\/gesamtverzeichnis\/\",\"name\":\"Gesamtverzeichnis\"}},{\"@type\":\"ListItem\",\"position\":3,\"item\":{\"@type\":\"WebPage\",\"@id\":\"https:\/\/tugraztestweb.asol.at\/gesamtverzeichnis\/informatik-und-biomedizinische-technik\/die-akzeptanz-virtueller-gesundheits-avatare-ebook\/\",\"url\":\"https:\/\/tugraztestweb.asol.at\/gesamtverzeichnis\/informatik-und-biomedizinische-technik\/die-akzeptanz-virtueller-gesundheits-avatare-ebook\/\",\"name\":\"Die Akzeptanz virtueller Gesundheits-Avatare\"}}]}]}<\/script>\n<!-- \/ Yoast SEO plugin. -->","_links":{"self":[{"href":"https:\/\/tugraztestweb.asol.at\/en\/wp-json\/wp\/v2\/product\/36577"}],"collection":[{"href":"https:\/\/tugraztestweb.asol.at\/en\/wp-json\/wp\/v2\/product"}],"about":[{"href":"https:\/\/tugraztestweb.asol.at\/en\/wp-json\/wp\/v2\/types\/product"}],"replies":[{"embeddable":true,"href":"https:\/\/tugraztestweb.asol.at\/en\/wp-json\/wp\/v2\/comments?post=36577"}],"wp:featuredmedia":[{"embeddable":true,"href":"https:\/\/tugraztestweb.asol.at\/en\/wp-json\/wp\/v2\/media\/40238"}],"wp:attachment":[{"href":"https:\/\/tugraztestweb.asol.at\/en\/wp-json\/wp\/v2\/media?parent=36577"}],"curies":[{"name":"wp","href":"https:\/\/api.w.org\/{rel}","templated":true}]}}