{"id":36742,"date":"2020-08-21T12:55:47","date_gmt":"2020-08-21T12:55:47","guid":{"rendered":"http:\/\/tugraztestweb.asol.at\/gesamtverzeichnis\/unkategorisiert\/unternehmen-und-unternehmensrecht-in-lehre-und-praxisfestschrift-fuer-gunter-nitsche-zum-75-geburtstag\/"},"modified":"2020-08-21T14:56:47","modified_gmt":"2020-08-21T12:56:47","slug":"unternehmen-und-unternehmensrecht-in-lehre-und-praxis","status":"publish","type":"product","link":"https:\/\/tugraztestweb.asol.at\/en\/gesamtverzeichnis\/maschinenbau-und-wirtschaftswissenschaften\/unternehmen-und-unternehmensrecht-in-lehre-und-praxis\/","title":{"rendered":"Unternehmen und Unternehmensrecht in Lehre und Praxis"},"content":{"rendered":"<p class=\"qtranxs-available-languages-message qtranxs-available-languages-message-en\">Sorry, this entry is only available in <a href=\"https:\/\/tugraztestweb.asol.at\/de\/wp-json\/wp\/v2\/product\/36742\" class=\"qtranxs-available-language-link qtranxs-available-language-link-de\" title=\"Deutsch\">Deutsch<\/a>.<\/p><p>Das umfangreiche Wissen im \u00d6sterreichischen Unternehmensrecht, dessen freudvolle Weitergabe und der st\u00e4ndige Kontakt zu und Austausch mit Unternehmen zeichnen Gunter Nitsches Wirken als herausragenden Experten und Universit\u00e4tsprofessor aus. Sowohl in der akademischen Lehre als auch in der rechtlichen Praxis erfreut sich Gunter Nitsche nicht zuletzt wegen seiner unerm\u00fcdlichen Unterst\u00fctzungsbereitschaft und der ausgepr\u00e4gten Freundlichkeit gro\u00dfer Beliebtheit unter Weggef\u00e4hrten, Kollegen und Studierenden.<\/p>\n<p>Das vorliegende Werk soll mit zahlreichen Fachartikeln einen Teil des gro\u00dfen Kollegen- und Freundeskreises des Jubilars widerspiegeln sowie den Versuch darstellen, dem Leser einen Eindruck von der thematischen Vielfalt seines jahrelangen Wirkens zu vermitteln.<\/p>","protected":false},"excerpt":{"rendered":"<p class=\"qtranxs-available-languages-message qtranxs-available-languages-message-en\">Sorry, this entry is only available in <a href=\"https:\/\/tugraztestweb.asol.at\/de\/wp-json\/wp\/v2\/product\/36742\" class=\"qtranxs-available-language-link qtranxs-available-language-link-de\" title=\"Deutsch\">Deutsch<\/a>.<\/p>\n<p>Das umfangreiche Wissen im \u00d6sterreichischen Unternehmensrecht, dessen freudvolle Weitergabe und der st\u00e4ndige Kontakt zu und Austausch mit Unternehmen zeichnen Gunter Nitsches Wirken als herausragenden Experten und Universit\u00e4tsprofessor aus. Sowohl in der akademischen Lehre als auch in der rechtlichen Praxis erfreut sich Gunter Nitsche nicht zuletzt wegen seiner unerm\u00fcdlichen Unterst\u00fctzungsbereitschaft und der ausgepr\u00e4gten Freundlichkeit gro\u00dfer Beliebtheit unter Weggef\u00e4hrten, Kollegen und Studierenden.<\/p>\n<p>Das vorliegende Werk soll mit zahlreichen Fachartikeln einen Teil des gro\u00dfen Kollegen- und Freundeskreises des Jubilars widerspiegeln sowie den Versuch darstellen, dem Leser einen Eindruck von der thematischen Vielfalt seines jahrelangen Wirkens zu vermitteln.<\/p>\n","protected":false},"featured_media":39574,"comment_status":"closed","ping_status":"closed","template":"","meta":[],"yoast_head":"<!-- This site is optimized with the Yoast SEO plugin v16.1.1 - https:\/\/yoast.com\/wordpress\/plugins\/seo\/ -->\n<link rel=\"canonical\" href=\"https:\/\/tugraztestweb.asol.at\/en\/gesamtverzeichnis\/maschinenbau-und-wirtschaftswissenschaften\/unternehmen-und-unternehmensrecht-in-lehre-und-praxis\/\" \/>\n<meta property=\"og:locale\" content=\"en_US\" \/>\n<meta property=\"og:type\" content=\"article\" \/>\n<meta property=\"og:title\" content=\"Unternehmen und Unternehmensrecht in Lehre und Praxis - Verlag der TU Graz\" \/>\n<meta property=\"og:description\" content=\"Das umfangreiche Wissen im \u00d6sterreichischen Unternehmensrecht, dessen freudvolle Weitergabe und der st\u00e4ndige Kontakt zu und Austausch mit Unternehmen zeichnen Gunter Nitsches Wirken als herausragenden Experten und Universit\u00e4tsprofessor aus. Sowohl in der akademischen Lehre als auch in der rechtlichen Praxis erfreut sich Gunter Nitsche nicht zuletzt wegen seiner unerm\u00fcdlichen Unterst\u00fctzungsbereitschaft und der ausgepr\u00e4gten Freundlichkeit gro\u00dfer Beliebtheit unter Weggef\u00e4hrten, Kollegen und Studierenden.Das vorliegende Werk soll mit zahlreichen Fachartikeln einen Teil des gro\u00dfen Kollegen- und Freundeskreises des Jubilars widerspiegeln sowie den Versuch darstellen, dem Leser einen Eindruck von der thematischen Vielfalt seines jahrelangen Wirkens zu vermitteln.\" \/>\n<meta property=\"og:url\" content=\"https:\/\/tugraztestweb.asol.at\/en\/gesamtverzeichnis\/maschinenbau-und-wirtschaftswissenschaften\/unternehmen-und-unternehmensrecht-in-lehre-und-praxis\/\" \/>\n<meta property=\"og:site_name\" content=\"Verlag der TU Graz\" \/>\n<meta property=\"article:modified_time\" content=\"2020-08-21T12:56:47+00:00\" \/>\n<meta property=\"og:image\" content=\"https:\/\/tugraztestweb.asol.at\/wp-content\/uploads\/2020\/08\/image-978-3-85125-672-7.jpg\" \/>\n\t<meta property=\"og:image:width\" content=\"370\" \/>\n\t<meta property=\"og:image:height\" content=\"556\" \/>\n<meta name=\"twitter:card\" content=\"summary_large_image\" \/>\n<meta name=\"twitter:label1\" content=\"Est. reading time\">\n\t<meta name=\"twitter:data1\" content=\"1 minute\">\n<script type=\"application\/ld+json\" class=\"yoast-schema-graph\">{\"@context\":\"https:\/\/schema.org\",\"@graph\":[{\"@type\":\"WebSite\",\"@id\":\"https:\/\/tugraztestweb.asol.at\/#website\",\"url\":\"https:\/\/tugraztestweb.asol.at\/\",\"name\":\"Verlag der TU Graz\",\"description\":\"Verlag der Technischen Universit\\u00e4t Graz\",\"potentialAction\":[{\"@type\":\"SearchAction\",\"target\":\"https:\/\/tugraztestweb.asol.at\/?s={search_term_string}\",\"query-input\":\"required name=search_term_string\"}],\"inLanguage\":\"en-US\"},{\"@type\":\"ImageObject\",\"@id\":\"https:\/\/tugraztestweb.asol.at\/en\/gesamtverzeichnis\/maschinenbau-und-wirtschaftswissenschaften\/unternehmen-und-unternehmensrecht-in-lehre-und-praxis\/#primaryimage\",\"inLanguage\":\"en-US\",\"url\":\"https:\/\/tugraztestweb.asol.at\/wp-content\/uploads\/2020\/08\/image-978-3-85125-672-7.jpg\",\"contentUrl\":\"https:\/\/tugraztestweb.asol.at\/wp-content\/uploads\/2020\/08\/image-978-3-85125-672-7.jpg\",\"width\":370,\"height\":556},{\"@type\":\"WebPage\",\"@id\":\"https:\/\/tugraztestweb.asol.at\/en\/gesamtverzeichnis\/maschinenbau-und-wirtschaftswissenschaften\/unternehmen-und-unternehmensrecht-in-lehre-und-praxis\/#webpage\",\"url\":\"https:\/\/tugraztestweb.asol.at\/en\/gesamtverzeichnis\/maschinenbau-und-wirtschaftswissenschaften\/unternehmen-und-unternehmensrecht-in-lehre-und-praxis\/\",\"name\":\"Unternehmen und Unternehmensrecht in Lehre und Praxis - Verlag der TU Graz\",\"isPartOf\":{\"@id\":\"https:\/\/tugraztestweb.asol.at\/#website\"},\"primaryImageOfPage\":{\"@id\":\"https:\/\/tugraztestweb.asol.at\/en\/gesamtverzeichnis\/maschinenbau-und-wirtschaftswissenschaften\/unternehmen-und-unternehmensrecht-in-lehre-und-praxis\/#primaryimage\"},\"datePublished\":\"2020-08-21T12:55:47+00:00\",\"dateModified\":\"2020-08-21T12:56:47+00:00\",\"breadcrumb\":{\"@id\":\"https:\/\/tugraztestweb.asol.at\/en\/gesamtverzeichnis\/maschinenbau-und-wirtschaftswissenschaften\/unternehmen-und-unternehmensrecht-in-lehre-und-praxis\/#breadcrumb\"},\"inLanguage\":\"en-US\",\"potentialAction\":[{\"@type\":\"ReadAction\",\"target\":[\"https:\/\/tugraztestweb.asol.at\/en\/gesamtverzeichnis\/maschinenbau-und-wirtschaftswissenschaften\/unternehmen-und-unternehmensrecht-in-lehre-und-praxis\/\"]}]},{\"@type\":\"BreadcrumbList\",\"@id\":\"https:\/\/tugraztestweb.asol.at\/en\/gesamtverzeichnis\/maschinenbau-und-wirtschaftswissenschaften\/unternehmen-und-unternehmensrecht-in-lehre-und-praxis\/#breadcrumb\",\"itemListElement\":[{\"@type\":\"ListItem\",\"position\":1,\"item\":{\"@type\":\"WebPage\",\"@id\":\"https:\/\/tugraztestweb.asol.at\/\",\"url\":\"https:\/\/tugraztestweb.asol.at\/\",\"name\":\"Home\"}},{\"@type\":\"ListItem\",\"position\":2,\"item\":{\"@type\":\"WebPage\",\"@id\":\"https:\/\/tugraztestweb.asol.at\/gesamtverzeichnis\/\",\"url\":\"https:\/\/tugraztestweb.asol.at\/gesamtverzeichnis\/\",\"name\":\"Gesamtverzeichnis\"}},{\"@type\":\"ListItem\",\"position\":3,\"item\":{\"@type\":\"WebPage\",\"@id\":\"https:\/\/tugraztestweb.asol.at\/en\/gesamtverzeichnis\/maschinenbau-und-wirtschaftswissenschaften\/unternehmen-und-unternehmensrecht-in-lehre-und-praxis\/\",\"url\":\"https:\/\/tugraztestweb.asol.at\/en\/gesamtverzeichnis\/maschinenbau-und-wirtschaftswissenschaften\/unternehmen-und-unternehmensrecht-in-lehre-und-praxis\/\",\"name\":\"Unternehmen und Unternehmensrecht in Lehre und Praxis\"}}]}]}<\/script>\n<!-- \/ Yoast SEO plugin. -->","_links":{"self":[{"href":"https:\/\/tugraztestweb.asol.at\/en\/wp-json\/wp\/v2\/product\/36742"}],"collection":[{"href":"https:\/\/tugraztestweb.asol.at\/en\/wp-json\/wp\/v2\/product"}],"about":[{"href":"https:\/\/tugraztestweb.asol.at\/en\/wp-json\/wp\/v2\/types\/product"}],"replies":[{"embeddable":true,"href":"https:\/\/tugraztestweb.asol.at\/en\/wp-json\/wp\/v2\/comments?post=36742"}],"wp:featuredmedia":[{"embeddable":true,"href":"https:\/\/tugraztestweb.asol.at\/en\/wp-json\/wp\/v2\/media\/39574"}],"wp:attachment":[{"href":"https:\/\/tugraztestweb.asol.at\/en\/wp-json\/wp\/v2\/media?parent=36742"}],"curies":[{"name":"wp","href":"https:\/\/api.w.org\/{rel}","templated":true}]}}