{"id":38286,"date":"2020-08-21T12:55:51","date_gmt":"2020-08-21T12:55:51","guid":{"rendered":"http:\/\/tugraztestweb.asol.at\/gesamtverzeichnis\/unkategorisiert\/november-talks-2017-2\/"},"modified":"2020-08-21T14:56:51","modified_gmt":"2020-08-21T12:56:51","slug":"november-talks-2017-ebook","status":"publish","type":"product","link":"https:\/\/tugraztestweb.asol.at\/en\/gesamtverzeichnis\/architektur\/november-talks-2017-ebook\/","title":{"rendered":"November Talks 2017"},"content":{"rendered":"<p class=\"qtranxs-available-languages-message qtranxs-available-languages-message-en\">Sorry, this entry is only available in <a href=\"https:\/\/tugraztestweb.asol.at\/de\/wp-json\/wp\/v2\/product\/38286\" class=\"qtranxs-available-language-link qtranxs-available-language-link-de\" title=\"Deutsch\">Deutsch<\/a>.<\/p><p>Mit den November Talks 2016 wurde die \u201eThink Tank Architecture\u201c er\u00f6ffnet, in der neue Facetten des Architekturdiskurses beleuchtet und aktuelle Themen der Architektur ausgelotet werden. Vier G\u00e4ste pr\u00e4sentierten ihre architekturbezogenen Forschungsans\u00e4tze in Verkn\u00fcpfung mit der Praxis. Die 45-minutigen Vortr\u00e4ge wurden von Podiumsdiskussionen gefolgt. Die Runde der G\u00e4ste in der Grazer Reihe bestand erstmalig nicht ausschlie\u00dflich aus praktizierenden Architekten. Neben Mette Lange (Mette Lange Architects) aus Kopenhagen, Francisco Mangado (mangado asociados) aus Pamplona und&nbsp; Peter St John (Caruso St. John) aus London folgte auch Peter Cachola Schmal, Direktor des Deutschen Architektur Museums aus Frankfurt, der Einladung.<\/p>","protected":false},"excerpt":{"rendered":"<p class=\"qtranxs-available-languages-message qtranxs-available-languages-message-en\">Sorry, this entry is only available in <a href=\"https:\/\/tugraztestweb.asol.at\/de\/wp-json\/wp\/v2\/product\/38286\" class=\"qtranxs-available-language-link qtranxs-available-language-link-de\" title=\"Deutsch\">Deutsch<\/a>.<\/p>\n<p>Mit den November Talks 2016 wurde die \u201eThink Tank Architecture\u201c er\u00f6ffnet, in der neue Facetten des Architekturdiskurses beleuchtet und aktuelle Themen der Architektur ausgelotet werden. Vier G\u00e4ste pr\u00e4sentierten ihre architekturbezogenen Forschungsans\u00e4tze in Verkn\u00fcpfung mit der Praxis. Die 45-minutigen Vortr\u00e4ge wurden von Podiumsdiskussionen gefolgt. Die Runde der G\u00e4ste in der Grazer Reihe bestand erstmalig nicht ausschlie\u00dflich aus praktizierenden Architekten. Neben Mette Lange (Mette Lange Architects) aus Kopenhagen, Francisco Mangado (mangado asociados) aus Pamplona und&nbsp; Peter St John (Caruso St. John) aus London folgte auch Peter Cachola Schmal, Direktor des Deutschen Architektur Museums aus Frankfurt, der Einladung.<\/p>\n","protected":false},"featured_media":39452,"comment_status":"closed","ping_status":"closed","template":"","meta":[],"yoast_head":"<!-- This site is optimized with the Yoast SEO plugin v16.1.1 - https:\/\/yoast.com\/wordpress\/plugins\/seo\/ -->\n<link rel=\"canonical\" href=\"https:\/\/tugraztestweb.asol.at\/en\/gesamtverzeichnis\/architektur\/november-talks-2017-ebook\/\" \/>\n<meta property=\"og:locale\" content=\"en_US\" \/>\n<meta property=\"og:type\" content=\"article\" \/>\n<meta property=\"og:title\" content=\"November Talks 2017 - Verlag der TU Graz\" \/>\n<meta property=\"og:description\" content=\"Mit den November Talks 2016 wurde die \u201eThink Tank Architecture\u201c er\u00f6ffnet, in der neue Facetten des Architekturdiskurses beleuchtet und aktuelle Themen der Architektur ausgelotet werden. Vier G\u00e4ste pr\u00e4sentierten ihre architekturbezogenen Forschungsans\u00e4tze in Verkn\u00fcpfung mit der Praxis. Die 45-minutigen Vortr\u00e4ge wurden von Podiumsdiskussionen gefolgt. Die Runde der G\u00e4ste in der Grazer Reihe bestand erstmalig nicht ausschlie\u00dflich aus praktizierenden Architekten. Neben Mette Lange (Mette Lange Architects) aus Kopenhagen, Francisco Mangado (mangado asociados) aus Pamplona und&nbsp; Peter St John (Caruso St. John) aus London folgte auch Peter Cachola Schmal, Direktor des Deutschen Architektur Museums aus Frankfurt, der Einladung.\" \/>\n<meta property=\"og:url\" content=\"https:\/\/tugraztestweb.asol.at\/en\/gesamtverzeichnis\/architektur\/november-talks-2017-ebook\/\" \/>\n<meta property=\"og:site_name\" content=\"Verlag der TU Graz\" \/>\n<meta property=\"article:modified_time\" content=\"2020-08-21T12:56:51+00:00\" \/>\n<meta property=\"og:image\" content=\"https:\/\/tugraztestweb.asol.at\/wp-content\/uploads\/2020\/08\/image-978-3-85125-697-0.jpg\" \/>\n\t<meta property=\"og:image:width\" content=\"1250\" \/>\n\t<meta property=\"og:image:height\" content=\"1250\" \/>\n<meta name=\"twitter:card\" content=\"summary_large_image\" \/>\n<meta name=\"twitter:label1\" content=\"Est. reading time\">\n\t<meta name=\"twitter:data1\" content=\"1 minute\">\n<script type=\"application\/ld+json\" class=\"yoast-schema-graph\">{\"@context\":\"https:\/\/schema.org\",\"@graph\":[{\"@type\":\"WebSite\",\"@id\":\"https:\/\/tugraztestweb.asol.at\/#website\",\"url\":\"https:\/\/tugraztestweb.asol.at\/\",\"name\":\"Verlag der TU Graz\",\"description\":\"Verlag der Technischen Universit\\u00e4t Graz\",\"potentialAction\":[{\"@type\":\"SearchAction\",\"target\":\"https:\/\/tugraztestweb.asol.at\/?s={search_term_string}\",\"query-input\":\"required name=search_term_string\"}],\"inLanguage\":\"en-US\"},{\"@type\":\"ImageObject\",\"@id\":\"https:\/\/tugraztestweb.asol.at\/en\/gesamtverzeichnis\/architektur\/november-talks-2017-ebook\/#primaryimage\",\"inLanguage\":\"en-US\",\"url\":\"https:\/\/tugraztestweb.asol.at\/wp-content\/uploads\/2020\/08\/image-978-3-85125-697-0.jpg\",\"contentUrl\":\"https:\/\/tugraztestweb.asol.at\/wp-content\/uploads\/2020\/08\/image-978-3-85125-697-0.jpg\",\"width\":1250,\"height\":1250},{\"@type\":\"WebPage\",\"@id\":\"https:\/\/tugraztestweb.asol.at\/en\/gesamtverzeichnis\/architektur\/november-talks-2017-ebook\/#webpage\",\"url\":\"https:\/\/tugraztestweb.asol.at\/en\/gesamtverzeichnis\/architektur\/november-talks-2017-ebook\/\",\"name\":\"November Talks 2017 - Verlag der TU Graz\",\"isPartOf\":{\"@id\":\"https:\/\/tugraztestweb.asol.at\/#website\"},\"primaryImageOfPage\":{\"@id\":\"https:\/\/tugraztestweb.asol.at\/en\/gesamtverzeichnis\/architektur\/november-talks-2017-ebook\/#primaryimage\"},\"datePublished\":\"2020-08-21T12:55:51+00:00\",\"dateModified\":\"2020-08-21T12:56:51+00:00\",\"breadcrumb\":{\"@id\":\"https:\/\/tugraztestweb.asol.at\/en\/gesamtverzeichnis\/architektur\/november-talks-2017-ebook\/#breadcrumb\"},\"inLanguage\":\"en-US\",\"potentialAction\":[{\"@type\":\"ReadAction\",\"target\":[\"https:\/\/tugraztestweb.asol.at\/en\/gesamtverzeichnis\/architektur\/november-talks-2017-ebook\/\"]}]},{\"@type\":\"BreadcrumbList\",\"@id\":\"https:\/\/tugraztestweb.asol.at\/en\/gesamtverzeichnis\/architektur\/november-talks-2017-ebook\/#breadcrumb\",\"itemListElement\":[{\"@type\":\"ListItem\",\"position\":1,\"item\":{\"@type\":\"WebPage\",\"@id\":\"https:\/\/tugraztestweb.asol.at\/\",\"url\":\"https:\/\/tugraztestweb.asol.at\/\",\"name\":\"Home\"}},{\"@type\":\"ListItem\",\"position\":2,\"item\":{\"@type\":\"WebPage\",\"@id\":\"https:\/\/tugraztestweb.asol.at\/gesamtverzeichnis\/\",\"url\":\"https:\/\/tugraztestweb.asol.at\/gesamtverzeichnis\/\",\"name\":\"Gesamtverzeichnis\"}},{\"@type\":\"ListItem\",\"position\":3,\"item\":{\"@type\":\"WebPage\",\"@id\":\"https:\/\/tugraztestweb.asol.at\/en\/gesamtverzeichnis\/architektur\/november-talks-2017-ebook\/\",\"url\":\"https:\/\/tugraztestweb.asol.at\/en\/gesamtverzeichnis\/architektur\/november-talks-2017-ebook\/\",\"name\":\"November Talks 2017\"}}]}]}<\/script>\n<!-- \/ Yoast SEO plugin. -->","_links":{"self":[{"href":"https:\/\/tugraztestweb.asol.at\/en\/wp-json\/wp\/v2\/product\/38286"}],"collection":[{"href":"https:\/\/tugraztestweb.asol.at\/en\/wp-json\/wp\/v2\/product"}],"about":[{"href":"https:\/\/tugraztestweb.asol.at\/en\/wp-json\/wp\/v2\/types\/product"}],"replies":[{"embeddable":true,"href":"https:\/\/tugraztestweb.asol.at\/en\/wp-json\/wp\/v2\/comments?post=38286"}],"wp:featuredmedia":[{"embeddable":true,"href":"https:\/\/tugraztestweb.asol.at\/en\/wp-json\/wp\/v2\/media\/39452"}],"wp:attachment":[{"href":"https:\/\/tugraztestweb.asol.at\/en\/wp-json\/wp\/v2\/media?parent=38286"}],"curies":[{"name":"wp","href":"https:\/\/api.w.org\/{rel}","templated":true}]}}