{"id":38300,"date":"2020-08-21T12:55:51","date_gmt":"2020-08-21T12:55:51","guid":{"rendered":"http:\/\/tugraztestweb.asol.at\/gesamtverzeichnis\/unkategorisiert\/november-talks-2018-2\/"},"modified":"2020-08-21T14:56:52","modified_gmt":"2020-08-21T12:56:52","slug":"november-talks-2018-ebook","status":"publish","type":"product","link":"https:\/\/tugraztestweb.asol.at\/en\/gesamtverzeichnis\/architektur\/november-talks-2018-ebook\/","title":{"rendered":"November Talks 2018"},"content":{"rendered":"<p> November Talks 2018 marked the third edition of the &#8220;Think Tank Architecture&#8221; series. As in the previous cases, this year\u2019s talks illuminated new facets and current themes of the architectural discourse. The forty-five minute lectures of our four guests were followed by exciting panel discussions, which were recorded in this publication. In 2018 we had the honor to welcome J\u00fcrg Conzett from Switzerland, Jos\u00e9 Morales and Sara de Giles from Spain, Tatiana Bilbao from Mexico and Wojciech Kotecki from Poland.<\/p>","protected":false},"excerpt":{"rendered":"<p>November Talks 2018 marked the third edition of the &#8220;Think Tank Architecture&#8221; series. As in the previous cases, this year\u2019s talks illuminated new facets and current themes of the architectural discourse. The forty-five minute lectures of our four guests were followed by exciting panel discussions, which were recorded in this publication. In 2018 we had the honor to welcome J\u00fcrg Conzett from Switzerland, Jos\u00e9 Morales and Sara de Giles from Spain, Tatiana Bilbao from Mexico and Wojciech Kotecki from Poland.<\/p>\n","protected":false},"featured_media":39450,"comment_status":"closed","ping_status":"closed","template":"","meta":[],"yoast_head":"<!-- This site is optimized with the Yoast SEO plugin v16.1.1 - https:\/\/yoast.com\/wordpress\/plugins\/seo\/ -->\n<link rel=\"canonical\" href=\"https:\/\/tugraztestweb.asol.at\/en\/gesamtverzeichnis\/architektur\/november-talks-2018-ebook\/\" \/>\n<meta property=\"og:locale\" content=\"en_US\" \/>\n<meta property=\"og:type\" content=\"article\" \/>\n<meta property=\"og:title\" content=\"November Talks 2018 - Verlag der TU Graz\" \/>\n<meta property=\"og:description\" content=\"Mit den November Talks 2018 fand die \u201eThink Tank Architecture\u201c Serie zum dritten Mal statt. Wie in den vorigen Editionen wurden auch dieses Jahr neue Facetten und aktuelle Themen des Architekturdiskurses beleuchtet. Die 45-minutigen Vortr\u00e4ge unserer vier G\u00e4ste wurden von spannenden Podiumsdiskussionen gefolgt, die in dieser Publikation festgehalten wurden. In 2018 hatten wir die Ehre, J\u00fcrg Conzett aus der Schweiz, Jos\u00e9 Morales und Sara de Giles aus Spanien, Tatiana Bilbao aus Mexico und Wojciech Kotecki aus Polen zu begr\u00fc\u00dfen.November Talks 2018 marked the third edition of the &quot;Think Tank Architecture&quot; series. As in the previous cases, this year\u2019s talks illuminated new facets and current themes of the architectural discourse. The forty-five minute lectures of our four guests were followed by exciting panel discussions, which were recorded in this publication. In 2018 we had the honor to welcome J\u00fcrg Conzett from Switzerland, Jos\u00e9 Morales and Sara de Giles from Spain, Tatiana Bilbao from Mexico and Wojciech Kotecki from Poland.\" \/>\n<meta property=\"og:url\" content=\"https:\/\/tugraztestweb.asol.at\/en\/gesamtverzeichnis\/architektur\/november-talks-2018-ebook\/\" \/>\n<meta property=\"og:site_name\" content=\"Verlag der TU Graz\" \/>\n<meta property=\"article:modified_time\" content=\"2020-08-21T12:56:52+00:00\" \/>\n<meta property=\"og:image\" content=\"https:\/\/tugraztestweb.asol.at\/wp-content\/uploads\/2020\/08\/image-978-3-85125-698-7.jpg\" \/>\n\t<meta property=\"og:image:width\" content=\"1250\" \/>\n\t<meta property=\"og:image:height\" content=\"1250\" \/>\n<meta name=\"twitter:card\" content=\"summary_large_image\" \/>\n<meta name=\"twitter:label1\" content=\"Est. reading time\">\n\t<meta name=\"twitter:data1\" content=\"1 minute\">\n<script type=\"application\/ld+json\" class=\"yoast-schema-graph\">{\"@context\":\"https:\/\/schema.org\",\"@graph\":[{\"@type\":\"WebSite\",\"@id\":\"https:\/\/tugraztestweb.asol.at\/#website\",\"url\":\"https:\/\/tugraztestweb.asol.at\/\",\"name\":\"Verlag der TU Graz\",\"description\":\"Verlag der Technischen Universit\\u00e4t Graz\",\"potentialAction\":[{\"@type\":\"SearchAction\",\"target\":\"https:\/\/tugraztestweb.asol.at\/?s={search_term_string}\",\"query-input\":\"required name=search_term_string\"}],\"inLanguage\":\"en-US\"},{\"@type\":\"ImageObject\",\"@id\":\"https:\/\/tugraztestweb.asol.at\/en\/gesamtverzeichnis\/architektur\/november-talks-2018-ebook\/#primaryimage\",\"inLanguage\":\"en-US\",\"url\":\"https:\/\/tugraztestweb.asol.at\/wp-content\/uploads\/2020\/08\/image-978-3-85125-698-7.jpg\",\"contentUrl\":\"https:\/\/tugraztestweb.asol.at\/wp-content\/uploads\/2020\/08\/image-978-3-85125-698-7.jpg\",\"width\":1250,\"height\":1250},{\"@type\":\"WebPage\",\"@id\":\"https:\/\/tugraztestweb.asol.at\/en\/gesamtverzeichnis\/architektur\/november-talks-2018-ebook\/#webpage\",\"url\":\"https:\/\/tugraztestweb.asol.at\/en\/gesamtverzeichnis\/architektur\/november-talks-2018-ebook\/\",\"name\":\"November Talks 2018 - Verlag der TU Graz\",\"isPartOf\":{\"@id\":\"https:\/\/tugraztestweb.asol.at\/#website\"},\"primaryImageOfPage\":{\"@id\":\"https:\/\/tugraztestweb.asol.at\/en\/gesamtverzeichnis\/architektur\/november-talks-2018-ebook\/#primaryimage\"},\"datePublished\":\"2020-08-21T12:55:51+00:00\",\"dateModified\":\"2020-08-21T12:56:52+00:00\",\"breadcrumb\":{\"@id\":\"https:\/\/tugraztestweb.asol.at\/en\/gesamtverzeichnis\/architektur\/november-talks-2018-ebook\/#breadcrumb\"},\"inLanguage\":\"en-US\",\"potentialAction\":[{\"@type\":\"ReadAction\",\"target\":[\"https:\/\/tugraztestweb.asol.at\/en\/gesamtverzeichnis\/architektur\/november-talks-2018-ebook\/\"]}]},{\"@type\":\"BreadcrumbList\",\"@id\":\"https:\/\/tugraztestweb.asol.at\/en\/gesamtverzeichnis\/architektur\/november-talks-2018-ebook\/#breadcrumb\",\"itemListElement\":[{\"@type\":\"ListItem\",\"position\":1,\"item\":{\"@type\":\"WebPage\",\"@id\":\"https:\/\/tugraztestweb.asol.at\/\",\"url\":\"https:\/\/tugraztestweb.asol.at\/\",\"name\":\"Home\"}},{\"@type\":\"ListItem\",\"position\":2,\"item\":{\"@type\":\"WebPage\",\"@id\":\"https:\/\/tugraztestweb.asol.at\/gesamtverzeichnis\/\",\"url\":\"https:\/\/tugraztestweb.asol.at\/gesamtverzeichnis\/\",\"name\":\"Gesamtverzeichnis\"}},{\"@type\":\"ListItem\",\"position\":3,\"item\":{\"@type\":\"WebPage\",\"@id\":\"https:\/\/tugraztestweb.asol.at\/en\/gesamtverzeichnis\/architektur\/november-talks-2018-ebook\/\",\"url\":\"https:\/\/tugraztestweb.asol.at\/en\/gesamtverzeichnis\/architektur\/november-talks-2018-ebook\/\",\"name\":\"November Talks 2018\"}}]}]}<\/script>\n<!-- \/ Yoast SEO plugin. -->","_links":{"self":[{"href":"https:\/\/tugraztestweb.asol.at\/en\/wp-json\/wp\/v2\/product\/38300"}],"collection":[{"href":"https:\/\/tugraztestweb.asol.at\/en\/wp-json\/wp\/v2\/product"}],"about":[{"href":"https:\/\/tugraztestweb.asol.at\/en\/wp-json\/wp\/v2\/types\/product"}],"replies":[{"embeddable":true,"href":"https:\/\/tugraztestweb.asol.at\/en\/wp-json\/wp\/v2\/comments?post=38300"}],"wp:featuredmedia":[{"embeddable":true,"href":"https:\/\/tugraztestweb.asol.at\/en\/wp-json\/wp\/v2\/media\/39450"}],"wp:attachment":[{"href":"https:\/\/tugraztestweb.asol.at\/en\/wp-json\/wp\/v2\/media?parent=38300"}],"curies":[{"name":"wp","href":"https:\/\/api.w.org\/{rel}","templated":true}]}}