{"id":38321,"date":"2020-11-18T06:47:59","date_gmt":"2020-11-18T06:47:59","guid":{"rendered":"http:\/\/tugraztestweb.asol.at\/gesamtverzeichnis\/unkategorisiert\/bauprozessmanagement-im-industriellen-holzbau\/"},"modified":"2020-11-18T09:48:59","modified_gmt":"2020-11-18T07:48:59","slug":"bauprozessmanagement-im-industriellen-holzbau","status":"publish","type":"product","link":"https:\/\/tugraztestweb.asol.at\/en\/gesamtverzeichnis\/bauingenieurwissenschaften\/bauprozessmanagement-im-industriellen-holzbau\/","title":{"rendered":"Bauprozessmanagement im Industriellen Holzbau"},"content":{"rendered":"<p class=\"qtranxs-available-languages-message qtranxs-available-languages-message-en\">Sorry, this entry is only available in <a href=\"https:\/\/tugraztestweb.asol.at\/de\/wp-json\/wp\/v2\/product\/38321\" class=\"qtranxs-available-language-link qtranxs-available-language-link-de\" title=\"Deutsch\">Deutsch<\/a>.<\/p><p>Der Holzbau erlangt im Bauwesen eine stetig wachsende Bedeutung, was sich durch weitgespannte Konstruktionen und gro\u00dfvolumige Wohn-, B\u00fcro- und Kommunalbauten zeigt. Technische Entwicklungen auf Produktebene und in den Produktionsprozessen in den letzten Jahrzehnten f\u00f6rdern diese positive Entwicklung. Die Bauvorhaben gewinnen auch im Holzbau an Gr\u00f6\u00dfe und Komplexit\u00e4t, was durch hohe technische Anforderungen und umfassende Rahmenbedingungen Auswirkungen auf die Planungs- und Bauprozesse der Unternehmen bedingt. Daher ist erforderlich, die zugrunde liegenden unternehmerischen Strukturen der Branche zu betrachten, um daraus Erkenntnisse f\u00fcr eine Ablaufoptimierung der Planungs- und Bauprozesse zu gewinnen.<br \/>Dieses Forschungsvorhaben spannt den Bogen im Holzsystembau basierend auf den technischen Produktentwicklungen und den produktionsspezifischen Entwicklungsprozessen unter Einbeziehung betriebswirtschaftlicher Rahmenbedingungen. Die Kombination technischer Gegebenheiten mit baubetrieblichen Abl\u00e4ufen und bauwirtschaftlichen Parametern erlaubt es, eine Gesamtsicht im Holzsystembau zu erlangen, welche eine Entwicklung von Produktionssystemen hin zu Bauprozessen unterst\u00fctzt.<br \/>Aufbauend auf den Grunds\u00e4tzen des Bauprozessmanagements werden der Bereich der Planung, der Ausschreibung und Kalkulation, des Baubetriebs sowie der Gesch\u00e4fts- und Unternehmensmodelle grundlegend betrachtet, sowie die Spezifika des Holzbau hierbei analysiert. Dies bildet den Ausgangspunkt f\u00fcr die Untersuchung des Holzsystembaus in bauwirtschaftlicher Hinsicht, da unter Einbeziehung der Grunds\u00e4tze und Erfolgsfaktoren des Industriellen Bauens eine weitreichende Entwick-lung im Holzsystembau prognostiziert wird. Durch eine extensive empirische Untersuchung der hierf\u00fcr ma\u00dfgeblichen Einfluss- und Prozessfaktoren kann das bestehende Potenzial in den baubetrieblichen und bauwirtschaftlichen Rubriken des Holzbaus erhoben, sowie die Potenzialkriterien gewichtet und bewertet werden, um darauf aufbauend eine Mo-dellbildung vorzunehmen.<\/p>\n<p><\/p>","protected":false},"excerpt":{"rendered":"<p class=\"qtranxs-available-languages-message qtranxs-available-languages-message-en\">Sorry, this entry is only available in <a href=\"https:\/\/tugraztestweb.asol.at\/de\/wp-json\/wp\/v2\/product\/38321\" class=\"qtranxs-available-language-link qtranxs-available-language-link-de\" title=\"Deutsch\">Deutsch<\/a>.<\/p>\n<p>Der Holzbau erlangt im Bauwesen eine stetig wachsende Bedeutung, was sich durch weitgespannte Konstruktionen und gro\u00dfvolumige Wohn-, B\u00fcro- und Kommunalbauten zeigt. Technische Entwicklungen auf Produktebene und in den Produktionsprozessen in den letzten Jahrzehnten f\u00f6rdern diese positive Entwicklung. Die Bauvorhaben gewinnen auch im Holzbau an Gr\u00f6\u00dfe und Komplexit\u00e4t, was durch hohe technische Anforderungen und umfassende Rahmenbedingungen Auswirkungen auf die Planungs- und Bauprozesse der Unternehmen bedingt. Daher ist erforderlich, die zugrunde liegenden unternehmerischen Strukturen der Branche zu betrachten, um daraus Erkenntnisse f\u00fcr eine Ablaufoptimierung der Planungs- und Bauprozesse zu gewinnen.<br \/>Dieses Forschungsvorhaben spannt den Bogen im Holzsystembau basierend auf den technischen Produktentwicklungen und den produktionsspezifischen Entwicklungsprozessen unter Einbeziehung betriebswirtschaftlicher Rahmenbedingungen. Die Kombination technischer Gegebenheiten mit baubetrieblichen Abl\u00e4ufen und bauwirtschaftlichen Parametern erlaubt es, eine Gesamtsicht im Holzsystembau zu erlangen, welche eine Entwicklung von Produktionssystemen hin zu Bauprozessen unterst\u00fctzt.<br \/>Aufbauend auf den Grunds\u00e4tzen des Bauprozessmanagements werden der Bereich der Planung, der Ausschreibung und Kalkulation, des Baubetriebs sowie der Gesch\u00e4fts- und Unternehmensmodelle grundlegend betrachtet, sowie die Spezifika des Holzbau hierbei analysiert. Dies bildet den Ausgangspunkt f\u00fcr die Untersuchung des Holzsystembaus in bauwirtschaftlicher Hinsicht, da unter Einbeziehung der Grunds\u00e4tze und Erfolgsfaktoren des Industriellen Bauens eine weitreichende Entwick-lung im Holzsystembau prognostiziert wird. Durch eine extensive empirische Untersuchung der hierf\u00fcr ma\u00dfgeblichen Einfluss- und Prozessfaktoren kann das bestehende Potenzial in den baubetrieblichen und bauwirtschaftlichen Rubriken des Holzbaus erhoben, sowie die Potenzialkriterien gewichtet und bewertet werden, um darauf aufbauend eine Mo-dellbildung vorzunehmen.<\/p>\n","protected":false},"featured_media":40255,"comment_status":"closed","ping_status":"closed","template":"","meta":[],"yoast_head":"<!-- This site is optimized with the Yoast SEO plugin v16.1.1 - https:\/\/yoast.com\/wordpress\/plugins\/seo\/ -->\n<link rel=\"canonical\" href=\"https:\/\/tugraztestweb.asol.at\/gesamtverzeichnis\/bauingenieurwissenschaften\/bauprozessmanagement-im-industriellen-holzbau\/\" \/>\n<meta property=\"og:locale\" content=\"en_US\" \/>\n<meta property=\"og:type\" content=\"article\" \/>\n<meta property=\"og:title\" content=\"Bauprozessmanagement im Industriellen Holzbau - Verlag der TU Graz\" \/>\n<meta property=\"og:description\" content=\"Der Holzbau erlangt im Bauwesen eine stetig wachsende Bedeutung, was sich durch weitgespannte Konstruktionen und gro\u00dfvolumige Wohn-, B\u00fcro- und Kommunalbauten zeigt. Technische Entwicklungen auf Produktebene und in den Produktionsprozessen in den letzten Jahrzehnten f\u00f6rdern diese positive Entwicklung. Die Bauvorhaben gewinnen auch im Holzbau an Gr\u00f6\u00dfe und Komplexit\u00e4t, was durch hohe technische Anforderungen und umfassende Rahmenbedingungen Auswirkungen auf die Planungs- und Bauprozesse der Unternehmen bedingt. Daher ist erforderlich, die zugrunde liegenden unternehmerischen Strukturen der Branche zu betrachten, um daraus Erkenntnisse f\u00fcr eine Ablaufoptimierung der Planungs- und Bauprozesse zu gewinnen.Dieses Forschungsvorhaben spannt den Bogen im Holzsystembau basierend auf den technischen Produktentwicklungen und den produktionsspezifischen Entwicklungsprozessen unter Einbeziehung betriebswirtschaftlicher Rahmenbedingungen. Die Kombination technischer Gegebenheiten mit baubetrieblichen Abl\u00e4ufen und bauwirtschaftlichen Parametern erlaubt es, eine Gesamtsicht im Holzsystembau zu erlangen, welche eine Entwicklung von Produktionssystemen hin zu Bauprozessen unterst\u00fctzt.Aufbauend auf den Grunds\u00e4tzen des Bauprozessmanagements werden der Bereich der Planung, der Ausschreibung und Kalkulation, des Baubetriebs sowie der Gesch\u00e4fts- und Unternehmensmodelle grundlegend betrachtet, sowie die Spezifika des Holzbau hierbei analysiert. Dies bildet den Ausgangspunkt f\u00fcr die Untersuchung des Holzsystembaus in bauwirtschaftlicher Hinsicht, da unter Einbeziehung der Grunds\u00e4tze und Erfolgsfaktoren des Industriellen Bauens eine weitreichende Entwick-lung im Holzsystembau prognostiziert wird. Durch eine extensive empirische Untersuchung der hierf\u00fcr ma\u00dfgeblichen Einfluss- und Prozessfaktoren kann das bestehende Potenzial in den baubetrieblichen und bauwirtschaftlichen Rubriken des Holzbaus erhoben, sowie die Potenzialkriterien gewichtet und bewertet werden, um darauf aufbauend eine Mo-dellbildung vorzunehmen.\" \/>\n<meta property=\"og:url\" content=\"https:\/\/tugraztestweb.asol.at\/gesamtverzeichnis\/bauingenieurwissenschaften\/bauprozessmanagement-im-industriellen-holzbau\/\" \/>\n<meta property=\"og:site_name\" content=\"Verlag der TU Graz\" \/>\n<meta property=\"article:modified_time\" content=\"2020-11-18T07:48:59+00:00\" \/>\n<meta property=\"og:image\" content=\"https:\/\/tugraztestweb.asol.at\/wp-content\/uploads\/2020\/11\/image-978-3-85125-579-9.jpg\" \/>\n\t<meta property=\"og:image:width\" content=\"452\" \/>\n\t<meta property=\"og:image:height\" content=\"640\" \/>\n<meta name=\"twitter:card\" content=\"summary_large_image\" \/>\n<meta name=\"twitter:label1\" content=\"Est. reading time\">\n\t<meta name=\"twitter:data1\" content=\"1 minute\">\n<script type=\"application\/ld+json\" class=\"yoast-schema-graph\">{\"@context\":\"https:\/\/schema.org\",\"@graph\":[{\"@type\":\"WebSite\",\"@id\":\"https:\/\/tugraztestweb.asol.at\/#website\",\"url\":\"https:\/\/tugraztestweb.asol.at\/\",\"name\":\"Verlag der TU Graz\",\"description\":\"Verlag der Technischen Universit\\u00e4t Graz\",\"potentialAction\":[{\"@type\":\"SearchAction\",\"target\":\"https:\/\/tugraztestweb.asol.at\/?s={search_term_string}\",\"query-input\":\"required name=search_term_string\"}],\"inLanguage\":\"en-US\"},{\"@type\":\"ImageObject\",\"@id\":\"https:\/\/tugraztestweb.asol.at\/gesamtverzeichnis\/bauingenieurwissenschaften\/bauprozessmanagement-im-industriellen-holzbau\/#primaryimage\",\"inLanguage\":\"en-US\",\"url\":\"https:\/\/tugraztestweb.asol.at\/wp-content\/uploads\/2020\/11\/image-978-3-85125-579-9.jpg\",\"contentUrl\":\"https:\/\/tugraztestweb.asol.at\/wp-content\/uploads\/2020\/11\/image-978-3-85125-579-9.jpg\",\"width\":452,\"height\":640},{\"@type\":\"WebPage\",\"@id\":\"https:\/\/tugraztestweb.asol.at\/gesamtverzeichnis\/bauingenieurwissenschaften\/bauprozessmanagement-im-industriellen-holzbau\/#webpage\",\"url\":\"https:\/\/tugraztestweb.asol.at\/gesamtverzeichnis\/bauingenieurwissenschaften\/bauprozessmanagement-im-industriellen-holzbau\/\",\"name\":\"Bauprozessmanagement im Industriellen Holzbau - Verlag der TU Graz\",\"isPartOf\":{\"@id\":\"https:\/\/tugraztestweb.asol.at\/#website\"},\"primaryImageOfPage\":{\"@id\":\"https:\/\/tugraztestweb.asol.at\/gesamtverzeichnis\/bauingenieurwissenschaften\/bauprozessmanagement-im-industriellen-holzbau\/#primaryimage\"},\"datePublished\":\"2020-11-18T06:47:59+00:00\",\"dateModified\":\"2020-11-18T07:48:59+00:00\",\"breadcrumb\":{\"@id\":\"https:\/\/tugraztestweb.asol.at\/gesamtverzeichnis\/bauingenieurwissenschaften\/bauprozessmanagement-im-industriellen-holzbau\/#breadcrumb\"},\"inLanguage\":\"en-US\",\"potentialAction\":[{\"@type\":\"ReadAction\",\"target\":[\"https:\/\/tugraztestweb.asol.at\/gesamtverzeichnis\/bauingenieurwissenschaften\/bauprozessmanagement-im-industriellen-holzbau\/\"]}]},{\"@type\":\"BreadcrumbList\",\"@id\":\"https:\/\/tugraztestweb.asol.at\/gesamtverzeichnis\/bauingenieurwissenschaften\/bauprozessmanagement-im-industriellen-holzbau\/#breadcrumb\",\"itemListElement\":[{\"@type\":\"ListItem\",\"position\":1,\"item\":{\"@type\":\"WebPage\",\"@id\":\"https:\/\/tugraztestweb.asol.at\/\",\"url\":\"https:\/\/tugraztestweb.asol.at\/\",\"name\":\"Home\"}},{\"@type\":\"ListItem\",\"position\":2,\"item\":{\"@type\":\"WebPage\",\"@id\":\"https:\/\/tugraztestweb.asol.at\/gesamtverzeichnis\/\",\"url\":\"https:\/\/tugraztestweb.asol.at\/gesamtverzeichnis\/\",\"name\":\"Gesamtverzeichnis\"}},{\"@type\":\"ListItem\",\"position\":3,\"item\":{\"@type\":\"WebPage\",\"@id\":\"https:\/\/tugraztestweb.asol.at\/gesamtverzeichnis\/bauingenieurwissenschaften\/bauprozessmanagement-im-industriellen-holzbau\/\",\"url\":\"https:\/\/tugraztestweb.asol.at\/gesamtverzeichnis\/bauingenieurwissenschaften\/bauprozessmanagement-im-industriellen-holzbau\/\",\"name\":\"Bauprozessmanagement im Industriellen Holzbau\"}}]}]}<\/script>\n<!-- \/ Yoast SEO plugin. -->","_links":{"self":[{"href":"https:\/\/tugraztestweb.asol.at\/en\/wp-json\/wp\/v2\/product\/38321"}],"collection":[{"href":"https:\/\/tugraztestweb.asol.at\/en\/wp-json\/wp\/v2\/product"}],"about":[{"href":"https:\/\/tugraztestweb.asol.at\/en\/wp-json\/wp\/v2\/types\/product"}],"replies":[{"embeddable":true,"href":"https:\/\/tugraztestweb.asol.at\/en\/wp-json\/wp\/v2\/comments?post=38321"}],"wp:featuredmedia":[{"embeddable":true,"href":"https:\/\/tugraztestweb.asol.at\/en\/wp-json\/wp\/v2\/media\/40255"}],"wp:attachment":[{"href":"https:\/\/tugraztestweb.asol.at\/en\/wp-json\/wp\/v2\/media?parent=38321"}],"curies":[{"name":"wp","href":"https:\/\/api.w.org\/{rel}","templated":true}]}}