{"id":38465,"date":"2020-08-21T12:55:55","date_gmt":"2020-08-21T12:55:55","guid":{"rendered":"http:\/\/tugraztestweb.asol.at\/gesamtverzeichnis\/unkategorisiert\/38465\/"},"modified":"2020-08-21T14:56:55","modified_gmt":"2020-08-21T12:56:55","slug":"5-internationale-tagung-fuer-qualitaetsmanagement-und-qualitaetsentwicklung-im-hochschulbereich-ebook","status":"publish","type":"product","link":"https:\/\/tugraztestweb.asol.at\/en\/gesamtverzeichnis\/interdiszipinaeres\/5-internationale-tagung-fuer-qualitaetsmanagement-und-qualitaetsentwicklung-im-hochschulbereich-ebook\/","title":{"rendered":"5. Internationale Tagung f\u00fcr Qualit\u00e4tsmanagement und Qualit\u00e4tsentwicklung im Hochschulbereich"},"content":{"rendered":"<p class=\"qtranxs-available-languages-message qtranxs-available-languages-message-en\">Sorry, this entry is only available in <a href=\"https:\/\/tugraztestweb.asol.at\/de\/wp-json\/wp\/v2\/product\/38465\" class=\"qtranxs-available-language-link qtranxs-available-language-link-de\" title=\"Deutsch\">Deutsch<\/a>.<\/p><p>Unter dem Titel \u201eQualit\u00e4ts- und Wissensmanagement an Hochschulen \u2013 zwei Perspektiven\u201c fand die 5. Internationale QM-Tagung des QM-Netzwerks der \u00f6sterreichischen Universit\u00e4ten statt, zu dem nun der Tagungsband im Verlag der TU Graz als frei zug\u00e4ngliches E-Book erschienen ist. Der Band enth\u00e4lt elf ausgew\u00e4hlte Beitr\u00e4ge, die einen umfassenden R\u00fcckblick auf die Inhalte der Veranstaltung geben.<\/p>","protected":false},"excerpt":{"rendered":"<p class=\"qtranxs-available-languages-message qtranxs-available-languages-message-en\">Sorry, this entry is only available in <a href=\"https:\/\/tugraztestweb.asol.at\/de\/wp-json\/wp\/v2\/product\/38465\" class=\"qtranxs-available-language-link qtranxs-available-language-link-de\" title=\"Deutsch\">Deutsch<\/a>.<\/p>\n<p>Unter dem Titel \u201eQualit\u00e4ts- und Wissensmanagement an Hochschulen \u2013 zwei Perspektiven\u201c fand die 5. Internationale QM-Tagung des QM-Netzwerks der \u00f6sterreichischen Universit\u00e4ten statt, zu dem nun der Tagungsband im Verlag der TU Graz als frei zug\u00e4ngliches E-Book erschienen ist. Der Band enth\u00e4lt elf ausgew\u00e4hlte Beitr\u00e4ge, die einen umfassenden R\u00fcckblick auf die Inhalte der Veranstaltung geben.<\/p>\n","protected":false},"featured_media":40314,"comment_status":"closed","ping_status":"closed","template":"","meta":[],"yoast_head":"<!-- This site is optimized with the Yoast SEO plugin v16.1.1 - https:\/\/yoast.com\/wordpress\/plugins\/seo\/ -->\n<link rel=\"canonical\" href=\"https:\/\/tugraztestweb.asol.at\/en\/gesamtverzeichnis\/interdiszipinaeres\/5-internationale-tagung-fuer-qualitaetsmanagement-und-qualitaetsentwicklung-im-hochschulbereich-ebook\/\" \/>\n<meta property=\"og:locale\" content=\"en_US\" \/>\n<meta property=\"og:type\" content=\"article\" \/>\n<meta property=\"og:title\" content=\"5. Internationale Tagung f\u00fcr Qualit\u00e4tsmanagement und Qualit\u00e4tsentwicklung im Hochschulbereich - Verlag der TU Graz\" \/>\n<meta property=\"og:description\" content=\"Unter dem Titel \u201eQualit\u00e4ts- und Wissensmanagement an Hochschulen \u2013 zwei Perspektiven\u201c fand die 5. Internationale QM-Tagung des QM-Netzwerks der \u00f6sterreichischen Universit\u00e4ten statt, zu dem nun der Tagungsband im Verlag der TU Graz als frei zug\u00e4ngliches E-Book erschienen ist. Der Band enth\u00e4lt elf ausgew\u00e4hlte Beitr\u00e4ge, die einen umfassenden R\u00fcckblick auf die Inhalte der Veranstaltung geben.\" \/>\n<meta property=\"og:url\" content=\"https:\/\/tugraztestweb.asol.at\/en\/gesamtverzeichnis\/interdiszipinaeres\/5-internationale-tagung-fuer-qualitaetsmanagement-und-qualitaetsentwicklung-im-hochschulbereich-ebook\/\" \/>\n<meta property=\"og:site_name\" content=\"Verlag der TU Graz\" \/>\n<meta property=\"article:modified_time\" content=\"2020-08-21T12:56:55+00:00\" \/>\n<meta property=\"og:image\" content=\"https:\/\/tugraztestweb.asol.at\/wp-content\/uploads\/2020\/08\/image-978-3-85125-706-9.jpg\" \/>\n\t<meta property=\"og:image:width\" content=\"1240\" \/>\n\t<meta property=\"og:image:height\" content=\"1754\" \/>\n<meta name=\"twitter:card\" content=\"summary_large_image\" \/>\n<script type=\"application\/ld+json\" class=\"yoast-schema-graph\">{\"@context\":\"https:\/\/schema.org\",\"@graph\":[{\"@type\":\"WebSite\",\"@id\":\"https:\/\/tugraztestweb.asol.at\/#website\",\"url\":\"https:\/\/tugraztestweb.asol.at\/\",\"name\":\"Verlag der TU Graz\",\"description\":\"Verlag der Technischen Universit\\u00e4t Graz\",\"potentialAction\":[{\"@type\":\"SearchAction\",\"target\":\"https:\/\/tugraztestweb.asol.at\/?s={search_term_string}\",\"query-input\":\"required name=search_term_string\"}],\"inLanguage\":\"en-US\"},{\"@type\":\"ImageObject\",\"@id\":\"https:\/\/tugraztestweb.asol.at\/en\/gesamtverzeichnis\/interdiszipinaeres\/5-internationale-tagung-fuer-qualitaetsmanagement-und-qualitaetsentwicklung-im-hochschulbereich-ebook\/#primaryimage\",\"inLanguage\":\"en-US\",\"url\":\"https:\/\/tugraztestweb.asol.at\/wp-content\/uploads\/2020\/08\/image-978-3-85125-706-9.jpg\",\"contentUrl\":\"https:\/\/tugraztestweb.asol.at\/wp-content\/uploads\/2020\/08\/image-978-3-85125-706-9.jpg\",\"width\":1240,\"height\":1754},{\"@type\":\"WebPage\",\"@id\":\"https:\/\/tugraztestweb.asol.at\/en\/gesamtverzeichnis\/interdiszipinaeres\/5-internationale-tagung-fuer-qualitaetsmanagement-und-qualitaetsentwicklung-im-hochschulbereich-ebook\/#webpage\",\"url\":\"https:\/\/tugraztestweb.asol.at\/en\/gesamtverzeichnis\/interdiszipinaeres\/5-internationale-tagung-fuer-qualitaetsmanagement-und-qualitaetsentwicklung-im-hochschulbereich-ebook\/\",\"name\":\"5. Internationale Tagung f\\u00fcr Qualit\\u00e4tsmanagement und Qualit\\u00e4tsentwicklung im Hochschulbereich - Verlag der TU Graz\",\"isPartOf\":{\"@id\":\"https:\/\/tugraztestweb.asol.at\/#website\"},\"primaryImageOfPage\":{\"@id\":\"https:\/\/tugraztestweb.asol.at\/en\/gesamtverzeichnis\/interdiszipinaeres\/5-internationale-tagung-fuer-qualitaetsmanagement-und-qualitaetsentwicklung-im-hochschulbereich-ebook\/#primaryimage\"},\"datePublished\":\"2020-08-21T12:55:55+00:00\",\"dateModified\":\"2020-08-21T12:56:55+00:00\",\"breadcrumb\":{\"@id\":\"https:\/\/tugraztestweb.asol.at\/en\/gesamtverzeichnis\/interdiszipinaeres\/5-internationale-tagung-fuer-qualitaetsmanagement-und-qualitaetsentwicklung-im-hochschulbereich-ebook\/#breadcrumb\"},\"inLanguage\":\"en-US\",\"potentialAction\":[{\"@type\":\"ReadAction\",\"target\":[\"https:\/\/tugraztestweb.asol.at\/en\/gesamtverzeichnis\/interdiszipinaeres\/5-internationale-tagung-fuer-qualitaetsmanagement-und-qualitaetsentwicklung-im-hochschulbereich-ebook\/\"]}]},{\"@type\":\"BreadcrumbList\",\"@id\":\"https:\/\/tugraztestweb.asol.at\/en\/gesamtverzeichnis\/interdiszipinaeres\/5-internationale-tagung-fuer-qualitaetsmanagement-und-qualitaetsentwicklung-im-hochschulbereich-ebook\/#breadcrumb\",\"itemListElement\":[{\"@type\":\"ListItem\",\"position\":1,\"item\":{\"@type\":\"WebPage\",\"@id\":\"https:\/\/tugraztestweb.asol.at\/\",\"url\":\"https:\/\/tugraztestweb.asol.at\/\",\"name\":\"Home\"}},{\"@type\":\"ListItem\",\"position\":2,\"item\":{\"@type\":\"WebPage\",\"@id\":\"https:\/\/tugraztestweb.asol.at\/gesamtverzeichnis\/\",\"url\":\"https:\/\/tugraztestweb.asol.at\/gesamtverzeichnis\/\",\"name\":\"Gesamtverzeichnis\"}},{\"@type\":\"ListItem\",\"position\":3,\"item\":{\"@type\":\"WebPage\",\"@id\":\"https:\/\/tugraztestweb.asol.at\/en\/gesamtverzeichnis\/interdiszipinaeres\/5-internationale-tagung-fuer-qualitaetsmanagement-und-qualitaetsentwicklung-im-hochschulbereich-ebook\/\",\"url\":\"https:\/\/tugraztestweb.asol.at\/en\/gesamtverzeichnis\/interdiszipinaeres\/5-internationale-tagung-fuer-qualitaetsmanagement-und-qualitaetsentwicklung-im-hochschulbereich-ebook\/\",\"name\":\"5. Internationale Tagung f\\u00fcr Qualit\\u00e4tsmanagement und Qualit\\u00e4tsentwicklung im Hochschulbereich\"}}]}]}<\/script>\n<!-- \/ Yoast SEO plugin. -->","_links":{"self":[{"href":"https:\/\/tugraztestweb.asol.at\/en\/wp-json\/wp\/v2\/product\/38465"}],"collection":[{"href":"https:\/\/tugraztestweb.asol.at\/en\/wp-json\/wp\/v2\/product"}],"about":[{"href":"https:\/\/tugraztestweb.asol.at\/en\/wp-json\/wp\/v2\/types\/product"}],"replies":[{"embeddable":true,"href":"https:\/\/tugraztestweb.asol.at\/en\/wp-json\/wp\/v2\/comments?post=38465"}],"wp:featuredmedia":[{"embeddable":true,"href":"https:\/\/tugraztestweb.asol.at\/en\/wp-json\/wp\/v2\/media\/40314"}],"wp:attachment":[{"href":"https:\/\/tugraztestweb.asol.at\/en\/wp-json\/wp\/v2\/media?parent=38465"}],"curies":[{"name":"wp","href":"https:\/\/api.w.org\/{rel}","templated":true}]}}