{"id":38489,"date":"2020-08-21T12:55:55","date_gmt":"2020-08-21T12:55:55","guid":{"rendered":"http:\/\/tugraztestweb.asol.at\/gesamtverzeichnis\/unkategorisiert\/architectural-acoustics-ext\/"},"modified":"2020-08-21T14:56:55","modified_gmt":"2020-08-21T12:56:55","slug":"architectural-acoustics-ext","status":"publish","type":"product","link":"https:\/\/tugraztestweb.asol.at\/en\/gesamtverzeichnis\/architektur\/architectural-acoustics-ext\/","title":{"rendered":"Architectural Acoustics ext."},"content":{"rendered":"<p> This book presents novel ideas for aesthetic and acoustic improvement of our surroundings in form of acoustic panels. They have been designed and prototyped in the interdisciplinary project between architecture and audio engineering. The key challenge was the application of two dimensional standard materials, which through cutting, bending, folding or layering should provide an ideal solution in the acoustic and aesthetic sense similarly. The question was raised: How can we design our surroundings and workplaces taking into account the acoustic components of a space, leading to a concept for a holistic approach? Due to the different structures and folded designs, various acoustic panels were created. The absorption coefficient of each element was measured in the impedance tube for normal sound incidence. Due to the different structures like folded design, resulting air gaps and multi-layered elements a various amount of different absorbing elements was produced. Each work was put into an architectural context (elements on ceilings, examples for sound insulation, etc.), providing architects, designers and acousticians with valuable acoustic data and numerous ideas for further applications.<\/p>\n<p><\/p>","protected":false},"excerpt":{"rendered":"<p>This book presents novel ideas for aesthetic and acoustic improvement of our surroundings in form of acoustic panels. They have been designed and prototyped in the interdisciplinary project between architecture and audio engineering. The key challenge was the application of two dimensional standard materials, which through cutting, bending, folding or layering should provide an ideal solution in the acoustic and aesthetic sense similarly. The question was raised: How can we design our surroundings and workplaces taking into account the acoustic components of a space, leading to a concept for a holistic approach? Due to the different structures and folded designs, various acoustic panels were created. The absorption coefficient of each element was measured in the impedance tube for normal sound incidence. Due to the different structures like folded design, resulting air gaps and multi-layered elements a various amount of different absorbing elements was produced. Each work was put into an architectural context (elements on ceilings, examples for sound insulation, etc.), providing architects, designers and acousticians with valuable acoustic data and numerous ideas for further applications.<\/p>\n<p><\/p>\n","protected":false},"featured_media":39557,"comment_status":"closed","ping_status":"closed","template":"","meta":[],"yoast_head":"<!-- This site is optimized with the Yoast SEO plugin v16.1.1 - https:\/\/yoast.com\/wordpress\/plugins\/seo\/ -->\n<link rel=\"canonical\" href=\"https:\/\/tugraztestweb.asol.at\/en\/gesamtverzeichnis\/architektur\/architectural-acoustics-ext\/\" \/>\n<meta property=\"og:locale\" content=\"en_US\" \/>\n<meta property=\"og:type\" content=\"article\" \/>\n<meta property=\"og:title\" content=\"Architectural Acoustics ext. - Verlag der TU Graz\" \/>\n<meta property=\"og:description\" content=\"Wie k\u00f6nnen wir unsere Umgebung und Arbeitsr\u00e4ume unter Ber\u00fccksichtigung von akustischen Ma\u00dfnahmen entwerfen und verwirklichen, sodass die Raumgestaltung optimal f\u00fcr die jeweilige Nutzung ist? Dieses Buch bietet neue ideen f\u00fcr die \u00e4sthetische und akustische Optimierung unserer Umwelt in Form von Akustikpaneelen. Sie wurden im Rahmen des interdisziplin\u00e4ren Projektes zwischen Architektur und Toningenieur entwickelt. Gemessene akustische Daten bieten ArchitektInnen, Designern und AkustikerInnen zahlreiche Ideen f\u00fcr weitere Anwendungen.This book presents novel ideas for aesthetic and acoustic improvement of our surroundings in form of acoustic panels. They have been designed and prototyped in the interdisciplinary project between architecture and audio engineering. The key challenge was the application of two dimensional standard materials, which through cutting, bending, folding or layering should provide an ideal solution in the acoustic and aesthetic sense similarly. The question was raised: How can we design our surroundings and workplaces taking into account the acoustic components of a space, leading to a concept for a holistic approach? Due to the different structures and folded designs, various acoustic panels were created. The absorption coefficient of each element was measured in the impedance tube for normal sound incidence. Due to the different structures like folded design, resulting air gaps and multi-layered elements a various amount of different absorbing elements was produced. Each work was put into an architectural context (elements on ceilings, examples for sound insulation, etc.), providing architects, designers and acousticians with valuable acoustic data and numerous ideas for further applications.\" \/>\n<meta property=\"og:url\" content=\"https:\/\/tugraztestweb.asol.at\/en\/gesamtverzeichnis\/architektur\/architectural-acoustics-ext\/\" \/>\n<meta property=\"og:site_name\" content=\"Verlag der TU Graz\" \/>\n<meta property=\"article:modified_time\" content=\"2020-08-21T12:56:55+00:00\" \/>\n<meta property=\"og:image\" content=\"https:\/\/tugraztestweb.asol.at\/wp-content\/uploads\/2020\/08\/image-978-3-85125-710-6.jpg\" \/>\n\t<meta property=\"og:image:width\" content=\"452\" \/>\n\t<meta property=\"og:image:height\" content=\"645\" \/>\n<meta name=\"twitter:card\" content=\"summary_large_image\" \/>\n<meta name=\"twitter:label1\" content=\"Est. reading time\">\n\t<meta name=\"twitter:data1\" content=\"1 minute\">\n<script type=\"application\/ld+json\" class=\"yoast-schema-graph\">{\"@context\":\"https:\/\/schema.org\",\"@graph\":[{\"@type\":\"WebSite\",\"@id\":\"https:\/\/tugraztestweb.asol.at\/#website\",\"url\":\"https:\/\/tugraztestweb.asol.at\/\",\"name\":\"Verlag der TU Graz\",\"description\":\"Verlag der Technischen Universit\\u00e4t Graz\",\"potentialAction\":[{\"@type\":\"SearchAction\",\"target\":\"https:\/\/tugraztestweb.asol.at\/?s={search_term_string}\",\"query-input\":\"required name=search_term_string\"}],\"inLanguage\":\"en-US\"},{\"@type\":\"ImageObject\",\"@id\":\"https:\/\/tugraztestweb.asol.at\/en\/gesamtverzeichnis\/architektur\/architectural-acoustics-ext\/#primaryimage\",\"inLanguage\":\"en-US\",\"url\":\"https:\/\/tugraztestweb.asol.at\/wp-content\/uploads\/2020\/08\/image-978-3-85125-710-6.jpg\",\"contentUrl\":\"https:\/\/tugraztestweb.asol.at\/wp-content\/uploads\/2020\/08\/image-978-3-85125-710-6.jpg\",\"width\":452,\"height\":645},{\"@type\":\"WebPage\",\"@id\":\"https:\/\/tugraztestweb.asol.at\/en\/gesamtverzeichnis\/architektur\/architectural-acoustics-ext\/#webpage\",\"url\":\"https:\/\/tugraztestweb.asol.at\/en\/gesamtverzeichnis\/architektur\/architectural-acoustics-ext\/\",\"name\":\"Architectural Acoustics ext. - Verlag der TU Graz\",\"isPartOf\":{\"@id\":\"https:\/\/tugraztestweb.asol.at\/#website\"},\"primaryImageOfPage\":{\"@id\":\"https:\/\/tugraztestweb.asol.at\/en\/gesamtverzeichnis\/architektur\/architectural-acoustics-ext\/#primaryimage\"},\"datePublished\":\"2020-08-21T12:55:55+00:00\",\"dateModified\":\"2020-08-21T12:56:55+00:00\",\"breadcrumb\":{\"@id\":\"https:\/\/tugraztestweb.asol.at\/en\/gesamtverzeichnis\/architektur\/architectural-acoustics-ext\/#breadcrumb\"},\"inLanguage\":\"en-US\",\"potentialAction\":[{\"@type\":\"ReadAction\",\"target\":[\"https:\/\/tugraztestweb.asol.at\/en\/gesamtverzeichnis\/architektur\/architectural-acoustics-ext\/\"]}]},{\"@type\":\"BreadcrumbList\",\"@id\":\"https:\/\/tugraztestweb.asol.at\/en\/gesamtverzeichnis\/architektur\/architectural-acoustics-ext\/#breadcrumb\",\"itemListElement\":[{\"@type\":\"ListItem\",\"position\":1,\"item\":{\"@type\":\"WebPage\",\"@id\":\"https:\/\/tugraztestweb.asol.at\/\",\"url\":\"https:\/\/tugraztestweb.asol.at\/\",\"name\":\"Home\"}},{\"@type\":\"ListItem\",\"position\":2,\"item\":{\"@type\":\"WebPage\",\"@id\":\"https:\/\/tugraztestweb.asol.at\/gesamtverzeichnis\/\",\"url\":\"https:\/\/tugraztestweb.asol.at\/gesamtverzeichnis\/\",\"name\":\"Gesamtverzeichnis\"}},{\"@type\":\"ListItem\",\"position\":3,\"item\":{\"@type\":\"WebPage\",\"@id\":\"https:\/\/tugraztestweb.asol.at\/en\/gesamtverzeichnis\/architektur\/architectural-acoustics-ext\/\",\"url\":\"https:\/\/tugraztestweb.asol.at\/en\/gesamtverzeichnis\/architektur\/architectural-acoustics-ext\/\",\"name\":\"Architectural Acoustics ext.\"}}]}]}<\/script>\n<!-- \/ Yoast SEO plugin. -->","_links":{"self":[{"href":"https:\/\/tugraztestweb.asol.at\/en\/wp-json\/wp\/v2\/product\/38489"}],"collection":[{"href":"https:\/\/tugraztestweb.asol.at\/en\/wp-json\/wp\/v2\/product"}],"about":[{"href":"https:\/\/tugraztestweb.asol.at\/en\/wp-json\/wp\/v2\/types\/product"}],"replies":[{"embeddable":true,"href":"https:\/\/tugraztestweb.asol.at\/en\/wp-json\/wp\/v2\/comments?post=38489"}],"wp:featuredmedia":[{"embeddable":true,"href":"https:\/\/tugraztestweb.asol.at\/en\/wp-json\/wp\/v2\/media\/39557"}],"wp:attachment":[{"href":"https:\/\/tugraztestweb.asol.at\/en\/wp-json\/wp\/v2\/media?parent=38489"}],"curies":[{"name":"wp","href":"https:\/\/api.w.org\/{rel}","templated":true}]}}