{"id":38674,"date":"2020-08-21T12:55:55","date_gmt":"2020-08-21T12:55:55","guid":{"rendered":"http:\/\/tugraztestweb.asol.at\/gesamtverzeichnis\/unkategorisiert\/5-internationaler-bbb-kongress-19-09-19-graz-bauen-neu-denken-2\/"},"modified":"2020-08-21T14:56:56","modified_gmt":"2020-08-21T12:56:56","slug":"5-internationaler-bbb-kongress-19-09-19-graz-bauen-neu-denken-ebook","status":"publish","type":"product","link":"https:\/\/tugraztestweb.asol.at\/en\/gesamtverzeichnis\/bauingenieurwissenschaften\/5-internationaler-bbb-kongress-19-09-19-graz-bauen-neu-denken-ebook\/","title":{"rendered":"5. Internationaler BBB Kongress, 19.09.19 Graz; Bauen neu denken!"},"content":{"rendered":"<p class=\"qtranxs-available-languages-message qtranxs-available-languages-message-en\">Sorry, this entry is only available in <a href=\"https:\/\/tugraztestweb.asol.at\/de\/wp-json\/wp\/v2\/product\/38674\" class=\"qtranxs-available-language-link qtranxs-available-language-link-de\" title=\"Deutsch\">Deutsch<\/a>.<\/p><p>Der vorliegende Tagungsband enth\u00e4lt die schriftlichen Beitr\u00e4ge der Referenten des 5. BBB-Kongresses an der TU Graz.<br \/>Die Beitr\u00e4ge sind gepr\u00e4gt von der Leitidee \u201eBauen NEU Denken\u201c und sind nach den Bereichen Bauverfahren und Projekte, Vertrags- und Abwicklungsmodelle sowie Gesch\u00e4ftsprozesse der Planung zuzuordnen.<br \/>Der im zweij\u00e4hrlichen Turnus abgehaltene Kongress stellt aktuelle Entwicklungen dieser Kernbereiche der BBB-Professoren dar und vermittelt damit den State oft the Art der gesamten Bauwirtschaft.<\/p>","protected":false},"excerpt":{"rendered":"<p class=\"qtranxs-available-languages-message qtranxs-available-languages-message-en\">Sorry, this entry is only available in <a href=\"https:\/\/tugraztestweb.asol.at\/de\/wp-json\/wp\/v2\/product\/38674\" class=\"qtranxs-available-language-link qtranxs-available-language-link-de\" title=\"Deutsch\">Deutsch<\/a>.<\/p>\n<p>Der vorliegende Tagungsband enth\u00e4lt die schriftlichen Beitr\u00e4ge der Referenten des 5. BBB-Kongresses an der TU Graz.<br \/>Die Beitr\u00e4ge sind gepr\u00e4gt von der Leitidee \u201eBauen NEU Denken\u201c und sind nach den Bereichen Bauverfahren und Projekte, Vertrags- und Abwicklungsmodelle sowie Gesch\u00e4ftsprozesse der Planung zuzuordnen.<br \/>Der im zweij\u00e4hrlichen Turnus abgehaltene Kongress stellt aktuelle Entwicklungen dieser Kernbereiche der BBB-Professoren dar und vermittelt damit den State oft the Art der gesamten Bauwirtschaft.<\/p>\n","protected":false},"featured_media":39482,"comment_status":"closed","ping_status":"closed","template":"","meta":[],"yoast_head":"<!-- This site is optimized with the Yoast SEO plugin v16.1.1 - https:\/\/yoast.com\/wordpress\/plugins\/seo\/ -->\n<link rel=\"canonical\" href=\"https:\/\/tugraztestweb.asol.at\/gesamtverzeichnis\/bauingenieurwissenschaften\/5-internationaler-bbb-kongress-19-09-19-graz-bauen-neu-denken-ebook\/\" \/>\n<meta property=\"og:locale\" content=\"en_US\" \/>\n<meta property=\"og:type\" content=\"article\" \/>\n<meta property=\"og:title\" content=\"5. Internationaler BBB Kongress, 19.09.19 Graz; Bauen neu denken! - Verlag der TU Graz\" \/>\n<meta property=\"og:description\" content=\"Der vorliegende Tagungsband enth\u00e4lt die schriftlichen Beitr\u00e4ge der Referenten des 5. BBB-Kongresses an der TU Graz.Die Beitr\u00e4ge sind gepr\u00e4gt von der Leitidee \u201eBauen NEU Denken\u201c und sind nach den Bereichen Bauverfahren und Projekte, Vertrags- und Abwicklungsmodelle sowie Gesch\u00e4ftsprozesse der Planung zuzuordnen.Der im zweij\u00e4hrlichen Turnus abgehaltene Kongress stellt aktuelle Entwicklungen dieser Kernbereiche der BBB-Professoren dar und vermittelt damit den State oft the Art der gesamten Bauwirtschaft.\" \/>\n<meta property=\"og:url\" content=\"https:\/\/tugraztestweb.asol.at\/gesamtverzeichnis\/bauingenieurwissenschaften\/5-internationaler-bbb-kongress-19-09-19-graz-bauen-neu-denken-ebook\/\" \/>\n<meta property=\"og:site_name\" content=\"Verlag der TU Graz\" \/>\n<meta property=\"article:modified_time\" content=\"2020-08-21T12:56:56+00:00\" \/>\n<meta property=\"og:image\" content=\"https:\/\/tugraztestweb.asol.at\/wp-content\/uploads\/2020\/08\/image-1027.jpg\" \/>\n\t<meta property=\"og:image:width\" content=\"611\" \/>\n\t<meta property=\"og:image:height\" content=\"861\" \/>\n<meta name=\"twitter:card\" content=\"summary_large_image\" \/>\n<script type=\"application\/ld+json\" class=\"yoast-schema-graph\">{\"@context\":\"https:\/\/schema.org\",\"@graph\":[{\"@type\":\"WebSite\",\"@id\":\"https:\/\/tugraztestweb.asol.at\/#website\",\"url\":\"https:\/\/tugraztestweb.asol.at\/\",\"name\":\"Verlag der TU Graz\",\"description\":\"Verlag der Technischen Universit\\u00e4t Graz\",\"potentialAction\":[{\"@type\":\"SearchAction\",\"target\":\"https:\/\/tugraztestweb.asol.at\/?s={search_term_string}\",\"query-input\":\"required name=search_term_string\"}],\"inLanguage\":\"en-US\"},{\"@type\":\"ImageObject\",\"@id\":\"https:\/\/tugraztestweb.asol.at\/gesamtverzeichnis\/bauingenieurwissenschaften\/5-internationaler-bbb-kongress-19-09-19-graz-bauen-neu-denken-ebook\/#primaryimage\",\"inLanguage\":\"en-US\",\"url\":\"https:\/\/tugraztestweb.asol.at\/wp-content\/uploads\/2020\/08\/image-1027.jpg\",\"contentUrl\":\"https:\/\/tugraztestweb.asol.at\/wp-content\/uploads\/2020\/08\/image-1027.jpg\",\"width\":611,\"height\":861},{\"@type\":\"WebPage\",\"@id\":\"https:\/\/tugraztestweb.asol.at\/gesamtverzeichnis\/bauingenieurwissenschaften\/5-internationaler-bbb-kongress-19-09-19-graz-bauen-neu-denken-ebook\/#webpage\",\"url\":\"https:\/\/tugraztestweb.asol.at\/gesamtverzeichnis\/bauingenieurwissenschaften\/5-internationaler-bbb-kongress-19-09-19-graz-bauen-neu-denken-ebook\/\",\"name\":\"5. Internationaler BBB Kongress, 19.09.19 Graz; Bauen neu denken! - Verlag der TU Graz\",\"isPartOf\":{\"@id\":\"https:\/\/tugraztestweb.asol.at\/#website\"},\"primaryImageOfPage\":{\"@id\":\"https:\/\/tugraztestweb.asol.at\/gesamtverzeichnis\/bauingenieurwissenschaften\/5-internationaler-bbb-kongress-19-09-19-graz-bauen-neu-denken-ebook\/#primaryimage\"},\"datePublished\":\"2020-08-21T12:55:55+00:00\",\"dateModified\":\"2020-08-21T12:56:56+00:00\",\"breadcrumb\":{\"@id\":\"https:\/\/tugraztestweb.asol.at\/gesamtverzeichnis\/bauingenieurwissenschaften\/5-internationaler-bbb-kongress-19-09-19-graz-bauen-neu-denken-ebook\/#breadcrumb\"},\"inLanguage\":\"en-US\",\"potentialAction\":[{\"@type\":\"ReadAction\",\"target\":[\"https:\/\/tugraztestweb.asol.at\/gesamtverzeichnis\/bauingenieurwissenschaften\/5-internationaler-bbb-kongress-19-09-19-graz-bauen-neu-denken-ebook\/\"]}]},{\"@type\":\"BreadcrumbList\",\"@id\":\"https:\/\/tugraztestweb.asol.at\/gesamtverzeichnis\/bauingenieurwissenschaften\/5-internationaler-bbb-kongress-19-09-19-graz-bauen-neu-denken-ebook\/#breadcrumb\",\"itemListElement\":[{\"@type\":\"ListItem\",\"position\":1,\"item\":{\"@type\":\"WebPage\",\"@id\":\"https:\/\/tugraztestweb.asol.at\/\",\"url\":\"https:\/\/tugraztestweb.asol.at\/\",\"name\":\"Home\"}},{\"@type\":\"ListItem\",\"position\":2,\"item\":{\"@type\":\"WebPage\",\"@id\":\"https:\/\/tugraztestweb.asol.at\/gesamtverzeichnis\/\",\"url\":\"https:\/\/tugraztestweb.asol.at\/gesamtverzeichnis\/\",\"name\":\"Gesamtverzeichnis\"}},{\"@type\":\"ListItem\",\"position\":3,\"item\":{\"@type\":\"WebPage\",\"@id\":\"https:\/\/tugraztestweb.asol.at\/gesamtverzeichnis\/bauingenieurwissenschaften\/5-internationaler-bbb-kongress-19-09-19-graz-bauen-neu-denken-ebook\/\",\"url\":\"https:\/\/tugraztestweb.asol.at\/gesamtverzeichnis\/bauingenieurwissenschaften\/5-internationaler-bbb-kongress-19-09-19-graz-bauen-neu-denken-ebook\/\",\"name\":\"5. Internationaler BBB Kongress, 19.09.19 Graz; Bauen neu denken!\"}}]}]}<\/script>\n<!-- \/ Yoast SEO plugin. -->","_links":{"self":[{"href":"https:\/\/tugraztestweb.asol.at\/en\/wp-json\/wp\/v2\/product\/38674"}],"collection":[{"href":"https:\/\/tugraztestweb.asol.at\/en\/wp-json\/wp\/v2\/product"}],"about":[{"href":"https:\/\/tugraztestweb.asol.at\/en\/wp-json\/wp\/v2\/types\/product"}],"replies":[{"embeddable":true,"href":"https:\/\/tugraztestweb.asol.at\/en\/wp-json\/wp\/v2\/comments?post=38674"}],"wp:featuredmedia":[{"embeddable":true,"href":"https:\/\/tugraztestweb.asol.at\/en\/wp-json\/wp\/v2\/media\/39482"}],"wp:attachment":[{"href":"https:\/\/tugraztestweb.asol.at\/en\/wp-json\/wp\/v2\/media?parent=38674"}],"curies":[{"name":"wp","href":"https:\/\/api.w.org\/{rel}","templated":true}]}}