{"id":39561,"date":"2021-01-07T09:25:45","date_gmt":"2021-01-07T09:25:45","guid":{"rendered":"http:\/\/tugraztestweb.asol.at\/gesamtverzeichnis\/unkategorisiert\/10-grazer-baubetriebs-und-baurechtsseminar-tagungsband-2018-3\/"},"modified":"2021-01-07T12:26:45","modified_gmt":"2021-01-07T10:26:45","slug":"11-grazer-baubetriebs-und-baurechtsseminar-tagungsband-2020","status":"publish","type":"product","link":"https:\/\/tugraztestweb.asol.at\/en\/gesamtverzeichnis\/bauingenieurwissenschaften\/11-grazer-baubetriebs-und-baurechtsseminar-tagungsband-2020\/","title":{"rendered":"11. Grazer Baubetriebs- und Baurechtsseminar, Tagungsband 2020"},"content":{"rendered":"<p class=\"qtranxs-available-languages-message qtranxs-available-languages-message-en\">Sorry, this entry is only available in <a href=\"https:\/\/tugraztestweb.asol.at\/de\/wp-json\/wp\/v2\/product\/39561\" class=\"qtranxs-available-language-link qtranxs-available-language-link-de\" title=\"Deutsch\">Deutsch<\/a>.<\/p><p>Das Grazer Baubetriebs- und Baurechtseminar in Bad Blumau greift Neuerungen auf, um sie in der Bauwirtschaft bekannt zu machen und Innovationen zu erm\u00f6glichen. Das 11. Seminar in Bad Blumau \u00f6ffnet das Themenfeld der Mehrparteienvertr\u00e4ge f\u00fcr den \u00f6sterreichischen Baumarkt. Viele Dinge sind auch hierzulande bekannt, allerdings ist die Kombination der einzelnen Elemente ungewohnt und neu. Dieses Neuland setzt insbesondere bei Bauherrn Mut voraus, Dinge, die in anderen L\u00e4ndern bereits erprobt sind, anzugriefen und umzusetzen. Neue Methoden wie Building Information Modeling (BIM) und Lean Management k\u00f6nnen helfen, Vertrauen in die Akteure zu gewinnen und das Bauprojekt zu \u201eihrem\u201c Projekt zu machen.<br \/>Nat\u00fcrlich setzt dies auch einen anderen Zugang aller Projektbeteiligten zum Projekt voraus. \u201eMiteinander statt gegeneinander\u201c nur als Floskel zu verstehen, f\u00fchrt ebenso zum Scheitern des neuen Gedankengutes wie althergebrachte Vertr\u00e4ge zu verwenden. Kreativit\u00e4t, Vertrauen, Mut und die richtigen Personen sind Voraussetzung, um Mehrparteienvertr\u00e4ge initiieren zu k\u00f6nnen.<br \/>Der vorliegende Tagungsband b\u00fcndelt juristische, baubetriebliche Erkenntnisse sowie positive Role-Models aus den D-A-CH-L\u00e4ndern.<\/p>","protected":false},"excerpt":{"rendered":"<p class=\"qtranxs-available-languages-message qtranxs-available-languages-message-en\">Sorry, this entry is only available in <a href=\"https:\/\/tugraztestweb.asol.at\/de\/wp-json\/wp\/v2\/product\/39561\" class=\"qtranxs-available-language-link qtranxs-available-language-link-de\" title=\"Deutsch\">Deutsch<\/a>.<\/p>\n<p>Das Grazer Baubetriebs- und Baurechtseminar in Bad Blumau greift Neuerungen auf, um sie in der Bauwirtschaft bekannt zu machen und Innovationen zu erm\u00f6glichen. Das 11. Seminar in Bad Blumau \u00f6ffnet das Themenfeld der Mehrparteienvertr\u00e4ge f\u00fcr den \u00f6sterreichischen Baumarkt. Viele Dinge sind auch hierzulande bekannt, allerdings ist die Kombination der einzelnen Elemente ungewohnt und neu. Dieses Neuland setzt insbesondere bei Bauherrn Mut voraus, Dinge, die in anderen L\u00e4ndern bereits erprobt sind, anzugriefen und umzusetzen. Neue Methoden wie Building Information Modeling (BIM) und Lean Management k\u00f6nnen helfen, Vertrauen in die Akteure zu gewinnen und das Bauprojekt zu \u201eihrem\u201c Projekt zu machen.<br \/>Nat\u00fcrlich setzt dies auch einen anderen Zugang aller Projektbeteiligten zum Projekt voraus. \u201eMiteinander statt gegeneinander\u201c nur als Floskel zu verstehen, f\u00fchrt ebenso zum Scheitern des neuen Gedankengutes wie althergebrachte Vertr\u00e4ge zu verwenden. Kreativit\u00e4t, Vertrauen, Mut und die richtigen Personen sind Voraussetzung, um Mehrparteienvertr\u00e4ge initiieren zu k\u00f6nnen.<br \/>Der vorliegende Tagungsband b\u00fcndelt juristische, baubetriebliche Erkenntnisse sowie positive Role-Models aus den D-A-CH-L\u00e4ndern.<\/p>\n","protected":false},"featured_media":40268,"comment_status":"closed","ping_status":"closed","template":"","meta":[],"yoast_head":"<!-- This site is optimized with the Yoast SEO plugin v16.1.1 - https:\/\/yoast.com\/wordpress\/plugins\/seo\/ -->\n<link rel=\"canonical\" href=\"https:\/\/tugraztestweb.asol.at\/gesamtverzeichnis\/bauingenieurwissenschaften\/11-grazer-baubetriebs-und-baurechtsseminar-tagungsband-2020\/\" \/>\n<meta property=\"og:locale\" content=\"en_US\" \/>\n<meta property=\"og:type\" content=\"article\" \/>\n<meta property=\"og:title\" content=\"11. Grazer Baubetriebs- und Baurechtsseminar, Tagungsband 2020 - Verlag der TU Graz\" \/>\n<meta property=\"og:description\" content=\"Das Grazer Baubetriebs- und Baurechtseminar in Bad Blumau greift Neuerungen auf, um sie in der Bauwirtschaft bekannt zu machen und Innovationen zu erm\u00f6glichen. Das 11. Seminar in Bad Blumau \u00f6ffnet das Themenfeld der Mehrparteienvertr\u00e4ge f\u00fcr den \u00f6sterreichischen Baumarkt. Viele Dinge sind auch hierzulande bekannt, allerdings ist die Kombination der einzelnen Elemente ungewohnt und neu. Dieses Neuland setzt insbesondere bei Bauherrn Mut voraus, Dinge, die in anderen L\u00e4ndern bereits erprobt sind, anzugriefen und umzusetzen. Neue Methoden wie Building Information Modeling (BIM) und Lean Management k\u00f6nnen helfen, Vertrauen in die Akteure zu gewinnen und das Bauprojekt zu \u201eihrem\u201c Projekt zu machen.Nat\u00fcrlich setzt dies auch einen anderen Zugang aller Projektbeteiligten zum Projekt voraus. \u201eMiteinander statt gegeneinander\u201c nur als Floskel zu verstehen, f\u00fchrt ebenso zum Scheitern des neuen Gedankengutes wie althergebrachte Vertr\u00e4ge zu verwenden. Kreativit\u00e4t, Vertrauen, Mut und die richtigen Personen sind Voraussetzung, um Mehrparteienvertr\u00e4ge initiieren zu k\u00f6nnen.Der vorliegende Tagungsband b\u00fcndelt juristische, baubetriebliche Erkenntnisse sowie positive Role-Models aus den D-A-CH-L\u00e4ndern.\" \/>\n<meta property=\"og:url\" content=\"https:\/\/tugraztestweb.asol.at\/gesamtverzeichnis\/bauingenieurwissenschaften\/11-grazer-baubetriebs-und-baurechtsseminar-tagungsband-2020\/\" \/>\n<meta property=\"og:site_name\" content=\"Verlag der TU Graz\" \/>\n<meta property=\"article:modified_time\" content=\"2021-01-07T10:26:45+00:00\" \/>\n<meta property=\"og:image\" content=\"https:\/\/tugraztestweb.asol.at\/wp-content\/uploads\/2021\/01\/image-978-3-85125-723-6.png\" \/>\n\t<meta property=\"og:image:width\" content=\"516\" \/>\n\t<meta property=\"og:image:height\" content=\"773\" \/>\n<meta name=\"twitter:card\" content=\"summary_large_image\" \/>\n<meta name=\"twitter:label1\" content=\"Est. reading time\">\n\t<meta name=\"twitter:data1\" content=\"1 minute\">\n<script type=\"application\/ld+json\" class=\"yoast-schema-graph\">{\"@context\":\"https:\/\/schema.org\",\"@graph\":[{\"@type\":\"WebSite\",\"@id\":\"https:\/\/tugraztestweb.asol.at\/#website\",\"url\":\"https:\/\/tugraztestweb.asol.at\/\",\"name\":\"Verlag der TU Graz\",\"description\":\"Verlag der Technischen Universit\\u00e4t Graz\",\"potentialAction\":[{\"@type\":\"SearchAction\",\"target\":\"https:\/\/tugraztestweb.asol.at\/?s={search_term_string}\",\"query-input\":\"required name=search_term_string\"}],\"inLanguage\":\"en-US\"},{\"@type\":\"ImageObject\",\"@id\":\"https:\/\/tugraztestweb.asol.at\/gesamtverzeichnis\/bauingenieurwissenschaften\/11-grazer-baubetriebs-und-baurechtsseminar-tagungsband-2020\/#primaryimage\",\"inLanguage\":\"en-US\",\"url\":\"https:\/\/tugraztestweb.asol.at\/wp-content\/uploads\/2021\/01\/image-978-3-85125-723-6.png\",\"contentUrl\":\"https:\/\/tugraztestweb.asol.at\/wp-content\/uploads\/2021\/01\/image-978-3-85125-723-6.png\",\"width\":516,\"height\":773},{\"@type\":\"WebPage\",\"@id\":\"https:\/\/tugraztestweb.asol.at\/gesamtverzeichnis\/bauingenieurwissenschaften\/11-grazer-baubetriebs-und-baurechtsseminar-tagungsband-2020\/#webpage\",\"url\":\"https:\/\/tugraztestweb.asol.at\/gesamtverzeichnis\/bauingenieurwissenschaften\/11-grazer-baubetriebs-und-baurechtsseminar-tagungsband-2020\/\",\"name\":\"11. Grazer Baubetriebs- und Baurechtsseminar, Tagungsband 2020 - Verlag der TU Graz\",\"isPartOf\":{\"@id\":\"https:\/\/tugraztestweb.asol.at\/#website\"},\"primaryImageOfPage\":{\"@id\":\"https:\/\/tugraztestweb.asol.at\/gesamtverzeichnis\/bauingenieurwissenschaften\/11-grazer-baubetriebs-und-baurechtsseminar-tagungsband-2020\/#primaryimage\"},\"datePublished\":\"2021-01-07T09:25:45+00:00\",\"dateModified\":\"2021-01-07T10:26:45+00:00\",\"breadcrumb\":{\"@id\":\"https:\/\/tugraztestweb.asol.at\/gesamtverzeichnis\/bauingenieurwissenschaften\/11-grazer-baubetriebs-und-baurechtsseminar-tagungsband-2020\/#breadcrumb\"},\"inLanguage\":\"en-US\",\"potentialAction\":[{\"@type\":\"ReadAction\",\"target\":[\"https:\/\/tugraztestweb.asol.at\/gesamtverzeichnis\/bauingenieurwissenschaften\/11-grazer-baubetriebs-und-baurechtsseminar-tagungsband-2020\/\"]}]},{\"@type\":\"BreadcrumbList\",\"@id\":\"https:\/\/tugraztestweb.asol.at\/gesamtverzeichnis\/bauingenieurwissenschaften\/11-grazer-baubetriebs-und-baurechtsseminar-tagungsband-2020\/#breadcrumb\",\"itemListElement\":[{\"@type\":\"ListItem\",\"position\":1,\"item\":{\"@type\":\"WebPage\",\"@id\":\"https:\/\/tugraztestweb.asol.at\/\",\"url\":\"https:\/\/tugraztestweb.asol.at\/\",\"name\":\"Home\"}},{\"@type\":\"ListItem\",\"position\":2,\"item\":{\"@type\":\"WebPage\",\"@id\":\"https:\/\/tugraztestweb.asol.at\/gesamtverzeichnis\/\",\"url\":\"https:\/\/tugraztestweb.asol.at\/gesamtverzeichnis\/\",\"name\":\"Gesamtverzeichnis\"}},{\"@type\":\"ListItem\",\"position\":3,\"item\":{\"@type\":\"WebPage\",\"@id\":\"https:\/\/tugraztestweb.asol.at\/gesamtverzeichnis\/bauingenieurwissenschaften\/11-grazer-baubetriebs-und-baurechtsseminar-tagungsband-2020\/\",\"url\":\"https:\/\/tugraztestweb.asol.at\/gesamtverzeichnis\/bauingenieurwissenschaften\/11-grazer-baubetriebs-und-baurechtsseminar-tagungsband-2020\/\",\"name\":\"11. Grazer Baubetriebs- und Baurechtsseminar, Tagungsband 2020\"}}]}]}<\/script>\n<!-- \/ Yoast SEO plugin. -->","_links":{"self":[{"href":"https:\/\/tugraztestweb.asol.at\/en\/wp-json\/wp\/v2\/product\/39561"}],"collection":[{"href":"https:\/\/tugraztestweb.asol.at\/en\/wp-json\/wp\/v2\/product"}],"about":[{"href":"https:\/\/tugraztestweb.asol.at\/en\/wp-json\/wp\/v2\/types\/product"}],"replies":[{"embeddable":true,"href":"https:\/\/tugraztestweb.asol.at\/en\/wp-json\/wp\/v2\/comments?post=39561"}],"wp:featuredmedia":[{"embeddable":true,"href":"https:\/\/tugraztestweb.asol.at\/en\/wp-json\/wp\/v2\/media\/40268"}],"wp:attachment":[{"href":"https:\/\/tugraztestweb.asol.at\/en\/wp-json\/wp\/v2\/media?parent=39561"}],"curies":[{"name":"wp","href":"https:\/\/api.w.org\/{rel}","templated":true}]}}