{"id":40265,"date":"2020-12-21T10:22:49","date_gmt":"2020-12-21T10:22:49","guid":{"rendered":"http:\/\/tugraztestweb.asol.at\/gesamtverzeichnis\/unkategorisiert\/institut-fuer-gebaeudelehre-jahrbuch-1819\/"},"modified":"2020-12-21T13:23:49","modified_gmt":"2020-12-21T11:23:49","slug":"institut-fuer-gebaeudelehre-jahrbuch-18-19","status":"publish","type":"product","link":"https:\/\/tugraztestweb.asol.at\/en\/gesamtverzeichnis\/architektur\/institut-fuer-gebaeudelehre-jahrbuch-18-19\/","title":{"rendered":"Institut f\u00fcr Geb\u00e4udelehre &#8211; Jahrbuch 18\/19"},"content":{"rendered":"<p class=\"qtranxs-available-languages-message qtranxs-available-languages-message-en\">Sorry, this entry is only available in <a href=\"https:\/\/tugraztestweb.asol.at\/de\/wp-json\/wp\/v2\/product\/40265\" class=\"qtranxs-available-language-link qtranxs-available-language-link-de\" title=\"Deutsch\">Deutsch<\/a>.<\/p><p>Nutzungen wandeln sich \u2013 Architektur bleibt bestehen. Die Geb\u00e4udelehre fragt nach Aspekten, die Gebrauch, Morphologie und r\u00e4umliche Relationen von Geb\u00e4uden und baulichen Ensembles pr\u00e4gen und Pr\u00e4zedenzen und analytische Grundlage f\u00fcr das Entwerfen liefern. <br \/>Das Institut f\u00fcr Geb\u00e4udelehre widmet sich vornehmlich der Entwurfslehre. Der Fokus liegt auf dem architektonischen Objektentwurf \u2013 d.h. auf der Formulierung von architektonischen Projekten in der klassischen Notationsform architektonischer Ideen \u2013 Grundriss, Schnitt, Fassade und Modell \u2013 einerseits und der Erweiterung dieser Ideen um Bilder, die eine Tektonik als kunst- und absichtsvolle Materialf\u00fcgung so ins Spiel zu bringen vermag, dass eine \u201eblo\u00dfe\u201c Konstruktion in Anschaulichkeit und Atmosph\u00e4re \u00fcbersetzt wird. Wir sind der Ansicht, dass sich nur durch das Entwerfen selbst, das praktische und intuitive Wissen um das Verkn\u00fcpfen aller Ebenen architektonischer Gestaltung zu einem architektonischen Projekt vermehren l\u00e4sst.<\/p>\n<p>Mit dem Jahrbuch 18\/19 dokumentiert das Institut f\u00fcr Geb\u00e4udelehre ausgew\u00e4hlte Ergebnisse seiner Entwurfslehre aus dem Studienjahr 2018\/19. Neun Lehrveranstaltungen aus Master- und Bachelorstudium werden vorgestellt und geben Einblicke in Themenstellungen, Entwurfsprozesse und Projekte.<\/p>","protected":false},"excerpt":{"rendered":"<p class=\"qtranxs-available-languages-message qtranxs-available-languages-message-en\">Sorry, this entry is only available in <a href=\"https:\/\/tugraztestweb.asol.at\/de\/wp-json\/wp\/v2\/product\/40265\" class=\"qtranxs-available-language-link qtranxs-available-language-link-de\" title=\"Deutsch\">Deutsch<\/a>.<\/p>\n<p>Nutzungen wandeln sich \u2013 Architektur bleibt bestehen. Die Geb\u00e4udelehre fragt nach Aspekten, die Gebrauch, Morphologie und r\u00e4umliche Relationen von Geb\u00e4uden und baulichen Ensembles pr\u00e4gen und Pr\u00e4zedenzen und analytische Grundlage f\u00fcr das Entwerfen liefern. <br \/>Das Institut f\u00fcr Geb\u00e4udelehre widmet sich vornehmlich der Entwurfslehre. Der Fokus liegt auf dem architektonischen Objektentwurf \u2013 d.h. auf der Formulierung von architektonischen Projekten in der klassischen Notationsform architektonischer Ideen \u2013 Grundriss, Schnitt, Fassade und Modell \u2013 einerseits und der Erweiterung dieser Ideen um Bilder, die eine Tektonik als kunst- und absichtsvolle Materialf\u00fcgung so ins Spiel zu bringen vermag, dass eine \u201eblo\u00dfe\u201c Konstruktion in Anschaulichkeit und Atmosph\u00e4re \u00fcbersetzt wird. Wir sind der Ansicht, dass sich nur durch das Entwerfen selbst, das praktische und intuitive Wissen um das Verkn\u00fcpfen aller Ebenen architektonischer Gestaltung zu einem architektonischen Projekt vermehren l\u00e4sst.<\/p>\n<p>Mit dem Jahrbuch 18\/19 dokumentiert das Institut f\u00fcr Geb\u00e4udelehre ausgew\u00e4hlte Ergebnisse seiner Entwurfslehre aus dem Studienjahr 2018\/19. Neun Lehrveranstaltungen aus Master- und Bachelorstudium werden vorgestellt und geben Einblicke in Themenstellungen, Entwurfsprozesse und Projekte.<\/p>\n","protected":false},"featured_media":40425,"comment_status":"closed","ping_status":"closed","template":"","meta":[],"yoast_head":"<!-- This site is optimized with the Yoast SEO plugin v16.1.1 - https:\/\/yoast.com\/wordpress\/plugins\/seo\/ -->\n<link rel=\"canonical\" href=\"https:\/\/tugraztestweb.asol.at\/gesamtverzeichnis\/architektur\/institut-fuer-gebaeudelehre-jahrbuch-18-19\/\" \/>\n<meta property=\"og:locale\" content=\"en_US\" \/>\n<meta property=\"og:type\" content=\"article\" \/>\n<meta property=\"og:title\" content=\"Institut f\u00fcr Geb\u00e4udelehre - Jahrbuch 18\/19 - Verlag der TU Graz\" \/>\n<meta property=\"og:description\" content=\"Nutzungen wandeln sich \u2013 Architektur bleibt bestehen. Die Geb\u00e4udelehre fragt nach Aspekten, die Gebrauch, Morphologie und r\u00e4umliche Relationen von Geb\u00e4uden und baulichen Ensembles pr\u00e4gen und Pr\u00e4zedenzen und analytische Grundlage f\u00fcr das Entwerfen liefern. Das Institut f\u00fcr Geb\u00e4udelehre widmet sich vornehmlich der Entwurfslehre. Der Fokus liegt auf dem architektonischen Objektentwurf \u2013 d.h. auf der Formulierung von architektonischen Projekten in der klassischen Notationsform architektonischer Ideen \u2013 Grundriss, Schnitt, Fassade und Modell \u2013 einerseits und der Erweiterung dieser Ideen um Bilder, die eine Tektonik als kunst- und absichtsvolle Materialf\u00fcgung so ins Spiel zu bringen vermag, dass eine \u201eblo\u00dfe\u201c Konstruktion in Anschaulichkeit und Atmosph\u00e4re \u00fcbersetzt wird. Wir sind der Ansicht, dass sich nur durch das Entwerfen selbst, das praktische und intuitive Wissen um das Verkn\u00fcpfen aller Ebenen architektonischer Gestaltung zu einem architektonischen Projekt vermehren l\u00e4sst.Mit dem Jahrbuch 18\/19 dokumentiert das Institut f\u00fcr Geb\u00e4udelehre ausgew\u00e4hlte Ergebnisse seiner Entwurfslehre aus dem Studienjahr 2018\/19. Neun Lehrveranstaltungen aus Master- und Bachelorstudium werden vorgestellt und geben Einblicke in Themenstellungen, Entwurfsprozesse und Projekte.\" \/>\n<meta property=\"og:url\" content=\"https:\/\/tugraztestweb.asol.at\/gesamtverzeichnis\/architektur\/institut-fuer-gebaeudelehre-jahrbuch-18-19\/\" \/>\n<meta property=\"og:site_name\" content=\"Verlag der TU Graz\" \/>\n<meta property=\"article:modified_time\" content=\"2020-12-21T11:23:49+00:00\" \/>\n<meta property=\"og:image\" content=\"https:\/\/tugraztestweb.asol.at\/wp-content\/uploads\/2020\/12\/image-978-3-85125-726-7.png\" \/>\n\t<meta property=\"og:image:width\" content=\"418\" \/>\n\t<meta property=\"og:image:height\" content=\"573\" \/>\n<meta name=\"twitter:card\" content=\"summary_large_image\" \/>\n<meta name=\"twitter:label1\" content=\"Est. reading time\">\n\t<meta name=\"twitter:data1\" content=\"1 minute\">\n<script type=\"application\/ld+json\" class=\"yoast-schema-graph\">{\"@context\":\"https:\/\/schema.org\",\"@graph\":[{\"@type\":\"WebSite\",\"@id\":\"https:\/\/tugraztestweb.asol.at\/#website\",\"url\":\"https:\/\/tugraztestweb.asol.at\/\",\"name\":\"Verlag der TU Graz\",\"description\":\"Verlag der Technischen Universit\\u00e4t Graz\",\"potentialAction\":[{\"@type\":\"SearchAction\",\"target\":\"https:\/\/tugraztestweb.asol.at\/?s={search_term_string}\",\"query-input\":\"required name=search_term_string\"}],\"inLanguage\":\"en-US\"},{\"@type\":\"ImageObject\",\"@id\":\"https:\/\/tugraztestweb.asol.at\/gesamtverzeichnis\/architektur\/institut-fuer-gebaeudelehre-jahrbuch-18-19\/#primaryimage\",\"inLanguage\":\"en-US\",\"url\":\"https:\/\/tugraztestweb.asol.at\/wp-content\/uploads\/2020\/12\/image-978-3-85125-726-7.png\",\"contentUrl\":\"https:\/\/tugraztestweb.asol.at\/wp-content\/uploads\/2020\/12\/image-978-3-85125-726-7.png\",\"width\":418,\"height\":573},{\"@type\":\"WebPage\",\"@id\":\"https:\/\/tugraztestweb.asol.at\/gesamtverzeichnis\/architektur\/institut-fuer-gebaeudelehre-jahrbuch-18-19\/#webpage\",\"url\":\"https:\/\/tugraztestweb.asol.at\/gesamtverzeichnis\/architektur\/institut-fuer-gebaeudelehre-jahrbuch-18-19\/\",\"name\":\"Institut f\\u00fcr Geb\\u00e4udelehre - Jahrbuch 18\/19 - Verlag der TU Graz\",\"isPartOf\":{\"@id\":\"https:\/\/tugraztestweb.asol.at\/#website\"},\"primaryImageOfPage\":{\"@id\":\"https:\/\/tugraztestweb.asol.at\/gesamtverzeichnis\/architektur\/institut-fuer-gebaeudelehre-jahrbuch-18-19\/#primaryimage\"},\"datePublished\":\"2020-12-21T10:22:49+00:00\",\"dateModified\":\"2020-12-21T11:23:49+00:00\",\"breadcrumb\":{\"@id\":\"https:\/\/tugraztestweb.asol.at\/gesamtverzeichnis\/architektur\/institut-fuer-gebaeudelehre-jahrbuch-18-19\/#breadcrumb\"},\"inLanguage\":\"en-US\",\"potentialAction\":[{\"@type\":\"ReadAction\",\"target\":[\"https:\/\/tugraztestweb.asol.at\/gesamtverzeichnis\/architektur\/institut-fuer-gebaeudelehre-jahrbuch-18-19\/\"]}]},{\"@type\":\"BreadcrumbList\",\"@id\":\"https:\/\/tugraztestweb.asol.at\/gesamtverzeichnis\/architektur\/institut-fuer-gebaeudelehre-jahrbuch-18-19\/#breadcrumb\",\"itemListElement\":[{\"@type\":\"ListItem\",\"position\":1,\"item\":{\"@type\":\"WebPage\",\"@id\":\"https:\/\/tugraztestweb.asol.at\/\",\"url\":\"https:\/\/tugraztestweb.asol.at\/\",\"name\":\"Home\"}},{\"@type\":\"ListItem\",\"position\":2,\"item\":{\"@type\":\"WebPage\",\"@id\":\"https:\/\/tugraztestweb.asol.at\/gesamtverzeichnis\/\",\"url\":\"https:\/\/tugraztestweb.asol.at\/gesamtverzeichnis\/\",\"name\":\"Gesamtverzeichnis\"}},{\"@type\":\"ListItem\",\"position\":3,\"item\":{\"@type\":\"WebPage\",\"@id\":\"https:\/\/tugraztestweb.asol.at\/gesamtverzeichnis\/architektur\/institut-fuer-gebaeudelehre-jahrbuch-18-19\/\",\"url\":\"https:\/\/tugraztestweb.asol.at\/gesamtverzeichnis\/architektur\/institut-fuer-gebaeudelehre-jahrbuch-18-19\/\",\"name\":\"Institut f\\u00fcr Geb\\u00e4udelehre &#8211; Jahrbuch 18\/19\"}}]}]}<\/script>\n<!-- \/ Yoast SEO plugin. -->","_links":{"self":[{"href":"https:\/\/tugraztestweb.asol.at\/en\/wp-json\/wp\/v2\/product\/40265"}],"collection":[{"href":"https:\/\/tugraztestweb.asol.at\/en\/wp-json\/wp\/v2\/product"}],"about":[{"href":"https:\/\/tugraztestweb.asol.at\/en\/wp-json\/wp\/v2\/types\/product"}],"replies":[{"embeddable":true,"href":"https:\/\/tugraztestweb.asol.at\/en\/wp-json\/wp\/v2\/comments?post=40265"}],"wp:featuredmedia":[{"embeddable":true,"href":"https:\/\/tugraztestweb.asol.at\/en\/wp-json\/wp\/v2\/media\/40425"}],"wp:attachment":[{"href":"https:\/\/tugraztestweb.asol.at\/en\/wp-json\/wp\/v2\/media?parent=40265"}],"curies":[{"name":"wp","href":"https:\/\/api.w.org\/{rel}","templated":true}]}}