{"id":40304,"date":"2020-08-21T12:56:00","date_gmt":"2020-08-21T12:56:00","guid":{"rendered":"http:\/\/tugraztestweb.asol.at\/gesamtverzeichnis\/unkategorisiert\/inf-sup-stable-space-time-methods-for-time-dependent-partial-differential-equations-3\/"},"modified":"2020-08-21T14:57:00","modified_gmt":"2020-08-21T12:57:00","slug":"inf-sup-stable-space-time-methods-for-time-dependent-partial-differential-equations-ebook","status":"publish","type":"product","link":"https:\/\/tugraztestweb.asol.at\/en\/gesamtverzeichnis\/technische-mathematik-und-technische-physik\/inf-sup-stable-space-time-methods-for-time-dependent-partial-differential-equations-ebook\/","title":{"rendered":"Inf-Sup Stable Space-Time Methods for Time-Dependent Partial Differential Equations"},"content":{"rendered":"<p> For the discretisation of time-dependent partial differential equations, the classical approaches are time stepping schemes together with finite element methods in space. An alternative is to discretise the time-dependent problem without separating the temporal and spatial variables. However, space-time approximation methods depend strongly on the space-time variational formulations on the continuous level. The focus of this work is on space-time variational formulations for the heat and wave equation, which result not only in inf-sup stable formulations but fit also very well to conforming space-time discretisations.<\/p>\n<p>The first part investigates the heat equation in anisotropic Sobolev spaces, where a type of Hilbert transform is introduced such that ansatz and test spaces are equal. Unconditional stability is proven for any conforming discretisation of this space-time variational formulation.<\/p>\n<p>The second part considers space-time variational formulations for the wave equation. New existence and uniqueness results for the wave equation in a weak and in a strong sense are proven, including isomorphic solution operators and corresponding inf-sup conditions. In addition, an unconditionally stable space-time finite element method with piecewise linear, continuous functions is derived.<\/p>","protected":false},"excerpt":{"rendered":"<p>For the discretisation of time-dependent partial differential equations, the classical approaches are time stepping schemes together with finite element methods in space. An alternative is to discretise the time-dependent problem without separating the temporal and spatial variables. However, space-time approximation methods depend strongly on the space-time variational formulations on the continuous level. The focus of this work is on space-time variational formulations for the heat and wave equation, which result not only in inf-sup stable formulations but fit also very well to conforming space-time discretisations.<\/p>\n<p>The first part investigates the heat equation in anisotropic Sobolev spaces, where a type of Hilbert transform is introduced such that ansatz and test spaces are equal. Unconditional stability is proven for any conforming discretisation of this space-time variational formulation.<\/p>\n<p>The second part considers space-time variational formulations for the wave equation. New existence and uniqueness results for the wave equation in a weak and in a strong sense are proven, including isomorphic solution operators and corresponding inf-sup conditions. In addition, an unconditionally stable space-time finite element method with piecewise linear, continuous functions is derived.<\/p>\n","protected":false},"featured_media":40305,"comment_status":"closed","ping_status":"closed","template":"","meta":[],"yoast_head":"<!-- This site is optimized with the Yoast SEO plugin v16.1.1 - https:\/\/yoast.com\/wordpress\/plugins\/seo\/ -->\n<link rel=\"canonical\" href=\"https:\/\/tugraztestweb.asol.at\/en\/gesamtverzeichnis\/technische-mathematik-und-technische-physik\/inf-sup-stable-space-time-methods-for-time-dependent-partial-differential-equations-ebook\/\" \/>\n<meta property=\"og:locale\" content=\"en_US\" \/>\n<meta property=\"og:type\" content=\"article\" \/>\n<meta property=\"og:title\" content=\"Inf-Sup Stable Space-Time Methods for Time-Dependent Partial Differential Equations - Verlag der TU Graz\" \/>\n<meta property=\"og:description\" content=\"In Raum-Zeit-Methoden interpretiert man die Zeitrichtung als zus\u00e4tzliche Ortskoordinate. Der Fokus dieser Arbeit liegt auf Raum-Zeit-Variationsformulierungen f\u00fcr die W\u00e4rmeleitungsgleichung und Wellengleichung, welche entsprechende inf-sup-Bedingungen erf\u00fcllen und deren konforme Raum-Zeit-Diskretisierungen zu unbedingt stabilen Verfahren f\u00fchren.For the discretisation of time-dependent partial differential equations, the classical approaches are time stepping schemes together with finite element methods in space. An alternative is to discretise the time-dependent problem without separating the temporal and spatial variables. However, space-time approximation methods depend strongly on the space-time variational formulations on the continuous level. The focus of this work is on space-time variational formulations for the heat and wave equation, which result not only in inf-sup stable formulations but fit also very well to conforming space-time discretisations.The first part investigates the heat equation in anisotropic Sobolev spaces, where a type of Hilbert transform is introduced such that ansatz and test spaces are equal. Unconditional stability is proven for any conforming discretisation of this space-time variational formulation.The second part considers space-time variational formulations for the wave equation. New existence and uniqueness results for the wave equation in a weak and in a strong sense are proven, including isomorphic solution operators and corresponding inf-sup conditions. In addition, an unconditionally stable space-time finite element method with piecewise linear, continuous functions is derived.\" \/>\n<meta property=\"og:url\" content=\"https:\/\/tugraztestweb.asol.at\/en\/gesamtverzeichnis\/technische-mathematik-und-technische-physik\/inf-sup-stable-space-time-methods-for-time-dependent-partial-differential-equations-ebook\/\" \/>\n<meta property=\"og:site_name\" content=\"Verlag der TU Graz\" \/>\n<meta property=\"article:modified_time\" content=\"2020-08-21T12:57:00+00:00\" \/>\n<meta property=\"og:image\" content=\"https:\/\/tugraztestweb.asol.at\/wp-content\/uploads\/2020\/08\/image-1054.png\" \/>\n\t<meta property=\"og:image:width\" content=\"592\" \/>\n\t<meta property=\"og:image:height\" content=\"857\" \/>\n<meta name=\"twitter:card\" content=\"summary_large_image\" \/>\n<meta name=\"twitter:label1\" content=\"Est. reading time\">\n\t<meta name=\"twitter:data1\" content=\"1 minute\">\n<script type=\"application\/ld+json\" class=\"yoast-schema-graph\">{\"@context\":\"https:\/\/schema.org\",\"@graph\":[{\"@type\":\"WebSite\",\"@id\":\"https:\/\/tugraztestweb.asol.at\/#website\",\"url\":\"https:\/\/tugraztestweb.asol.at\/\",\"name\":\"Verlag der TU Graz\",\"description\":\"Verlag der Technischen Universit\\u00e4t Graz\",\"potentialAction\":[{\"@type\":\"SearchAction\",\"target\":\"https:\/\/tugraztestweb.asol.at\/?s={search_term_string}\",\"query-input\":\"required name=search_term_string\"}],\"inLanguage\":\"en-US\"},{\"@type\":\"ImageObject\",\"@id\":\"https:\/\/tugraztestweb.asol.at\/en\/gesamtverzeichnis\/technische-mathematik-und-technische-physik\/inf-sup-stable-space-time-methods-for-time-dependent-partial-differential-equations-ebook\/#primaryimage\",\"inLanguage\":\"en-US\",\"url\":\"https:\/\/tugraztestweb.asol.at\/wp-content\/uploads\/2020\/08\/image-1054.png\",\"contentUrl\":\"https:\/\/tugraztestweb.asol.at\/wp-content\/uploads\/2020\/08\/image-1054.png\",\"width\":592,\"height\":857},{\"@type\":\"WebPage\",\"@id\":\"https:\/\/tugraztestweb.asol.at\/en\/gesamtverzeichnis\/technische-mathematik-und-technische-physik\/inf-sup-stable-space-time-methods-for-time-dependent-partial-differential-equations-ebook\/#webpage\",\"url\":\"https:\/\/tugraztestweb.asol.at\/en\/gesamtverzeichnis\/technische-mathematik-und-technische-physik\/inf-sup-stable-space-time-methods-for-time-dependent-partial-differential-equations-ebook\/\",\"name\":\"Inf-Sup Stable Space-Time Methods for Time-Dependent Partial Differential Equations - Verlag der TU Graz\",\"isPartOf\":{\"@id\":\"https:\/\/tugraztestweb.asol.at\/#website\"},\"primaryImageOfPage\":{\"@id\":\"https:\/\/tugraztestweb.asol.at\/en\/gesamtverzeichnis\/technische-mathematik-und-technische-physik\/inf-sup-stable-space-time-methods-for-time-dependent-partial-differential-equations-ebook\/#primaryimage\"},\"datePublished\":\"2020-08-21T12:56:00+00:00\",\"dateModified\":\"2020-08-21T12:57:00+00:00\",\"breadcrumb\":{\"@id\":\"https:\/\/tugraztestweb.asol.at\/en\/gesamtverzeichnis\/technische-mathematik-und-technische-physik\/inf-sup-stable-space-time-methods-for-time-dependent-partial-differential-equations-ebook\/#breadcrumb\"},\"inLanguage\":\"en-US\",\"potentialAction\":[{\"@type\":\"ReadAction\",\"target\":[\"https:\/\/tugraztestweb.asol.at\/en\/gesamtverzeichnis\/technische-mathematik-und-technische-physik\/inf-sup-stable-space-time-methods-for-time-dependent-partial-differential-equations-ebook\/\"]}]},{\"@type\":\"BreadcrumbList\",\"@id\":\"https:\/\/tugraztestweb.asol.at\/en\/gesamtverzeichnis\/technische-mathematik-und-technische-physik\/inf-sup-stable-space-time-methods-for-time-dependent-partial-differential-equations-ebook\/#breadcrumb\",\"itemListElement\":[{\"@type\":\"ListItem\",\"position\":1,\"item\":{\"@type\":\"WebPage\",\"@id\":\"https:\/\/tugraztestweb.asol.at\/\",\"url\":\"https:\/\/tugraztestweb.asol.at\/\",\"name\":\"Home\"}},{\"@type\":\"ListItem\",\"position\":2,\"item\":{\"@type\":\"WebPage\",\"@id\":\"https:\/\/tugraztestweb.asol.at\/gesamtverzeichnis\/\",\"url\":\"https:\/\/tugraztestweb.asol.at\/gesamtverzeichnis\/\",\"name\":\"Gesamtverzeichnis\"}},{\"@type\":\"ListItem\",\"position\":3,\"item\":{\"@type\":\"WebPage\",\"@id\":\"https:\/\/tugraztestweb.asol.at\/en\/gesamtverzeichnis\/technische-mathematik-und-technische-physik\/inf-sup-stable-space-time-methods-for-time-dependent-partial-differential-equations-ebook\/\",\"url\":\"https:\/\/tugraztestweb.asol.at\/en\/gesamtverzeichnis\/technische-mathematik-und-technische-physik\/inf-sup-stable-space-time-methods-for-time-dependent-partial-differential-equations-ebook\/\",\"name\":\"Inf-Sup Stable Space-Time Methods for Time-Dependent Partial Differential Equations\"}}]}]}<\/script>\n<!-- \/ Yoast SEO plugin. -->","_links":{"self":[{"href":"https:\/\/tugraztestweb.asol.at\/en\/wp-json\/wp\/v2\/product\/40304"}],"collection":[{"href":"https:\/\/tugraztestweb.asol.at\/en\/wp-json\/wp\/v2\/product"}],"about":[{"href":"https:\/\/tugraztestweb.asol.at\/en\/wp-json\/wp\/v2\/types\/product"}],"replies":[{"embeddable":true,"href":"https:\/\/tugraztestweb.asol.at\/en\/wp-json\/wp\/v2\/comments?post=40304"}],"wp:featuredmedia":[{"embeddable":true,"href":"https:\/\/tugraztestweb.asol.at\/en\/wp-json\/wp\/v2\/media\/40305"}],"wp:attachment":[{"href":"https:\/\/tugraztestweb.asol.at\/en\/wp-json\/wp\/v2\/media?parent=40304"}],"curies":[{"name":"wp","href":"https:\/\/api.w.org\/{rel}","templated":true}]}}