{"id":40311,"date":"2020-12-21T10:48:03","date_gmt":"2020-12-21T10:48:03","guid":{"rendered":"http:\/\/tugraztestweb.asol.at\/gesamtverzeichnis\/unkategorisiert\/proceedings-of-the-17th-international-igte-symposium-on-numerical-field-calculation-2\/"},"modified":"2020-12-21T13:49:03","modified_gmt":"2020-12-21T11:49:03","slug":"proceedings-of-the-18th-international-igte-symposium-on-numerical-field-calculation-in-electrical-engineering-ebook","status":"publish","type":"product","link":"https:\/\/tugraztestweb.asol.at\/en\/gesamtverzeichnis\/uncategorized\/proceedings-of-the-18th-international-igte-symposium-on-numerical-field-calculation-in-electrical-engineering-ebook\/","title":{"rendered":"Proceedings of the 18th International IGTE Symposium on Numerical Field Calculation in Electrical Engineering"},"content":{"rendered":"<p> At IGTE\u201918 symposium recent developments in computational electromagnetics (multi-physical problems, optimization) both in terms of novel formulations and practical applications were discussed. Papers published in COMPEL Vol. 38 Nr. 5 2019 are represented by their structured abstract while all other papers are printed in full version. <br \/><\/p>","protected":false},"excerpt":{"rendered":"<p>At IGTE\u201918 symposium recent developments in computational electromagnetics (multi-physical problems, optimization) both in terms of novel formulations and practical applications were discussed. Papers published in COMPEL Vol. 38 Nr. 5 2019 are represented by their structured abstract while all other papers are printed in full version. <\/p>\n","protected":false},"featured_media":40318,"comment_status":"closed","ping_status":"closed","template":"","meta":[],"yoast_head":"<!-- This site is optimized with the Yoast SEO plugin v16.1.1 - https:\/\/yoast.com\/wordpress\/plugins\/seo\/ -->\n<link rel=\"canonical\" href=\"https:\/\/tugraztestweb.asol.at\/en\/gesamtverzeichnis\/uncategorized\/proceedings-of-the-18th-international-igte-symposium-on-numerical-field-calculation-in-electrical-engineering-ebook\/\" \/>\n<meta property=\"og:locale\" content=\"en_US\" \/>\n<meta property=\"og:type\" content=\"article\" \/>\n<meta property=\"og:title\" content=\"Proceedings of the 18th International IGTE Symposium on Numerical Field Calculation in Electrical Engineering - Verlag der TU Graz\" \/>\n<meta property=\"og:description\" content=\"Beim IGTE\u201918 Symposium wurden sowohl neuen Formulierungen als auch Anwendungen bei komplexen elektromagnetischen Aufgabenstellungen pr\u00e4sentiert. Auch gekoppelte Probleme und Optimierungsaufgaben wurden diskutiert. Von jenen Pr\u00e4sentationen, die im COMPEL Vol. 38 Nr. 5 2019 ver\u00f6ffentlicht wurden, ist der \u201estrucured abstract\u201c, von allen anderen das full paper in diesen porceedings abgedruckt.At IGTE\u201918 symposium recent developments in computational electromagnetics (multi-physical problems, optimization) both in terms of novel formulations and practical applications were discussed. Papers published in COMPEL Vol. 38 Nr. 5 2019 are represented by their structured abstract while all other papers are printed in full version.\" \/>\n<meta property=\"og:url\" content=\"https:\/\/tugraztestweb.asol.at\/en\/gesamtverzeichnis\/uncategorized\/proceedings-of-the-18th-international-igte-symposium-on-numerical-field-calculation-in-electrical-engineering-ebook\/\" \/>\n<meta property=\"og:site_name\" content=\"Verlag der TU Graz\" \/>\n<meta property=\"article:modified_time\" content=\"2020-12-21T11:49:03+00:00\" \/>\n<meta property=\"og:image\" content=\"https:\/\/tugraztestweb.asol.at\/wp-content\/uploads\/2020\/12\/image-978-3-85125-740-3.png\" \/>\n\t<meta property=\"og:image:width\" content=\"453\" \/>\n\t<meta property=\"og:image:height\" content=\"643\" \/>\n<meta name=\"twitter:card\" content=\"summary_large_image\" \/>\n<script type=\"application\/ld+json\" class=\"yoast-schema-graph\">{\"@context\":\"https:\/\/schema.org\",\"@graph\":[{\"@type\":\"WebSite\",\"@id\":\"https:\/\/tugraztestweb.asol.at\/#website\",\"url\":\"https:\/\/tugraztestweb.asol.at\/\",\"name\":\"Verlag der TU Graz\",\"description\":\"Verlag der Technischen Universit\\u00e4t Graz\",\"potentialAction\":[{\"@type\":\"SearchAction\",\"target\":\"https:\/\/tugraztestweb.asol.at\/?s={search_term_string}\",\"query-input\":\"required name=search_term_string\"}],\"inLanguage\":\"en-US\"},{\"@type\":\"ImageObject\",\"@id\":\"https:\/\/tugraztestweb.asol.at\/en\/gesamtverzeichnis\/uncategorized\/proceedings-of-the-18th-international-igte-symposium-on-numerical-field-calculation-in-electrical-engineering-ebook\/#primaryimage\",\"inLanguage\":\"en-US\",\"url\":\"https:\/\/tugraztestweb.asol.at\/wp-content\/uploads\/2020\/12\/image-978-3-85125-740-3.png\",\"contentUrl\":\"https:\/\/tugraztestweb.asol.at\/wp-content\/uploads\/2020\/12\/image-978-3-85125-740-3.png\",\"width\":453,\"height\":643},{\"@type\":\"WebPage\",\"@id\":\"https:\/\/tugraztestweb.asol.at\/en\/gesamtverzeichnis\/uncategorized\/proceedings-of-the-18th-international-igte-symposium-on-numerical-field-calculation-in-electrical-engineering-ebook\/#webpage\",\"url\":\"https:\/\/tugraztestweb.asol.at\/en\/gesamtverzeichnis\/uncategorized\/proceedings-of-the-18th-international-igte-symposium-on-numerical-field-calculation-in-electrical-engineering-ebook\/\",\"name\":\"Proceedings of the 18th International IGTE Symposium on Numerical Field Calculation in Electrical Engineering - Verlag der TU Graz\",\"isPartOf\":{\"@id\":\"https:\/\/tugraztestweb.asol.at\/#website\"},\"primaryImageOfPage\":{\"@id\":\"https:\/\/tugraztestweb.asol.at\/en\/gesamtverzeichnis\/uncategorized\/proceedings-of-the-18th-international-igte-symposium-on-numerical-field-calculation-in-electrical-engineering-ebook\/#primaryimage\"},\"datePublished\":\"2020-12-21T10:48:03+00:00\",\"dateModified\":\"2020-12-21T11:49:03+00:00\",\"breadcrumb\":{\"@id\":\"https:\/\/tugraztestweb.asol.at\/en\/gesamtverzeichnis\/uncategorized\/proceedings-of-the-18th-international-igte-symposium-on-numerical-field-calculation-in-electrical-engineering-ebook\/#breadcrumb\"},\"inLanguage\":\"en-US\",\"potentialAction\":[{\"@type\":\"ReadAction\",\"target\":[\"https:\/\/tugraztestweb.asol.at\/en\/gesamtverzeichnis\/uncategorized\/proceedings-of-the-18th-international-igte-symposium-on-numerical-field-calculation-in-electrical-engineering-ebook\/\"]}]},{\"@type\":\"BreadcrumbList\",\"@id\":\"https:\/\/tugraztestweb.asol.at\/en\/gesamtverzeichnis\/uncategorized\/proceedings-of-the-18th-international-igte-symposium-on-numerical-field-calculation-in-electrical-engineering-ebook\/#breadcrumb\",\"itemListElement\":[{\"@type\":\"ListItem\",\"position\":1,\"item\":{\"@type\":\"WebPage\",\"@id\":\"https:\/\/tugraztestweb.asol.at\/\",\"url\":\"https:\/\/tugraztestweb.asol.at\/\",\"name\":\"Home\"}},{\"@type\":\"ListItem\",\"position\":2,\"item\":{\"@type\":\"WebPage\",\"@id\":\"https:\/\/tugraztestweb.asol.at\/gesamtverzeichnis\/\",\"url\":\"https:\/\/tugraztestweb.asol.at\/gesamtverzeichnis\/\",\"name\":\"Gesamtverzeichnis\"}},{\"@type\":\"ListItem\",\"position\":3,\"item\":{\"@type\":\"WebPage\",\"@id\":\"https:\/\/tugraztestweb.asol.at\/en\/gesamtverzeichnis\/uncategorized\/proceedings-of-the-18th-international-igte-symposium-on-numerical-field-calculation-in-electrical-engineering-ebook\/\",\"url\":\"https:\/\/tugraztestweb.asol.at\/en\/gesamtverzeichnis\/uncategorized\/proceedings-of-the-18th-international-igte-symposium-on-numerical-field-calculation-in-electrical-engineering-ebook\/\",\"name\":\"Proceedings of the 18th International IGTE Symposium on Numerical Field Calculation in Electrical Engineering\"}}]}]}<\/script>\n<!-- \/ Yoast SEO plugin. -->","_links":{"self":[{"href":"https:\/\/tugraztestweb.asol.at\/en\/wp-json\/wp\/v2\/product\/40311"}],"collection":[{"href":"https:\/\/tugraztestweb.asol.at\/en\/wp-json\/wp\/v2\/product"}],"about":[{"href":"https:\/\/tugraztestweb.asol.at\/en\/wp-json\/wp\/v2\/types\/product"}],"replies":[{"embeddable":true,"href":"https:\/\/tugraztestweb.asol.at\/en\/wp-json\/wp\/v2\/comments?post=40311"}],"wp:featuredmedia":[{"embeddable":true,"href":"https:\/\/tugraztestweb.asol.at\/en\/wp-json\/wp\/v2\/media\/40318"}],"wp:attachment":[{"href":"https:\/\/tugraztestweb.asol.at\/en\/wp-json\/wp\/v2\/media?parent=40311"}],"curies":[{"name":"wp","href":"https:\/\/api.w.org\/{rel}","templated":true}]}}