{"id":40415,"date":"2020-12-17T09:32:12","date_gmt":"2020-12-17T09:32:12","guid":{"rendered":"http:\/\/tugraztestweb.asol.at\/gesamtverzeichnis\/unkategorisiert\/diversitaet-in-forschungsprojekten-beruecksichtigen-wie-geht-das-taking-diversity-in-research-projects-into-account-how-to-make-it-work\/"},"modified":"2020-12-17T12:33:13","modified_gmt":"2020-12-17T10:33:13","slug":"diversitaet-in-forschungsprojekten-beruecksichtigen-wie-geht-das-taking-diversity-in-research-projects-into-account-how-to-make-it-work","status":"publish","type":"product","link":"https:\/\/tugraztestweb.asol.at\/en\/gesamtverzeichnis\/uncategorized\/diversitaet-in-forschungsprojekten-beruecksichtigen-wie-geht-das-taking-diversity-in-research-projects-into-account-how-to-make-it-work\/","title":{"rendered":"Diversit\u00e4t in Forschungsprojekten ber\u00fccksichtigen. Wie geht das? \/ Taking Diversity in Research Projects into Account. How to make it work?"},"content":{"rendered":"<p> The handbook provides key questions for your research. <br \/>It illustrates how you can identify and integrate possible relevant aspects of diversity into your research project \u2013 for example by defining new variables, developing methods and incorporating them into your publications. <br \/>You will find concrete examples from various scientific disciplines and receive suggestions on how you can put together and support your team.<\/p>\n<p><\/p>","protected":false},"excerpt":{"rendered":"<p>The handbook provides key questions for your research. <br \/>It illustrates how you can identify and integrate possible relevant aspects of diversity into your research project \u2013 for example by defining new variables, developing methods and incorporating them into your publications. <br \/>You will find concrete examples from various scientific disciplines and receive suggestions on how you can put together and support your team.<\/p>\n","protected":false},"featured_media":40689,"comment_status":"closed","ping_status":"closed","template":"","meta":[],"yoast_head":"<!-- This site is optimized with the Yoast SEO plugin v16.1.1 - https:\/\/yoast.com\/wordpress\/plugins\/seo\/ -->\n<link rel=\"canonical\" href=\"https:\/\/tugraztestweb.asol.at\/gesamtverzeichnis\/unkategorisiert\/diversitaet-in-forschungsprojekten-beruecksichtigen-wie-geht-das-taking-diversity-in-research-projects-into-account-how-to-make-it-work\/\" \/>\n<meta property=\"og:locale\" content=\"en_US\" \/>\n<meta property=\"og:type\" content=\"article\" \/>\n<meta property=\"og:title\" content=\"Diversit\u00e4t in Forschungsprojekten ber\u00fccksichtigen. Wie geht das? \/ Taking Diversity in Research Projects into Account. How to make it work? - Verlag der TU Graz\" \/>\n<meta property=\"og:description\" content=\"Das Handbuch stellt Leitfragen f\u00fcr Ihre Forschung bereit. Es verdeutlicht, wie Sie m\u00f6gliche relevante Diversit\u00e4tsaspekte f\u00fcr Ihr Forschungsprojekt identifizieren und integrieren k\u00f6nnen \u2013 etwa indem Sie neue Variablen definieren, Methoden entwickeln und in Ihre Publikationen einbringen. Sie finden dazu konkrete Beispiele aus unterschiedlichen Wissenschaftsdisziplinen und erhalten Anregungen, wie Sie Ihr Team zusammenstellen und f\u00f6rdern k\u00f6nnen.The handbook provides key questions for your research. It illustrates how you can identify and integrate possible relevant aspects of diversity into your research project \u2013 for example by defining new variables, developing methods and incorporating them into your publications. You will find concrete examples from various scientific disciplines and receive suggestions on how you can put together and support your team.\" \/>\n<meta property=\"og:url\" content=\"https:\/\/tugraztestweb.asol.at\/gesamtverzeichnis\/unkategorisiert\/diversitaet-in-forschungsprojekten-beruecksichtigen-wie-geht-das-taking-diversity-in-research-projects-into-account-how-to-make-it-work\/\" \/>\n<meta property=\"og:site_name\" content=\"Verlag der TU Graz\" \/>\n<meta property=\"article:modified_time\" content=\"2020-12-17T10:33:13+00:00\" \/>\n<meta property=\"og:image\" content=\"https:\/\/tugraztestweb.asol.at\/wp-content\/uploads\/2020\/12\/image-978-3-85125-753-3.jpg\" \/>\n\t<meta property=\"og:image:width\" content=\"1748\" \/>\n\t<meta property=\"og:image:height\" content=\"1748\" \/>\n<meta name=\"twitter:card\" content=\"summary_large_image\" \/>\n<meta name=\"twitter:label1\" content=\"Est. reading time\">\n\t<meta name=\"twitter:data1\" content=\"1 minute\">\n<script type=\"application\/ld+json\" class=\"yoast-schema-graph\">{\"@context\":\"https:\/\/schema.org\",\"@graph\":[{\"@type\":\"WebSite\",\"@id\":\"https:\/\/tugraztestweb.asol.at\/#website\",\"url\":\"https:\/\/tugraztestweb.asol.at\/\",\"name\":\"Verlag der TU Graz\",\"description\":\"Verlag der Technischen Universit\\u00e4t Graz\",\"potentialAction\":[{\"@type\":\"SearchAction\",\"target\":\"https:\/\/tugraztestweb.asol.at\/?s={search_term_string}\",\"query-input\":\"required name=search_term_string\"}],\"inLanguage\":\"en-US\"},{\"@type\":\"ImageObject\",\"@id\":\"https:\/\/tugraztestweb.asol.at\/gesamtverzeichnis\/unkategorisiert\/diversitaet-in-forschungsprojekten-beruecksichtigen-wie-geht-das-taking-diversity-in-research-projects-into-account-how-to-make-it-work\/#primaryimage\",\"inLanguage\":\"en-US\",\"url\":\"https:\/\/tugraztestweb.asol.at\/wp-content\/uploads\/2020\/12\/image-978-3-85125-753-3.jpg\",\"contentUrl\":\"https:\/\/tugraztestweb.asol.at\/wp-content\/uploads\/2020\/12\/image-978-3-85125-753-3.jpg\",\"width\":1748,\"height\":1748},{\"@type\":\"WebPage\",\"@id\":\"https:\/\/tugraztestweb.asol.at\/gesamtverzeichnis\/unkategorisiert\/diversitaet-in-forschungsprojekten-beruecksichtigen-wie-geht-das-taking-diversity-in-research-projects-into-account-how-to-make-it-work\/#webpage\",\"url\":\"https:\/\/tugraztestweb.asol.at\/gesamtverzeichnis\/unkategorisiert\/diversitaet-in-forschungsprojekten-beruecksichtigen-wie-geht-das-taking-diversity-in-research-projects-into-account-how-to-make-it-work\/\",\"name\":\"Diversit\\u00e4t in Forschungsprojekten ber\\u00fccksichtigen. Wie geht das? \/ Taking Diversity in Research Projects into Account. How to make it work? - Verlag der TU Graz\",\"isPartOf\":{\"@id\":\"https:\/\/tugraztestweb.asol.at\/#website\"},\"primaryImageOfPage\":{\"@id\":\"https:\/\/tugraztestweb.asol.at\/gesamtverzeichnis\/unkategorisiert\/diversitaet-in-forschungsprojekten-beruecksichtigen-wie-geht-das-taking-diversity-in-research-projects-into-account-how-to-make-it-work\/#primaryimage\"},\"datePublished\":\"2020-12-17T09:32:12+00:00\",\"dateModified\":\"2020-12-17T10:33:13+00:00\",\"breadcrumb\":{\"@id\":\"https:\/\/tugraztestweb.asol.at\/gesamtverzeichnis\/unkategorisiert\/diversitaet-in-forschungsprojekten-beruecksichtigen-wie-geht-das-taking-diversity-in-research-projects-into-account-how-to-make-it-work\/#breadcrumb\"},\"inLanguage\":\"en-US\",\"potentialAction\":[{\"@type\":\"ReadAction\",\"target\":[\"https:\/\/tugraztestweb.asol.at\/gesamtverzeichnis\/unkategorisiert\/diversitaet-in-forschungsprojekten-beruecksichtigen-wie-geht-das-taking-diversity-in-research-projects-into-account-how-to-make-it-work\/\"]}]},{\"@type\":\"BreadcrumbList\",\"@id\":\"https:\/\/tugraztestweb.asol.at\/gesamtverzeichnis\/unkategorisiert\/diversitaet-in-forschungsprojekten-beruecksichtigen-wie-geht-das-taking-diversity-in-research-projects-into-account-how-to-make-it-work\/#breadcrumb\",\"itemListElement\":[{\"@type\":\"ListItem\",\"position\":1,\"item\":{\"@type\":\"WebPage\",\"@id\":\"https:\/\/tugraztestweb.asol.at\/\",\"url\":\"https:\/\/tugraztestweb.asol.at\/\",\"name\":\"Home\"}},{\"@type\":\"ListItem\",\"position\":2,\"item\":{\"@type\":\"WebPage\",\"@id\":\"https:\/\/tugraztestweb.asol.at\/gesamtverzeichnis\/\",\"url\":\"https:\/\/tugraztestweb.asol.at\/gesamtverzeichnis\/\",\"name\":\"Gesamtverzeichnis\"}},{\"@type\":\"ListItem\",\"position\":3,\"item\":{\"@type\":\"WebPage\",\"@id\":\"https:\/\/tugraztestweb.asol.at\/gesamtverzeichnis\/unkategorisiert\/diversitaet-in-forschungsprojekten-beruecksichtigen-wie-geht-das-taking-diversity-in-research-projects-into-account-how-to-make-it-work\/\",\"url\":\"https:\/\/tugraztestweb.asol.at\/gesamtverzeichnis\/unkategorisiert\/diversitaet-in-forschungsprojekten-beruecksichtigen-wie-geht-das-taking-diversity-in-research-projects-into-account-how-to-make-it-work\/\",\"name\":\"Diversit\\u00e4t in Forschungsprojekten ber\\u00fccksichtigen. Wie geht das? \/ Taking Diversity in Research Projects into Account. How to make it work?\"}}]}]}<\/script>\n<!-- \/ Yoast SEO plugin. -->","_links":{"self":[{"href":"https:\/\/tugraztestweb.asol.at\/en\/wp-json\/wp\/v2\/product\/40415"}],"collection":[{"href":"https:\/\/tugraztestweb.asol.at\/en\/wp-json\/wp\/v2\/product"}],"about":[{"href":"https:\/\/tugraztestweb.asol.at\/en\/wp-json\/wp\/v2\/types\/product"}],"replies":[{"embeddable":true,"href":"https:\/\/tugraztestweb.asol.at\/en\/wp-json\/wp\/v2\/comments?post=40415"}],"wp:featuredmedia":[{"embeddable":true,"href":"https:\/\/tugraztestweb.asol.at\/en\/wp-json\/wp\/v2\/media\/40689"}],"wp:attachment":[{"href":"https:\/\/tugraztestweb.asol.at\/en\/wp-json\/wp\/v2\/media?parent=40415"}],"curies":[{"name":"wp","href":"https:\/\/api.w.org\/{rel}","templated":true}]}}