{"id":40416,"date":"2020-12-21T09:09:45","date_gmt":"2020-12-21T09:09:45","guid":{"rendered":"http:\/\/tugraztestweb.asol.at\/gesamtverzeichnis\/unkategorisiert\/mala-und-die-walschule\/"},"modified":"2020-12-21T12:10:45","modified_gmt":"2020-12-21T10:10:45","slug":"mika-und-die-walschule","status":"publish","type":"product","link":"https:\/\/tugraztestweb.asol.at\/en\/gesamtverzeichnis\/uncategorized\/mika-und-die-walschule\/","title":{"rendered":"Mika und die Walschule"},"content":{"rendered":"<p class=\"qtranxs-available-languages-message qtranxs-available-languages-message-en\">Sorry, this entry is only available in <a href=\"https:\/\/tugraztestweb.asol.at\/de\/wp-json\/wp\/v2\/product\/40416\" class=\"qtranxs-available-language-link qtranxs-available-language-link-de\" title=\"Deutsch\">Deutsch<\/a>.<\/p><p>Wir begleiten Mika, das Walkind, durch die erste Schulwoche. Noch etwas sch\u00fcchtern und aufgeregt, durchlebt Mika die ersten sieben Tage der Schulzeit und stellt sich jeden Tag neuen Herausforderungen. Kostet es zu Anfang noch etwas \u00dcberwindung, von Mama und Mami getrennt zu sein, versinkt Mika am Ende der Woche schon in Gedanken an die Schule und neu gewonnene Freundschaften. Ein kurzer Begleittext im Anhang bietet den vorlesenden Personen, insbesondere Eltern und P\u00e4dagog*innen, Hintergrundinformationen und weitere Anregungen.<br \/>Dieses Buch stellt eines von insgesamt 6 Kinderb\u00fcchern dar, das vom Verlag der Technischen Universit\u00e4t Graz herausgegeben wird. Die Reihe fokussiert insbesondere jene Werte, die das Fundament der p\u00e4dagogischen Betreuung von Kindern an der TU Graz bilden: Toleranz, Offenheit und Wertsch\u00e4tzung Mitmenschen, Tieren, der Natur wie auch Technik und Naturwissenschaften gegen\u00fcber.<\/p>","protected":false},"excerpt":{"rendered":"<p class=\"qtranxs-available-languages-message qtranxs-available-languages-message-en\">Sorry, this entry is only available in <a href=\"https:\/\/tugraztestweb.asol.at\/de\/wp-json\/wp\/v2\/product\/40416\" class=\"qtranxs-available-language-link qtranxs-available-language-link-de\" title=\"Deutsch\">Deutsch<\/a>.<\/p>\n<p>Wir begleiten Mika, das Walkind, durch die erste Schulwoche. Noch etwas sch\u00fcchtern und aufgeregt, durchlebt Mika die ersten sieben Tage der Schulzeit und stellt sich jeden Tag neuen Herausforderungen. Kostet es zu Anfang noch etwas \u00dcberwindung, von Mama und Mami getrennt zu sein, versinkt Mika am Ende der Woche schon in Gedanken an die Schule und neu gewonnene Freundschaften. Ein kurzer Begleittext im Anhang bietet den vorlesenden Personen, insbesondere Eltern und P\u00e4dagog*innen, Hintergrundinformationen und weitere Anregungen.<br \/>Dieses Buch stellt eines von insgesamt 6 Kinderb\u00fcchern dar, das vom Verlag der Technischen Universit\u00e4t Graz herausgegeben wird. Die Reihe fokussiert insbesondere jene Werte, die das Fundament der p\u00e4dagogischen Betreuung von Kindern an der TU Graz bilden: Toleranz, Offenheit und Wertsch\u00e4tzung Mitmenschen, Tieren, der Natur wie auch Technik und Naturwissenschaften gegen\u00fcber.<\/p>\n","protected":false},"featured_media":40549,"comment_status":"closed","ping_status":"closed","template":"","meta":[],"yoast_head":"<!-- This site is optimized with the Yoast SEO plugin v16.1.1 - https:\/\/yoast.com\/wordpress\/plugins\/seo\/ -->\n<link rel=\"canonical\" href=\"https:\/\/tugraztestweb.asol.at\/gesamtverzeichnis\/unkategorisiert\/mika-und-die-walschule\/\" \/>\n<meta property=\"og:locale\" content=\"en_US\" \/>\n<meta property=\"og:type\" content=\"article\" \/>\n<meta property=\"og:title\" content=\"Mika und die Walschule - Verlag der TU Graz\" \/>\n<meta property=\"og:description\" content=\"Wir begleiten Mika, das Walkind, durch die erste Schulwoche. Noch etwas sch\u00fcchtern und aufgeregt, durchlebt Mika die ersten sieben Tage der Schulzeit und stellt sich jeden Tag neuen Herausforderungen. Kostet es zu Anfang noch etwas \u00dcberwindung, von Mama und Mami getrennt zu sein, versinkt Mika am Ende der Woche schon in Gedanken an die Schule und neu gewonnene Freundschaften. Ein kurzer Begleittext im Anhang bietet den vorlesenden Personen, insbesondere Eltern und P\u00e4dagog*innen, Hintergrundinformationen und weitere Anregungen.Dieses Buch stellt eines von insgesamt 6 Kinderb\u00fcchern dar, das vom Verlag der Technischen Universit\u00e4t Graz herausgegeben wird. Die Reihe fokussiert insbesondere jene Werte, die das Fundament der p\u00e4dagogischen Betreuung von Kindern an der TU Graz bilden: Toleranz, Offenheit und Wertsch\u00e4tzung Mitmenschen, Tieren, der Natur wie auch Technik und Naturwissenschaften gegen\u00fcber.\" \/>\n<meta property=\"og:url\" content=\"https:\/\/tugraztestweb.asol.at\/gesamtverzeichnis\/unkategorisiert\/mika-und-die-walschule\/\" \/>\n<meta property=\"og:site_name\" content=\"Verlag der TU Graz\" \/>\n<meta property=\"article:modified_time\" content=\"2020-12-21T10:10:45+00:00\" \/>\n<meta property=\"og:image\" content=\"https:\/\/tugraztestweb.asol.at\/wp-content\/uploads\/2020\/12\/image-978-3-85125-756-4.jpg\" \/>\n\t<meta property=\"og:image:width\" content=\"754\" \/>\n\t<meta property=\"og:image:height\" content=\"752\" \/>\n<meta name=\"twitter:card\" content=\"summary_large_image\" \/>\n<meta name=\"twitter:label1\" content=\"Est. reading time\">\n\t<meta name=\"twitter:data1\" content=\"1 minute\">\n<script type=\"application\/ld+json\" class=\"yoast-schema-graph\">{\"@context\":\"https:\/\/schema.org\",\"@graph\":[{\"@type\":\"WebSite\",\"@id\":\"https:\/\/tugraztestweb.asol.at\/#website\",\"url\":\"https:\/\/tugraztestweb.asol.at\/\",\"name\":\"Verlag der TU Graz\",\"description\":\"Verlag der Technischen Universit\\u00e4t Graz\",\"potentialAction\":[{\"@type\":\"SearchAction\",\"target\":\"https:\/\/tugraztestweb.asol.at\/?s={search_term_string}\",\"query-input\":\"required name=search_term_string\"}],\"inLanguage\":\"en-US\"},{\"@type\":\"ImageObject\",\"@id\":\"https:\/\/tugraztestweb.asol.at\/gesamtverzeichnis\/unkategorisiert\/mika-und-die-walschule\/#primaryimage\",\"inLanguage\":\"en-US\",\"url\":\"https:\/\/tugraztestweb.asol.at\/wp-content\/uploads\/2020\/12\/image-978-3-85125-756-4.jpg\",\"contentUrl\":\"https:\/\/tugraztestweb.asol.at\/wp-content\/uploads\/2020\/12\/image-978-3-85125-756-4.jpg\",\"width\":754,\"height\":752},{\"@type\":\"WebPage\",\"@id\":\"https:\/\/tugraztestweb.asol.at\/gesamtverzeichnis\/unkategorisiert\/mika-und-die-walschule\/#webpage\",\"url\":\"https:\/\/tugraztestweb.asol.at\/gesamtverzeichnis\/unkategorisiert\/mika-und-die-walschule\/\",\"name\":\"Mika und die Walschule - Verlag der TU Graz\",\"isPartOf\":{\"@id\":\"https:\/\/tugraztestweb.asol.at\/#website\"},\"primaryImageOfPage\":{\"@id\":\"https:\/\/tugraztestweb.asol.at\/gesamtverzeichnis\/unkategorisiert\/mika-und-die-walschule\/#primaryimage\"},\"datePublished\":\"2020-12-21T09:09:45+00:00\",\"dateModified\":\"2020-12-21T10:10:45+00:00\",\"breadcrumb\":{\"@id\":\"https:\/\/tugraztestweb.asol.at\/gesamtverzeichnis\/unkategorisiert\/mika-und-die-walschule\/#breadcrumb\"},\"inLanguage\":\"en-US\",\"potentialAction\":[{\"@type\":\"ReadAction\",\"target\":[\"https:\/\/tugraztestweb.asol.at\/gesamtverzeichnis\/unkategorisiert\/mika-und-die-walschule\/\"]}]},{\"@type\":\"BreadcrumbList\",\"@id\":\"https:\/\/tugraztestweb.asol.at\/gesamtverzeichnis\/unkategorisiert\/mika-und-die-walschule\/#breadcrumb\",\"itemListElement\":[{\"@type\":\"ListItem\",\"position\":1,\"item\":{\"@type\":\"WebPage\",\"@id\":\"https:\/\/tugraztestweb.asol.at\/\",\"url\":\"https:\/\/tugraztestweb.asol.at\/\",\"name\":\"Home\"}},{\"@type\":\"ListItem\",\"position\":2,\"item\":{\"@type\":\"WebPage\",\"@id\":\"https:\/\/tugraztestweb.asol.at\/gesamtverzeichnis\/\",\"url\":\"https:\/\/tugraztestweb.asol.at\/gesamtverzeichnis\/\",\"name\":\"Gesamtverzeichnis\"}},{\"@type\":\"ListItem\",\"position\":3,\"item\":{\"@type\":\"WebPage\",\"@id\":\"https:\/\/tugraztestweb.asol.at\/gesamtverzeichnis\/unkategorisiert\/mika-und-die-walschule\/\",\"url\":\"https:\/\/tugraztestweb.asol.at\/gesamtverzeichnis\/unkategorisiert\/mika-und-die-walschule\/\",\"name\":\"Mika und die Walschule\"}}]}]}<\/script>\n<!-- \/ Yoast SEO plugin. -->","_links":{"self":[{"href":"https:\/\/tugraztestweb.asol.at\/en\/wp-json\/wp\/v2\/product\/40416"}],"collection":[{"href":"https:\/\/tugraztestweb.asol.at\/en\/wp-json\/wp\/v2\/product"}],"about":[{"href":"https:\/\/tugraztestweb.asol.at\/en\/wp-json\/wp\/v2\/types\/product"}],"replies":[{"embeddable":true,"href":"https:\/\/tugraztestweb.asol.at\/en\/wp-json\/wp\/v2\/comments?post=40416"}],"wp:featuredmedia":[{"embeddable":true,"href":"https:\/\/tugraztestweb.asol.at\/en\/wp-json\/wp\/v2\/media\/40549"}],"wp:attachment":[{"href":"https:\/\/tugraztestweb.asol.at\/en\/wp-json\/wp\/v2\/media?parent=40416"}],"curies":[{"name":"wp","href":"https:\/\/api.w.org\/{rel}","templated":true}]}}