{"id":40463,"date":"2020-11-09T12:18:07","date_gmt":"2020-11-09T12:18:07","guid":{"rendered":"https:\/\/tugraztestweb.asol.at\/gesamtverzeichnis\/unkategorisiert\/buehne-und-kostueme-2\/"},"modified":"2020-11-09T15:19:07","modified_gmt":"2020-11-09T13:19:07","slug":"buehne-und-kostueme-ebook","status":"publish","type":"product","link":"https:\/\/tugraztestweb.asol.at\/en\/gesamtverzeichnis\/architektur\/buehne-und-kostueme-ebook\/","title":{"rendered":"B\u00fchne und Kost\u00fcme"},"content":{"rendered":"<p class=\"qtranxs-available-languages-message qtranxs-available-languages-message-en\">Sorry, this entry is only available in <a href=\"https:\/\/tugraztestweb.asol.at\/de\/wp-json\/wp\/v2\/product\/40463\" class=\"qtranxs-available-language-link qtranxs-available-language-link-de\" title=\"Deutsch\">Deutsch<\/a>.<\/p><p>Theater steht f\u00fcr steten Wandel der Gesellschaft und des Gebauten. Permanenter Umbau der Struktur des B\u00fchnenbildes bis hin zu immer neuen Theaterauff\u00fchrungen und Gesellschaften, die sich im Theater versammeln, um in den Genuss der Auff\u00fchrungen zu kommen. <br \/>Das Buch B\u00fchne und Kost\u00fcme, am Beispiel des Grazer Schauspielhauses, soll einen Einblick darin geben, welchen Status das historische Geb\u00e4ude in der Gesellschaft sowie dessen Baustruktur f\u00fcr die Stadt Graz hat. <\/p>\n<p><\/p>","protected":false},"excerpt":{"rendered":"<p class=\"qtranxs-available-languages-message qtranxs-available-languages-message-en\">Sorry, this entry is only available in <a href=\"https:\/\/tugraztestweb.asol.at\/de\/wp-json\/wp\/v2\/product\/40463\" class=\"qtranxs-available-language-link qtranxs-available-language-link-de\" title=\"Deutsch\">Deutsch<\/a>.<\/p>\n<p>Theater steht f\u00fcr steten Wandel der Gesellschaft und des Gebauten. Permanenter Umbau der Struktur des B\u00fchnenbildes bis hin zu immer neuen Theaterauff\u00fchrungen und Gesellschaften, die sich im Theater versammeln, um in den Genuss der Auff\u00fchrungen zu kommen. <br \/>Das Buch B\u00fchne und Kost\u00fcme, am Beispiel des Grazer Schauspielhauses, soll einen Einblick darin geben, welchen Status das historische Geb\u00e4ude in der Gesellschaft sowie dessen Baustruktur f\u00fcr die Stadt Graz hat. <\/p>\n","protected":false},"featured_media":40578,"comment_status":"closed","ping_status":"closed","template":"","meta":[],"yoast_head":"<!-- This site is optimized with the Yoast SEO plugin v16.1.1 - https:\/\/yoast.com\/wordpress\/plugins\/seo\/ -->\n<link rel=\"canonical\" href=\"https:\/\/tugraztestweb.asol.at\/en\/gesamtverzeichnis\/architektur\/buehne-und-kostueme-ebook\/\" \/>\n<meta property=\"og:locale\" content=\"en_US\" \/>\n<meta property=\"og:type\" content=\"article\" \/>\n<meta property=\"og:title\" content=\"B\u00fchne und Kost\u00fcme - Verlag der TU Graz\" \/>\n<meta property=\"og:description\" content=\"Theater steht f\u00fcr steten Wandel der Gesellschaft und des Gebauten. Permanenter Umbau der Struktur des B\u00fchnenbildes bis hin zu immer neuen Theaterauff\u00fchrungen und Gesellschaften, die sich im Theater versammeln, um in den Genuss der Auff\u00fchrungen zu kommen. Das Buch B\u00fchne und Kost\u00fcme, am Beispiel des Grazer Schauspielhauses, soll einen Einblick darin geben, welchen Status das historische Geb\u00e4ude in der Gesellschaft sowie dessen Baustruktur f\u00fcr die Stadt Graz hat.\" \/>\n<meta property=\"og:url\" content=\"https:\/\/tugraztestweb.asol.at\/en\/gesamtverzeichnis\/architektur\/buehne-und-kostueme-ebook\/\" \/>\n<meta property=\"og:site_name\" content=\"Verlag der TU Graz\" \/>\n<meta property=\"article:modified_time\" content=\"2020-11-09T13:19:07+00:00\" \/>\n<meta property=\"og:image\" content=\"https:\/\/tugraztestweb.asol.at\/wp-content\/uploads\/2020\/11\/image-978-3-85125-763-2.jpg\" \/>\n\t<meta property=\"og:image:width\" content=\"776\" \/>\n\t<meta property=\"og:image:height\" content=\"776\" \/>\n<meta name=\"twitter:card\" content=\"summary_large_image\" \/>\n<script type=\"application\/ld+json\" class=\"yoast-schema-graph\">{\"@context\":\"https:\/\/schema.org\",\"@graph\":[{\"@type\":\"WebSite\",\"@id\":\"https:\/\/tugraztestweb.asol.at\/#website\",\"url\":\"https:\/\/tugraztestweb.asol.at\/\",\"name\":\"Verlag der TU Graz\",\"description\":\"Verlag der Technischen Universit\\u00e4t Graz\",\"potentialAction\":[{\"@type\":\"SearchAction\",\"target\":\"https:\/\/tugraztestweb.asol.at\/?s={search_term_string}\",\"query-input\":\"required name=search_term_string\"}],\"inLanguage\":\"en-US\"},{\"@type\":\"ImageObject\",\"@id\":\"https:\/\/tugraztestweb.asol.at\/en\/gesamtverzeichnis\/architektur\/buehne-und-kostueme-ebook\/#primaryimage\",\"inLanguage\":\"en-US\",\"url\":\"https:\/\/tugraztestweb.asol.at\/wp-content\/uploads\/2020\/11\/image-978-3-85125-763-2.jpg\",\"contentUrl\":\"https:\/\/tugraztestweb.asol.at\/wp-content\/uploads\/2020\/11\/image-978-3-85125-763-2.jpg\",\"width\":776,\"height\":776},{\"@type\":\"WebPage\",\"@id\":\"https:\/\/tugraztestweb.asol.at\/en\/gesamtverzeichnis\/architektur\/buehne-und-kostueme-ebook\/#webpage\",\"url\":\"https:\/\/tugraztestweb.asol.at\/en\/gesamtverzeichnis\/architektur\/buehne-und-kostueme-ebook\/\",\"name\":\"B\\u00fchne und Kost\\u00fcme - Verlag der TU Graz\",\"isPartOf\":{\"@id\":\"https:\/\/tugraztestweb.asol.at\/#website\"},\"primaryImageOfPage\":{\"@id\":\"https:\/\/tugraztestweb.asol.at\/en\/gesamtverzeichnis\/architektur\/buehne-und-kostueme-ebook\/#primaryimage\"},\"datePublished\":\"2020-11-09T12:18:07+00:00\",\"dateModified\":\"2020-11-09T13:19:07+00:00\",\"breadcrumb\":{\"@id\":\"https:\/\/tugraztestweb.asol.at\/en\/gesamtverzeichnis\/architektur\/buehne-und-kostueme-ebook\/#breadcrumb\"},\"inLanguage\":\"en-US\",\"potentialAction\":[{\"@type\":\"ReadAction\",\"target\":[\"https:\/\/tugraztestweb.asol.at\/en\/gesamtverzeichnis\/architektur\/buehne-und-kostueme-ebook\/\"]}]},{\"@type\":\"BreadcrumbList\",\"@id\":\"https:\/\/tugraztestweb.asol.at\/en\/gesamtverzeichnis\/architektur\/buehne-und-kostueme-ebook\/#breadcrumb\",\"itemListElement\":[{\"@type\":\"ListItem\",\"position\":1,\"item\":{\"@type\":\"WebPage\",\"@id\":\"https:\/\/tugraztestweb.asol.at\/\",\"url\":\"https:\/\/tugraztestweb.asol.at\/\",\"name\":\"Home\"}},{\"@type\":\"ListItem\",\"position\":2,\"item\":{\"@type\":\"WebPage\",\"@id\":\"https:\/\/tugraztestweb.asol.at\/gesamtverzeichnis\/\",\"url\":\"https:\/\/tugraztestweb.asol.at\/gesamtverzeichnis\/\",\"name\":\"Gesamtverzeichnis\"}},{\"@type\":\"ListItem\",\"position\":3,\"item\":{\"@type\":\"WebPage\",\"@id\":\"https:\/\/tugraztestweb.asol.at\/en\/gesamtverzeichnis\/architektur\/buehne-und-kostueme-ebook\/\",\"url\":\"https:\/\/tugraztestweb.asol.at\/en\/gesamtverzeichnis\/architektur\/buehne-und-kostueme-ebook\/\",\"name\":\"B\\u00fchne und Kost\\u00fcme\"}}]}]}<\/script>\n<!-- \/ Yoast SEO plugin. -->","_links":{"self":[{"href":"https:\/\/tugraztestweb.asol.at\/en\/wp-json\/wp\/v2\/product\/40463"}],"collection":[{"href":"https:\/\/tugraztestweb.asol.at\/en\/wp-json\/wp\/v2\/product"}],"about":[{"href":"https:\/\/tugraztestweb.asol.at\/en\/wp-json\/wp\/v2\/types\/product"}],"replies":[{"embeddable":true,"href":"https:\/\/tugraztestweb.asol.at\/en\/wp-json\/wp\/v2\/comments?post=40463"}],"wp:featuredmedia":[{"embeddable":true,"href":"https:\/\/tugraztestweb.asol.at\/en\/wp-json\/wp\/v2\/media\/40578"}],"wp:attachment":[{"href":"https:\/\/tugraztestweb.asol.at\/en\/wp-json\/wp\/v2\/media?parent=40463"}],"curies":[{"name":"wp","href":"https:\/\/api.w.org\/{rel}","templated":true}]}}