{"id":40473,"date":"2021-01-18T11:07:47","date_gmt":"2021-01-18T11:07:47","guid":{"rendered":"https:\/\/tugraztestweb.asol.at\/gesamtverzeichnis\/unkategorisiert\/ausschreibung-im-holzbau\/"},"modified":"2021-01-18T14:08:47","modified_gmt":"2021-01-18T12:08:47","slug":"ausschreibung-im-holzbau","status":"publish","type":"product","link":"https:\/\/tugraztestweb.asol.at\/en\/gesamtverzeichnis\/bauingenieurwissenschaften\/ausschreibung-im-holzbau\/","title":{"rendered":"Ausschreibung im Holzbau"},"content":{"rendered":"<p class=\"qtranxs-available-languages-message qtranxs-available-languages-message-en\">Sorry, this entry is only available in <a href=\"https:\/\/tugraztestweb.asol.at\/de\/wp-json\/wp\/v2\/product\/40473\" class=\"qtranxs-available-language-link qtranxs-available-language-link-de\" title=\"Deutsch\">Deutsch<\/a>.<\/p><p>Eine eindeutige, vollst\u00e4ndige und neutral formulierte Ausschreibung bildet Basis f\u00fcr die vertragssichere Abwicklung von Bauprojekten. Diese Erl\u00e4uterungen zur neuen LG 36 Holzbauarbeiten gem\u00e4\u00df LB-HB 021 unterst\u00fctzt Ausschreibende dabei korrekte holzbauspezifische Ausschreibungen nach dem aktuellen Stand der Technik zu erstellen.<\/p>","protected":false},"excerpt":{"rendered":"<p class=\"qtranxs-available-languages-message qtranxs-available-languages-message-en\">Sorry, this entry is only available in <a href=\"https:\/\/tugraztestweb.asol.at\/de\/wp-json\/wp\/v2\/product\/40473\" class=\"qtranxs-available-language-link qtranxs-available-language-link-de\" title=\"Deutsch\">Deutsch<\/a>.<\/p>\n<p>Eine eindeutige, vollst\u00e4ndige und neutral formulierte Ausschreibung bildet Basis f\u00fcr die vertragssichere Abwicklung von Bauprojekten. Diese Erl\u00e4uterungen zur neuen LG 36 Holzbauarbeiten gem\u00e4\u00df LB-HB 021 unterst\u00fctzt Ausschreibende dabei korrekte holzbauspezifische Ausschreibungen nach dem aktuellen Stand der Technik zu erstellen.<\/p>\n","protected":false},"featured_media":40666,"comment_status":"closed","ping_status":"closed","template":"","meta":[],"yoast_head":"<!-- This site is optimized with the Yoast SEO plugin v16.1.1 - https:\/\/yoast.com\/wordpress\/plugins\/seo\/ -->\n<link rel=\"canonical\" href=\"https:\/\/tugraztestweb.asol.at\/en\/gesamtverzeichnis\/bauingenieurwissenschaften\/ausschreibung-im-holzbau\/\" \/>\n<meta property=\"og:locale\" content=\"en_US\" \/>\n<meta property=\"og:type\" content=\"article\" \/>\n<meta property=\"og:title\" content=\"Ausschreibung im Holzbau - Verlag der TU Graz\" \/>\n<meta property=\"og:description\" content=\"Eine eindeutige, vollst\u00e4ndige und neutral formulierte Ausschreibung bildet Basis f\u00fcr die vertragssichere Abwicklung von Bauprojekten. Diese Erl\u00e4uterungen zur neuen LG 36 Holzbauarbeiten gem\u00e4\u00df LB-HB 021 unterst\u00fctzt Ausschreibende dabei korrekte holzbauspezifische Ausschreibungen nach dem aktuellen Stand der Technik zu erstellen.\" \/>\n<meta property=\"og:url\" content=\"https:\/\/tugraztestweb.asol.at\/en\/gesamtverzeichnis\/bauingenieurwissenschaften\/ausschreibung-im-holzbau\/\" \/>\n<meta property=\"og:site_name\" content=\"Verlag der TU Graz\" \/>\n<meta property=\"article:modified_time\" content=\"2021-01-18T12:08:47+00:00\" \/>\n<meta property=\"og:image\" content=\"https:\/\/tugraztestweb.asol.at\/wp-content\/uploads\/2021\/01\/image-978-3-85125-766-3.jpg\" \/>\n\t<meta property=\"og:image:width\" content=\"453\" \/>\n\t<meta property=\"og:image:height\" content=\"641\" \/>\n<meta name=\"twitter:card\" content=\"summary_large_image\" \/>\n<script type=\"application\/ld+json\" class=\"yoast-schema-graph\">{\"@context\":\"https:\/\/schema.org\",\"@graph\":[{\"@type\":\"WebSite\",\"@id\":\"https:\/\/tugraztestweb.asol.at\/#website\",\"url\":\"https:\/\/tugraztestweb.asol.at\/\",\"name\":\"Verlag der TU Graz\",\"description\":\"Verlag der Technischen Universit\\u00e4t Graz\",\"potentialAction\":[{\"@type\":\"SearchAction\",\"target\":\"https:\/\/tugraztestweb.asol.at\/?s={search_term_string}\",\"query-input\":\"required name=search_term_string\"}],\"inLanguage\":\"en-US\"},{\"@type\":\"ImageObject\",\"@id\":\"https:\/\/tugraztestweb.asol.at\/en\/gesamtverzeichnis\/bauingenieurwissenschaften\/ausschreibung-im-holzbau\/#primaryimage\",\"inLanguage\":\"en-US\",\"url\":\"https:\/\/tugraztestweb.asol.at\/wp-content\/uploads\/2021\/01\/image-978-3-85125-766-3.jpg\",\"contentUrl\":\"https:\/\/tugraztestweb.asol.at\/wp-content\/uploads\/2021\/01\/image-978-3-85125-766-3.jpg\",\"width\":453,\"height\":641},{\"@type\":\"WebPage\",\"@id\":\"https:\/\/tugraztestweb.asol.at\/en\/gesamtverzeichnis\/bauingenieurwissenschaften\/ausschreibung-im-holzbau\/#webpage\",\"url\":\"https:\/\/tugraztestweb.asol.at\/en\/gesamtverzeichnis\/bauingenieurwissenschaften\/ausschreibung-im-holzbau\/\",\"name\":\"Ausschreibung im Holzbau - Verlag der TU Graz\",\"isPartOf\":{\"@id\":\"https:\/\/tugraztestweb.asol.at\/#website\"},\"primaryImageOfPage\":{\"@id\":\"https:\/\/tugraztestweb.asol.at\/en\/gesamtverzeichnis\/bauingenieurwissenschaften\/ausschreibung-im-holzbau\/#primaryimage\"},\"datePublished\":\"2021-01-18T11:07:47+00:00\",\"dateModified\":\"2021-01-18T12:08:47+00:00\",\"breadcrumb\":{\"@id\":\"https:\/\/tugraztestweb.asol.at\/en\/gesamtverzeichnis\/bauingenieurwissenschaften\/ausschreibung-im-holzbau\/#breadcrumb\"},\"inLanguage\":\"en-US\",\"potentialAction\":[{\"@type\":\"ReadAction\",\"target\":[\"https:\/\/tugraztestweb.asol.at\/en\/gesamtverzeichnis\/bauingenieurwissenschaften\/ausschreibung-im-holzbau\/\"]}]},{\"@type\":\"BreadcrumbList\",\"@id\":\"https:\/\/tugraztestweb.asol.at\/en\/gesamtverzeichnis\/bauingenieurwissenschaften\/ausschreibung-im-holzbau\/#breadcrumb\",\"itemListElement\":[{\"@type\":\"ListItem\",\"position\":1,\"item\":{\"@type\":\"WebPage\",\"@id\":\"https:\/\/tugraztestweb.asol.at\/\",\"url\":\"https:\/\/tugraztestweb.asol.at\/\",\"name\":\"Home\"}},{\"@type\":\"ListItem\",\"position\":2,\"item\":{\"@type\":\"WebPage\",\"@id\":\"https:\/\/tugraztestweb.asol.at\/gesamtverzeichnis\/\",\"url\":\"https:\/\/tugraztestweb.asol.at\/gesamtverzeichnis\/\",\"name\":\"Gesamtverzeichnis\"}},{\"@type\":\"ListItem\",\"position\":3,\"item\":{\"@type\":\"WebPage\",\"@id\":\"https:\/\/tugraztestweb.asol.at\/en\/gesamtverzeichnis\/bauingenieurwissenschaften\/ausschreibung-im-holzbau\/\",\"url\":\"https:\/\/tugraztestweb.asol.at\/en\/gesamtverzeichnis\/bauingenieurwissenschaften\/ausschreibung-im-holzbau\/\",\"name\":\"Ausschreibung im Holzbau\"}}]}]}<\/script>\n<!-- \/ Yoast SEO plugin. -->","_links":{"self":[{"href":"https:\/\/tugraztestweb.asol.at\/en\/wp-json\/wp\/v2\/product\/40473"}],"collection":[{"href":"https:\/\/tugraztestweb.asol.at\/en\/wp-json\/wp\/v2\/product"}],"about":[{"href":"https:\/\/tugraztestweb.asol.at\/en\/wp-json\/wp\/v2\/types\/product"}],"replies":[{"embeddable":true,"href":"https:\/\/tugraztestweb.asol.at\/en\/wp-json\/wp\/v2\/comments?post=40473"}],"wp:featuredmedia":[{"embeddable":true,"href":"https:\/\/tugraztestweb.asol.at\/en\/wp-json\/wp\/v2\/media\/40666"}],"wp:attachment":[{"href":"https:\/\/tugraztestweb.asol.at\/en\/wp-json\/wp\/v2\/media?parent=40473"}],"curies":[{"name":"wp","href":"https:\/\/api.w.org\/{rel}","templated":true}]}}