{"id":40482,"date":"2020-12-22T11:45:20","date_gmt":"2020-12-22T11:45:20","guid":{"rendered":"https:\/\/tugraztestweb.asol.at\/gesamtverzeichnis\/unkategorisiert\/softwarebasierte-kostenplanung\/"},"modified":"2020-12-22T14:46:20","modified_gmt":"2020-12-22T12:46:20","slug":"softwarebasierte-kostenplanung","status":"publish","type":"product","link":"https:\/\/tugraztestweb.asol.at\/en\/gesamtverzeichnis\/bauingenieurwissenschaften\/softwarebasierte-kostenplanung\/","title":{"rendered":"Softwarebasierte Kostenplanung"},"content":{"rendered":"<p class=\"qtranxs-available-languages-message qtranxs-available-languages-message-en\">Sorry, this entry is only available in <a href=\"https:\/\/tugraztestweb.asol.at\/de\/wp-json\/wp\/v2\/product\/40482\" class=\"qtranxs-available-language-link qtranxs-available-language-link-de\" title=\"Deutsch\">Deutsch<\/a>.<\/p><p>Die Planung der Baukosten ist ein essentieller Bestandteil des Planungsprozesses. Der Grundstein f\u00fcr erfolgreiche Projektabwicklungen wird durch professionelle Kostenplanungen gelegt, welche nur durch Anwendung entsprechender Methoden mit qualifizierten Vergleichsdaten gew\u00e4hrleistet werden k\u00f6nnen.<br \/>Die aussagekr\u00e4ftigsten Vergleichsdaten k\u00f6nnen aus abgeschlossenen, unternehmensinternen Projekten gewonnen werden. Detaillierte Projektnachbereitungen werden in Unternehmen jedoch h\u00e4ufig vernachl\u00e4ssigt, wodurch wertvolle Informationen verloren gehen. Diese Tatsache gab den Ansto\u00df, den Unternehmen eine Software zur Verf\u00fcgung zu stellen, mit deren Hilfe die enorm wertvollen Informationen aus abgeschlossenen Projekten kosten- und zeitsparend generiert werden k\u00f6nnen.<br \/>Die Software ist nicht nur von betrieblichem Nutzen. S\u00e4mtliche dokumentierte Projekte werden anonymisiert in eine Datenbank aufgenommen, wodurch eine bundesl\u00e4nder\u00fcbergreifende Kostendatenbank f\u00fcr den \u00f6sterreichischen Bau- und Immobilienmarkt geschaffen wird. <br \/>Der vorliegende Forschungsbericht zeigt die Ergebnisse der Entwicklung des Kostendokumentationstools. F\u00fcr detaillierte Informationen bez\u00fcglich der Kostendatenbank und des Kostenplanungstools wird an dieser Stelle auf den n\u00e4chsten Teilbericht verwiesen.<\/p>","protected":false},"excerpt":{"rendered":"<p class=\"qtranxs-available-languages-message qtranxs-available-languages-message-en\">Sorry, this entry is only available in <a href=\"https:\/\/tugraztestweb.asol.at\/de\/wp-json\/wp\/v2\/product\/40482\" class=\"qtranxs-available-language-link qtranxs-available-language-link-de\" title=\"Deutsch\">Deutsch<\/a>.<\/p>\n<p>Die Planung der Baukosten ist ein essentieller Bestandteil des Planungsprozesses. Der Grundstein f\u00fcr erfolgreiche Projektabwicklungen wird durch professionelle Kostenplanungen gelegt, welche nur durch Anwendung entsprechender Methoden mit qualifizierten Vergleichsdaten gew\u00e4hrleistet werden k\u00f6nnen.<br \/>Die aussagekr\u00e4ftigsten Vergleichsdaten k\u00f6nnen aus abgeschlossenen, unternehmensinternen Projekten gewonnen werden. Detaillierte Projektnachbereitungen werden in Unternehmen jedoch h\u00e4ufig vernachl\u00e4ssigt, wodurch wertvolle Informationen verloren gehen. Diese Tatsache gab den Ansto\u00df, den Unternehmen eine Software zur Verf\u00fcgung zu stellen, mit deren Hilfe die enorm wertvollen Informationen aus abgeschlossenen Projekten kosten- und zeitsparend generiert werden k\u00f6nnen.<br \/>Die Software ist nicht nur von betrieblichem Nutzen. S\u00e4mtliche dokumentierte Projekte werden anonymisiert in eine Datenbank aufgenommen, wodurch eine bundesl\u00e4nder\u00fcbergreifende Kostendatenbank f\u00fcr den \u00f6sterreichischen Bau- und Immobilienmarkt geschaffen wird. <br \/>Der vorliegende Forschungsbericht zeigt die Ergebnisse der Entwicklung des Kostendokumentationstools. F\u00fcr detaillierte Informationen bez\u00fcglich der Kostendatenbank und des Kostenplanungstools wird an dieser Stelle auf den n\u00e4chsten Teilbericht verwiesen.<\/p>\n","protected":false},"featured_media":40609,"comment_status":"closed","ping_status":"closed","template":"","meta":[],"yoast_head":"<!-- This site is optimized with the Yoast SEO plugin v16.1.1 - https:\/\/yoast.com\/wordpress\/plugins\/seo\/ -->\n<link rel=\"canonical\" href=\"https:\/\/tugraztestweb.asol.at\/en\/gesamtverzeichnis\/bauingenieurwissenschaften\/softwarebasierte-kostenplanung\/\" \/>\n<meta property=\"og:locale\" content=\"en_US\" \/>\n<meta property=\"og:type\" content=\"article\" \/>\n<meta property=\"og:title\" content=\"Softwarebasierte Kostenplanung - Verlag der TU Graz\" \/>\n<meta property=\"og:description\" content=\"Die Planung der Baukosten ist ein essentieller Bestandteil des Planungsprozesses. Der Grundstein f\u00fcr erfolgreiche Projektabwicklungen wird durch professionelle Kostenplanungen gelegt, welche nur durch Anwendung entsprechender Methoden mit qualifizierten Vergleichsdaten gew\u00e4hrleistet werden k\u00f6nnen.Die aussagekr\u00e4ftigsten Vergleichsdaten k\u00f6nnen aus abgeschlossenen, unternehmensinternen Projekten gewonnen werden. Detaillierte Projektnachbereitungen werden in Unternehmen jedoch h\u00e4ufig vernachl\u00e4ssigt, wodurch wertvolle Informationen verloren gehen. Diese Tatsache gab den Ansto\u00df, den Unternehmen eine Software zur Verf\u00fcgung zu stellen, mit deren Hilfe die enorm wertvollen Informationen aus abgeschlossenen Projekten kosten- und zeitsparend generiert werden k\u00f6nnen.Die Software ist nicht nur von betrieblichem Nutzen. S\u00e4mtliche dokumentierte Projekte werden anonymisiert in eine Datenbank aufgenommen, wodurch eine bundesl\u00e4nder\u00fcbergreifende Kostendatenbank f\u00fcr den \u00f6sterreichischen Bau- und Immobilienmarkt geschaffen wird. Der vorliegende Forschungsbericht zeigt die Ergebnisse der Entwicklung des Kostendokumentationstools. F\u00fcr detaillierte Informationen bez\u00fcglich der Kostendatenbank und des Kostenplanungstools wird an dieser Stelle auf den n\u00e4chsten Teilbericht verwiesen.\" \/>\n<meta property=\"og:url\" content=\"https:\/\/tugraztestweb.asol.at\/en\/gesamtverzeichnis\/bauingenieurwissenschaften\/softwarebasierte-kostenplanung\/\" \/>\n<meta property=\"og:site_name\" content=\"Verlag der TU Graz\" \/>\n<meta property=\"article:modified_time\" content=\"2020-12-22T12:46:20+00:00\" \/>\n<meta property=\"og:image\" content=\"https:\/\/tugraztestweb.asol.at\/wp-content\/uploads\/2020\/12\/image-978-3-85125-768-7.jpg\" \/>\n\t<meta property=\"og:image:width\" content=\"1240\" \/>\n\t<meta property=\"og:image:height\" content=\"1754\" \/>\n<meta name=\"twitter:card\" content=\"summary_large_image\" \/>\n<meta name=\"twitter:label1\" content=\"Est. reading time\">\n\t<meta name=\"twitter:data1\" content=\"1 minute\">\n<script type=\"application\/ld+json\" class=\"yoast-schema-graph\">{\"@context\":\"https:\/\/schema.org\",\"@graph\":[{\"@type\":\"WebSite\",\"@id\":\"https:\/\/tugraztestweb.asol.at\/#website\",\"url\":\"https:\/\/tugraztestweb.asol.at\/\",\"name\":\"Verlag der TU Graz\",\"description\":\"Verlag der Technischen Universit\\u00e4t Graz\",\"potentialAction\":[{\"@type\":\"SearchAction\",\"target\":\"https:\/\/tugraztestweb.asol.at\/?s={search_term_string}\",\"query-input\":\"required name=search_term_string\"}],\"inLanguage\":\"en-US\"},{\"@type\":\"ImageObject\",\"@id\":\"https:\/\/tugraztestweb.asol.at\/en\/gesamtverzeichnis\/bauingenieurwissenschaften\/softwarebasierte-kostenplanung\/#primaryimage\",\"inLanguage\":\"en-US\",\"url\":\"https:\/\/tugraztestweb.asol.at\/wp-content\/uploads\/2020\/12\/image-978-3-85125-768-7.jpg\",\"contentUrl\":\"https:\/\/tugraztestweb.asol.at\/wp-content\/uploads\/2020\/12\/image-978-3-85125-768-7.jpg\",\"width\":1240,\"height\":1754},{\"@type\":\"WebPage\",\"@id\":\"https:\/\/tugraztestweb.asol.at\/en\/gesamtverzeichnis\/bauingenieurwissenschaften\/softwarebasierte-kostenplanung\/#webpage\",\"url\":\"https:\/\/tugraztestweb.asol.at\/en\/gesamtverzeichnis\/bauingenieurwissenschaften\/softwarebasierte-kostenplanung\/\",\"name\":\"Softwarebasierte Kostenplanung - Verlag der TU Graz\",\"isPartOf\":{\"@id\":\"https:\/\/tugraztestweb.asol.at\/#website\"},\"primaryImageOfPage\":{\"@id\":\"https:\/\/tugraztestweb.asol.at\/en\/gesamtverzeichnis\/bauingenieurwissenschaften\/softwarebasierte-kostenplanung\/#primaryimage\"},\"datePublished\":\"2020-12-22T11:45:20+00:00\",\"dateModified\":\"2020-12-22T12:46:20+00:00\",\"breadcrumb\":{\"@id\":\"https:\/\/tugraztestweb.asol.at\/en\/gesamtverzeichnis\/bauingenieurwissenschaften\/softwarebasierte-kostenplanung\/#breadcrumb\"},\"inLanguage\":\"en-US\",\"potentialAction\":[{\"@type\":\"ReadAction\",\"target\":[\"https:\/\/tugraztestweb.asol.at\/en\/gesamtverzeichnis\/bauingenieurwissenschaften\/softwarebasierte-kostenplanung\/\"]}]},{\"@type\":\"BreadcrumbList\",\"@id\":\"https:\/\/tugraztestweb.asol.at\/en\/gesamtverzeichnis\/bauingenieurwissenschaften\/softwarebasierte-kostenplanung\/#breadcrumb\",\"itemListElement\":[{\"@type\":\"ListItem\",\"position\":1,\"item\":{\"@type\":\"WebPage\",\"@id\":\"https:\/\/tugraztestweb.asol.at\/\",\"url\":\"https:\/\/tugraztestweb.asol.at\/\",\"name\":\"Home\"}},{\"@type\":\"ListItem\",\"position\":2,\"item\":{\"@type\":\"WebPage\",\"@id\":\"https:\/\/tugraztestweb.asol.at\/gesamtverzeichnis\/\",\"url\":\"https:\/\/tugraztestweb.asol.at\/gesamtverzeichnis\/\",\"name\":\"Gesamtverzeichnis\"}},{\"@type\":\"ListItem\",\"position\":3,\"item\":{\"@type\":\"WebPage\",\"@id\":\"https:\/\/tugraztestweb.asol.at\/en\/gesamtverzeichnis\/bauingenieurwissenschaften\/softwarebasierte-kostenplanung\/\",\"url\":\"https:\/\/tugraztestweb.asol.at\/en\/gesamtverzeichnis\/bauingenieurwissenschaften\/softwarebasierte-kostenplanung\/\",\"name\":\"Softwarebasierte Kostenplanung\"}}]}]}<\/script>\n<!-- \/ Yoast SEO plugin. -->","_links":{"self":[{"href":"https:\/\/tugraztestweb.asol.at\/en\/wp-json\/wp\/v2\/product\/40482"}],"collection":[{"href":"https:\/\/tugraztestweb.asol.at\/en\/wp-json\/wp\/v2\/product"}],"about":[{"href":"https:\/\/tugraztestweb.asol.at\/en\/wp-json\/wp\/v2\/types\/product"}],"replies":[{"embeddable":true,"href":"https:\/\/tugraztestweb.asol.at\/en\/wp-json\/wp\/v2\/comments?post=40482"}],"wp:featuredmedia":[{"embeddable":true,"href":"https:\/\/tugraztestweb.asol.at\/en\/wp-json\/wp\/v2\/media\/40609"}],"wp:attachment":[{"href":"https:\/\/tugraztestweb.asol.at\/en\/wp-json\/wp\/v2\/media?parent=40482"}],"curies":[{"name":"wp","href":"https:\/\/api.w.org\/{rel}","templated":true}]}}