{"id":40533,"date":"2020-12-01T07:35:13","date_gmt":"2020-12-01T07:35:13","guid":{"rendered":"https:\/\/tugraztestweb.asol.at\/gesamtverzeichnis\/unkategorisiert\/empty-product-container\/"},"modified":"2020-12-01T10:36:13","modified_gmt":"2020-12-01T08:36:13","slug":"personalbibliographien-oesterreichischer-frauen-in-kultur-wissenschaft-und-politik","status":"publish","type":"product","link":"https:\/\/tugraztestweb.asol.at\/en\/gesamtverzeichnis\/architektur\/personalbibliographien-oesterreichischer-frauen-in-kultur-wissenschaft-und-politik\/","title":{"rendered":"Personalbibliographien \u00f6sterreichischer Frauen in Kultur, Wissenschaft und Politik"},"content":{"rendered":"<p class=\"qtranxs-available-languages-message qtranxs-available-languages-message-en\">Sorry, this entry is only available in <a href=\"https:\/\/tugraztestweb.asol.at\/de\/wp-json\/wp\/v2\/product\/40533\" class=\"qtranxs-available-language-link qtranxs-available-language-link-de\" title=\"Deutsch\">Deutsch<\/a>.<\/p><p>Das Jahr 2019 war f\u00fcr die Technischen Universit\u00e4ten \u00d6sterreichs, die Montanuniversit\u00e4t Leoben und die Universit\u00e4t f\u00fcr Bodenkultur in Wien ein Jubil\u00e4umsjahr. 100 Jahre war es her, dass Frauen an diesen Hochschulen uneingeschr\u00e4nkt studieren und absolvieren konnten. F\u00fcr Hofrat Karl F. Stock und seine Mitautor*innen war dieses Jubil\u00e4um der willkommene Anlass, sich mit den Personalbibliographien \u00d6sterreichischer Frauen auseinanderzusetzen.<br \/>In dem von Stock-Heilinger-Stock verfassten Band sind 1781 Frauen aus den Bereichen Kunst und Kultur, Wissenschaft und Politik mit 7.090 Bibliographien und Werkverzeichnissen nachgewiesen. <br \/><\/p>","protected":false},"excerpt":{"rendered":"<p class=\"qtranxs-available-languages-message qtranxs-available-languages-message-en\">Sorry, this entry is only available in <a href=\"https:\/\/tugraztestweb.asol.at\/de\/wp-json\/wp\/v2\/product\/40533\" class=\"qtranxs-available-language-link qtranxs-available-language-link-de\" title=\"Deutsch\">Deutsch<\/a>.<\/p>\n<p>Das Jahr 2019 war f\u00fcr die Technischen Universit\u00e4ten \u00d6sterreichs, die Montanuniversit\u00e4t Leoben und die Universit\u00e4t f\u00fcr Bodenkultur in Wien ein Jubil\u00e4umsjahr. 100 Jahre war es her, dass Frauen an diesen Hochschulen uneingeschr\u00e4nkt studieren und absolvieren konnten. F\u00fcr Hofrat Karl F. Stock und seine Mitautor*innen war dieses Jubil\u00e4um der willkommene Anlass, sich mit den Personalbibliographien \u00d6sterreichischer Frauen auseinanderzusetzen.<br \/>In dem von Stock-Heilinger-Stock verfassten Band sind 1781 Frauen aus den Bereichen Kunst und Kultur, Wissenschaft und Politik mit 7.090 Bibliographien und Werkverzeichnissen nachgewiesen. <\/p>\n","protected":false},"featured_media":40536,"comment_status":"closed","ping_status":"closed","template":"","meta":[],"yoast_head":"<!-- This site is optimized with the Yoast SEO plugin v16.1.1 - https:\/\/yoast.com\/wordpress\/plugins\/seo\/ -->\n<link rel=\"canonical\" href=\"https:\/\/tugraztestweb.asol.at\/gesamtverzeichnis\/architektur\/personalbibliographien-oesterreichischer-frauen-in-kultur-wissenschaft-und-politik\/\" \/>\n<meta property=\"og:locale\" content=\"en_US\" \/>\n<meta property=\"og:type\" content=\"article\" \/>\n<meta property=\"og:title\" content=\"Personalbibliographien \u00f6sterreichischer Frauen in Kultur, Wissenschaft und Politik - Verlag der TU Graz\" \/>\n<meta property=\"og:description\" content=\"Das Jahr 2019 war f\u00fcr die Technischen Universit\u00e4ten \u00d6sterreichs, die Montanuniversit\u00e4t Leoben und die Universit\u00e4t f\u00fcr Bodenkultur in Wien ein Jubil\u00e4umsjahr. 100 Jahre war es her, dass Frauen an diesen Hochschulen uneingeschr\u00e4nkt studieren und absolvieren konnten. F\u00fcr Hofrat Karl F. Stock und seine Mitautor*innen war dieses Jubil\u00e4um der willkommene Anlass, sich mit den Personalbibliographien \u00d6sterreichischer Frauen auseinanderzusetzen.In dem von Stock-Heilinger-Stock verfassten Band sind 1781 Frauen aus den Bereichen Kunst und Kultur, Wissenschaft und Politik mit 7.090 Bibliographien und Werkverzeichnissen nachgewiesen.\" \/>\n<meta property=\"og:url\" content=\"https:\/\/tugraztestweb.asol.at\/gesamtverzeichnis\/architektur\/personalbibliographien-oesterreichischer-frauen-in-kultur-wissenschaft-und-politik\/\" \/>\n<meta property=\"og:site_name\" content=\"Verlag der TU Graz\" \/>\n<meta property=\"article:modified_time\" content=\"2020-12-01T08:36:13+00:00\" \/>\n<meta property=\"og:image\" content=\"https:\/\/tugraztestweb.asol.at\/wp-content\/uploads\/2020\/12\/image-978-3-85125-760-1.jpg\" \/>\n\t<meta property=\"og:image:width\" content=\"609\" \/>\n\t<meta property=\"og:image:height\" content=\"863\" \/>\n<meta name=\"twitter:card\" content=\"summary_large_image\" \/>\n<script type=\"application\/ld+json\" class=\"yoast-schema-graph\">{\"@context\":\"https:\/\/schema.org\",\"@graph\":[{\"@type\":\"WebSite\",\"@id\":\"https:\/\/tugraztestweb.asol.at\/#website\",\"url\":\"https:\/\/tugraztestweb.asol.at\/\",\"name\":\"Verlag der TU Graz\",\"description\":\"Verlag der Technischen Universit\\u00e4t Graz\",\"potentialAction\":[{\"@type\":\"SearchAction\",\"target\":\"https:\/\/tugraztestweb.asol.at\/?s={search_term_string}\",\"query-input\":\"required name=search_term_string\"}],\"inLanguage\":\"en-US\"},{\"@type\":\"ImageObject\",\"@id\":\"https:\/\/tugraztestweb.asol.at\/gesamtverzeichnis\/architektur\/personalbibliographien-oesterreichischer-frauen-in-kultur-wissenschaft-und-politik\/#primaryimage\",\"inLanguage\":\"en-US\",\"url\":\"https:\/\/tugraztestweb.asol.at\/wp-content\/uploads\/2020\/12\/image-978-3-85125-760-1.jpg\",\"contentUrl\":\"https:\/\/tugraztestweb.asol.at\/wp-content\/uploads\/2020\/12\/image-978-3-85125-760-1.jpg\",\"width\":609,\"height\":863},{\"@type\":\"WebPage\",\"@id\":\"https:\/\/tugraztestweb.asol.at\/gesamtverzeichnis\/architektur\/personalbibliographien-oesterreichischer-frauen-in-kultur-wissenschaft-und-politik\/#webpage\",\"url\":\"https:\/\/tugraztestweb.asol.at\/gesamtverzeichnis\/architektur\/personalbibliographien-oesterreichischer-frauen-in-kultur-wissenschaft-und-politik\/\",\"name\":\"Personalbibliographien \\u00f6sterreichischer Frauen in Kultur, Wissenschaft und Politik - Verlag der TU Graz\",\"isPartOf\":{\"@id\":\"https:\/\/tugraztestweb.asol.at\/#website\"},\"primaryImageOfPage\":{\"@id\":\"https:\/\/tugraztestweb.asol.at\/gesamtverzeichnis\/architektur\/personalbibliographien-oesterreichischer-frauen-in-kultur-wissenschaft-und-politik\/#primaryimage\"},\"datePublished\":\"2020-12-01T07:35:13+00:00\",\"dateModified\":\"2020-12-01T08:36:13+00:00\",\"breadcrumb\":{\"@id\":\"https:\/\/tugraztestweb.asol.at\/gesamtverzeichnis\/architektur\/personalbibliographien-oesterreichischer-frauen-in-kultur-wissenschaft-und-politik\/#breadcrumb\"},\"inLanguage\":\"en-US\",\"potentialAction\":[{\"@type\":\"ReadAction\",\"target\":[\"https:\/\/tugraztestweb.asol.at\/gesamtverzeichnis\/architektur\/personalbibliographien-oesterreichischer-frauen-in-kultur-wissenschaft-und-politik\/\"]}]},{\"@type\":\"BreadcrumbList\",\"@id\":\"https:\/\/tugraztestweb.asol.at\/gesamtverzeichnis\/architektur\/personalbibliographien-oesterreichischer-frauen-in-kultur-wissenschaft-und-politik\/#breadcrumb\",\"itemListElement\":[{\"@type\":\"ListItem\",\"position\":1,\"item\":{\"@type\":\"WebPage\",\"@id\":\"https:\/\/tugraztestweb.asol.at\/\",\"url\":\"https:\/\/tugraztestweb.asol.at\/\",\"name\":\"Home\"}},{\"@type\":\"ListItem\",\"position\":2,\"item\":{\"@type\":\"WebPage\",\"@id\":\"https:\/\/tugraztestweb.asol.at\/gesamtverzeichnis\/\",\"url\":\"https:\/\/tugraztestweb.asol.at\/gesamtverzeichnis\/\",\"name\":\"Gesamtverzeichnis\"}},{\"@type\":\"ListItem\",\"position\":3,\"item\":{\"@type\":\"WebPage\",\"@id\":\"https:\/\/tugraztestweb.asol.at\/gesamtverzeichnis\/architektur\/personalbibliographien-oesterreichischer-frauen-in-kultur-wissenschaft-und-politik\/\",\"url\":\"https:\/\/tugraztestweb.asol.at\/gesamtverzeichnis\/architektur\/personalbibliographien-oesterreichischer-frauen-in-kultur-wissenschaft-und-politik\/\",\"name\":\"Personalbibliographien \\u00f6sterreichischer Frauen in Kultur, Wissenschaft und Politik\"}}]}]}<\/script>\n<!-- \/ Yoast SEO plugin. -->","_links":{"self":[{"href":"https:\/\/tugraztestweb.asol.at\/en\/wp-json\/wp\/v2\/product\/40533"}],"collection":[{"href":"https:\/\/tugraztestweb.asol.at\/en\/wp-json\/wp\/v2\/product"}],"about":[{"href":"https:\/\/tugraztestweb.asol.at\/en\/wp-json\/wp\/v2\/types\/product"}],"replies":[{"embeddable":true,"href":"https:\/\/tugraztestweb.asol.at\/en\/wp-json\/wp\/v2\/comments?post=40533"}],"wp:featuredmedia":[{"embeddable":true,"href":"https:\/\/tugraztestweb.asol.at\/en\/wp-json\/wp\/v2\/media\/40536"}],"wp:attachment":[{"href":"https:\/\/tugraztestweb.asol.at\/en\/wp-json\/wp\/v2\/media?parent=40533"}],"curies":[{"name":"wp","href":"https:\/\/api.w.org\/{rel}","templated":true}]}}