{"id":40583,"date":"2021-01-08T09:58:50","date_gmt":"2021-01-08T09:58:50","guid":{"rendered":"https:\/\/tugraztestweb.asol.at\/gesamtverzeichnis\/unkategorisiert\/sustainable-asset-management-for-turnouts-2\/"},"modified":"2021-01-08T12:59:51","modified_gmt":"2021-01-08T10:59:51","slug":"railway-infrastructure-condition-monitoring-and-asset-management-the-case-of-fibre-optic-sensing","status":"publish","type":"product","link":"https:\/\/tugraztestweb.asol.at\/en\/gesamtverzeichnis\/bauingenieurwissenschaften\/railway-infrastructure-condition-monitoring-and-asset-management-the-case-of-fibre-optic-sensing\/","title":{"rendered":"Railway Infrastructure Condition Monitoring and Asset Management &#8211; The Case of Fibre Optic Sensing"},"content":{"rendered":"<p> The condition monitoring and assessment of railway infrastructure are vital tasks of infrastructure managers. Economically and technically optimal maintenance measures and strategies are planned and executed based on the condition assessments.<br \/>The present work examines the potential of fibre optic cables, which are already installed in cable troughs alongside railway tracks, for railway infrastructure condition monitoring and assessment. Distributed Acoustic Sensing (DAS) transforms the fibre optic cable into a linear sensor detecting all structure-borne sound waves and vibrations. <br \/>The results presented demonstrate the applicability of DAS for infrastructure condition monitoring. The current condition as well as the emergence or deterioration of isolated track defects over time can be assessed and quantified. Furthermore, both the quality of maintenance work such as tamping, and its effect can be evaluated. DAS enables data-based condition monitoring of turnouts and insulated rail joints. This permits to draw conclusions on the current condition of assets and sections. <br \/>This work provides a basis for future developments and shows that a holistic and permanent condition monitoring, as well as condition assessment of the railway infrastructure, can be achieved utilising DAS.<\/p>\n<p><\/p>","protected":false},"excerpt":{"rendered":"<p>The condition monitoring and assessment of railway infrastructure are vital tasks of infrastructure managers. Economically and technically optimal maintenance measures and strategies are planned and executed based on the condition assessments.<br \/>The present work examines the potential of fibre optic cables, which are already installed in cable troughs alongside railway tracks, for railway infrastructure condition monitoring and assessment. Distributed Acoustic Sensing (DAS) transforms the fibre optic cable into a linear sensor detecting all structure-borne sound waves and vibrations. <br \/>The results presented demonstrate the applicability of DAS for infrastructure condition monitoring. The current condition as well as the emergence or deterioration of isolated track defects over time can be assessed and quantified. Furthermore, both the quality of maintenance work such as tamping, and its effect can be evaluated. DAS enables data-based condition monitoring of turnouts and insulated rail joints. This permits to draw conclusions on the current condition of assets and sections. <br \/>This work provides a basis for future developments and shows that a holistic and permanent condition monitoring, as well as condition assessment of the railway infrastructure, can be achieved utilising DAS.<\/p>\n","protected":false},"featured_media":40620,"comment_status":"closed","ping_status":"closed","template":"","meta":[],"yoast_head":"<!-- This site is optimized with the Yoast SEO plugin v16.1.1 - https:\/\/yoast.com\/wordpress\/plugins\/seo\/ -->\n<link rel=\"canonical\" href=\"https:\/\/tugraztestweb.asol.at\/gesamtverzeichnis\/bauingenieurwissenschaften\/railway-infrastructure-condition-monitoring-and-asset-management-the-case-of-fibre-optic-sensing\/\" \/>\n<meta property=\"og:locale\" content=\"en_US\" \/>\n<meta property=\"og:type\" content=\"article\" \/>\n<meta property=\"og:title\" content=\"Railway Infrastructure Condition Monitoring and Asset Management - The Case of Fibre Optic Sensing - Verlag der TU Graz\" \/>\n<meta property=\"og:description\" content=\"Die Erfassung des Fahrwegzustands der Eisenbahn ist eine der wichtigsten Aufgaben von Infrastrukturbetreibern. Basierend auf den Zustandsbewertungen werden wirtschaftlich und technisch optimale Instandhaltungsma\u00dfnahmen und -strategien geplant und ausgef\u00fchrt. Die gegenst\u00e4ndliche Arbeit untersucht die M\u00f6glichkeit bereits verlegte Lichtwellenleiter zur Zustandserfassung des Fahrwegs zu verwenden. Distributed Acoustic Sensing (DAS) verwandelt den Lichtwellenleiter in einen linearen Sensor, der alle K\u00f6rperschallwellen und Vibrationen erfasst. Die Ergebnisse zeigen, dass DAS zur Zustands\u00fcberwachung des Fahrwegs eingesetzt werden kann. Es kann nicht nur der aktuelle Zustand, sondern auch die Entwicklung bzw. Verschlechterung von Einzelfehlern \u00fcber die Zeit gemessen und quantifiziert werden kann. Zus\u00e4tzlich k\u00f6nnen sowohl die Qualit\u00e4t von Instandhaltungsarbeiten, wie beispielsweise Stopfen, als auch deren Effekt bewertet werden. Dar\u00fcber hinaus erm\u00f6glicht DAS eine messdatenbasierte Zustands\u00fcberwachung von Herzst\u00fccken und Isolierst\u00f6\u00dfen und l\u00e4sst folglich eine Zustandsbewertung dieser Anlagen zu. Diese Arbeit bietet eine Grundlage f\u00fcr zuk\u00fcnftige Entwicklungen und zeigt wie sich eine holistische und permanente Zustands\u00fcberwachung -bewertung des Eisenbahnfahrwegs gestalten l\u00e4sst.The condition monitoring and assessment of railway infrastructure are vital tasks of infrastructure managers. Economically and technically optimal maintenance measures and strategies are planned and executed based on the condition assessments.The present work examines the potential of fibre optic cables, which are already installed in cable troughs alongside railway tracks, for railway infrastructure condition monitoring and assessment. Distributed Acoustic Sensing (DAS) transforms the fibre optic cable into a linear sensor detecting all structure-borne sound waves and vibrations. The results presented demonstrate the applicability of DAS for infrastructure condition monitoring. The current condition as well as the emergence or deterioration of isolated track defects over time can be assessed and quantified. Furthermore, both the quality of maintenance work such as tamping, and its effect can be evaluated. DAS enables data-based condition monitoring of turnouts and insulated rail joints. This permits to draw conclusions on the current condition of assets and sections. This work provides a basis for future developments and shows that a holistic and permanent condition monitoring, as well as condition assessment of the railway infrastructure, can be achieved utilising DAS.\" \/>\n<meta property=\"og:url\" content=\"https:\/\/tugraztestweb.asol.at\/gesamtverzeichnis\/bauingenieurwissenschaften\/railway-infrastructure-condition-monitoring-and-asset-management-the-case-of-fibre-optic-sensing\/\" \/>\n<meta property=\"og:site_name\" content=\"Verlag der TU Graz\" \/>\n<meta property=\"article:modified_time\" content=\"2021-01-08T10:59:51+00:00\" \/>\n<meta property=\"og:image\" content=\"https:\/\/tugraztestweb.asol.at\/wp-content\/uploads\/2021\/01\/image-978-3-85125-778-6.jpg\" \/>\n\t<meta property=\"og:image:width\" content=\"593\" \/>\n\t<meta property=\"og:image:height\" content=\"858\" \/>\n<meta name=\"twitter:card\" content=\"summary_large_image\" \/>\n<meta name=\"twitter:label1\" content=\"Est. reading time\">\n\t<meta name=\"twitter:data1\" content=\"2 minutes\">\n<script type=\"application\/ld+json\" class=\"yoast-schema-graph\">{\"@context\":\"https:\/\/schema.org\",\"@graph\":[{\"@type\":\"WebSite\",\"@id\":\"https:\/\/tugraztestweb.asol.at\/#website\",\"url\":\"https:\/\/tugraztestweb.asol.at\/\",\"name\":\"Verlag der TU Graz\",\"description\":\"Verlag der Technischen Universit\\u00e4t Graz\",\"potentialAction\":[{\"@type\":\"SearchAction\",\"target\":\"https:\/\/tugraztestweb.asol.at\/?s={search_term_string}\",\"query-input\":\"required name=search_term_string\"}],\"inLanguage\":\"en-US\"},{\"@type\":\"ImageObject\",\"@id\":\"https:\/\/tugraztestweb.asol.at\/gesamtverzeichnis\/bauingenieurwissenschaften\/railway-infrastructure-condition-monitoring-and-asset-management-the-case-of-fibre-optic-sensing\/#primaryimage\",\"inLanguage\":\"en-US\",\"url\":\"https:\/\/tugraztestweb.asol.at\/wp-content\/uploads\/2021\/01\/image-978-3-85125-778-6.jpg\",\"contentUrl\":\"https:\/\/tugraztestweb.asol.at\/wp-content\/uploads\/2021\/01\/image-978-3-85125-778-6.jpg\",\"width\":593,\"height\":858},{\"@type\":\"WebPage\",\"@id\":\"https:\/\/tugraztestweb.asol.at\/gesamtverzeichnis\/bauingenieurwissenschaften\/railway-infrastructure-condition-monitoring-and-asset-management-the-case-of-fibre-optic-sensing\/#webpage\",\"url\":\"https:\/\/tugraztestweb.asol.at\/gesamtverzeichnis\/bauingenieurwissenschaften\/railway-infrastructure-condition-monitoring-and-asset-management-the-case-of-fibre-optic-sensing\/\",\"name\":\"Railway Infrastructure Condition Monitoring and Asset Management - The Case of Fibre Optic Sensing - Verlag der TU Graz\",\"isPartOf\":{\"@id\":\"https:\/\/tugraztestweb.asol.at\/#website\"},\"primaryImageOfPage\":{\"@id\":\"https:\/\/tugraztestweb.asol.at\/gesamtverzeichnis\/bauingenieurwissenschaften\/railway-infrastructure-condition-monitoring-and-asset-management-the-case-of-fibre-optic-sensing\/#primaryimage\"},\"datePublished\":\"2021-01-08T09:58:50+00:00\",\"dateModified\":\"2021-01-08T10:59:51+00:00\",\"breadcrumb\":{\"@id\":\"https:\/\/tugraztestweb.asol.at\/gesamtverzeichnis\/bauingenieurwissenschaften\/railway-infrastructure-condition-monitoring-and-asset-management-the-case-of-fibre-optic-sensing\/#breadcrumb\"},\"inLanguage\":\"en-US\",\"potentialAction\":[{\"@type\":\"ReadAction\",\"target\":[\"https:\/\/tugraztestweb.asol.at\/gesamtverzeichnis\/bauingenieurwissenschaften\/railway-infrastructure-condition-monitoring-and-asset-management-the-case-of-fibre-optic-sensing\/\"]}]},{\"@type\":\"BreadcrumbList\",\"@id\":\"https:\/\/tugraztestweb.asol.at\/gesamtverzeichnis\/bauingenieurwissenschaften\/railway-infrastructure-condition-monitoring-and-asset-management-the-case-of-fibre-optic-sensing\/#breadcrumb\",\"itemListElement\":[{\"@type\":\"ListItem\",\"position\":1,\"item\":{\"@type\":\"WebPage\",\"@id\":\"https:\/\/tugraztestweb.asol.at\/\",\"url\":\"https:\/\/tugraztestweb.asol.at\/\",\"name\":\"Home\"}},{\"@type\":\"ListItem\",\"position\":2,\"item\":{\"@type\":\"WebPage\",\"@id\":\"https:\/\/tugraztestweb.asol.at\/gesamtverzeichnis\/\",\"url\":\"https:\/\/tugraztestweb.asol.at\/gesamtverzeichnis\/\",\"name\":\"Gesamtverzeichnis\"}},{\"@type\":\"ListItem\",\"position\":3,\"item\":{\"@type\":\"WebPage\",\"@id\":\"https:\/\/tugraztestweb.asol.at\/gesamtverzeichnis\/bauingenieurwissenschaften\/railway-infrastructure-condition-monitoring-and-asset-management-the-case-of-fibre-optic-sensing\/\",\"url\":\"https:\/\/tugraztestweb.asol.at\/gesamtverzeichnis\/bauingenieurwissenschaften\/railway-infrastructure-condition-monitoring-and-asset-management-the-case-of-fibre-optic-sensing\/\",\"name\":\"Railway Infrastructure Condition Monitoring and Asset Management &#8211; The Case of Fibre Optic Sensing\"}}]}]}<\/script>\n<!-- \/ Yoast SEO plugin. -->","_links":{"self":[{"href":"https:\/\/tugraztestweb.asol.at\/en\/wp-json\/wp\/v2\/product\/40583"}],"collection":[{"href":"https:\/\/tugraztestweb.asol.at\/en\/wp-json\/wp\/v2\/product"}],"about":[{"href":"https:\/\/tugraztestweb.asol.at\/en\/wp-json\/wp\/v2\/types\/product"}],"replies":[{"embeddable":true,"href":"https:\/\/tugraztestweb.asol.at\/en\/wp-json\/wp\/v2\/comments?post=40583"}],"wp:featuredmedia":[{"embeddable":true,"href":"https:\/\/tugraztestweb.asol.at\/en\/wp-json\/wp\/v2\/media\/40620"}],"wp:attachment":[{"href":"https:\/\/tugraztestweb.asol.at\/en\/wp-json\/wp\/v2\/media?parent=40583"}],"curies":[{"name":"wp","href":"https:\/\/api.w.org\/{rel}","templated":true}]}}