{"id":40647,"date":"2021-01-08T06:39:53","date_gmt":"2021-01-08T06:39:53","guid":{"rendered":"https:\/\/tugraztestweb.asol.at\/gesamtverzeichnis\/unkategorisiert\/tesla-nikolaus-und-die-technik-in-graz-2\/"},"modified":"2021-01-08T09:40:53","modified_gmt":"2021-01-08T07:40:53","slug":"in-asiatischen-hochgebirgen-zwischen-oxus-und-indus","status":"publish","type":"product","link":"https:\/\/tugraztestweb.asol.at\/en\/gesamtverzeichnis\/interdiszipinaeres\/in-asiatischen-hochgebirgen-zwischen-oxus-und-indus\/","title":{"rendered":"In asiatischen Hochgebirgen zwischen Oxus und Indus"},"content":{"rendered":"<p class=\"qtranxs-available-languages-message qtranxs-available-languages-message-en\">Sorry, this entry is only available in <a href=\"https:\/\/tugraztestweb.asol.at\/de\/wp-json\/wp\/v2\/product\/40647\" class=\"qtranxs-available-language-link qtranxs-available-language-link-de\" title=\"Deutsch\">Deutsch<\/a>.<\/p><p>Zwischen den Gipfeln von Hindukusch und Himalaya: Die von H\u00f6hen und Tiefen gepr\u00e4gte Landschaft der zentralasiatischen Flusssysteme ist die Heimat unterschiedlicher ethnischer Gruppen. Handelswege, wissenschaftliche Interessen und Tourismus lie\u00dfen hier eine Vielzahl an Routen entstehen. Sie bahnen sich \u00fcber Gebirgsp\u00e4sse und durch W\u00fcsten ihren Weg durch die atemberaubende Natur.<br \/>Abenteuerliche und aufwendige Expeditionen f\u00fchrten die Europ\u00e4er in dieses Gebiet. Die Biografien dieser Europ\u00e4er erz\u00e4hlen von Neugier, Tatendrang und einem Land der Extreme. Mit Fotografien und Tagebucheintr\u00e4gen l\u00e4ngst vergangener Tage gibt dieses Buch Einblicke in deren waghalsige Entdeckungsfahrten und l\u00e4sst uns die urt\u00fcmliche Landschaft und faszinierende Kultur hautnah miterleben.<br \/><\/p>","protected":false},"excerpt":{"rendered":"<p class=\"qtranxs-available-languages-message qtranxs-available-languages-message-en\">Sorry, this entry is only available in <a href=\"https:\/\/tugraztestweb.asol.at\/de\/wp-json\/wp\/v2\/product\/40647\" class=\"qtranxs-available-language-link qtranxs-available-language-link-de\" title=\"Deutsch\">Deutsch<\/a>.<\/p>\n<p>Zwischen den Gipfeln von Hindukusch und Himalaya: Die von H\u00f6hen und Tiefen gepr\u00e4gte Landschaft der zentralasiatischen Flusssysteme ist die Heimat unterschiedlicher ethnischer Gruppen. Handelswege, wissenschaftliche Interessen und Tourismus lie\u00dfen hier eine Vielzahl an Routen entstehen. Sie bahnen sich \u00fcber Gebirgsp\u00e4sse und durch W\u00fcsten ihren Weg durch die atemberaubende Natur.<br \/>Abenteuerliche und aufwendige Expeditionen f\u00fchrten die Europ\u00e4er in dieses Gebiet. Die Biografien dieser Europ\u00e4er erz\u00e4hlen von Neugier, Tatendrang und einem Land der Extreme. Mit Fotografien und Tagebucheintr\u00e4gen l\u00e4ngst vergangener Tage gibt dieses Buch Einblicke in deren waghalsige Entdeckungsfahrten und l\u00e4sst uns die urt\u00fcmliche Landschaft und faszinierende Kultur hautnah miterleben.<\/p>\n","protected":false},"featured_media":40662,"comment_status":"closed","ping_status":"closed","template":"","meta":[],"yoast_head":"<!-- This site is optimized with the Yoast SEO plugin v16.1.1 - https:\/\/yoast.com\/wordpress\/plugins\/seo\/ -->\n<link rel=\"canonical\" href=\"https:\/\/tugraztestweb.asol.at\/en\/gesamtverzeichnis\/interdiszipinaeres\/in-asiatischen-hochgebirgen-zwischen-oxus-und-indus\/\" \/>\n<meta property=\"og:locale\" content=\"en_US\" \/>\n<meta property=\"og:type\" content=\"article\" \/>\n<meta property=\"og:title\" content=\"In asiatischen Hochgebirgen zwischen Oxus und Indus - Verlag der TU Graz\" \/>\n<meta property=\"og:description\" content=\"Zwischen den Gipfeln von Hindukusch und Himalaya: Die von H\u00f6hen und Tiefen gepr\u00e4gte Landschaft der zentralasiatischen Flusssysteme ist die Heimat unterschiedlicher ethnischer Gruppen. Handelswege, wissenschaftliche Interessen und Tourismus lie\u00dfen hier eine Vielzahl an Routen entstehen. Sie bahnen sich \u00fcber Gebirgsp\u00e4sse und durch W\u00fcsten ihren Weg durch die atemberaubende Natur.Abenteuerliche und aufwendige Expeditionen f\u00fchrten die Europ\u00e4er in dieses Gebiet. Die Biografien dieser Europ\u00e4er erz\u00e4hlen von Neugier, Tatendrang und einem Land der Extreme. Mit Fotografien und Tagebucheintr\u00e4gen l\u00e4ngst vergangener Tage gibt dieses Buch Einblicke in deren waghalsige Entdeckungsfahrten und l\u00e4sst uns die urt\u00fcmliche Landschaft und faszinierende Kultur hautnah miterleben.\" \/>\n<meta property=\"og:url\" content=\"https:\/\/tugraztestweb.asol.at\/en\/gesamtverzeichnis\/interdiszipinaeres\/in-asiatischen-hochgebirgen-zwischen-oxus-und-indus\/\" \/>\n<meta property=\"og:site_name\" content=\"Verlag der TU Graz\" \/>\n<meta property=\"article:modified_time\" content=\"2021-01-08T07:40:53+00:00\" \/>\n<meta property=\"og:image\" content=\"https:\/\/tugraztestweb.asol.at\/wp-content\/uploads\/2021\/01\/image-978-3-85125-791-5.jpg\" \/>\n\t<meta property=\"og:image:width\" content=\"418\" \/>\n\t<meta property=\"og:image:height\" content=\"526\" \/>\n<meta name=\"twitter:card\" content=\"summary_large_image\" \/>\n<meta name=\"twitter:label1\" content=\"Est. reading time\">\n\t<meta name=\"twitter:data1\" content=\"1 minute\">\n<script type=\"application\/ld+json\" class=\"yoast-schema-graph\">{\"@context\":\"https:\/\/schema.org\",\"@graph\":[{\"@type\":\"WebSite\",\"@id\":\"https:\/\/tugraztestweb.asol.at\/#website\",\"url\":\"https:\/\/tugraztestweb.asol.at\/\",\"name\":\"Verlag der TU Graz\",\"description\":\"Verlag der Technischen Universit\\u00e4t Graz\",\"potentialAction\":[{\"@type\":\"SearchAction\",\"target\":\"https:\/\/tugraztestweb.asol.at\/?s={search_term_string}\",\"query-input\":\"required name=search_term_string\"}],\"inLanguage\":\"en-US\"},{\"@type\":\"ImageObject\",\"@id\":\"https:\/\/tugraztestweb.asol.at\/en\/gesamtverzeichnis\/interdiszipinaeres\/in-asiatischen-hochgebirgen-zwischen-oxus-und-indus\/#primaryimage\",\"inLanguage\":\"en-US\",\"url\":\"https:\/\/tugraztestweb.asol.at\/wp-content\/uploads\/2021\/01\/image-978-3-85125-791-5.jpg\",\"contentUrl\":\"https:\/\/tugraztestweb.asol.at\/wp-content\/uploads\/2021\/01\/image-978-3-85125-791-5.jpg\",\"width\":418,\"height\":526},{\"@type\":\"WebPage\",\"@id\":\"https:\/\/tugraztestweb.asol.at\/en\/gesamtverzeichnis\/interdiszipinaeres\/in-asiatischen-hochgebirgen-zwischen-oxus-und-indus\/#webpage\",\"url\":\"https:\/\/tugraztestweb.asol.at\/en\/gesamtverzeichnis\/interdiszipinaeres\/in-asiatischen-hochgebirgen-zwischen-oxus-und-indus\/\",\"name\":\"In asiatischen Hochgebirgen zwischen Oxus und Indus - Verlag der TU Graz\",\"isPartOf\":{\"@id\":\"https:\/\/tugraztestweb.asol.at\/#website\"},\"primaryImageOfPage\":{\"@id\":\"https:\/\/tugraztestweb.asol.at\/en\/gesamtverzeichnis\/interdiszipinaeres\/in-asiatischen-hochgebirgen-zwischen-oxus-und-indus\/#primaryimage\"},\"datePublished\":\"2021-01-08T06:39:53+00:00\",\"dateModified\":\"2021-01-08T07:40:53+00:00\",\"breadcrumb\":{\"@id\":\"https:\/\/tugraztestweb.asol.at\/en\/gesamtverzeichnis\/interdiszipinaeres\/in-asiatischen-hochgebirgen-zwischen-oxus-und-indus\/#breadcrumb\"},\"inLanguage\":\"en-US\",\"potentialAction\":[{\"@type\":\"ReadAction\",\"target\":[\"https:\/\/tugraztestweb.asol.at\/en\/gesamtverzeichnis\/interdiszipinaeres\/in-asiatischen-hochgebirgen-zwischen-oxus-und-indus\/\"]}]},{\"@type\":\"BreadcrumbList\",\"@id\":\"https:\/\/tugraztestweb.asol.at\/en\/gesamtverzeichnis\/interdiszipinaeres\/in-asiatischen-hochgebirgen-zwischen-oxus-und-indus\/#breadcrumb\",\"itemListElement\":[{\"@type\":\"ListItem\",\"position\":1,\"item\":{\"@type\":\"WebPage\",\"@id\":\"https:\/\/tugraztestweb.asol.at\/\",\"url\":\"https:\/\/tugraztestweb.asol.at\/\",\"name\":\"Home\"}},{\"@type\":\"ListItem\",\"position\":2,\"item\":{\"@type\":\"WebPage\",\"@id\":\"https:\/\/tugraztestweb.asol.at\/gesamtverzeichnis\/\",\"url\":\"https:\/\/tugraztestweb.asol.at\/gesamtverzeichnis\/\",\"name\":\"Gesamtverzeichnis\"}},{\"@type\":\"ListItem\",\"position\":3,\"item\":{\"@type\":\"WebPage\",\"@id\":\"https:\/\/tugraztestweb.asol.at\/en\/gesamtverzeichnis\/interdiszipinaeres\/in-asiatischen-hochgebirgen-zwischen-oxus-und-indus\/\",\"url\":\"https:\/\/tugraztestweb.asol.at\/en\/gesamtverzeichnis\/interdiszipinaeres\/in-asiatischen-hochgebirgen-zwischen-oxus-und-indus\/\",\"name\":\"In asiatischen Hochgebirgen zwischen Oxus und Indus\"}}]}]}<\/script>\n<!-- \/ Yoast SEO plugin. -->","_links":{"self":[{"href":"https:\/\/tugraztestweb.asol.at\/en\/wp-json\/wp\/v2\/product\/40647"}],"collection":[{"href":"https:\/\/tugraztestweb.asol.at\/en\/wp-json\/wp\/v2\/product"}],"about":[{"href":"https:\/\/tugraztestweb.asol.at\/en\/wp-json\/wp\/v2\/types\/product"}],"replies":[{"embeddable":true,"href":"https:\/\/tugraztestweb.asol.at\/en\/wp-json\/wp\/v2\/comments?post=40647"}],"wp:featuredmedia":[{"embeddable":true,"href":"https:\/\/tugraztestweb.asol.at\/en\/wp-json\/wp\/v2\/media\/40662"}],"wp:attachment":[{"href":"https:\/\/tugraztestweb.asol.at\/en\/wp-json\/wp\/v2\/media?parent=40647"}],"curies":[{"name":"wp","href":"https:\/\/api.w.org\/{rel}","templated":true}]}}