{"id":40649,"date":"2021-02-15T10:58:27","date_gmt":"2021-02-15T10:58:27","guid":{"rendered":"https:\/\/tugraztestweb.asol.at\/gesamtverzeichnis\/unkategorisiert\/herbstzeit-2\/"},"modified":"2021-02-15T13:59:27","modified_gmt":"2021-02-15T11:59:27","slug":"holz-natur-technik-mensch","status":"publish","type":"product","link":"https:\/\/tugraztestweb.asol.at\/en\/gesamtverzeichnis\/bauingenieurwissenschaften\/holz-natur-technik-mensch\/","title":{"rendered":"Holz: Natur, Technik, Mensch"},"content":{"rendered":"<p class=\"qtranxs-available-languages-message qtranxs-available-languages-message-en\">Sorry, this entry is only available in <a href=\"https:\/\/tugraztestweb.asol.at\/de\/wp-json\/wp\/v2\/product\/40649\" class=\"qtranxs-available-language-link qtranxs-available-language-link-de\" title=\"Deutsch\">Deutsch<\/a>.<\/p><p>F\u00fcr seine Forchungsleitungen rund um das Brettsperrholz erhielt Professor Schickhofer vom Institut f\u00fcr Holzbau und Holztechnologie der TU Graz im Jahr 2019 den hochangesehnen schwedischen &#8220;Markus-Wallenberg-Preis&#8221;. Nach diesem H\u00f6hepunkt in der ingenieurm\u00e4\u00dfigen Anwendung des Baustoffes Holz ist f\u00fcr den Autor der richtige Zeitpunkt gekommen, den Stellenwert des Holzes in der Form &#8220;Holz: Natur, Technik, Mensch&#8221; umfassendder zu beschreiben und daraus eine positive Lebensstimmung unter dem Motto &#8220;Holz verbindet Natur und Technik zum Wohle des Menschen&#8221; aubzuleiten.<\/p>","protected":false},"excerpt":{"rendered":"<p class=\"qtranxs-available-languages-message qtranxs-available-languages-message-en\">Sorry, this entry is only available in <a href=\"https:\/\/tugraztestweb.asol.at\/de\/wp-json\/wp\/v2\/product\/40649\" class=\"qtranxs-available-language-link qtranxs-available-language-link-de\" title=\"Deutsch\">Deutsch<\/a>.<\/p>\n<p>F\u00fcr seine Forchungsleitungen rund um das Brettsperrholz erhielt Professor Schickhofer vom Institut f\u00fcr Holzbau und Holztechnologie der TU Graz im Jahr 2019 den hochangesehnen schwedischen &#8220;Markus-Wallenberg-Preis&#8221;. Nach diesem H\u00f6hepunkt in der ingenieurm\u00e4\u00dfigen Anwendung des Baustoffes Holz ist f\u00fcr den Autor der richtige Zeitpunkt gekommen, den Stellenwert des Holzes in der Form &#8220;Holz: Natur, Technik, Mensch&#8221; umfassendder zu beschreiben und daraus eine positive Lebensstimmung unter dem Motto &#8220;Holz verbindet Natur und Technik zum Wohle des Menschen&#8221; aubzuleiten.<\/p>\n","protected":false},"featured_media":40741,"comment_status":"closed","ping_status":"closed","template":"","meta":[],"yoast_head":"<!-- This site is optimized with the Yoast SEO plugin v16.1.1 - https:\/\/yoast.com\/wordpress\/plugins\/seo\/ -->\n<link rel=\"canonical\" href=\"https:\/\/tugraztestweb.asol.at\/en\/gesamtverzeichnis\/bauingenieurwissenschaften\/holz-natur-technik-mensch\/\" \/>\n<meta property=\"og:locale\" content=\"en_US\" \/>\n<meta property=\"og:type\" content=\"article\" \/>\n<meta property=\"og:title\" content=\"Holz: Natur, Technik, Mensch - Verlag der TU Graz\" \/>\n<meta property=\"og:description\" content=\"F\u00fcr seine Forchungsleitungen rund um das Brettsperrholz erhielt Professor Schickhofer vom Institut f\u00fcr Holzbau und Holztechnologie der TU Graz im Jahr 2019 den hochangesehnen schwedischen &quot;Markus-Wallenberg-Preis&quot;. Nach diesem H\u00f6hepunkt in der ingenieurm\u00e4\u00dfigen Anwendung des Baustoffes Holz ist f\u00fcr den Autor der richtige Zeitpunkt gekommen, den Stellenwert des Holzes in der Form &quot;Holz: Natur, Technik, Mensch&quot; umfassendder zu beschreiben und daraus eine positive Lebensstimmung unter dem Motto &quot;Holz verbindet Natur und Technik zum Wohle des Menschen&quot; aubzuleiten.\" \/>\n<meta property=\"og:url\" content=\"https:\/\/tugraztestweb.asol.at\/en\/gesamtverzeichnis\/bauingenieurwissenschaften\/holz-natur-technik-mensch\/\" \/>\n<meta property=\"og:site_name\" content=\"Verlag der TU Graz\" \/>\n<meta property=\"article:modified_time\" content=\"2021-02-15T11:59:27+00:00\" \/>\n<meta property=\"og:image\" content=\"https:\/\/tugraztestweb.asol.at\/wp-content\/uploads\/2021\/02\/image-978-3-85125-793-9.jpg\" \/>\n\t<meta property=\"og:image:width\" content=\"451\" \/>\n\t<meta property=\"og:image:height\" content=\"641\" \/>\n<meta name=\"twitter:card\" content=\"summary_large_image\" \/>\n<script type=\"application\/ld+json\" class=\"yoast-schema-graph\">{\"@context\":\"https:\/\/schema.org\",\"@graph\":[{\"@type\":\"WebSite\",\"@id\":\"https:\/\/tugraztestweb.asol.at\/#website\",\"url\":\"https:\/\/tugraztestweb.asol.at\/\",\"name\":\"Verlag der TU Graz\",\"description\":\"Verlag der Technischen Universit\\u00e4t Graz\",\"potentialAction\":[{\"@type\":\"SearchAction\",\"target\":\"https:\/\/tugraztestweb.asol.at\/?s={search_term_string}\",\"query-input\":\"required name=search_term_string\"}],\"inLanguage\":\"en-US\"},{\"@type\":\"ImageObject\",\"@id\":\"https:\/\/tugraztestweb.asol.at\/en\/gesamtverzeichnis\/bauingenieurwissenschaften\/holz-natur-technik-mensch\/#primaryimage\",\"inLanguage\":\"en-US\",\"url\":\"https:\/\/tugraztestweb.asol.at\/wp-content\/uploads\/2021\/02\/image-978-3-85125-793-9.jpg\",\"contentUrl\":\"https:\/\/tugraztestweb.asol.at\/wp-content\/uploads\/2021\/02\/image-978-3-85125-793-9.jpg\",\"width\":451,\"height\":641},{\"@type\":\"WebPage\",\"@id\":\"https:\/\/tugraztestweb.asol.at\/en\/gesamtverzeichnis\/bauingenieurwissenschaften\/holz-natur-technik-mensch\/#webpage\",\"url\":\"https:\/\/tugraztestweb.asol.at\/en\/gesamtverzeichnis\/bauingenieurwissenschaften\/holz-natur-technik-mensch\/\",\"name\":\"Holz: Natur, Technik, Mensch - Verlag der TU Graz\",\"isPartOf\":{\"@id\":\"https:\/\/tugraztestweb.asol.at\/#website\"},\"primaryImageOfPage\":{\"@id\":\"https:\/\/tugraztestweb.asol.at\/en\/gesamtverzeichnis\/bauingenieurwissenschaften\/holz-natur-technik-mensch\/#primaryimage\"},\"datePublished\":\"2021-02-15T10:58:27+00:00\",\"dateModified\":\"2021-02-15T11:59:27+00:00\",\"breadcrumb\":{\"@id\":\"https:\/\/tugraztestweb.asol.at\/en\/gesamtverzeichnis\/bauingenieurwissenschaften\/holz-natur-technik-mensch\/#breadcrumb\"},\"inLanguage\":\"en-US\",\"potentialAction\":[{\"@type\":\"ReadAction\",\"target\":[\"https:\/\/tugraztestweb.asol.at\/en\/gesamtverzeichnis\/bauingenieurwissenschaften\/holz-natur-technik-mensch\/\"]}]},{\"@type\":\"BreadcrumbList\",\"@id\":\"https:\/\/tugraztestweb.asol.at\/en\/gesamtverzeichnis\/bauingenieurwissenschaften\/holz-natur-technik-mensch\/#breadcrumb\",\"itemListElement\":[{\"@type\":\"ListItem\",\"position\":1,\"item\":{\"@type\":\"WebPage\",\"@id\":\"https:\/\/tugraztestweb.asol.at\/\",\"url\":\"https:\/\/tugraztestweb.asol.at\/\",\"name\":\"Home\"}},{\"@type\":\"ListItem\",\"position\":2,\"item\":{\"@type\":\"WebPage\",\"@id\":\"https:\/\/tugraztestweb.asol.at\/gesamtverzeichnis\/\",\"url\":\"https:\/\/tugraztestweb.asol.at\/gesamtverzeichnis\/\",\"name\":\"Gesamtverzeichnis\"}},{\"@type\":\"ListItem\",\"position\":3,\"item\":{\"@type\":\"WebPage\",\"@id\":\"https:\/\/tugraztestweb.asol.at\/en\/gesamtverzeichnis\/bauingenieurwissenschaften\/holz-natur-technik-mensch\/\",\"url\":\"https:\/\/tugraztestweb.asol.at\/en\/gesamtverzeichnis\/bauingenieurwissenschaften\/holz-natur-technik-mensch\/\",\"name\":\"Holz: Natur, Technik, Mensch\"}}]}]}<\/script>\n<!-- \/ Yoast SEO plugin. -->","_links":{"self":[{"href":"https:\/\/tugraztestweb.asol.at\/en\/wp-json\/wp\/v2\/product\/40649"}],"collection":[{"href":"https:\/\/tugraztestweb.asol.at\/en\/wp-json\/wp\/v2\/product"}],"about":[{"href":"https:\/\/tugraztestweb.asol.at\/en\/wp-json\/wp\/v2\/types\/product"}],"replies":[{"embeddable":true,"href":"https:\/\/tugraztestweb.asol.at\/en\/wp-json\/wp\/v2\/comments?post=40649"}],"wp:featuredmedia":[{"embeddable":true,"href":"https:\/\/tugraztestweb.asol.at\/en\/wp-json\/wp\/v2\/media\/40741"}],"wp:attachment":[{"href":"https:\/\/tugraztestweb.asol.at\/en\/wp-json\/wp\/v2\/media?parent=40649"}],"curies":[{"name":"wp","href":"https:\/\/api.w.org\/{rel}","templated":true}]}}