{"id":40654,"date":"2021-01-15T09:16:51","date_gmt":"2021-01-15T09:16:51","guid":{"rendered":"https:\/\/tugraztestweb.asol.at\/gesamtverzeichnis\/unkategorisiert\/bausim-2020-8th-conference-of-ibpsa-germany-and-austria-ebook\/"},"modified":"2021-01-15T12:17:51","modified_gmt":"2021-01-15T10:17:51","slug":"bausim-2020-8th-conference-of-ibpsa-germany-and-austria-ebook","status":"publish","type":"product","link":"https:\/\/tugraztestweb.asol.at\/en\/gesamtverzeichnis\/uncategorized\/bausim-2020-8th-conference-of-ibpsa-germany-and-austria-ebook\/","title":{"rendered":"BauSIM 2020 &#8211; 8th Conference of IBPSA Germany and Austria"},"content":{"rendered":"<p> The BauSIM Conference has been organized under the auspices of IBPSA Germany and Austria since 2006 on a biennial basis. The conference focuses on building and district simulation and associated methodologies. Emphasis is also placed on topics such as building information modelling (BIM), building component simulation, and the monitoring and operation of buildings and urban systems. The BauSIM 2020 proceedings present current research results and trends in the field of simulation and the data-based design of sustainable buildings and communities.<\/p>","protected":false},"excerpt":{"rendered":"<p>The BauSIM Conference has been organized under the auspices of IBPSA Germany and Austria since 2006 on a biennial basis. The conference focuses on building and district simulation and associated methodologies. Emphasis is also placed on topics such as building information modelling (BIM), building component simulation, and the monitoring and operation of buildings and urban systems. The BauSIM 2020 proceedings present current research results and trends in the field of simulation and the data-based design of sustainable buildings and communities.<\/p>\n","protected":false},"featured_media":40655,"comment_status":"closed","ping_status":"closed","template":"","meta":[],"yoast_head":"<!-- This site is optimized with the Yoast SEO plugin v16.1.1 - https:\/\/yoast.com\/wordpress\/plugins\/seo\/ -->\n<link rel=\"canonical\" href=\"https:\/\/tugraztestweb.asol.at\/gesamtverzeichnis\/unkategorisiert\/bausim-2020-8th-conference-of-ibpsa-germany-and-austria-ebook\/\" \/>\n<meta property=\"og:locale\" content=\"en_US\" \/>\n<meta property=\"og:type\" content=\"article\" \/>\n<meta property=\"og:title\" content=\"BauSIM 2020 - 8th Conference of IBPSA Germany and Austria - Verlag der TU Graz\" \/>\n<meta property=\"og:description\" content=\"Die BauSIM wird seit 2006 unter der Schirmherrschaft von IBPSA Germany and Austria veranstaltet und findet alle zwei Jahre statt. Im Zentrum der Konferenz und des Tagungsbandes stehen die energetische und \u00f6kologische Geb\u00e4ude- und Quartiersimulation und die zugrundeliegenden Methoden. Weitere Schwerpunkte bilden komplement\u00e4re Themen wie Building Information Modeling (BIM), Simulation auf Bauteilebene oder Monitoring und Betriebsoptimierung von Geb\u00e4uden und urbanen Systemen. Der BauSIM 2020 Tagungsband pr\u00e4sentiert aktuelle Forschungsergebnisse und Trends im Bereich der simulations- und datengest\u00fctzten Entwicklung nachhaltiger Geb\u00e4ude und Quartiere.The BauSIM Conference has been organized under the auspices of IBPSA Germany and Austria since 2006 on a biennial basis. The conference focuses on building and district simulation and associated methodologies. Emphasis is also placed on topics such as building information modelling (BIM), building component simulation, and the monitoring and operation of buildings and urban systems. The BauSIM 2020 proceedings present current research results and trends in the field of simulation and the data-based design of sustainable buildings and communities.\" \/>\n<meta property=\"og:url\" content=\"https:\/\/tugraztestweb.asol.at\/gesamtverzeichnis\/unkategorisiert\/bausim-2020-8th-conference-of-ibpsa-germany-and-austria-ebook\/\" \/>\n<meta property=\"og:site_name\" content=\"Verlag der TU Graz\" \/>\n<meta property=\"article:modified_time\" content=\"2021-01-15T10:17:51+00:00\" \/>\n<meta property=\"og:image\" content=\"https:\/\/tugraztestweb.asol.at\/wp-content\/uploads\/2021\/01\/image-978-3-85125-786-1.jpg\" \/>\n\t<meta property=\"og:image:width\" content=\"643\" \/>\n\t<meta property=\"og:image:height\" content=\"909\" \/>\n<meta name=\"twitter:card\" content=\"summary_large_image\" \/>\n<meta name=\"twitter:label1\" content=\"Est. reading time\">\n\t<meta name=\"twitter:data1\" content=\"1 minute\">\n<script type=\"application\/ld+json\" class=\"yoast-schema-graph\">{\"@context\":\"https:\/\/schema.org\",\"@graph\":[{\"@type\":\"WebSite\",\"@id\":\"https:\/\/tugraztestweb.asol.at\/#website\",\"url\":\"https:\/\/tugraztestweb.asol.at\/\",\"name\":\"Verlag der TU Graz\",\"description\":\"Verlag der Technischen Universit\\u00e4t Graz\",\"potentialAction\":[{\"@type\":\"SearchAction\",\"target\":\"https:\/\/tugraztestweb.asol.at\/?s={search_term_string}\",\"query-input\":\"required name=search_term_string\"}],\"inLanguage\":\"en-US\"},{\"@type\":\"ImageObject\",\"@id\":\"https:\/\/tugraztestweb.asol.at\/gesamtverzeichnis\/unkategorisiert\/bausim-2020-8th-conference-of-ibpsa-germany-and-austria-ebook\/#primaryimage\",\"inLanguage\":\"en-US\",\"url\":\"https:\/\/tugraztestweb.asol.at\/wp-content\/uploads\/2021\/01\/image-978-3-85125-786-1.jpg\",\"contentUrl\":\"https:\/\/tugraztestweb.asol.at\/wp-content\/uploads\/2021\/01\/image-978-3-85125-786-1.jpg\",\"width\":643,\"height\":909},{\"@type\":\"WebPage\",\"@id\":\"https:\/\/tugraztestweb.asol.at\/gesamtverzeichnis\/unkategorisiert\/bausim-2020-8th-conference-of-ibpsa-germany-and-austria-ebook\/#webpage\",\"url\":\"https:\/\/tugraztestweb.asol.at\/gesamtverzeichnis\/unkategorisiert\/bausim-2020-8th-conference-of-ibpsa-germany-and-austria-ebook\/\",\"name\":\"BauSIM 2020 - 8th Conference of IBPSA Germany and Austria - Verlag der TU Graz\",\"isPartOf\":{\"@id\":\"https:\/\/tugraztestweb.asol.at\/#website\"},\"primaryImageOfPage\":{\"@id\":\"https:\/\/tugraztestweb.asol.at\/gesamtverzeichnis\/unkategorisiert\/bausim-2020-8th-conference-of-ibpsa-germany-and-austria-ebook\/#primaryimage\"},\"datePublished\":\"2021-01-15T09:16:51+00:00\",\"dateModified\":\"2021-01-15T10:17:51+00:00\",\"breadcrumb\":{\"@id\":\"https:\/\/tugraztestweb.asol.at\/gesamtverzeichnis\/unkategorisiert\/bausim-2020-8th-conference-of-ibpsa-germany-and-austria-ebook\/#breadcrumb\"},\"inLanguage\":\"en-US\",\"potentialAction\":[{\"@type\":\"ReadAction\",\"target\":[\"https:\/\/tugraztestweb.asol.at\/gesamtverzeichnis\/unkategorisiert\/bausim-2020-8th-conference-of-ibpsa-germany-and-austria-ebook\/\"]}]},{\"@type\":\"BreadcrumbList\",\"@id\":\"https:\/\/tugraztestweb.asol.at\/gesamtverzeichnis\/unkategorisiert\/bausim-2020-8th-conference-of-ibpsa-germany-and-austria-ebook\/#breadcrumb\",\"itemListElement\":[{\"@type\":\"ListItem\",\"position\":1,\"item\":{\"@type\":\"WebPage\",\"@id\":\"https:\/\/tugraztestweb.asol.at\/\",\"url\":\"https:\/\/tugraztestweb.asol.at\/\",\"name\":\"Home\"}},{\"@type\":\"ListItem\",\"position\":2,\"item\":{\"@type\":\"WebPage\",\"@id\":\"https:\/\/tugraztestweb.asol.at\/gesamtverzeichnis\/\",\"url\":\"https:\/\/tugraztestweb.asol.at\/gesamtverzeichnis\/\",\"name\":\"Gesamtverzeichnis\"}},{\"@type\":\"ListItem\",\"position\":3,\"item\":{\"@type\":\"WebPage\",\"@id\":\"https:\/\/tugraztestweb.asol.at\/gesamtverzeichnis\/unkategorisiert\/bausim-2020-8th-conference-of-ibpsa-germany-and-austria-ebook\/\",\"url\":\"https:\/\/tugraztestweb.asol.at\/gesamtverzeichnis\/unkategorisiert\/bausim-2020-8th-conference-of-ibpsa-germany-and-austria-ebook\/\",\"name\":\"BauSIM 2020 &#8211; 8th Conference of IBPSA Germany and Austria\"}}]}]}<\/script>\n<!-- \/ Yoast SEO plugin. -->","_links":{"self":[{"href":"https:\/\/tugraztestweb.asol.at\/en\/wp-json\/wp\/v2\/product\/40654"}],"collection":[{"href":"https:\/\/tugraztestweb.asol.at\/en\/wp-json\/wp\/v2\/product"}],"about":[{"href":"https:\/\/tugraztestweb.asol.at\/en\/wp-json\/wp\/v2\/types\/product"}],"replies":[{"embeddable":true,"href":"https:\/\/tugraztestweb.asol.at\/en\/wp-json\/wp\/v2\/comments?post=40654"}],"wp:featuredmedia":[{"embeddable":true,"href":"https:\/\/tugraztestweb.asol.at\/en\/wp-json\/wp\/v2\/media\/40655"}],"wp:attachment":[{"href":"https:\/\/tugraztestweb.asol.at\/en\/wp-json\/wp\/v2\/media?parent=40654"}],"curies":[{"name":"wp","href":"https:\/\/api.w.org\/{rel}","templated":true}]}}