{"id":40659,"date":"2021-01-20T11:48:31","date_gmt":"2021-01-20T11:48:31","guid":{"rendered":"https:\/\/tugraztestweb.asol.at\/gesamtverzeichnis\/unkategorisiert\/bauunternehmensfuehrung-2019-2\/"},"modified":"2021-01-20T14:49:31","modified_gmt":"2021-01-20T12:49:31","slug":"bauunternehmensfuehrung-2020","status":"publish","type":"product","link":"https:\/\/tugraztestweb.asol.at\/en\/gesamtverzeichnis\/bauingenieurwissenschaften\/bauunternehmensfuehrung-2020\/","title":{"rendered":"Bauunternehmensf\u00fchrung 2020"},"content":{"rendered":"<p class=\"qtranxs-available-languages-message qtranxs-available-languages-message-en\">Sorry, this entry is only available in <a href=\"https:\/\/tugraztestweb.asol.at\/de\/wp-json\/wp\/v2\/product\/40659\" class=\"qtranxs-available-language-link qtranxs-available-language-link-de\" title=\"Deutsch\">Deutsch<\/a>.<\/p><p>Die wichtigste F\u00e4higkeit erfolgreicher Bauunternehmer ist es, das eigene Unternehmen<br \/>weiterzuentwickeln und dieses st\u00e4ndig an die sich \u00e4ndernden Herausforderungen des Marktes<br \/>anzupassen. Der erste Abschnitt dieses Buches \u201eTheorie \u2013 Perspektiven\u201c befasst sich u.a. mit dem<br \/>hoch aktuellen Thema Lean Management im Bauwesen, wohingegen der zweite Teil \u201eStandpunkte\u201c<br \/>mittels Interviews mit namhaften Vertretern der \u00f6sterreichischen Baubranche ganz im Zeichen der<br \/>Praxis steht.<br \/><\/p>","protected":false},"excerpt":{"rendered":"<p class=\"qtranxs-available-languages-message qtranxs-available-languages-message-en\">Sorry, this entry is only available in <a href=\"https:\/\/tugraztestweb.asol.at\/de\/wp-json\/wp\/v2\/product\/40659\" class=\"qtranxs-available-language-link qtranxs-available-language-link-de\" title=\"Deutsch\">Deutsch<\/a>.<\/p>\n<p>Die wichtigste F\u00e4higkeit erfolgreicher Bauunternehmer ist es, das eigene Unternehmen<br \/>weiterzuentwickeln und dieses st\u00e4ndig an die sich \u00e4ndernden Herausforderungen des Marktes<br \/>anzupassen. Der erste Abschnitt dieses Buches \u201eTheorie \u2013 Perspektiven\u201c befasst sich u.a. mit dem<br \/>hoch aktuellen Thema Lean Management im Bauwesen, wohingegen der zweite Teil \u201eStandpunkte\u201c<br \/>mittels Interviews mit namhaften Vertretern der \u00f6sterreichischen Baubranche ganz im Zeichen der<br \/>Praxis steht.<\/p>\n","protected":false},"featured_media":40661,"comment_status":"closed","ping_status":"closed","template":"","meta":[],"yoast_head":"<!-- This site is optimized with the Yoast SEO plugin v16.1.1 - https:\/\/yoast.com\/wordpress\/plugins\/seo\/ -->\n<link rel=\"canonical\" href=\"https:\/\/tugraztestweb.asol.at\/gesamtverzeichnis\/bauingenieurwissenschaften\/bauunternehmensfuehrung-2020\/\" \/>\n<meta property=\"og:locale\" content=\"en_US\" \/>\n<meta property=\"og:type\" content=\"article\" \/>\n<meta property=\"og:title\" content=\"Bauunternehmensf\u00fchrung 2020 - Verlag der TU Graz\" \/>\n<meta property=\"og:description\" content=\"Die wichtigste F\u00e4higkeit erfolgreicher Bauunternehmer ist es, das eigene Unternehmenweiterzuentwickeln und dieses st\u00e4ndig an die sich \u00e4ndernden Herausforderungen des Marktesanzupassen. Der erste Abschnitt dieses Buches \u201eTheorie \u2013 Perspektiven\u201c befasst sich u.a. mit demhoch aktuellen Thema Lean Management im Bauwesen, wohingegen der zweite Teil \u201eStandpunkte\u201cmittels Interviews mit namhaften Vertretern der \u00f6sterreichischen Baubranche ganz im Zeichen derPraxis steht.\" \/>\n<meta property=\"og:url\" content=\"https:\/\/tugraztestweb.asol.at\/gesamtverzeichnis\/bauingenieurwissenschaften\/bauunternehmensfuehrung-2020\/\" \/>\n<meta property=\"og:site_name\" content=\"Verlag der TU Graz\" \/>\n<meta property=\"article:modified_time\" content=\"2021-01-20T12:49:31+00:00\" \/>\n<meta property=\"og:image\" content=\"https:\/\/tugraztestweb.asol.at\/wp-content\/uploads\/2021\/01\/image-978-3-85125-794-6.jpg\" \/>\n\t<meta property=\"og:image:width\" content=\"717\" \/>\n\t<meta property=\"og:image:height\" content=\"741\" \/>\n<meta name=\"twitter:card\" content=\"summary_large_image\" \/>\n<script type=\"application\/ld+json\" class=\"yoast-schema-graph\">{\"@context\":\"https:\/\/schema.org\",\"@graph\":[{\"@type\":\"WebSite\",\"@id\":\"https:\/\/tugraztestweb.asol.at\/#website\",\"url\":\"https:\/\/tugraztestweb.asol.at\/\",\"name\":\"Verlag der TU Graz\",\"description\":\"Verlag der Technischen Universit\\u00e4t Graz\",\"potentialAction\":[{\"@type\":\"SearchAction\",\"target\":\"https:\/\/tugraztestweb.asol.at\/?s={search_term_string}\",\"query-input\":\"required name=search_term_string\"}],\"inLanguage\":\"en-US\"},{\"@type\":\"ImageObject\",\"@id\":\"https:\/\/tugraztestweb.asol.at\/gesamtverzeichnis\/bauingenieurwissenschaften\/bauunternehmensfuehrung-2020\/#primaryimage\",\"inLanguage\":\"en-US\",\"url\":\"https:\/\/tugraztestweb.asol.at\/wp-content\/uploads\/2021\/01\/image-978-3-85125-794-6.jpg\",\"contentUrl\":\"https:\/\/tugraztestweb.asol.at\/wp-content\/uploads\/2021\/01\/image-978-3-85125-794-6.jpg\",\"width\":717,\"height\":741},{\"@type\":\"WebPage\",\"@id\":\"https:\/\/tugraztestweb.asol.at\/gesamtverzeichnis\/bauingenieurwissenschaften\/bauunternehmensfuehrung-2020\/#webpage\",\"url\":\"https:\/\/tugraztestweb.asol.at\/gesamtverzeichnis\/bauingenieurwissenschaften\/bauunternehmensfuehrung-2020\/\",\"name\":\"Bauunternehmensf\\u00fchrung 2020 - Verlag der TU Graz\",\"isPartOf\":{\"@id\":\"https:\/\/tugraztestweb.asol.at\/#website\"},\"primaryImageOfPage\":{\"@id\":\"https:\/\/tugraztestweb.asol.at\/gesamtverzeichnis\/bauingenieurwissenschaften\/bauunternehmensfuehrung-2020\/#primaryimage\"},\"datePublished\":\"2021-01-20T11:48:31+00:00\",\"dateModified\":\"2021-01-20T12:49:31+00:00\",\"breadcrumb\":{\"@id\":\"https:\/\/tugraztestweb.asol.at\/gesamtverzeichnis\/bauingenieurwissenschaften\/bauunternehmensfuehrung-2020\/#breadcrumb\"},\"inLanguage\":\"en-US\",\"potentialAction\":[{\"@type\":\"ReadAction\",\"target\":[\"https:\/\/tugraztestweb.asol.at\/gesamtverzeichnis\/bauingenieurwissenschaften\/bauunternehmensfuehrung-2020\/\"]}]},{\"@type\":\"BreadcrumbList\",\"@id\":\"https:\/\/tugraztestweb.asol.at\/gesamtverzeichnis\/bauingenieurwissenschaften\/bauunternehmensfuehrung-2020\/#breadcrumb\",\"itemListElement\":[{\"@type\":\"ListItem\",\"position\":1,\"item\":{\"@type\":\"WebPage\",\"@id\":\"https:\/\/tugraztestweb.asol.at\/\",\"url\":\"https:\/\/tugraztestweb.asol.at\/\",\"name\":\"Home\"}},{\"@type\":\"ListItem\",\"position\":2,\"item\":{\"@type\":\"WebPage\",\"@id\":\"https:\/\/tugraztestweb.asol.at\/gesamtverzeichnis\/\",\"url\":\"https:\/\/tugraztestweb.asol.at\/gesamtverzeichnis\/\",\"name\":\"Gesamtverzeichnis\"}},{\"@type\":\"ListItem\",\"position\":3,\"item\":{\"@type\":\"WebPage\",\"@id\":\"https:\/\/tugraztestweb.asol.at\/gesamtverzeichnis\/bauingenieurwissenschaften\/bauunternehmensfuehrung-2020\/\",\"url\":\"https:\/\/tugraztestweb.asol.at\/gesamtverzeichnis\/bauingenieurwissenschaften\/bauunternehmensfuehrung-2020\/\",\"name\":\"Bauunternehmensf\\u00fchrung 2020\"}}]}]}<\/script>\n<!-- \/ Yoast SEO plugin. -->","_links":{"self":[{"href":"https:\/\/tugraztestweb.asol.at\/en\/wp-json\/wp\/v2\/product\/40659"}],"collection":[{"href":"https:\/\/tugraztestweb.asol.at\/en\/wp-json\/wp\/v2\/product"}],"about":[{"href":"https:\/\/tugraztestweb.asol.at\/en\/wp-json\/wp\/v2\/types\/product"}],"replies":[{"embeddable":true,"href":"https:\/\/tugraztestweb.asol.at\/en\/wp-json\/wp\/v2\/comments?post=40659"}],"wp:featuredmedia":[{"embeddable":true,"href":"https:\/\/tugraztestweb.asol.at\/en\/wp-json\/wp\/v2\/media\/40661"}],"wp:attachment":[{"href":"https:\/\/tugraztestweb.asol.at\/en\/wp-json\/wp\/v2\/media?parent=40659"}],"curies":[{"name":"wp","href":"https:\/\/api.w.org\/{rel}","templated":true}]}}