{"id":40694,"date":"2021-01-18T11:06:58","date_gmt":"2021-01-18T11:06:58","guid":{"rendered":"https:\/\/tugraztestweb.asol.at\/gesamtverzeichnis\/unkategorisiert\/festschrift-ivt\/"},"modified":"2021-01-18T14:07:58","modified_gmt":"2021-01-18T12:07:58","slug":"100-jahre-institut-fuer-verbrennungskraftmaschinen-und-thermodynamik-2","status":"publish","type":"product","link":"https:\/\/tugraztestweb.asol.at\/en\/gesamtverzeichnis\/maschinenbau-und-wirtschaftswissenschaften\/100-jahre-institut-fuer-verbrennungskraftmaschinen-und-thermodynamik-2\/","title":{"rendered":"100 Jahre Institut f\u00fcr Verbrennungskraftmaschinen und Thermodynamik"},"content":{"rendered":"<p class=\"qtranxs-available-languages-message qtranxs-available-languages-message-en\">Sorry, this entry is only available in <a href=\"https:\/\/tugraztestweb.asol.at\/de\/wp-json\/wp\/v2\/product\/40694\" class=\"qtranxs-available-language-link qtranxs-available-language-link-de\" title=\"Deutsch\">Deutsch<\/a>.<\/p><p><\/p>\n<div>Das Institut f\u00fcr Verbrennungskraftmaschinen und Thermodynamik der TU Graz feiert 2020 sein 100 j\u00e4hriges Jubil\u00e4um. Im vernetzten System von Energie, Antriebssystemen, Verkehr und Umwelt sind heute 120 Mitarbeiter in Forschung und Lehre aktiv und erarbeiten umweltvertr\u00e4gliche&nbsp; L\u00f6sungen f\u00fcr die aktuellen Herausforderungen.&nbsp;<\/div>\n<div>Die Chronik beschreibt die historische Entwicklung und die heutigen Forschungsschwerpunkte des Institutes sowie der daraus hervorgegangenen Institutionen.&nbsp;<\/div>\n<div><\/div>\n<p><\/p>","protected":false},"excerpt":{"rendered":"<p class=\"qtranxs-available-languages-message qtranxs-available-languages-message-en\">Sorry, this entry is only available in <a href=\"https:\/\/tugraztestweb.asol.at\/de\/wp-json\/wp\/v2\/product\/40694\" class=\"qtranxs-available-language-link qtranxs-available-language-link-de\" title=\"Deutsch\">Deutsch<\/a>.<\/p>\n<div>Das Institut f\u00fcr Verbrennungskraftmaschinen und Thermodynamik der TU Graz feiert 2020 sein 100 j\u00e4hriges Jubil\u00e4um. Im vernetzten System von Energie, Antriebssystemen, Verkehr und Umwelt sind heute 120 Mitarbeiter in Forschung und Lehre aktiv und erarbeiten umweltvertr\u00e4gliche&nbsp; L\u00f6sungen f\u00fcr die aktuellen Herausforderungen.&nbsp;<\/div>\n<div>Die Chronik beschreibt die historische Entwicklung und die heutigen Forschungsschwerpunkte des Institutes sowie der daraus hervorgegangenen Institutionen.&nbsp;<\/div>\n<div><\/div>\n","protected":false},"featured_media":40699,"comment_status":"closed","ping_status":"closed","template":"","meta":[],"yoast_head":"<!-- This site is optimized with the Yoast SEO plugin v16.1.1 - https:\/\/yoast.com\/wordpress\/plugins\/seo\/ -->\n<link rel=\"canonical\" href=\"https:\/\/tugraztestweb.asol.at\/en\/gesamtverzeichnis\/maschinenbau-und-wirtschaftswissenschaften\/100-jahre-institut-fuer-verbrennungskraftmaschinen-und-thermodynamik-2\/\" \/>\n<meta property=\"og:locale\" content=\"en_US\" \/>\n<meta property=\"og:type\" content=\"article\" \/>\n<meta property=\"og:title\" content=\"100 Jahre Institut f\u00fcr Verbrennungskraftmaschinen und Thermodynamik - Verlag der TU Graz\" \/>\n<meta property=\"og:description\" content=\"Das Institut f\u00fcr Verbrennungskraftmaschinen und Thermodynamik der TU Graz feiert 2020 sein 100 j\u00e4hriges Jubil\u00e4um. Im vernetzten System von Energie, Antriebssystemen, Verkehr und Umwelt sind heute 120 Mitarbeiter in Forschung und Lehre aktiv und erarbeiten umweltvertr\u00e4gliche&nbsp; L\u00f6sungen f\u00fcr die aktuellen Herausforderungen.&nbsp;Die Chronik beschreibt die historische Entwicklung und die heutigen Forschungsschwerpunkte des Institutes sowie der daraus hervorgegangenen Institutionen.&nbsp;\" \/>\n<meta property=\"og:url\" content=\"https:\/\/tugraztestweb.asol.at\/en\/gesamtverzeichnis\/maschinenbau-und-wirtschaftswissenschaften\/100-jahre-institut-fuer-verbrennungskraftmaschinen-und-thermodynamik-2\/\" \/>\n<meta property=\"og:site_name\" content=\"Verlag der TU Graz\" \/>\n<meta property=\"article:modified_time\" content=\"2021-01-18T12:07:58+00:00\" \/>\n<meta property=\"og:image\" content=\"https:\/\/tugraztestweb.asol.at\/wp-content\/uploads\/2021\/01\/image-978-3-85125-799-1.jpg\" \/>\n\t<meta property=\"og:image:width\" content=\"748\" \/>\n\t<meta property=\"og:image:height\" content=\"875\" \/>\n<meta name=\"twitter:card\" content=\"summary_large_image\" \/>\n<script type=\"application\/ld+json\" class=\"yoast-schema-graph\">{\"@context\":\"https:\/\/schema.org\",\"@graph\":[{\"@type\":\"WebSite\",\"@id\":\"https:\/\/tugraztestweb.asol.at\/#website\",\"url\":\"https:\/\/tugraztestweb.asol.at\/\",\"name\":\"Verlag der TU Graz\",\"description\":\"Verlag der Technischen Universit\\u00e4t Graz\",\"potentialAction\":[{\"@type\":\"SearchAction\",\"target\":\"https:\/\/tugraztestweb.asol.at\/?s={search_term_string}\",\"query-input\":\"required name=search_term_string\"}],\"inLanguage\":\"en-US\"},{\"@type\":\"ImageObject\",\"@id\":\"https:\/\/tugraztestweb.asol.at\/en\/gesamtverzeichnis\/maschinenbau-und-wirtschaftswissenschaften\/100-jahre-institut-fuer-verbrennungskraftmaschinen-und-thermodynamik-2\/#primaryimage\",\"inLanguage\":\"en-US\",\"url\":\"https:\/\/tugraztestweb.asol.at\/wp-content\/uploads\/2021\/01\/image-978-3-85125-799-1.jpg\",\"contentUrl\":\"https:\/\/tugraztestweb.asol.at\/wp-content\/uploads\/2021\/01\/image-978-3-85125-799-1.jpg\",\"width\":748,\"height\":875},{\"@type\":\"WebPage\",\"@id\":\"https:\/\/tugraztestweb.asol.at\/en\/gesamtverzeichnis\/maschinenbau-und-wirtschaftswissenschaften\/100-jahre-institut-fuer-verbrennungskraftmaschinen-und-thermodynamik-2\/#webpage\",\"url\":\"https:\/\/tugraztestweb.asol.at\/en\/gesamtverzeichnis\/maschinenbau-und-wirtschaftswissenschaften\/100-jahre-institut-fuer-verbrennungskraftmaschinen-und-thermodynamik-2\/\",\"name\":\"100 Jahre Institut f\\u00fcr Verbrennungskraftmaschinen und Thermodynamik - Verlag der TU Graz\",\"isPartOf\":{\"@id\":\"https:\/\/tugraztestweb.asol.at\/#website\"},\"primaryImageOfPage\":{\"@id\":\"https:\/\/tugraztestweb.asol.at\/en\/gesamtverzeichnis\/maschinenbau-und-wirtschaftswissenschaften\/100-jahre-institut-fuer-verbrennungskraftmaschinen-und-thermodynamik-2\/#primaryimage\"},\"datePublished\":\"2021-01-18T11:06:58+00:00\",\"dateModified\":\"2021-01-18T12:07:58+00:00\",\"breadcrumb\":{\"@id\":\"https:\/\/tugraztestweb.asol.at\/en\/gesamtverzeichnis\/maschinenbau-und-wirtschaftswissenschaften\/100-jahre-institut-fuer-verbrennungskraftmaschinen-und-thermodynamik-2\/#breadcrumb\"},\"inLanguage\":\"en-US\",\"potentialAction\":[{\"@type\":\"ReadAction\",\"target\":[\"https:\/\/tugraztestweb.asol.at\/en\/gesamtverzeichnis\/maschinenbau-und-wirtschaftswissenschaften\/100-jahre-institut-fuer-verbrennungskraftmaschinen-und-thermodynamik-2\/\"]}]},{\"@type\":\"BreadcrumbList\",\"@id\":\"https:\/\/tugraztestweb.asol.at\/en\/gesamtverzeichnis\/maschinenbau-und-wirtschaftswissenschaften\/100-jahre-institut-fuer-verbrennungskraftmaschinen-und-thermodynamik-2\/#breadcrumb\",\"itemListElement\":[{\"@type\":\"ListItem\",\"position\":1,\"item\":{\"@type\":\"WebPage\",\"@id\":\"https:\/\/tugraztestweb.asol.at\/\",\"url\":\"https:\/\/tugraztestweb.asol.at\/\",\"name\":\"Home\"}},{\"@type\":\"ListItem\",\"position\":2,\"item\":{\"@type\":\"WebPage\",\"@id\":\"https:\/\/tugraztestweb.asol.at\/gesamtverzeichnis\/\",\"url\":\"https:\/\/tugraztestweb.asol.at\/gesamtverzeichnis\/\",\"name\":\"Gesamtverzeichnis\"}},{\"@type\":\"ListItem\",\"position\":3,\"item\":{\"@type\":\"WebPage\",\"@id\":\"https:\/\/tugraztestweb.asol.at\/en\/gesamtverzeichnis\/maschinenbau-und-wirtschaftswissenschaften\/100-jahre-institut-fuer-verbrennungskraftmaschinen-und-thermodynamik-2\/\",\"url\":\"https:\/\/tugraztestweb.asol.at\/en\/gesamtverzeichnis\/maschinenbau-und-wirtschaftswissenschaften\/100-jahre-institut-fuer-verbrennungskraftmaschinen-und-thermodynamik-2\/\",\"name\":\"100 Jahre Institut f\\u00fcr Verbrennungskraftmaschinen und Thermodynamik\"}}]}]}<\/script>\n<!-- \/ Yoast SEO plugin. -->","_links":{"self":[{"href":"https:\/\/tugraztestweb.asol.at\/en\/wp-json\/wp\/v2\/product\/40694"}],"collection":[{"href":"https:\/\/tugraztestweb.asol.at\/en\/wp-json\/wp\/v2\/product"}],"about":[{"href":"https:\/\/tugraztestweb.asol.at\/en\/wp-json\/wp\/v2\/types\/product"}],"replies":[{"embeddable":true,"href":"https:\/\/tugraztestweb.asol.at\/en\/wp-json\/wp\/v2\/comments?post=40694"}],"wp:featuredmedia":[{"embeddable":true,"href":"https:\/\/tugraztestweb.asol.at\/en\/wp-json\/wp\/v2\/media\/40699"}],"wp:attachment":[{"href":"https:\/\/tugraztestweb.asol.at\/en\/wp-json\/wp\/v2\/media?parent=40694"}],"curies":[{"name":"wp","href":"https:\/\/api.w.org\/{rel}","templated":true}]}}